{"id":9472,"date":"2019-04-24T10:14:15","date_gmt":"2019-04-24T08:14:15","guid":{"rendered":"https:\/\/www.pladostelma.com\/?post_type=product&#038;p=9472"},"modified":"2025-02-18T10:05:29","modified_gmt":"2025-02-18T09:05:29","slug":"fta8320","status":"publish","type":"product","link":"https:\/\/www.pladostelma.com\/zh\/fta8320\/","title":{"rendered":"FTA8320"},"content":{"rendered":"","protected":false},"excerpt":{"rendered":"<p>830\u00d7500\u6beb\u7c73 - \u89d2\u843d\u6c34\u69fd\uff0c\u6709\u4e24\u4e2a\u7897\u548c\u6ef4\u6c34\u76d8\u3002<\/p>\n<p>\u914d\u5907\u4e13\u5229\u7684ARIAPURA\u6280\u672f\uff0c\u6709\u52a9\u4e8e\u4f7f\u6c34\u69fd\u6297\u83cc\u3001\u6297\u6c61\u67d3\u548c\u66f4\u5bb9\u6613\u6e05\u6d01\u3002<\/p>\n<p>\u6240\u6709\u6c34\u69fd\u90fd\u53ef\u4ee5\u7528\u914d\u4ef6\u6765\u52a0\u5f3a\uff0c\u4f7f\u6d17\u6da4\u533a\u4e0d\u4ec5\u66f4\u52a0\u5b9e\u7528\u548c\u529f\u80fd\uff0c\u800c\u4e14\u66f4\u52a0\u8212\u9002\u548c\u4f18\u96c5\u3002<\/p>","protected":false},"featured_media":247822,"template":"","meta":{"_acf_changed":false,"_seopress_robots_primary_cat":"none","_seopress_titles_title":"PLADOS ATLANTIC 11620 double basin corner sink with drainer","_seopress_titles_desc":"PLADOS ATLANTIC 11620 double basin corner sink with drainer","_seopress_robots_index":"","_uag_custom_page_level_css":"","iawp_total_views":1189,"uix_meta_title":"","uix_meta_description":"","uix_canonical_url":""},"serie":[2665],"product_brand":[],"product_cat":[571,101],"product_tag":[715],"class_list":{"0":"post-9472","1":"product","2":"type-product","3":"status-publish","4":"has-post-thumbnail","6":"serie-atlantic","7":"product_cat-atlantic","8":"product_cat-lavelli-cucina-plados","9":"product_tag-atlantic","10":"pa_dimensions-830x500mm","11":"pa_pladoscolors-122","12":"pa_pladoscolors-124","13":"pa_pladoscolors-127","14":"pa_pladoscolors-98-bianco","15":"pa_pladoscolors-129","16":"pa_pladoscolors-130","17":"pa_pladoscolors-131","18":"pa_series-atlantic","19":"pa_sink-type-lavello-due-vasche-gocciolatoio","21":"first","22":"instock","23":"shipping-taxable","24":"purchasable","25":"product-type-variable","26":"wvs-archive-product-wrapper"},"acf":[],"vendbase_acf":null,"vendbase_metabox":null,"uagb_featured_image_src":{"full":["https:\/\/www.pladostelma.com\/wp-content\/uploads\/FTA8320_70.jpg",2499,1772,false],"thumbnail":["https:\/\/www.pladostelma.com\/wp-content\/uploads\/FTA8320_70-150x150.jpg",150,150,true],"medium":["https:\/\/www.pladostelma.com\/wp-content\/uploads\/FTA8320_70-300x300.jpg",300,300,true],"medium_large":["https:\/\/www.pladostelma.com\/wp-content\/uploads\/FTA8320_70-768x768.jpg",768,768,true],"large":["https:\/\/www.pladostelma.com\/wp-content\/uploads\/FTA8320_70-1024x1024.jpg",1024,1024,true],"1536x1536":["https:\/\/www.pladostelma.com\/wp-content\/uploads\/FTA8320_70.jpg",1536,1089,false],"2048x2048":["https:\/\/www.pladostelma.com\/wp-content\/uploads\/FTA8320_70.jpg",2048,1452,false],"trp-custom-language-flag":["https:\/\/www.pladostelma.com\/wp-content\/uploads\/FTA8320_70.jpg",18,12,false],"woocommerce_thumbnail":["https:\/\/www.pladostelma.com\/wp-content\/uploads\/FTA8320_70-300x300.jpg",300,300,true],"woocommerce_single":["https:\/\/www.pladostelma.com\/wp-content\/uploads\/FTA8320_70-600x600.jpg",600,600,true],"woocommerce_gallery_thumbnail":["https:\/\/www.pladostelma.com\/wp-content\/uploads\/FTA8320_70-100x100.jpg",100,100,true],"variation_swatches_image_size":["https:\/\/www.pladostelma.com\/wp-content\/uploads\/FTA8320_70.jpg",50,35,false],"variation_swatches_tooltip_size":["https:\/\/www.pladostelma.com\/wp-content\/uploads\/FTA8320_70.jpg",100,71,false]},"uagb_author_info":{"display_name":"Luca Cavaleri","author_link":"https:\/\/www.pladostelma.com\/zh\/author\/"},"uagb_comment_info":0,"uagb_excerpt":"830x500 mm - Lavello angolare a due vasche pi\u00f9 gocciolatoio. Provvisto di tecnologia brevettata ARIAPURA, che contribuisce a rendere il lavello antibatterico, antinquinante e pi\u00f9 facile da pulire. Tutti i lavelli possono essere arricchiti con accessori che rendono la zona lavaggio non solo pi\u00f9 pratica e funzionale ma anche pi\u00f9 comoda ed elegante.","_links":{"self":[{"href":"https:\/\/www.pladostelma.com\/zh\/wp-json\/wp\/v2\/product\/9472","targetHints":{"allow":["GET"]}}],"collection":[{"href":"https:\/\/www.pladostelma.com\/zh\/wp-json\/wp\/v2\/product"}],"about":[{"href":"https:\/\/www.pladostelma.com\/zh\/wp-json\/wp\/v2\/types\/product"}],"wp:featuredmedia":[{"embeddable":true,"href":"https:\/\/www.pladostelma.com\/zh\/wp-json\/wp\/v2\/media\/247822"}],"wp:attachment":[{"href":"https:\/\/www.pladostelma.com\/zh\/wp-json\/wp\/v2\/media?parent=9472"}],"wp:term":[{"taxonomy":"serie","embeddable":true,"href":"https:\/\/www.pladostelma.com\/zh\/wp-json\/wp\/v2\/serie?post=9472"},{"taxonomy":"product_brand","embeddable":true,"href":"https:\/\/www.pladostelma.com\/zh\/wp-json\/wp\/v2\/product_brand?post=9472"},{"taxonomy":"product_cat","embeddable":true,"href":"https:\/\/www.pladostelma.com\/zh\/wp-json\/wp\/v2\/product_cat?post=9472"},{"taxonomy":"product_tag","embeddable":true,"href":"https:\/\/www.pladostelma.com\/zh\/wp-json\/wp\/v2\/product_tag?post=9472"}],"curies":[{"name":"wp","href":"https:\/\/api.w.org\/{rel}","templated":true}]}}