{"id":7997,"date":"2019-04-16T16:51:58","date_gmt":"2019-04-16T14:51:58","guid":{"rendered":"https:\/\/www.pladostelma.com\/?post_type=product&#038;p=7997"},"modified":"2024-09-04T23:08:13","modified_gmt":"2024-09-04T21:08:13","slug":"on6010st-2","status":"publish","type":"product","link":"https:\/\/www.pladostelma.com\/zh\/on6010st-2\/","title":{"rendered":"ON6010ST"},"content":{"rendered":"","protected":false},"excerpt":{"rendered":"<p>600\u00d7440\u6beb\u7c73--\u5355\u69fd\u6c34\u69fd\uff0c\u9002\u7528\u4e8e\u4e0b\u7f6e\u5f0f\u5b89\u88c5one<\/p>\n<p>\u914d\u5907\u4e13\u5229\u7684ARIAPURA\u6280\u672f\uff0c\u6709\u52a9\u4e8e\u4f7f\u6c34\u69fd\u6297\u83cc\u3001\u6297\u6c61\u67d3\u548c\u66f4\u5bb9\u6613\u6e05\u6d01\u3002<\/p>\n<p>\u6240\u6709\u6c34\u69fd\u90fd\u53ef\u4ee5\u7528\u914d\u4ef6\u6765\u52a0\u5f3a\uff0c\u4f7f\u6d17\u6da4\u533a\u4e0d\u4ec5\u66f4\u52a0\u5b9e\u7528\u548c\u529f\u80fd\uff0c\u800c\u4e14\u66f4\u52a0\u8212\u9002\u548c\u4f18\u96c5\u3002<\/p>","protected":false},"featured_media":8035,"template":"","meta":{"_acf_changed":false,"_seopress_robots_primary_cat":"","_seopress_titles_title":"PLADOS ONE 6010 single basin sink for undermount installation","_seopress_titles_desc":"PLADOS ONE 6010 single basin sink for undermount installation","_seopress_robots_index":"","_uag_custom_page_level_css":"","iawp_total_views":3492,"uix_meta_title":"","uix_meta_description":"","uix_canonical_url":""},"serie":[2660],"product_brand":[],"product_cat":[101,935],"product_tag":[841,843],"class_list":{"0":"post-7997","1":"product","2":"type-product","3":"status-publish","4":"has-post-thumbnail","6":"serie-one-sotto-top","7":"product_cat-lavelli-cucina-plados","8":"product_cat-one-sottotop","9":"product_tag-one","10":"product_tag-undermount","11":"pa_dimensions-600x440mm","12":"pa_pladoscolors-135","13":"pa_pladoscolors-137","14":"pa_pladoscolors-138","15":"pa_pladoscolors-2303","16":"pa_pladoscolors-122","17":"pa_pladoscolors-124","18":"pa_pladoscolors-125","19":"pa_pladoscolors-126","20":"pa_pladoscolors-127","21":"pa_pladoscolors-128","22":"pa_pladoscolors-98-bianco","23":"pa_pladoscolors-2304","24":"pa_pladoscolors-129","25":"pa_pladoscolors-130","26":"pa_pladoscolors-131","27":"pa_series-one","28":"pa_sink-type-lavello-una-vasca","30":"first","31":"instock","32":"shipping-taxable","33":"purchasable","34":"product-type-variable","35":"wvs-archive-product-wrapper"},"acf":[],"vendbase_acf":null,"vendbase_metabox":null,"uagb_featured_image_src":{"full":["https:\/\/www.pladostelma.com\/wp-content\/uploads\/2019\/04\/ON6010_58-1.jpg",1920,1736,false],"thumbnail":["https:\/\/www.pladostelma.com\/wp-content\/uploads\/2019\/04\/ON6010_58-1-150x150.jpg",150,150,true],"medium":["https:\/\/www.pladostelma.com\/wp-content\/uploads\/2019\/04\/ON6010_58-1-300x300.jpg",300,300,true],"medium_large":["https:\/\/www.pladostelma.com\/wp-content\/uploads\/2019\/04\/ON6010_58-1-768x768.jpg",768,768,true],"large":["https:\/\/www.pladostelma.com\/wp-content\/uploads\/2019\/04\/ON6010_58-1-1024x1024.jpg",1024,1024,true],"1536x1536":["https:\/\/www.pladostelma.com\/wp-content\/uploads\/2019\/04\/ON6010_58-1.jpg",1536,1389,false],"2048x2048":["https:\/\/www.pladostelma.com\/wp-content\/uploads\/2019\/04\/ON6010_58-1.jpg",1920,1736,false],"trp-custom-language-flag":["https:\/\/www.pladostelma.com\/wp-content\/uploads\/2019\/04\/ON6010_58-1.jpg",13,12,false],"woocommerce_thumbnail":["https:\/\/www.pladostelma.com\/wp-content\/uploads\/2019\/04\/ON6010_58-1-300x300.jpg",300,300,true],"woocommerce_single":["https:\/\/www.pladostelma.com\/wp-content\/uploads\/2019\/04\/ON6010_58-1-600x600.jpg",600,600,true],"woocommerce_gallery_thumbnail":["https:\/\/www.pladostelma.com\/wp-content\/uploads\/2019\/04\/ON6010_58-1-100x100.jpg",100,100,true],"variation_swatches_image_size":["https:\/\/www.pladostelma.com\/wp-content\/uploads\/2019\/04\/ON6010_58-1.jpg",50,45,false],"variation_swatches_tooltip_size":["https:\/\/www.pladostelma.com\/wp-content\/uploads\/2019\/04\/ON6010_58-1.jpg",100,90,false]},"uagb_author_info":{"display_name":"Luca Cavaleri","author_link":"https:\/\/www.pladostelma.com\/zh\/author\/"},"uagb_comment_info":0,"uagb_excerpt":"600x440 mm - Lavello a una vasca per installazione sotto-top. Provvisto di tecnologia brevettata ARIAPURA, che contribuisce a rendere il lavello antibatterico, antinquinante e pi\u00f9 facile da pulire. Tutti i lavelli possono essere arricchiti con accessori che rendono la zona lavaggio non solo pi\u00f9 pratica e funzionale ma anche pi\u00f9 comoda ed elegante.","_links":{"self":[{"href":"https:\/\/www.pladostelma.com\/zh\/wp-json\/wp\/v2\/product\/7997","targetHints":{"allow":["GET"]}}],"collection":[{"href":"https:\/\/www.pladostelma.com\/zh\/wp-json\/wp\/v2\/product"}],"about":[{"href":"https:\/\/www.pladostelma.com\/zh\/wp-json\/wp\/v2\/types\/product"}],"wp:featuredmedia":[{"embeddable":true,"href":"https:\/\/www.pladostelma.com\/zh\/wp-json\/wp\/v2\/media\/8035"}],"wp:attachment":[{"href":"https:\/\/www.pladostelma.com\/zh\/wp-json\/wp\/v2\/media?parent=7997"}],"wp:term":[{"taxonomy":"serie","embeddable":true,"href":"https:\/\/www.pladostelma.com\/zh\/wp-json\/wp\/v2\/serie?post=7997"},{"taxonomy":"product_brand","embeddable":true,"href":"https:\/\/www.pladostelma.com\/zh\/wp-json\/wp\/v2\/product_brand?post=7997"},{"taxonomy":"product_cat","embeddable":true,"href":"https:\/\/www.pladostelma.com\/zh\/wp-json\/wp\/v2\/product_cat?post=7997"},{"taxonomy":"product_tag","embeddable":true,"href":"https:\/\/www.pladostelma.com\/zh\/wp-json\/wp\/v2\/product_tag?post=7997"}],"curies":[{"name":"wp","href":"https:\/\/api.w.org\/{rel}","templated":true}]}}