{"id":4049,"date":"2015-04-27T10:31:15","date_gmt":"2015-04-27T08:31:15","guid":{"rendered":"https:\/\/www.pladostelma.com\/catalogue\/plados-one-4110\/"},"modified":"2024-09-04T23:15:41","modified_gmt":"2024-09-04T21:15:41","slug":"on4110","status":"publish","type":"product","link":"https:\/\/www.pladostelma.com\/zh\/on4110\/","title":{"rendered":"ON4110"},"content":{"rendered":"","protected":false},"excerpt":{"rendered":"<p>410\u00d7500\u6beb\u7c73 - \u5355\u69fd\u6c34\u69fd\uff0c\u9884\u7559\u5b89\u88c5\u5b54one\u6c34\u9f99\u5934\u53ca\u914d\u4ef6<\/p>\n<p>\u914d\u5907\u4e13\u5229\u7684ARIAPURA\u6280\u672f\uff0c\u6709\u52a9\u4e8e\u4f7f\u6c34\u69fd\u6297\u83cc\u3001\u6297\u6c61\u67d3\u548c\u66f4\u5bb9\u6613\u6e05\u6d01\u3002<\/p>\n<p>\u6240\u6709\u6c34\u69fd\u90fd\u53ef\u4ee5\u7528\u914d\u4ef6\u6765\u52a0\u5f3a\uff0c\u4f7f\u6d17\u6da4\u533a\u4e0d\u4ec5\u66f4\u52a0\u5b9e\u7528\u548c\u529f\u80fd\uff0c\u800c\u4e14\u66f4\u52a0\u8212\u9002\u548c\u4f18\u96c5\u3002<\/p>","protected":false},"featured_media":7751,"template":"","meta":{"_acf_changed":false,"_seopress_robots_primary_cat":"","_seopress_titles_title":"PLADOS ONE 4110 Single basin sink","_seopress_titles_desc":"PLADOS ONE 4110 Single basin sink","_seopress_robots_index":"","_uag_custom_page_level_css":"","iawp_total_views":2301,"uix_meta_title":"","uix_meta_description":"","uix_canonical_url":""},"serie":[2659],"product_brand":[],"product_cat":[101,934],"product_tag":[841,844],"class_list":{"0":"post-4049","1":"product","2":"type-product","3":"status-publish","4":"has-post-thumbnail","6":"serie-one","7":"product_cat-lavelli-cucina-plados","8":"product_cat-one-standard","9":"product_tag-one","10":"product_tag-standard","11":"pa_dimensions-410x505mm","12":"pa_pladoscolors-135","13":"pa_pladoscolors-137","14":"pa_pladoscolors-138","15":"pa_pladoscolors-2303","16":"pa_pladoscolors-122","17":"pa_pladoscolors-124","18":"pa_pladoscolors-125","19":"pa_pladoscolors-126","20":"pa_pladoscolors-127","21":"pa_pladoscolors-128","22":"pa_pladoscolors-98-bianco","23":"pa_pladoscolors-2304","24":"pa_pladoscolors-129","25":"pa_pladoscolors-130","26":"pa_pladoscolors-131","27":"pa_series-one","28":"pa_sink-type-lavello-una-vasca","30":"first","31":"instock","32":"shipping-taxable","33":"purchasable","34":"product-type-variable","35":"wvs-archive-product-wrapper"},"acf":[],"vendbase_acf":null,"vendbase_metabox":null,"uagb_featured_image_src":{"full":["https:\/\/www.pladostelma.com\/wp-content\/uploads\/2019\/04\/ON4110_58.jpg",1920,2008,false],"thumbnail":["https:\/\/www.pladostelma.com\/wp-content\/uploads\/2019\/04\/ON4110_58-150x150.jpg",150,150,true],"medium":["https:\/\/www.pladostelma.com\/wp-content\/uploads\/2019\/04\/ON4110_58-300x300.jpg",300,300,true],"medium_large":["https:\/\/www.pladostelma.com\/wp-content\/uploads\/2019\/04\/ON4110_58-768x768.jpg",768,768,true],"large":["https:\/\/www.pladostelma.com\/wp-content\/uploads\/2019\/04\/ON4110_58-1024x1024.jpg",1024,1024,true],"1536x1536":["https:\/\/www.pladostelma.com\/wp-content\/uploads\/2019\/04\/ON4110_58.jpg",1469,1536,false],"2048x2048":["https:\/\/www.pladostelma.com\/wp-content\/uploads\/2019\/04\/ON4110_58.jpg",1920,2008,false],"trp-custom-language-flag":["https:\/\/www.pladostelma.com\/wp-content\/uploads\/2019\/04\/ON4110_58.jpg",11,12,false],"woocommerce_thumbnail":["https:\/\/www.pladostelma.com\/wp-content\/uploads\/2019\/04\/ON4110_58-300x300.jpg",300,300,true],"woocommerce_single":["https:\/\/www.pladostelma.com\/wp-content\/uploads\/2019\/04\/ON4110_58-600x600.jpg",600,600,true],"woocommerce_gallery_thumbnail":["https:\/\/www.pladostelma.com\/wp-content\/uploads\/2019\/04\/ON4110_58-100x100.jpg",100,100,true],"variation_swatches_image_size":["https:\/\/www.pladostelma.com\/wp-content\/uploads\/2019\/04\/ON4110_58.jpg",48,50,false],"variation_swatches_tooltip_size":["https:\/\/www.pladostelma.com\/wp-content\/uploads\/2019\/04\/ON4110_58.jpg",96,100,false]},"uagb_author_info":{"display_name":"admino","author_link":"https:\/\/www.pladostelma.com\/zh\/author\/"},"uagb_comment_info":0,"uagb_excerpt":"410x500 mm - Lavello a una vasca con pre-fori per installazione rubinetteria e accessori. Provvisto di tecnologia brevettata ARIAPURA, che contribuisce a rendere il lavello antibatterico, antinquinante e pi\u00f9 facile da pulire. Tutti i lavelli possono essere arricchiti con accessori che rendono la zona lavaggio non solo pi\u00f9 pratica e funzionale ma anche pi\u00f9 comoda&hellip;","_links":{"self":[{"href":"https:\/\/www.pladostelma.com\/zh\/wp-json\/wp\/v2\/product\/4049","targetHints":{"allow":["GET"]}}],"collection":[{"href":"https:\/\/www.pladostelma.com\/zh\/wp-json\/wp\/v2\/product"}],"about":[{"href":"https:\/\/www.pladostelma.com\/zh\/wp-json\/wp\/v2\/types\/product"}],"wp:featuredmedia":[{"embeddable":true,"href":"https:\/\/www.pladostelma.com\/zh\/wp-json\/wp\/v2\/media\/7751"}],"wp:attachment":[{"href":"https:\/\/www.pladostelma.com\/zh\/wp-json\/wp\/v2\/media?parent=4049"}],"wp:term":[{"taxonomy":"serie","embeddable":true,"href":"https:\/\/www.pladostelma.com\/zh\/wp-json\/wp\/v2\/serie?post=4049"},{"taxonomy":"product_brand","embeddable":true,"href":"https:\/\/www.pladostelma.com\/zh\/wp-json\/wp\/v2\/product_brand?post=4049"},{"taxonomy":"product_cat","embeddable":true,"href":"https:\/\/www.pladostelma.com\/zh\/wp-json\/wp\/v2\/product_cat?post=4049"},{"taxonomy":"product_tag","embeddable":true,"href":"https:\/\/www.pladostelma.com\/zh\/wp-json\/wp\/v2\/product_tag?post=4049"}],"curies":[{"name":"wp","href":"https:\/\/api.w.org\/{rel}","templated":true}]}}