{"id":2223,"date":"2018-10-25T17:21:17","date_gmt":"2018-10-25T15:21:17","guid":{"rendered":"https:\/\/www.pladostelma.com\/ariapura\/"},"modified":"2023-04-21T09:48:00","modified_gmt":"2023-04-21T07:48:00","slug":"ariapura","status":"publish","type":"page","link":"https:\/\/www.pladostelma.com\/zh\/ariapura\/","title":{"rendered":"ARIAPURA"},"content":{"rendered":"<section class=\"wp-block-uagb-columns uagb-columns__wrap uagb-columns__background-none uagb-columns__stack-mobile uagb-columns__valign-center uagb-columns__gap-10 alignwide uagb-block-f45e4761 uagb-columns__columns-1 uagb-columns__max_width-custom\"><div class=\"uagb-columns__overlay\"><\/div><div class=\"uagb-columns__inner-wrap uagb-columns__columns-1\">\n<div class=\"wp-block-uagb-column uagb-column__wrap uagb-column__background-undefined uagb-block-291be9ee\"><div class=\"uagb-column__overlay\"><\/div><div class=\"wp-block-image\">\n<figure class=\"aligncenter size-large is-resized\"><img decoding=\"async\" src=\"https:\/\/www.pladostelma.com\/wp-content\/uploads\/ariapura_23-1024x682.jpg\" alt=\"\" class=\"wp-image-245090\" width=\"1280\" srcset=\"https:\/\/www.pladostelma.com\/wp-content\/uploads\/ariapura_23-1024x682.jpg 1024w, https:\/\/www.pladostelma.com\/wp-content\/uploads\/ariapura_23-300x200.jpg 300w, https:\/\/www.pladostelma.com\/wp-content\/uploads\/ariapura_23-768x512.jpg 768w, https:\/\/www.pladostelma.com\/wp-content\/uploads\/ariapura_23-18x12.jpg 18w, https:\/\/www.pladostelma.com\/wp-content\/uploads\/ariapura_23-600x400.jpg 600w, https:\/\/www.pladostelma.com\/wp-content\/uploads\/ariapura_23-100x67.jpg 100w, https:\/\/www.pladostelma.com\/wp-content\/uploads\/ariapura_23.jpg 1280w\" sizes=\"(max-width: 1024px) 100vw, 1024px\" \/><\/figure><\/div>\n\n\n<h4 class=\"alignwide has-text-align-center wp-block-heading\">\u628a\u84dd\u5929\u5e26\u5165\u60a8\u7684\u53a8\u623f<\/h4>\n<\/div>\n<\/div><\/section>\n\n\n\n<section class=\"wp-block-uagb-columns uagb-columns__wrap uagb-columns__background-none uagb-columns__stack-mobile uagb-columns__valign-center uagb-columns__gap-10 alignwide uagb-block-fb385914 uagb-columns__columns-2 uagb-columns__max_width-theme\"><div class=\"uagb-columns__overlay\"><\/div><div class=\"uagb-columns__inner-wrap uagb-columns__columns-2\">\n<div class=\"wp-block-uagb-column uagb-column__wrap uagb-column__background-undefined uagb-block-15901290\"><div class=\"uagb-column__overlay\"><\/div><div class=\"wp-block-image\">\n<figure class=\"aligncenter size-full is-resized\"><img decoding=\"async\" src=\"https:\/\/www.pladostelma.com\/wp-content\/uploads\/ARIAPURA_LOGO.jpg\" alt=\"\" class=\"wp-image-236061\" width=\"250\" height=\"250\" srcset=\"https:\/\/www.pladostelma.com\/wp-content\/uploads\/ARIAPURA_LOGO.jpg 600w, https:\/\/www.pladostelma.com\/wp-content\/uploads\/ARIAPURA_LOGO-300x300.jpg 300w, https:\/\/www.pladostelma.com\/wp-content\/uploads\/ARIAPURA_LOGO-150x150.jpg 150w, https:\/\/www.pladostelma.com\/wp-content\/uploads\/ARIAPURA_LOGO-12x12.jpg 12w, https:\/\/www.pladostelma.com\/wp-content\/uploads\/ARIAPURA_LOGO-100x100.jpg 100w\" sizes=\"(max-width: 250px) 100vw, 250px\" \/><\/figure><\/div><\/div>\n\n\n\n<div class=\"wp-block-uagb-column uagb-column__wrap uagb-column__background-undefined uagb-block-e481ad50\"><div class=\"uagb-column__overlay\"><\/div>\n<p>\u6280\u672f <strong>ARIAPURA<\/strong> \u8fdb\u884c\u6709\u6548\u7684\u6297\u83cczione\uff0c\u4f7f\u6c34\u69fd\u66f4\u65b0\u9c9c\u3001\u66f4\u536b\u751f\uff0c\u5e76\u6709\u52a9\u4e8e\u53a8\u623f\u73af\u5883\u7684\u5065\u5eb7\u548c\u6e05\u6d01\u7a7a\u6c14\u3002<br><br><strong>\u56fd\u9645\u4e13\u5229<\/strong> <strong>PCT\/EP2012 \/065120<\/strong><\/p>\n\n\n\n<p>plados\u6c34\u69fd\u7684\u6750\u6599\u4e2d\u5bcc\u542b\u4e8c\u6c27\u5316\u949b\u7eb3\u7c73\u9897\u7c92\uff08Tio2\uff09\uff0c\u8fd9\u4e0d\u4ec5\u6709\u52a9\u4e8e\u51c0\u5316\u53a8\u623f\u7684\u7a7a\u6c14\uff0c\u8fd8\u5177\u6709\u6297\u83cc\u4f5c\u7528\uff0c\u4f7f\u6c34\u69fd\u66f4\u52a0\u6e05\u65b0\u5e72\u51c0\u3002ARIAPURA\u5b58\u5728\u4e8e\u6574\u4e2a\u6c34\u69fd\u4e2d\uff0c\u5177\u6709\u65e0\u9650\u7684\u5bff\u547d\uff0c\u968f\u7740\u65f6\u95f4\u7684\u63a8\u79fb\uff0c\u5373\u4f7f\u8868\u9762\u88ab\u78e8\u635f\u548c\u5212\u4f24\uff0c\u4ecd\u80fd\u4fdd\u6301\u5176\u5168\u90e8\u6548\u529b\u3002\u6240\u6709Plados Telma\u6c34\u69fd\u90fd\u914d\u5907\u4e86\u4e13\u5229\u7684ARIAPURA\u6280\u672f\uff0c\u8be5\u6280\u672f\u5177\u6709\u4e09\u91cd\u529f\u80fd\u3002<br><br>- \u6297\u6c61\u67d3<br>- \u7ec6\u83cc\u6027\u75be\u75c5<br>- \u81ea\u6e05\u6d01<\/p>\n<\/div>\n<\/div><\/section>\n\n\n\n<section class=\"wp-block-uagb-columns uagb-columns__wrap uagb-columns__background-none uagb-columns__stack-mobile uagb-columns__valign-center uagb-columns__gap-10 alignwide uagb-block-36be77a8 uagb-columns__columns-2 uagb-columns__max_width-custom\"><div class=\"uagb-columns__overlay\"><\/div><div class=\"uagb-columns__inner-wrap uagb-columns__columns-2\">\n<div class=\"wp-block-uagb-column uagb-column__wrap uagb-column__background-undefined uagb-block-bb967535\"><div class=\"uagb-column__overlay\"><\/div>\n<figure class=\"wp-block-image size-full\"><img decoding=\"async\" width=\"1024\" height=\"683\" src=\"https:\/\/www.pladostelma.com\/wp-content\/uploads\/2020\/07\/meditation_2020-1.jpg\" alt=\"\" class=\"wp-image-200049\" srcset=\"https:\/\/www.pladostelma.com\/wp-content\/uploads\/2020\/07\/meditation_2020-1.jpg 1024w, https:\/\/www.pladostelma.com\/wp-content\/uploads\/2020\/07\/meditation_2020-1-300x200.jpg 300w, https:\/\/www.pladostelma.com\/wp-content\/uploads\/2020\/07\/meditation_2020-1-600x400.jpg 600w, https:\/\/www.pladostelma.com\/wp-content\/uploads\/2020\/07\/meditation_2020-1-768x512.jpg 768w\" sizes=\"(max-width: 1024px) 100vw, 1024px\" \/><\/figure>\n<\/div>\n\n\n\n<div class=\"wp-block-uagb-column uagb-column__wrap uagb-column__background-undefined uagb-block-594873ad\"><div class=\"uagb-column__overlay\"><\/div>\n<h4 class=\"wp-block-heading\">\u4e3a\u4ec0\u4e48\u6297\u83cc\u7684AZIONE\u5f88\u91cd\u8981\uff1f<\/h4>\n\n\n\n<p>\u4eba\u4eec\u4e00\u822c\u4f1a\u5728\u6c34\u69fd\u5185\u6458\u62e3\u5904\u7406\u98df\u7269\u3002\u6c34\u69fd\u4e0e\u98df\u54c1\u6709\u63a5\u89e6\uff0c\u800c\u98df\u54c1\u6700\u540e\u4f1a\u88ab\u7aef\u4e0a\u9910\u684c\uff0c\u6240\u4ee5\u6c34\u69fd\u4e5f\u53ef\u80fd\u4f1a\u4f20\u64ad\u7ec6\u83cc\u3002ARIAPURA \u53ef\u4ee5\u5e2e\u52a9\u964d\u4f4e\u7ec6\u83cc\u4f20\u64ad\u98ce\u9669\uff0c\u8ba9\u6574\u4e2a\u5bb6\u5ead\u66f4\u52a0\u5b89\u5fc3\u548c\u5b89\u5168\u3002ARIAPURA \u6297\u83cc\u6027\u80fd\u80fd\u5927\u5927\u51cf\u5c11\u6c34\u69fd\u5185\u3001\u6c34\u69fd\u4e0b\u65b9\uff08\u5f80\u5f80\u662f\u653e\u7f6e\u5783\u573e\u7bb1\u7684\u5730\u65b9\uff09\u4ee5\u53ca\u5468\u56f4\u73af\u5883\u4e2d\u7684\u5f02\u5473\uff0c\u521b\u9020\u51fa\u66f4\u6e05\u65b0\u3001\u66f4\u5065\u5eb7\u7684\u53a8\u623f\u73af\u5883\u3002\u6709\u65f6\u5019\u6c34\u69fd\u4e2d\u4f1a\u4f20\u51fa\u96be\u95fb\u7684\u6c14\u5473\uff0c\u8fd9\u53ef\u80fd\u662f\u6e7f\u70ed\u6761\u4ef6\u4e0b\u7ec6\u83cc\u7e41\u6b96\u6240\u5f15\u8d77\u7684\u3002<\/p>\n<\/div>\n<\/div><\/section>\n\n\n\n<section class=\"wp-block-uagb-columns uagb-columns__wrap uagb-columns__background-none uagb-columns__stack-mobile uagb-columns__valign-center uagb-columns__gap-10 alignwide uagb-block-2ce147c8 uagb-columns__columns-2 uagb-columns__max_width-custom\"><div class=\"uagb-columns__overlay\"><\/div><div class=\"uagb-columns__inner-wrap uagb-columns__columns-2\">\n<div class=\"wp-block-uagb-column uagb-column__wrap uagb-column__background-undefined uagb-block-7f447bbf\"><div class=\"uagb-column__overlay\"><\/div>\n<h4 class=\"wp-block-heading\">\u4e00\u4e2a\u6297\u83cc\u7684100%\u6c34\u69fd<\/h4>\n\n\n\n<p>\u6297\u83cc\u6027\u80fd\u6291\u5236\u7ec6\u83cc\u6ecb\u751f\uff0c\u5728\u4f7f\u7528\u4e4b\u4f59\uff0c\u53ea\u9700\u6b63\u5e38\u6e05\u6d01\u6253\u626b\uff0c\u5373\u53ef\u4fdd\u6301\u6c34\u69fd\u6d01\u51c0\u536b\u751f\u3002ARIAPURA \u6297\u83cc\u4f5c\u7528\u4e0d\u4ec5\u6765\u81ea\u4e8e\u5176\u8868\u9762\u6d82\u5c42\uff0c\u800c\u662f\u6574\u4e2a\u4ea7\u54c1\u4e2d\u6240\u542b\u7684\u7eb3\u7c73\u7c92\u5b50\u5728\u8d77\u4f5c\u7528\u3002<br>- \u5176\u6297\u83cc\u4f5c\u7528\u4e0d\u4f1a\u56e0\u4e3a\u6d17\u6da4\u6d3b\u52a8\u800c\u964d\u4f4e\uff0c\u4e5f\u4e0d\u4f1a\u968f\u7740\u65f6\u95f4\u7684\u63a8\u79fb\u800c\u51cf\u635f\u3002<br>- \u5373\u4f7f\u8868\u9762\u6709\u78e8\u635f\u548c\u5212\u75d5\uff0c\u4e5f\u80fd\u7ef4\u6301\u5176\u6297\u83cc\u4f5c\u7528\u3002<br>- \u5b89\u5168\u3001\u8010\u7528\u3001\u6709\u6548\u3002<\/p>\n<\/div>\n\n\n\n<div class=\"wp-block-uagb-column uagb-column__wrap uagb-column__background-undefined uagb-block-8856401f\"><div class=\"uagb-column__overlay\"><\/div>\n<h4 class=\"wp-block-heading\"><strong>aziONE\u81ea\u6d01\u5f0f<\/strong><\/h4>\n\n\n\n<p>ARIAPURA\u6280\u672f\u6709\u52a9\u4e8e\u4f7f\u6c34\u69fd\u66f4\u6e05\u65b0\u3001\u66f4\u5e72\u51c0\u3002\u4e0e\u6c34\u69fd\u63a5\u89e6\u7684\u6c34\u6ef4\u5f80\u5f80\u4f1a\u53d8\u5e73\uff0c\u66f4\u5bb9\u6613\u6ed1\u843d\uff0c\u62d6\u8d70\u65e0\u6cd5\u6c89\u6dc0\u7684\u6c61\u7269\u548c\u788e\u7247\u3002<br><br><\/p>\n\n\n\n<p class=\"has-small-font-size\">* one\u6297\u83ccARIAPURA\u4fdd\u62a4\u4e0d\u5b58\u5728\u4e8e\u6c34\u9f99\u5934\u3001\u914d\u4ef6\u3001\u7535\u5668\u548c\u62bd\u6cb9\u70df\u673a\u4e2d\u3002ARIAPURA\u6280\u672f\u5e76\u4e0d\u80fd\u53d6\u4ee3\u6b63\u5e38\u7684\u536b\u751f\u548c\u6e05\u6d01\u505a\u6cd5\u3002<\/p>\n\n\n\n<p><br><\/p>\n<\/div>\n<\/div><\/section>","protected":false},"excerpt":{"rendered":"<p>LA TECNOLOGIA CHE PORTA IL CIELO IN CUCINA La tecnologia ARIAPURA svolge una efficace azione antibatterica, rende il lavello pi\u00f9 fresco e pi\u00f9 igienico e contribuisce a rendere pi\u00f9 sana e pulita l&#8217;aria nell&#8217;ambiente cucina. BREVETTO INTERNAZIONALE PCT\/EP2012 \/065120 Il materiale dei lavelli plados \u00e8 addizionato con nanoparticelle di biossido di titanio (Tio2) che oltre [&hellip;]<\/p>\n","protected":false},"author":2,"featured_media":200026,"parent":0,"menu_order":0,"comment_status":"closed","ping_status":"closed","template":"","meta":{"_acf_changed":false,"_seopress_robots_primary_cat":"","_seopress_titles_title":"","_seopress_titles_desc":"","_seopress_robots_index":"","_uag_custom_page_level_css":"","iawp_total_views":1016,"uix_meta_title":"","uix_meta_description":"","uix_canonical_url":"","footnotes":""},"class_list":["post-2223","page","type-page","status-publish","has-post-thumbnail","hentry"],"acf":[],"uagb_featured_image_src":{"full":["https:\/\/www.pladostelma.com\/wp-content\/uploads\/2020\/07\/ARIAPURA_COVER.jpg",1280,660,false],"thumbnail":["https:\/\/www.pladostelma.com\/wp-content\/uploads\/2020\/07\/ARIAPURA_COVER-150x150.jpg",150,150,true],"medium":["https:\/\/www.pladostelma.com\/wp-content\/uploads\/2020\/07\/ARIAPURA_COVER-300x155.jpg",300,155,true],"medium_large":["https:\/\/www.pladostelma.com\/wp-content\/uploads\/2020\/07\/ARIAPURA_COVER-768x396.jpg",768,396,true],"large":["https:\/\/www.pladostelma.com\/wp-content\/uploads\/2020\/07\/ARIAPURA_COVER-1024x528.jpg",1024,528,true],"1536x1536":["https:\/\/www.pladostelma.com\/wp-content\/uploads\/2020\/07\/ARIAPURA_COVER.jpg",1280,660,false],"2048x2048":["https:\/\/www.pladostelma.com\/wp-content\/uploads\/2020\/07\/ARIAPURA_COVER.jpg",1280,660,false],"trp-custom-language-flag":["https:\/\/www.pladostelma.com\/wp-content\/uploads\/2020\/07\/ARIAPURA_COVER.jpg",18,9,false],"woocommerce_thumbnail":["https:\/\/www.pladostelma.com\/wp-content\/uploads\/2020\/07\/ARIAPURA_COVER-300x155.jpg",300,155,true],"woocommerce_single":["https:\/\/www.pladostelma.com\/wp-content\/uploads\/2020\/07\/ARIAPURA_COVER-600x309.jpg",600,309,true],"woocommerce_gallery_thumbnail":["https:\/\/www.pladostelma.com\/wp-content\/uploads\/2020\/07\/ARIAPURA_COVER-100x100.jpg",100,100,true],"variation_swatches_image_size":["https:\/\/www.pladostelma.com\/wp-content\/uploads\/2020\/07\/ARIAPURA_COVER.jpg",50,26,false],"variation_swatches_tooltip_size":["https:\/\/www.pladostelma.com\/wp-content\/uploads\/2020\/07\/ARIAPURA_COVER.jpg",100,52,false]},"uagb_author_info":{"display_name":"Luca Cavaleri","author_link":"https:\/\/www.pladostelma.com\/zh\/author\/luca\/"},"uagb_comment_info":0,"uagb_excerpt":"LA TECNOLOGIA CHE PORTA IL CIELO IN CUCINA La tecnologia ARIAPURA svolge una efficace azione antibatterica, rende il lavello pi\u00f9 fresco e pi\u00f9 igienico e contribuisce a rendere pi\u00f9 sana e pulita l&#8217;aria nell&#8217;ambiente cucina. BREVETTO INTERNAZIONALE PCT\/EP2012 \/065120 Il materiale dei lavelli plados \u00e8 addizionato con nanoparticelle di biossido di titanio (Tio2) che oltre&hellip;","_links":{"self":[{"href":"https:\/\/www.pladostelma.com\/zh\/wp-json\/wp\/v2\/pages\/2223","targetHints":{"allow":["GET"]}}],"collection":[{"href":"https:\/\/www.pladostelma.com\/zh\/wp-json\/wp\/v2\/pages"}],"about":[{"href":"https:\/\/www.pladostelma.com\/zh\/wp-json\/wp\/v2\/types\/page"}],"author":[{"embeddable":true,"href":"https:\/\/www.pladostelma.com\/zh\/wp-json\/wp\/v2\/users\/2"}],"replies":[{"embeddable":true,"href":"https:\/\/www.pladostelma.com\/zh\/wp-json\/wp\/v2\/comments?post=2223"}],"version-history":[{"count":0,"href":"https:\/\/www.pladostelma.com\/zh\/wp-json\/wp\/v2\/pages\/2223\/revisions"}],"wp:featuredmedia":[{"embeddable":true,"href":"https:\/\/www.pladostelma.com\/zh\/wp-json\/wp\/v2\/media\/200026"}],"wp:attachment":[{"href":"https:\/\/www.pladostelma.com\/zh\/wp-json\/wp\/v2\/media?parent=2223"}],"curies":[{"name":"wp","href":"https:\/\/api.w.org\/{rel}","templated":true}]}}