{"id":1888,"date":"2018-10-05T09:26:42","date_gmt":"2018-10-05T07:26:42","guid":{"rendered":"https:\/\/www.pladostelma.com\/f-a-q\/"},"modified":"2025-03-06T11:43:34","modified_gmt":"2025-03-06T10:43:34","slug":"faq","status":"publish","type":"page","link":"https:\/\/www.pladostelma.com\/zh\/faq\/","title":{"rendered":"F.A.Q."},"content":{"rendered":"<p><strong>\u4ec0\u4e48\u662fformati\u590d\u5408\u6c34\u69fd\uff1f<br><\/strong>PLADOS-TELMA\u6c34\u69fd\u7684\u590d\u5408\u6750\u6599\u572880%\u4e2d\u7531\u82b1\u5c97\u5ca9\u548c\u77f3\u82f1\u5fae\u9897\u7c92\u7ec4\u6210\uff0c\u572820%\u4e2d\u7531\u4e19\u70ef\u9178\u6811\u8102\u7ec4\u6210\u3002<\/p>\n\n\n\n<p><strong>\u8fd9\u79cd\u6750\u6599\u662f\u5426\u8010\u9ad8\u6e29\uff1f<br><\/strong>\u662f\u7684\uff0c\u6211\u4eec\u7684\u6c34\u69fd\u751a\u81f3\u53ef\u4ee5\u627f\u53d7\u6700\u731b\u70c8\u7684\u70ed\u51b2\u51fb\u548c\u975e\u5e38\u9ad8\u7684\u6e29\u5ea6\uff08\u9ad8\u8fbe280\u00b0\uff09\uff0c\u800c\u4e0d\u4f1a\u6709\u6c38\u4e45\u6027\u7684\u635f\u574f\u3002<\/p>\n\n\n\n<p><strong>\u5b83\u662f\u5426\u8010\u522e\uff1f<br><\/strong>\u6df7\u5408\u7269\u4e2d\u975e\u5e38\u9ad8\u6bd4\u4f8b\u7684\u77ff\u7269\u586b\u5145\u7269\u4f7f\u6211\u4eec\u7684\u6c34\u69fd\u5bf9\u5212\u75d5\u3001\u5212\u4f24\u548c\u78e8\u635f\u6709\u5f88\u5f3a\u7684\u62b5\u6297\u529b\u3002\u6211\u4eec\u7684\u5927\u591a\u6570\u578b\u53f7\u90fd\u914d\u5907\u4e86\u7279\u6b8a\u7684\u9632\u5212\u4f24\u8868\u9762\uff0c\u65e8\u5728\u4fdd\u62a4\u6240\u6709\u7684\u5e73\u9762\u5de5\u4f5c\u90e8\u4ef6\uff0c\u5982\u7897\u5e95\u548c\u6392\u6c34\u5668\uff0c\u907f\u514d\u56e0\u65e5\u5e38\u4f7f\u7528\u548cazione\u7684\u78e8\u635f\u3002<\/p>\n\n\n\n<p><strong>\u590d\u5408\u6c34\u69fd\u662f\u5426\u4f1a\u968f\u7740\u65f6\u95f4\u7684\u63a8\u79fb\u800c\u53d8\u8272\uff1f<br><\/strong>\u989c\u8272\u662fPLADOS-TELMA\u6c34\u69fd\u7684\u663e\u8457\u7279\u5f81\u3002\u7531\u4e8e\u5176\u51fa\u8272\u7684\u6297\u7d2b\u5916\u7ebf\u80fd\u529b\uff0cPLADOS-TELMA\u6c34\u69fd\u7684\u989c\u8272\u968f\u7740\u65f6\u95f4\u7684\u63a8\u79fb\u4fdd\u6301\u9c9c\u8273\u4e0d\u53d8\uff0c\u5e76\u4fdd\u6301\u5176\u5145\u5206\u7684\u5149\u5f69\u3002\u5373\u4f7f\u6c34\u69fd\u66b4\u9732\u5728\u9633\u5149\u76f4\u5c04\u4e0b\uff0c\u5176\u989c\u8272\u4e5f\u4e0d\u4f1a\u6539\u53d8\u3002<\/p>\n\n\n\n<p><strong>\u4f1a\u51fa\u73b0\u6c61\u70b9\u5417\uff1f\u5982\u679c\u662f\u8fd9\u6837\uff0c\u5982\u4f55\u6e05\u6d17\uff1f<br><\/strong>\u6211\u4eec\u7684\u6c34\u69fd\u53ef\u4ee5\u7ecf\u53d7\u4f4f\u6bcf\u5929\u66b4\u9732\u5728\u8150\u8680\u6027\u7269\u8d28\u548c\u98df\u7269\u4e2d\u7684\u8003\u9a8c\u3002\u6c61\u57a2\u548c\u6c61\u70b9\u53ef\u4ee5\u901a\u8fc7\u7b80\u5355\u7684\u51b2\u6d17\u548c\u7b80\u5355\u7684\u64e6\u62ed\u6765\u53bb\u9664\u3002PLADOS-TELMA\u88c5\u7f6e\u7684\u590d\u5408\u6750\u6599\u975e\u5e38\u5bb9\u6613\u6e05\u6d17\u3002\u65e0\u5b54\u7684\u8868\u9762\u5141\u8bb8\u4f7f\u7528\u666e\u901a\u7684\u6d17\u6da4\u5242\u548c\u7b80\u5355\u7684\u5e03\u6216\u6d77\u7ef5\u5feb\u901f\u6e05\u6d01\u6c34\u69fd\u3002\u6c34\u69fd\u770b\u8d77\u6765\u603b\u662f\u65b0\u9c9c\u3001\u5e72\u51c0\u548c\u536b\u751f\u7684\u3002\u6c34\u57a2\u6c89\u79ef\u7269\u53ef\u4ee5\u7528\u5e02\u9762\u4e0a\u7684\u901a\u7528\u6d17\u6da4\u5242\u3001\u6297\u6c34\u57a2\u4ea7\u54c1\u6216\u5c06\u918b\uff08\u9664\u6c34\u5916\uff09\u653e\u5728\u7897\u5e954-8\u5c0f\u65f6\uff0c\u5c31\u53ef\u4ee5\u8f7b\u677e\u53bb\u9664\u3002\u7136\u540e\u51b2\u6d17\u6c34\u69fd\uff0c\u7528\u6d77\u7ef5\u64e6\u62ed\u5e76\u64e6\u5e72\u3002<\/p>\n\n\n\n<p><strong>\u662f\u5426\u6709\u7279\u5b9a\u7684\u4ea7\u54c1\u7528\u4e8e\u6e05\u6d01\u590d\u5408\u6c34\u69fd\uff1f<br><\/strong>Plados-Telma propone\u662f\u4e13\u95e8\u4e3a\u62a4\u7406\u590d\u5408\u6c34\u69fd\u800c\u8bbe\u8ba1\u7684\u6d17\u6da4\u5242\u7cfb\u5217\u3002<br>\u7528\u4e8e\u666e\u901a\u6e05\u6d01\uff1aBRILLCARE\u662f\u4e00\u79cd\u6c34\u57fa\u6d17\u6da4\u5242\uff0c\u7531\u53ef\u5feb\u901f\u751f\u7269\u964d\u89e3\u7684\u3001\u516c\u8ba4\u7684\u3001\u7ecfECOLABEL\u8ba4\u8bc1\u7684\u690d\u7269\u6765\u6e90\u7684\u6750\u6599\u914d\u5236\u3002\u5b83\u662f\u65e5\u5e38\u6e05\u6d01\u666e\u62c9\u591a\u6c34\u69fd\u548c\u6240\u6709\u53ef\u6e05\u6d17\u53a8\u623f\u8868\u9762\u7684\u7406\u60f3\u9009\u62e9\u3002<br>EXTRACARE\u662f\u4e00\u79cd\u6c34\u57fa\u9664\u57a2\u6d17\u6da4\u5242\uff0c\u53ef\u7528\u4e8e\u7279\u522b\u7684\u6e05\u6d01\u3002\u5bf9\u987d\u56fa\u7684\u6c61\u57a2\u6709\u79ef\u6781\u4f5c\u7528\uff0c\u5b83\u7684\u8bbe\u8ba1\u4e0d\u4f1a\u635f\u5bb3\u590d\u5408\u6c34\u69fd\u7684\u5149\u6cfd\u3002\u7531\u4e8e\u5176\u5bc6\u96c6\u7684\u914d\u65b9\uff0c\u5b83\u4e5f\u9002\u7528\u4e8e\u5782\u76f4\u5e94\u7528\u3002\u8be5\u4ea7\u54c1\u7684\u5e72\u71e5\u901f\u5ea6\u975e\u5e38\u6162\uff0c\u4f7f\u6df7\u5408\u7269\u4e2d\u7684\u6d3b\u6027\u5242\u5c3d\u53ef\u80fd\u957f\u65f6\u95f4\u5730\u53d1\u751f\u53cd\u5e94\u3002\u5728\u8fd9\u4e2a\u9875\u9762\u4e0a\u9605\u8bfb\u66f4\u591a\u5185\u5bb9\u3002<\/p>\n\n\n\n<p><strong>\u53ef\u4ee5\u4f7f\u7528\u6a61\u80f6\u6216\u5851\u6599\u57ab\u5b50\u5417\uff1f<\/strong><br>\u4e0d\uff0c\u6211\u4eec\u5f3a\u70c8\u53cd\u5bf9\u8fd9\u6837\u505a\u3002\u6a61\u80f6\/\u5851\u6599\u5730\u57ab\u4f1a\u6b8b\u7559\u6db2\u4f53\uff0c\u5728\u6cb8\u6c34\u6ea2\u51fa\u7684\u60c5\u51b5\u4e0b\u4f1a\u6210\u4e3a\u76f4\u63a5\u7684\u70ed\u6e90\uff0c\u9020\u6210\u4e0d\u53ef\u9006\u8f6c\u7684\u6f02\u767d\uff0c\u4ece\u800c\u9020\u6210\u65e0\u6cd5\u53bb\u9664\u7684\u6c61\u6e0d\uff0c\u9020\u6210\u65e0\u6cd5\u5f25\u8865\u7684\u635f\u5931\u3002\u76f8\u53cd\uff0c\u6211\u4eec\u5efa\u8bae\u4f7f\u7528\u4e0d\u9508\u94a2\u7897\u5e95\u683c\u6805\uff0c\u6839\u636e\u6c34\u69fd\u578b\u53f7\u7684\u4e0d\u540c\uff0c\u683c\u6805\u53ef\u4ee5\u517c\u5bb9\u3002<\/p>\n\n\n\n<p><strong>\u662f\u5426\u6709\u4efb\u4f55\u4ea7\u54c1\u53ef\u4ee5\u4e0e\u6c34\u69fd\u7684\u989c\u8272\u76f8\u5339\u914d\uff1f<br><\/strong>\u5728\u6211\u4eec\u7684\u4ea7\u54c1\u7cfb\u5217\u4e2d\uff0c\u6709\u4e0e\u6c34\u69fd\u540c\u8272\u7684\u9f99\u5934\u3001\u70e4\u7bb1\u3001\u7076\u5177\u548c\u62bd\u6cb9\u70df\u673a\u3002\u6211\u4eec\u6240\u6709\u7684\u6c34\u69fd\u90fd\u53ef\u4ee5\u4e0e\u6211\u4eec\u7cfb\u5217\u4e2d\u7684\u9f99\u5934\u7ed3\u5408\u4f7f\u7528\u3002<\/p>\n\n\n\n<p><strong>\u4f60\u7528\u4ec0\u4e48\u7c7b\u578b\u7684\u5200\u5177\u6765\u94bb\u4f60\u7684\u6c34\u69fd\uff1f<\/strong><br>\u6211\u4eec\u7684\u6c34\u69fd\u53ef\u4ee5\u7528\u76f4\u5f84\u4e3a35-37\u6beb\u7c73\u7684\u91d1\u521a\u77f3\u94bb\u5934\u8fdb\u884c\u94bb\u5b54\u3002\u6240\u6709\u6c34\u69fd\u90fd\u6709\u4e3a\u6c34\u9f99\u5934\u9884\u7559\u7684\u5b54\u3002\u5728\u67d0\u4e9b\u578b\u53f7\u4e2d\uff0c\u6709\u4e00\u4e2a\u4ee5\u4e0a\u7684\u9884\u7559\u5b54\uff0c\u56e0\u6b64\u5b89\u88c5\u8005\u53ef\u4ee5\u51b3\u5b9a\u5c06\u6c34\u9f99\u5934\u653e\u5728\u54ea\u91cc\u3002<\/p>\n\n\n\n<p><strong>\u4f60\u4eec\u7684\u6c34\u69fd\u6709\u591a\u5c11\u5e74\u7684\u4fdd\u4fee\u671f\uff1f<br><\/strong>\u6240\u6709\u7684Plados-Telma\u6c34\u69fd\u90fd\u4fdd\u8bc1\u4e0d\u4f1a\u56e0\u70ed\u51b2\u51fb\u800c\u7834\u635f\u3002\u4fdd\u4fee\u5e74\u9650\u56e0\u6240\u9009\u6750\u6599\u800c\u5f02\u3002<\/p>\n\n\n\n<p>- nanoSTONE\u6c34\u69fd\u7684\u4fdd\u8bc1\u671f\u4e3a20\u5e74\u3002<br>- microULTRAGRANIT\/TelmaGRANIT\u548cULTRAMETAL\/METALQUARTZ\u6c34\u69fd\u7684\u4fdd\u4fee\u671f\u4e3a10\u5e74\u3002<br>- Ultraquartz\/Duralast\u6c34\u69fd\u7684\u4fdd\u4fee\u671f\u4e3a6\u5e74\u3002<\/p>\n\n\n\n<p><strong>\u4ec0\u4e48\u662fARIAPURA\uff1f<br><\/strong>ARIAPURA\u662f\u7531\u6211\u4eec\u7684\u7814\u7a76\u5b9e\u9a8c\u5ba4\u5f00\u53d1\u7684\u4e00\u9879\u6280\u672f\uff0c\u5305\u62ec\u5728\u590d\u5408\u6750\u6599\u6df7\u5408\u7269\u4e2d\u52a0\u5165\u4e8c\u6c27\u5316\u949b\u7eb3\u7c73\u9897\u7c92\u3002\u8fd9\u79cd\u5929\u7136\u6210\u5206\uff0c\u5728\u4eba\u9020\u5149\u6216\u9633\u5149\u7684\u7167\u5c04\u4e0b\uff0c\u5f15\u53d1\u4e86\u4e00\u79cd\u88ab\u79f0\u4e3a \"\u5149\u50ac\u5316 \"\u7684\u73b0\u8c61\uff0c\u5c06\u53a8\u623f\u4e2d\u7684\u6c61\u67d3\u9897\u7c92\u8f6c\u5316\u4e3a\u65e0\u5bb3\u7684\u77ff\u7269\u76d0\u3002<\/p>\n\n\n\n<h4 class=\"wp-block-heading\">- \u6297\u6c61\u67d3<br>- \u7ec6\u83cc\u6027\u75be\u75c5<br>- \u81ea\u6e05\u6d01<\/h4>\n\n\n\n<p>\u6b32\u4e86\u89e3\u66f4\u591a\u4fe1\u606f\uff0c\u8bf7\u8bbf\u95ee <a href=\"https:\/\/www.pladostelma.com\/ariapura\/\" data-type=\"page\" data-id=\"2223\">\u672c\u9875<\/a>.<\/p>\n\n\n\n<p><strong>\u6405\u62cc\u673a\u6709\u591a\u5c11\u5e74\u7684\u4fdd\u4fee\u671f\uff1f<br><\/strong>\u6405\u62cc\u673a\u7684\u4fdd\u4fee\u671f\u4e3a2\u5e74\u3002<\/p>\n\n\n\n<p><strong>\u70e4\u7bb1\u548c\u7076\u5177\u6709\u591a\u5c11\u5e74\u7684\u4fdd\u4fee\u671f\uff1f<br><\/strong>\u7089\u7076\u548c\u70e4\u7bb1\u7684\u4fdd\u4fee\u671f\u4e3a2\u5e74\u3002<\/p>\n\n\n\n<p><strong>\u6211\u5728\u54ea\u91cc\u53ef\u4ee5\u4e70\u5230\u4f60\u4eec\u7684\u4ea7\u54c1\uff1f<br><\/strong>\u4f60\u53ef\u4ee5\u76f4\u63a5\u4ece\u6211\u4eec\u7684\u7f51\u7ad9\u4e0a\u7d22\u53d6\u5f53\u5730\u7ecf\u9500\u5546\u7684\u540d\u79f0\u3002<\/p>\n\n\n\n<p><strong>\u6211\u600e\u6837\u624d\u80fd\u5f97\u5230\u63f4\u52a9\uff1f<br><\/strong>\u670d\u52a1\u53f0\u7684\u5f00\u653e\u65f6\u95f4\u4e3a\u5468\u4e00\u81f3\u5468\u4e94\u7684\u4e0a\u53488:30\u81f3\u4e0b\u534812:30\u3002<\/p>\n\n\n\n<p>- \u5bf9\u4e8e\u6c34\u69fd\u548c\u6405\u62cc\u5668\uff1a\u6211\u4eec\u63d0\u4f9bone 3\u79cd\u6a21\u5f0f<br>1) \u5728\u7f51\u7ad9\u4e0a\u586b\u5199\u652f\u6301\u8868\u683c\u3002<br>2) \u62e8\u6253\u6211\u4eec\u76f4\u63a5\u7684Plados-Telma\u670d\u52a1\u7535\u8bdd\uff1a0733-290592<br>3) \u5199\u4e00\u5c01\u7535\u5b50\u90ae\u4ef6\u5230\u4ee5\u4e0b\u5730\u5740\uff1aassistenza@pladostelma.com<\/p>\n\n\n\n<p>- \u71c3\u6c14\u7076\u548c\u70e4\u7bb1<br>\u8bf7\u8054\u7cfb\u79bb\u60a8\u6700\u8fd1\u7684\u7ef4\u4fee\u4e2d\u5fc3\u3002\u70b9\u51fb\u8fd9\u91cc\u4e86\u89e3\u66f4\u591a\u3002<\/p>\n\n\n\n<p>- \u62bd\u6cb9\u70df\u673a\u548c\u9676\u74f7\u7076\u5177 ONE\/\u73bb\u7483\u9676\u74f7<br>\u62e8\u53f7\uff1a0731 880301<\/p>\n\n\n\n<p>- \u5e9f\u6599<br>\u62e8\u6253\u514d\u8d39\u7535\u8bdd800 290330<\/p>\n\n\n\n<p><\/p>","protected":false},"excerpt":{"rendered":"<p>Da cosa sono formati i lavelli in materiale composito?Il materiale composito dei lavelli PLADOS-TELMA \u00e8 costituito all&#8217;80% da microparticelle di granito e quarzo, e del 20% da resina acrilica. Questo materiale \u00e8 resistente al calore?S\u00ec, i nostri lavelli resistono agli schock termici, anche i pi\u00f9 violenti, e alle temperature molto elevate (fino a 280\u00b0) senza [&hellip;]<\/p>\n","protected":false},"author":61,"featured_media":0,"parent":0,"menu_order":11,"comment_status":"closed","ping_status":"closed","template":"","meta":{"_acf_changed":false,"_seopress_robots_primary_cat":"","_seopress_titles_title":"","_seopress_titles_desc":"","_seopress_robots_index":"","_uag_custom_page_level_css":"","iawp_total_views":3198,"uix_meta_title":"","uix_meta_description":"","uix_canonical_url":"","footnotes":""},"class_list":["post-1888","page","type-page","status-publish","hentry"],"acf":[],"uagb_featured_image_src":{"full":false,"thumbnail":false,"medium":false,"medium_large":false,"large":false,"1536x1536":false,"2048x2048":false,"trp-custom-language-flag":false,"woocommerce_thumbnail":false,"woocommerce_single":false,"woocommerce_gallery_thumbnail":false,"variation_swatches_image_size":false,"variation_swatches_tooltip_size":false},"uagb_author_info":{"display_name":"PladosTelma","author_link":"https:\/\/www.pladostelma.com\/zh\/author\/pladostelma\/"},"uagb_comment_info":0,"uagb_excerpt":"Da cosa sono formati i lavelli in materiale composito?Il materiale composito dei lavelli PLADOS-TELMA \u00e8 costituito all&#8217;80% da microparticelle di granito e quarzo, e del 20% da resina acrilica. Questo materiale \u00e8 resistente al calore?S\u00ec, i nostri lavelli resistono agli schock termici, anche i pi\u00f9 violenti, e alle temperature molto elevate (fino a 280\u00b0) senza&hellip;","_links":{"self":[{"href":"https:\/\/www.pladostelma.com\/zh\/wp-json\/wp\/v2\/pages\/1888","targetHints":{"allow":["GET"]}}],"collection":[{"href":"https:\/\/www.pladostelma.com\/zh\/wp-json\/wp\/v2\/pages"}],"about":[{"href":"https:\/\/www.pladostelma.com\/zh\/wp-json\/wp\/v2\/types\/page"}],"author":[{"embeddable":true,"href":"https:\/\/www.pladostelma.com\/zh\/wp-json\/wp\/v2\/users\/61"}],"replies":[{"embeddable":true,"href":"https:\/\/www.pladostelma.com\/zh\/wp-json\/wp\/v2\/comments?post=1888"}],"version-history":[{"count":0,"href":"https:\/\/www.pladostelma.com\/zh\/wp-json\/wp\/v2\/pages\/1888\/revisions"}],"wp:attachment":[{"href":"https:\/\/www.pladostelma.com\/zh\/wp-json\/wp\/v2\/media?parent=1888"}],"curies":[{"name":"wp","href":"https:\/\/api.w.org\/{rel}","templated":true}]}}