{"id":6534,"date":"2017-09-01T14:04:29","date_gmt":"2017-09-01T12:04:29","guid":{"rendered":"https:\/\/www.pladostelma.com\/catalogue\/kit-di-istallazione-filtro-a-carbone-attivo\/"},"modified":"2021-05-24T15:00:15","modified_gmt":"2021-05-24T13:00:15","slug":"kitfil","status":"publish","type":"product","link":"https:\/\/www.pladostelma.com\/pl\/kitfil\/","title":{"rendered":"ZESTAW INSTALACYJNY FILTRA Z W\u0118GLEM AKTYWNYM:"},"content":{"rendered":"<p>KITFIL:<\/p>\n<p>- G\u0142owica filtra<br \/>\n- Osprz\u0119t<br \/>\n- Rury instalacyjne<br \/>\n- Za\u015blepka<\/p>\n<p>Wszystkie materia\u0142y s\u0105 nietoksyczne. Certyfikaty nietoksyczno\u015bci wykonane w specjalistycznym laboratorium, dost\u0119pne na \u017cyczenie. Wydajno\u015b\u0107 produktu performance mo\u017ce si\u0119 r\u00f3\u017cni\u0107 w zale\u017cno\u015bci od pojemno\u015bci i jako\u015bci wody wlotowej. Zaleca si\u0119 wymian\u0119 wk\u0142adu co najmniej raz w roku. Urz\u0105dzenie musi pracowa\u0107 wy\u0142\u0105cznie w pozycji pionowej.<\/p>","protected":false},"excerpt":{"rendered":"<p>System filtr\u00f3w do dostarczania oczyszczonej wody one.<br \/>\nZestaw instalacyjnyone zawieraj\u0105cy:<br \/>\n- Nag\u0142\u00f3wek<br \/>\n- Filtr<br \/>\nOsprz\u0119t<br \/>\nRury instalacyjne_x000D_<br \/>\n- Zaw\u00f3r odcinaj\u0105cy<\/p>","protected":false},"featured_media":205776,"template":"","meta":{"_acf_changed":false,"_seopress_robots_primary_cat":"","_seopress_titles_title":"","_seopress_titles_desc":"","_seopress_robots_index":"","_uag_custom_page_level_css":"","iawp_total_views":156,"uix_meta_title":"","uix_meta_description":"","uix_canonical_url":""},"serie":[],"product_brand":[],"product_cat":[839],"product_tag":[],"class_list":{"0":"post-6534","1":"product","2":"type-product","3":"status-publish","4":"has-post-thumbnail","6":"product_cat-accessori-miscelatori","8":"first","9":"instock","10":"shipping-taxable","11":"product-type-simple"},"acf":[],"vendbase_acf":null,"vendbase_metabox":null,"uagb_featured_image_src":{"full":["https:\/\/www.pladostelma.com\/wp-content\/uploads\/2017\/09\/kitfil.jpg",1054,431,false],"thumbnail":["https:\/\/www.pladostelma.com\/wp-content\/uploads\/2017\/09\/kitfil-150x150.jpg",150,150,true],"medium":["https:\/\/www.pladostelma.com\/wp-content\/uploads\/2017\/09\/kitfil-300x300.jpg",300,300,true],"medium_large":["https:\/\/www.pladostelma.com\/wp-content\/uploads\/2017\/09\/kitfil-768x768.jpg",768,768,true],"large":["https:\/\/www.pladostelma.com\/wp-content\/uploads\/2017\/09\/kitfil-1024x1024.jpg",1024,1024,true],"1536x1536":["https:\/\/www.pladostelma.com\/wp-content\/uploads\/2017\/09\/kitfil.jpg",1054,431,false],"2048x2048":["https:\/\/www.pladostelma.com\/wp-content\/uploads\/2017\/09\/kitfil.jpg",1054,431,false],"trp-custom-language-flag":["https:\/\/www.pladostelma.com\/wp-content\/uploads\/2017\/09\/kitfil.jpg",18,7,false],"woocommerce_thumbnail":["https:\/\/www.pladostelma.com\/wp-content\/uploads\/2017\/09\/kitfil-300x300.jpg",300,300,true],"woocommerce_single":["https:\/\/www.pladostelma.com\/wp-content\/uploads\/2017\/09\/kitfil-600x600.jpg",600,600,true],"woocommerce_gallery_thumbnail":["https:\/\/www.pladostelma.com\/wp-content\/uploads\/2017\/09\/kitfil-100x100.jpg",100,100,true],"variation_swatches_image_size":["https:\/\/www.pladostelma.com\/wp-content\/uploads\/2017\/09\/kitfil.jpg",50,20,false],"variation_swatches_tooltip_size":["https:\/\/www.pladostelma.com\/wp-content\/uploads\/2017\/09\/kitfil.jpg",100,41,false]},"uagb_author_info":{"display_name":"admino","author_link":"https:\/\/www.pladostelma.com\/pl\/author\/"},"uagb_comment_info":0,"uagb_excerpt":"Sistema filtrante per erogazione acqua depurata. Kit di installazione comprensivo di: \u2022 Testata \u2022 Filtro _x000D_\u2022 Raccordi _x000D_\u2022 Tubi di installazione_x000D_ \u2022 Rubinetto di arresto","_links":{"self":[{"href":"https:\/\/www.pladostelma.com\/pl\/wp-json\/wp\/v2\/product\/6534","targetHints":{"allow":["GET"]}}],"collection":[{"href":"https:\/\/www.pladostelma.com\/pl\/wp-json\/wp\/v2\/product"}],"about":[{"href":"https:\/\/www.pladostelma.com\/pl\/wp-json\/wp\/v2\/types\/product"}],"wp:featuredmedia":[{"embeddable":true,"href":"https:\/\/www.pladostelma.com\/pl\/wp-json\/wp\/v2\/media\/205776"}],"wp:attachment":[{"href":"https:\/\/www.pladostelma.com\/pl\/wp-json\/wp\/v2\/media?parent=6534"}],"wp:term":[{"taxonomy":"serie","embeddable":true,"href":"https:\/\/www.pladostelma.com\/pl\/wp-json\/wp\/v2\/serie?post=6534"},{"taxonomy":"product_brand","embeddable":true,"href":"https:\/\/www.pladostelma.com\/pl\/wp-json\/wp\/v2\/product_brand?post=6534"},{"taxonomy":"product_cat","embeddable":true,"href":"https:\/\/www.pladostelma.com\/pl\/wp-json\/wp\/v2\/product_cat?post=6534"},{"taxonomy":"product_tag","embeddable":true,"href":"https:\/\/www.pladostelma.com\/pl\/wp-json\/wp\/v2\/product_tag?post=6534"}],"curies":[{"name":"wp","href":"https:\/\/api.w.org\/{rel}","templated":true}]}}