{"id":5704,"date":"2015-04-27T10:56:59","date_gmt":"2015-04-27T08:56:59","guid":{"rendered":"https:\/\/www.pladostelma.com\/catalogue\/altri-accessori-dispenser-per-sapone-liquido-cromato\/"},"modified":"2024-07-22T15:06:26","modified_gmt":"2024-07-22T13:06:26","slug":"disp","status":"publish","type":"product","link":"https:\/\/www.pladostelma.com\/pl\/disp\/","title":{"rendered":"DISP"},"content":{"rendered":"","protected":false},"excerpt":{"rendered":"<p>\u00f8 26 mm - Dozownik myd\u0142a w p\u0142ynie. Do wszystkich modeli, w kt\u00f3rych mo\u017cliwy jest monta\u017c. Patrz wst\u0119pnie wywiercone otwory pod zlewozmywakiem.<\/p>","protected":false},"featured_media":246781,"template":"","meta":{"_acf_changed":false,"_seopress_robots_primary_cat":"","_seopress_titles_title":"DISP soap dispenser","_seopress_titles_desc":"DISP soap dispenser","_seopress_robots_index":"","_uag_custom_page_level_css":"","iawp_total_views":699,"uix_meta_title":"","uix_meta_description":"","uix_canonical_url":""},"serie":[],"product_brand":[],"product_cat":[2611,710],"product_tag":[],"class_list":{"0":"post-5704","1":"product","2":"type-product","3":"status-publish","4":"has-post-thumbnail","6":"product_cat-accessori-coordinati","7":"product_cat-accessori-lavelli-cucina","8":"pa_pladoscolors-c40","9":"pa_pladoscolors-124","11":"first","12":"instock","13":"shipping-taxable","14":"purchasable","15":"product-type-variable","16":"wvs-archive-product-wrapper"},"acf":[],"vendbase_acf":null,"vendbase_metabox":null,"uagb_featured_image_src":{"full":["https:\/\/www.pladostelma.com\/wp-content\/uploads\/DISP_70-1.jpg",526,1024,false],"thumbnail":["https:\/\/www.pladostelma.com\/wp-content\/uploads\/DISP_70-1-150x150.jpg",150,150,true],"medium":["https:\/\/www.pladostelma.com\/wp-content\/uploads\/DISP_70-1-300x300.jpg",300,300,true],"medium_large":["https:\/\/www.pladostelma.com\/wp-content\/uploads\/DISP_70-1-768x768.jpg",768,768,true],"large":["https:\/\/www.pladostelma.com\/wp-content\/uploads\/DISP_70-1-1024x1024.jpg",1024,1024,true],"1536x1536":["https:\/\/www.pladostelma.com\/wp-content\/uploads\/DISP_70-1.jpg",526,1024,false],"2048x2048":["https:\/\/www.pladostelma.com\/wp-content\/uploads\/DISP_70-1.jpg",526,1024,false],"trp-custom-language-flag":["https:\/\/www.pladostelma.com\/wp-content\/uploads\/DISP_70-1.jpg",6,12,false],"woocommerce_thumbnail":["https:\/\/www.pladostelma.com\/wp-content\/uploads\/DISP_70-1-300x300.jpg",300,300,true],"woocommerce_single":["https:\/\/www.pladostelma.com\/wp-content\/uploads\/DISP_70-1-600x600.jpg",600,600,true],"woocommerce_gallery_thumbnail":["https:\/\/www.pladostelma.com\/wp-content\/uploads\/DISP_70-1-100x100.jpg",100,100,true],"variation_swatches_image_size":["https:\/\/www.pladostelma.com\/wp-content\/uploads\/DISP_70-1.jpg",26,50,false],"variation_swatches_tooltip_size":["https:\/\/www.pladostelma.com\/wp-content\/uploads\/DISP_70-1.jpg",51,100,false]},"uagb_author_info":{"display_name":"admino","author_link":"https:\/\/www.pladostelma.com\/pl\/author\/"},"uagb_comment_info":0,"uagb_excerpt":"\u00f8 26 mm - Dispenser per sapone liquido. Per tutti i modelli dove \u00e8 possibile l\u2019inserimento. Vedi pre-fori sotto il lavello.","_links":{"self":[{"href":"https:\/\/www.pladostelma.com\/pl\/wp-json\/wp\/v2\/product\/5704","targetHints":{"allow":["GET"]}}],"collection":[{"href":"https:\/\/www.pladostelma.com\/pl\/wp-json\/wp\/v2\/product"}],"about":[{"href":"https:\/\/www.pladostelma.com\/pl\/wp-json\/wp\/v2\/types\/product"}],"wp:featuredmedia":[{"embeddable":true,"href":"https:\/\/www.pladostelma.com\/pl\/wp-json\/wp\/v2\/media\/246781"}],"wp:attachment":[{"href":"https:\/\/www.pladostelma.com\/pl\/wp-json\/wp\/v2\/media?parent=5704"}],"wp:term":[{"taxonomy":"serie","embeddable":true,"href":"https:\/\/www.pladostelma.com\/pl\/wp-json\/wp\/v2\/serie?post=5704"},{"taxonomy":"product_brand","embeddable":true,"href":"https:\/\/www.pladostelma.com\/pl\/wp-json\/wp\/v2\/product_brand?post=5704"},{"taxonomy":"product_cat","embeddable":true,"href":"https:\/\/www.pladostelma.com\/pl\/wp-json\/wp\/v2\/product_cat?post=5704"},{"taxonomy":"product_tag","embeddable":true,"href":"https:\/\/www.pladostelma.com\/pl\/wp-json\/wp\/v2\/product_tag?post=5704"}],"curies":[{"name":"wp","href":"https:\/\/api.w.org\/{rel}","templated":true}]}}