{"id":5014,"date":"2015-04-27T10:46:49","date_gmt":"2015-04-27T08:46:49","guid":{"rendered":"https:\/\/www.pladostelma.com\/catalogue\/plados-refresh-8320\/"},"modified":"2024-07-12T10:37:59","modified_gmt":"2024-07-12T08:37:59","slug":"lisp838320s","status":"publish","type":"product","link":"https:\/\/www.pladostelma.com\/pl\/lisp838320s\/","title":{"rendered":"LISP838320S"},"content":{"rendered":"","protected":false},"excerpt":{"rendered":"<p>830\u00d7500 mm - Zlewozmywak naro\u017cny z dwiema komorami i tac\u0105 ociekow\u0105.<\/p>\n<p>Wszystkie zlewozmywaki mo\u017cna wzbogaci\u0107 o akcesoria, kt\u00f3re sprawi\u0105, \u017ce strefa zmywania b\u0119dzie nie tylko bardziej praktyczna i funkcjonalna, ale tak\u017ce wygodna i elegancka.<\/p>","protected":false},"featured_media":5001,"template":"","meta":{"_acf_changed":false,"_seopress_robots_primary_cat":"","_seopress_titles_title":"PLADOS REFRESH 8320 Double basin corner sink with drainer","_seopress_titles_desc":"PLADOS REFRESH 8320 Double basin corner sink with drainer","_seopress_robots_index":"","_uag_custom_page_level_css":"","iawp_total_views":291,"uix_meta_title":"","uix_meta_description":"","uix_canonical_url":""},"serie":[],"product_brand":[],"product_cat":[554,830],"product_tag":[],"class_list":{"0":"post-5014","1":"product","2":"type-product","3":"status-publish","4":"has-post-thumbnail","6":"product_cat-lavelli-cucina-acciaio","7":"product_cat-vintage","8":"pa_dimensions-830x500mm","9":"pa_series-olympus","10":"pa_sink-type-lavello-due-vasche-gocciolatoio","12":"first","13":"instock","14":"sale","15":"shipping-taxable","16":"purchasable","17":"product-type-simple"},"acf":[],"vendbase_acf":null,"vendbase_metabox":null,"uagb_featured_image_src":{"full":["https:\/\/www.pladostelma.com\/wp-content\/uploads\/2015\/04\/product_L_I_LISP504410S60.jpg",1405,1000,false],"thumbnail":["https:\/\/www.pladostelma.com\/wp-content\/uploads\/2015\/04\/product_L_I_LISP504410S60-150x150.jpg",150,150,true],"medium":["https:\/\/www.pladostelma.com\/wp-content\/uploads\/2015\/04\/product_L_I_LISP504410S60-300x300.jpg",300,300,true],"medium_large":["https:\/\/www.pladostelma.com\/wp-content\/uploads\/2015\/04\/product_L_I_LISP504410S60-768x768.jpg",768,768,true],"large":["https:\/\/www.pladostelma.com\/wp-content\/uploads\/2015\/04\/product_L_I_LISP504410S60-1024x1024.jpg",1024,1024,true],"1536x1536":["https:\/\/www.pladostelma.com\/wp-content\/uploads\/2015\/04\/product_L_I_LISP504410S60.jpg",1405,1000,false],"2048x2048":["https:\/\/www.pladostelma.com\/wp-content\/uploads\/2015\/04\/product_L_I_LISP504410S60.jpg",1405,1000,false],"trp-custom-language-flag":["https:\/\/www.pladostelma.com\/wp-content\/uploads\/2015\/04\/product_L_I_LISP504410S60.jpg",18,12,false],"woocommerce_thumbnail":["https:\/\/www.pladostelma.com\/wp-content\/uploads\/2015\/04\/product_L_I_LISP504410S60-300x300.jpg",300,300,true],"woocommerce_single":["https:\/\/www.pladostelma.com\/wp-content\/uploads\/2015\/04\/product_L_I_LISP504410S60-600x600.jpg",600,600,true],"woocommerce_gallery_thumbnail":["https:\/\/www.pladostelma.com\/wp-content\/uploads\/2015\/04\/product_L_I_LISP504410S60-100x100.jpg",100,100,true],"variation_swatches_image_size":["https:\/\/www.pladostelma.com\/wp-content\/uploads\/2015\/04\/product_L_I_LISP504410S60.jpg",50,36,false],"variation_swatches_tooltip_size":["https:\/\/www.pladostelma.com\/wp-content\/uploads\/2015\/04\/product_L_I_LISP504410S60.jpg",100,71,false]},"uagb_author_info":{"display_name":"admino","author_link":"https:\/\/www.pladostelma.com\/pl\/author\/"},"uagb_comment_info":0,"uagb_excerpt":"830x500 mm - Lavello angolare a due vasche pi\u00f9 gocciolatoio. Tutti i lavelli possono essere arricchiti con accessori che rendono la zona lavaggio non solo pi\u00f9 pratica e funzionale ma anche pi\u00f9 comoda ed elegante.","_links":{"self":[{"href":"https:\/\/www.pladostelma.com\/pl\/wp-json\/wp\/v2\/product\/5014","targetHints":{"allow":["GET"]}}],"collection":[{"href":"https:\/\/www.pladostelma.com\/pl\/wp-json\/wp\/v2\/product"}],"about":[{"href":"https:\/\/www.pladostelma.com\/pl\/wp-json\/wp\/v2\/types\/product"}],"wp:featuredmedia":[{"embeddable":true,"href":"https:\/\/www.pladostelma.com\/pl\/wp-json\/wp\/v2\/media\/5001"}],"wp:attachment":[{"href":"https:\/\/www.pladostelma.com\/pl\/wp-json\/wp\/v2\/media?parent=5014"}],"wp:term":[{"taxonomy":"serie","embeddable":true,"href":"https:\/\/www.pladostelma.com\/pl\/wp-json\/wp\/v2\/serie?post=5014"},{"taxonomy":"product_brand","embeddable":true,"href":"https:\/\/www.pladostelma.com\/pl\/wp-json\/wp\/v2\/product_brand?post=5014"},{"taxonomy":"product_cat","embeddable":true,"href":"https:\/\/www.pladostelma.com\/pl\/wp-json\/wp\/v2\/product_cat?post=5014"},{"taxonomy":"product_tag","embeddable":true,"href":"https:\/\/www.pladostelma.com\/pl\/wp-json\/wp\/v2\/product_tag?post=5014"}],"curies":[{"name":"wp","href":"https:\/\/api.w.org\/{rel}","templated":true}]}}