{"id":4996,"date":"2015-04-27T10:46:49","date_gmt":"2015-04-27T08:46:49","guid":{"rendered":"https:\/\/www.pladostelma.com\/catalogue\/plados-refresh-4310\/"},"modified":"2024-06-20T08:53:52","modified_gmt":"2024-06-20T06:53:52","slug":"lisp000431s","status":"publish","type":"product","link":"https:\/\/www.pladostelma.com\/pl\/lisp000431s\/","title":{"rendered":"LISP000431S"},"content":{"rendered":"","protected":false},"excerpt":{"rendered":"<p>\u00d8 435 mm - Zlewozmywak okr\u0105g\u0142y bez baterii.<\/p>\n<p>Wszystkie zlewozmywaki mo\u017cna wzbogaci\u0107 o akcesoria, kt\u00f3re sprawi\u0105, \u017ce strefa zmywania b\u0119dzie nie tylko bardziej praktyczna i funkcjonalna, ale tak\u017ce wygodna i elegancka.<\/p>","protected":false},"featured_media":196330,"template":"","meta":{"_acf_changed":false,"_seopress_robots_primary_cat":"","_seopress_titles_title":"PLADOS REFRESH 4310 Single basin round sink","_seopress_titles_desc":"PLADOS REFRESH 4310 Single basin round sink","_seopress_robots_index":"","_uag_custom_page_level_css":"","iawp_total_views":67,"uix_meta_title":"","uix_meta_description":"","uix_canonical_url":""},"serie":[],"product_brand":[],"product_cat":[554,830],"product_tag":[],"class_list":{"0":"post-4996","1":"product","2":"type-product","3":"status-publish","4":"has-post-thumbnail","6":"product_cat-lavelli-cucina-acciaio","7":"product_cat-vintage","8":"pa_dimensions-diameter435mm","9":"pa_series-vintage","10":"pa_sink-type-lavello-tondo","12":"first","13":"instock","14":"sale","15":"shipping-taxable","16":"purchasable","17":"product-type-simple"},"acf":[],"vendbase_acf":null,"vendbase_metabox":null,"uagb_featured_image_src":{"full":["https:\/\/www.pladostelma.com\/wp-content\/uploads\/2015\/04\/LISP000431S.jpg",825,1000,false],"thumbnail":["https:\/\/www.pladostelma.com\/wp-content\/uploads\/2015\/04\/LISP000431S-150x150.jpg",150,150,true],"medium":["https:\/\/www.pladostelma.com\/wp-content\/uploads\/2015\/04\/LISP000431S-300x300.jpg",300,300,true],"medium_large":["https:\/\/www.pladostelma.com\/wp-content\/uploads\/2015\/04\/LISP000431S-768x768.jpg",768,768,true],"large":["https:\/\/www.pladostelma.com\/wp-content\/uploads\/2015\/04\/LISP000431S-1024x1024.jpg",1024,1024,true],"1536x1536":["https:\/\/www.pladostelma.com\/wp-content\/uploads\/2015\/04\/LISP000431S.jpg",825,1000,false],"2048x2048":["https:\/\/www.pladostelma.com\/wp-content\/uploads\/2015\/04\/LISP000431S.jpg",825,1000,false],"trp-custom-language-flag":["https:\/\/www.pladostelma.com\/wp-content\/uploads\/2015\/04\/LISP000431S.jpg",10,12,false],"woocommerce_thumbnail":["https:\/\/www.pladostelma.com\/wp-content\/uploads\/2015\/04\/LISP000431S-300x300.jpg",300,300,true],"woocommerce_single":["https:\/\/www.pladostelma.com\/wp-content\/uploads\/2015\/04\/LISP000431S-600x600.jpg",600,600,true],"woocommerce_gallery_thumbnail":["https:\/\/www.pladostelma.com\/wp-content\/uploads\/2015\/04\/LISP000431S-100x100.jpg",100,100,true],"variation_swatches_image_size":["https:\/\/www.pladostelma.com\/wp-content\/uploads\/2015\/04\/LISP000431S.jpg",41,50,false],"variation_swatches_tooltip_size":["https:\/\/www.pladostelma.com\/wp-content\/uploads\/2015\/04\/LISP000431S.jpg",83,100,false]},"uagb_author_info":{"display_name":"admino","author_link":"https:\/\/www.pladostelma.com\/pl\/author\/"},"uagb_comment_info":0,"uagb_excerpt":"\u00d8 435 mm - Lavello tondo senza banco rubinetteria. Tutti i lavelli possono essere arricchiti con accessori che rendono la zona lavaggio non solo pi\u00f9 pratica e funzionale ma anche pi\u00f9 comoda ed elegante.","_links":{"self":[{"href":"https:\/\/www.pladostelma.com\/pl\/wp-json\/wp\/v2\/product\/4996","targetHints":{"allow":["GET"]}}],"collection":[{"href":"https:\/\/www.pladostelma.com\/pl\/wp-json\/wp\/v2\/product"}],"about":[{"href":"https:\/\/www.pladostelma.com\/pl\/wp-json\/wp\/v2\/types\/product"}],"wp:featuredmedia":[{"embeddable":true,"href":"https:\/\/www.pladostelma.com\/pl\/wp-json\/wp\/v2\/media\/196330"}],"wp:attachment":[{"href":"https:\/\/www.pladostelma.com\/pl\/wp-json\/wp\/v2\/media?parent=4996"}],"wp:term":[{"taxonomy":"serie","embeddable":true,"href":"https:\/\/www.pladostelma.com\/pl\/wp-json\/wp\/v2\/serie?post=4996"},{"taxonomy":"product_brand","embeddable":true,"href":"https:\/\/www.pladostelma.com\/pl\/wp-json\/wp\/v2\/product_brand?post=4996"},{"taxonomy":"product_cat","embeddable":true,"href":"https:\/\/www.pladostelma.com\/pl\/wp-json\/wp\/v2\/product_cat?post=4996"},{"taxonomy":"product_tag","embeddable":true,"href":"https:\/\/www.pladostelma.com\/pl\/wp-json\/wp\/v2\/product_tag?post=4996"}],"curies":[{"name":"wp","href":"https:\/\/api.w.org\/{rel}","templated":true}]}}