{"id":4365,"date":"2015-04-27T10:31:23","date_gmt":"2015-04-27T08:31:23","guid":{"rendered":"https:\/\/www.pladostelma.com\/catalogue\/plados-atlantic-11620\/"},"modified":"2025-02-18T09:59:23","modified_gmt":"2025-02-18T08:59:23","slug":"pl1162","status":"publish","type":"product","link":"https:\/\/www.pladostelma.com\/pl\/pl1162\/","title":{"rendered":"PL1162"},"content":{"rendered":"","protected":false},"excerpt":{"rendered":"<p>1160X500 mm - Zlewozmywak dwukomorowy z ociekaczem, odwracalny, z nawierconymi otworami do monta\u017cu baterii i akcesori\u00f3w.<\/p>\n<p>Wyposa\u017cony w opatentowan\u0105 technologi\u0119 ARIAPURA, kt\u00f3ra sprawia, \u017ce zlewozmywak jest antybakteryjny, odporny na zanieczyszczenia i \u0142atwiejszy w czyszczeniu.<\/p>\n<p>Wszystkie zlewozmywaki mo\u017cna wzbogaci\u0107 o akcesoria, kt\u00f3re sprawi\u0105, \u017ce strefa zmywania b\u0119dzie nie tylko bardziej praktyczna i funkcjonalna, ale tak\u017ce wygodna i elegancka.<\/p>","protected":false},"featured_media":247794,"template":"","meta":{"_acf_changed":false,"_seopress_robots_primary_cat":"none","_seopress_titles_title":"PLADOS ATLANTIC 11620 Double basin sink with drainer","_seopress_titles_desc":"PLADOS ATLANTIC 11620 Double basin sink with drainer","_seopress_robots_index":"","_uag_custom_page_level_css":"","iawp_total_views":1865,"uix_meta_title":"","uix_meta_description":"","uix_canonical_url":""},"serie":[2665],"product_brand":[],"product_cat":[571,101],"product_tag":[715],"class_list":{"0":"post-4365","1":"product","2":"type-product","3":"status-publish","4":"has-post-thumbnail","6":"serie-atlantic","7":"product_cat-atlantic","8":"product_cat-lavelli-cucina-plados","9":"product_tag-atlantic","10":"pa_dimensions-1160x500mm","11":"pa_pladoscolors-122","12":"pa_pladoscolors-124","13":"pa_pladoscolors-127","14":"pa_pladoscolors-98-bianco","15":"pa_pladoscolors-129","16":"pa_pladoscolors-130","17":"pa_pladoscolors-131","18":"pa_series-atlantic","19":"pa_sink-type-lavello-due-vasche-gocciolatoio","21":"first","22":"instock","23":"shipping-taxable","24":"purchasable","25":"product-type-variable","26":"wvs-archive-product-wrapper"},"acf":[],"vendbase_acf":null,"vendbase_metabox":null,"uagb_featured_image_src":{"full":["https:\/\/www.pladostelma.com\/wp-content\/uploads\/PL1162_70-scaled.jpg",2560,1179,false],"thumbnail":["https:\/\/www.pladostelma.com\/wp-content\/uploads\/PL1162_70-150x150.jpg",150,150,true],"medium":["https:\/\/www.pladostelma.com\/wp-content\/uploads\/PL1162_70-300x300.jpg",300,300,true],"medium_large":["https:\/\/www.pladostelma.com\/wp-content\/uploads\/PL1162_70-768x768.jpg",768,768,true],"large":["https:\/\/www.pladostelma.com\/wp-content\/uploads\/PL1162_70-1024x1024.jpg",1024,1024,true],"1536x1536":["https:\/\/www.pladostelma.com\/wp-content\/uploads\/PL1162_70-scaled.jpg",1536,707,false],"2048x2048":["https:\/\/www.pladostelma.com\/wp-content\/uploads\/PL1162_70-scaled.jpg",2048,943,false],"trp-custom-language-flag":["https:\/\/www.pladostelma.com\/wp-content\/uploads\/PL1162_70-scaled.jpg",18,8,false],"woocommerce_thumbnail":["https:\/\/www.pladostelma.com\/wp-content\/uploads\/PL1162_70-300x300.jpg",300,300,true],"woocommerce_single":["https:\/\/www.pladostelma.com\/wp-content\/uploads\/PL1162_70-600x600.jpg",600,600,true],"woocommerce_gallery_thumbnail":["https:\/\/www.pladostelma.com\/wp-content\/uploads\/PL1162_70-100x100.jpg",100,100,true],"variation_swatches_image_size":["https:\/\/www.pladostelma.com\/wp-content\/uploads\/PL1162_70-scaled.jpg",50,23,false],"variation_swatches_tooltip_size":["https:\/\/www.pladostelma.com\/wp-content\/uploads\/PL1162_70-scaled.jpg",100,46,false]},"uagb_author_info":{"display_name":"admino","author_link":"https:\/\/www.pladostelma.com\/pl\/author\/"},"uagb_comment_info":0,"uagb_excerpt":"1160X500 mm - Lavello a due vasche pi\u00f9 gocciolatoio, reversibile, con pre-fori per installazione rubinetteria e accessori. Provvisto di tecnologia brevettata ARIAPURA, che contribuisce a rendere il lavello antibatterico, antinquinante e pi\u00f9 facile da pulire. Tutti i lavelli possono essere arricchiti con accessori che rendono la zona lavaggio non solo pi\u00f9 pratica e funzionale ma&hellip;","_links":{"self":[{"href":"https:\/\/www.pladostelma.com\/pl\/wp-json\/wp\/v2\/product\/4365","targetHints":{"allow":["GET"]}}],"collection":[{"href":"https:\/\/www.pladostelma.com\/pl\/wp-json\/wp\/v2\/product"}],"about":[{"href":"https:\/\/www.pladostelma.com\/pl\/wp-json\/wp\/v2\/types\/product"}],"wp:featuredmedia":[{"embeddable":true,"href":"https:\/\/www.pladostelma.com\/pl\/wp-json\/wp\/v2\/media\/247794"}],"wp:attachment":[{"href":"https:\/\/www.pladostelma.com\/pl\/wp-json\/wp\/v2\/media?parent=4365"}],"wp:term":[{"taxonomy":"serie","embeddable":true,"href":"https:\/\/www.pladostelma.com\/pl\/wp-json\/wp\/v2\/serie?post=4365"},{"taxonomy":"product_brand","embeddable":true,"href":"https:\/\/www.pladostelma.com\/pl\/wp-json\/wp\/v2\/product_brand?post=4365"},{"taxonomy":"product_cat","embeddable":true,"href":"https:\/\/www.pladostelma.com\/pl\/wp-json\/wp\/v2\/product_cat?post=4365"},{"taxonomy":"product_tag","embeddable":true,"href":"https:\/\/www.pladostelma.com\/pl\/wp-json\/wp\/v2\/product_tag?post=4365"}],"curies":[{"name":"wp","href":"https:\/\/api.w.org\/{rel}","templated":true}]}}