{"id":3750,"date":"2015-04-27T10:31:10","date_gmt":"2015-04-27T08:31:10","guid":{"rendered":"https:\/\/www.pladostelma.com\/catalogue\/plados-corax-9915\/"},"modified":"2025-01-28T14:25:31","modified_gmt":"2025-01-28T13:25:31","slug":"cx0991","status":"publish","type":"product","link":"https:\/\/www.pladostelma.com\/pl\/cx0991\/","title":{"rendered":"CX0991"},"content":{"rendered":"","protected":false},"excerpt":{"rendered":"<p>990\u00d7500 mm - Zlewozmywak p\u00f3\u0142torakomorowy z ociekaczem, odwracalny, z nawierconymi otworami do monta\u017cu baterii i armatury.<\/p>\n<p>Wyposa\u017cony w opatentowan\u0105 technologi\u0119 ARIAPURA, kt\u00f3ra sprawia, \u017ce zlewozmywak jest antybakteryjny, odporny na zanieczyszczenia i \u0142atwiejszy w czyszczeniu.<\/p>\n<p>Wszystkie zlewozmywaki mo\u017cna wzbogaci\u0107 o akcesoria, kt\u00f3re sprawi\u0105, \u017ce strefa zmywania b\u0119dzie nie tylko bardziej praktyczna i funkcjonalna, ale tak\u017ce wygodna i elegancka.<\/p>","protected":false},"featured_media":247710,"template":"","meta":{"_acf_changed":false,"_seopress_robots_primary_cat":"none","_seopress_titles_title":"PLADOS CORAX 9915 One and a half basin sink with drainer","_seopress_titles_desc":"PLADOS CORAX 9915 One and a half basin sink with drainer","_seopress_robots_index":"","_uag_custom_page_level_css":"","iawp_total_views":265,"uix_meta_title":"","uix_meta_description":"","uix_canonical_url":""},"serie":[2664],"product_brand":[],"product_cat":[562,101],"product_tag":[706],"class_list":{"0":"post-3750","1":"product","2":"type-product","3":"status-publish","4":"has-post-thumbnail","6":"serie-corax","7":"product_cat-corax","8":"product_cat-lavelli-cucina-plados","9":"product_tag-corax","10":"pa_dimensions-990x500mm","11":"pa_pladoscolors-122","12":"pa_pladoscolors-124","13":"pa_pladoscolors-125","14":"pa_pladoscolors-126","15":"pa_pladoscolors-127","16":"pa_pladoscolors-128","17":"pa_pladoscolors-98-bianco","18":"pa_pladoscolors-129","19":"pa_pladoscolors-130","20":"pa_pladoscolors-131","21":"pa_series-corax","22":"pa_sink-type-lavello-una-vasca-mezza-gocciolatoio","24":"first","25":"instock","26":"shipping-taxable","27":"purchasable","28":"product-type-variable","29":"wvs-archive-product-wrapper"},"acf":[],"vendbase_acf":null,"vendbase_metabox":null,"uagb_featured_image_src":{"full":["https:\/\/www.pladostelma.com\/wp-content\/uploads\/CX0991_41-scaled.jpg",2560,1347,false],"thumbnail":["https:\/\/www.pladostelma.com\/wp-content\/uploads\/CX0991_41-150x150.jpg",150,150,true],"medium":["https:\/\/www.pladostelma.com\/wp-content\/uploads\/CX0991_41-300x300.jpg",300,300,true],"medium_large":["https:\/\/www.pladostelma.com\/wp-content\/uploads\/CX0991_41-768x768.jpg",768,768,true],"large":["https:\/\/www.pladostelma.com\/wp-content\/uploads\/CX0991_41-1024x1024.jpg",1024,1024,true],"1536x1536":["https:\/\/www.pladostelma.com\/wp-content\/uploads\/CX0991_41-scaled.jpg",1536,808,false],"2048x2048":["https:\/\/www.pladostelma.com\/wp-content\/uploads\/CX0991_41-scaled.jpg",2048,1078,false],"trp-custom-language-flag":["https:\/\/www.pladostelma.com\/wp-content\/uploads\/CX0991_41-scaled.jpg",18,9,false],"woocommerce_thumbnail":["https:\/\/www.pladostelma.com\/wp-content\/uploads\/CX0991_41-300x300.jpg",300,300,true],"woocommerce_single":["https:\/\/www.pladostelma.com\/wp-content\/uploads\/CX0991_41-600x600.jpg",600,600,true],"woocommerce_gallery_thumbnail":["https:\/\/www.pladostelma.com\/wp-content\/uploads\/CX0991_41-100x100.jpg",100,100,true],"variation_swatches_image_size":["https:\/\/www.pladostelma.com\/wp-content\/uploads\/CX0991_41-scaled.jpg",50,26,false],"variation_swatches_tooltip_size":["https:\/\/www.pladostelma.com\/wp-content\/uploads\/CX0991_41-scaled.jpg",100,53,false]},"uagb_author_info":{"display_name":"admino","author_link":"https:\/\/www.pladostelma.com\/pl\/author\/"},"uagb_comment_info":0,"uagb_excerpt":"990x500 mm - Lavello a una vasca e mezzo pi\u00f9 gocciolatoio, reversibile, con pre-fori per installazione rubinetteria e accessori. Provvisto di tecnologia brevettata ARIAPURA, che contribuisce a rendere il lavello antibatterico, antinquinante e pi\u00f9 facile da pulire. Tutti i lavelli possono essere arricchiti con accessori che rendono la zona lavaggio non solo pi\u00f9 pratica e&hellip;","_links":{"self":[{"href":"https:\/\/www.pladostelma.com\/pl\/wp-json\/wp\/v2\/product\/3750","targetHints":{"allow":["GET"]}}],"collection":[{"href":"https:\/\/www.pladostelma.com\/pl\/wp-json\/wp\/v2\/product"}],"about":[{"href":"https:\/\/www.pladostelma.com\/pl\/wp-json\/wp\/v2\/types\/product"}],"wp:featuredmedia":[{"embeddable":true,"href":"https:\/\/www.pladostelma.com\/pl\/wp-json\/wp\/v2\/media\/247710"}],"wp:attachment":[{"href":"https:\/\/www.pladostelma.com\/pl\/wp-json\/wp\/v2\/media?parent=3750"}],"wp:term":[{"taxonomy":"serie","embeddable":true,"href":"https:\/\/www.pladostelma.com\/pl\/wp-json\/wp\/v2\/serie?post=3750"},{"taxonomy":"product_brand","embeddable":true,"href":"https:\/\/www.pladostelma.com\/pl\/wp-json\/wp\/v2\/product_brand?post=3750"},{"taxonomy":"product_cat","embeddable":true,"href":"https:\/\/www.pladostelma.com\/pl\/wp-json\/wp\/v2\/product_cat?post=3750"},{"taxonomy":"product_tag","embeddable":true,"href":"https:\/\/www.pladostelma.com\/pl\/wp-json\/wp\/v2\/product_tag?post=3750"}],"curies":[{"name":"wp","href":"https:\/\/api.w.org\/{rel}","templated":true}]}}