{"id":3619,"date":"2015-04-27T10:31:07","date_gmt":"2015-04-27T08:31:07","guid":{"rendered":"https:\/\/www.pladostelma.com\/catalogue\/plados-elegance-8620\/"},"modified":"2025-06-03T09:44:03","modified_gmt":"2025-06-03T07:44:03","slug":"am8620","status":"publish","type":"product","link":"https:\/\/www.pladostelma.com\/pl\/am8620\/","title":{"rendered":"AM8620"},"content":{"rendered":"","protected":false},"excerpt":{"rendered":"<p>860\u00d7510 mm - Zlewozmywak dwukomorowy z nawierconymi otworami do monta\u017cu baterii i armatury.<\/p>\n<p>Wyposa\u017cony w opatentowan\u0105 technologi\u0119 ARIAPURA, kt\u00f3ra sprawia, \u017ce zlewozmywak jest antybakteryjny, odporny na zanieczyszczenia i \u0142atwiejszy w czyszczeniu.<\/p>\n<p>Wszystkie zlewozmywaki mo\u017cna wzbogaci\u0107 o akcesoria, kt\u00f3re sprawi\u0105, \u017ce strefa zmywania b\u0119dzie nie tylko bardziej praktyczna i funkcjonalna, ale tak\u017ce wygodna i elegancka.<\/p>","protected":false},"featured_media":247575,"template":"","meta":{"_acf_changed":false,"_seopress_robots_primary_cat":"none","_seopress_titles_title":"PLADOS ELEGANCE 8620 double basin sink","_seopress_titles_desc":"PLADOS ELEGANCE 8620 double basin sink","_seopress_robots_index":"","_uag_custom_page_level_css":"","iawp_total_views":1931,"uix_meta_title":"","uix_meta_description":"","uix_canonical_url":""},"serie":[2662],"product_brand":[],"product_cat":[558,101],"product_tag":[705],"class_list":{"0":"post-3619","1":"product","2":"type-product","3":"status-publish","4":"has-post-thumbnail","6":"serie-elegance","7":"product_cat-elegance","8":"product_cat-lavelli-cucina-plados","9":"product_tag-elegance","10":"pa_dimensions-860x510mm","11":"pa_pladoscolors-135","12":"pa_pladoscolors-137","13":"pa_pladoscolors-138","14":"pa_pladoscolors-2303","15":"pa_pladoscolors-122","16":"pa_pladoscolors-124","17":"pa_pladoscolors-125","18":"pa_pladoscolors-126","19":"pa_pladoscolors-127","20":"pa_pladoscolors-128","21":"pa_pladoscolors-98-bianco","22":"pa_pladoscolors-2304","23":"pa_pladoscolors-129","24":"pa_pladoscolors-130","25":"pa_pladoscolors-131","26":"pa_series-elegance","27":"pa_sink-type-lavello-due-vasche","29":"first","30":"instock","31":"shipping-taxable","32":"purchasable","33":"product-type-variable","34":"wvs-archive-product-wrapper"},"acf":[],"vendbase_acf":null,"vendbase_metabox":null,"uagb_featured_image_src":{"full":["https:\/\/www.pladostelma.com\/wp-content\/uploads\/AM8620_42-scaled.jpg",2560,1557,false],"thumbnail":["https:\/\/www.pladostelma.com\/wp-content\/uploads\/AM8620_42-150x150.jpg",150,150,true],"medium":["https:\/\/www.pladostelma.com\/wp-content\/uploads\/AM8620_42-300x300.jpg",300,300,true],"medium_large":["https:\/\/www.pladostelma.com\/wp-content\/uploads\/AM8620_42-768x768.jpg",768,768,true],"large":["https:\/\/www.pladostelma.com\/wp-content\/uploads\/AM8620_42-1024x1024.jpg",1024,1024,true],"1536x1536":["https:\/\/www.pladostelma.com\/wp-content\/uploads\/AM8620_42-scaled.jpg",1536,934,false],"2048x2048":["https:\/\/www.pladostelma.com\/wp-content\/uploads\/AM8620_42-scaled.jpg",2048,1246,false],"trp-custom-language-flag":["https:\/\/www.pladostelma.com\/wp-content\/uploads\/AM8620_42-scaled.jpg",18,12,false],"woocommerce_thumbnail":["https:\/\/www.pladostelma.com\/wp-content\/uploads\/AM8620_42-300x300.jpg",300,300,true],"woocommerce_single":["https:\/\/www.pladostelma.com\/wp-content\/uploads\/AM8620_42-600x600.jpg",600,600,true],"woocommerce_gallery_thumbnail":["https:\/\/www.pladostelma.com\/wp-content\/uploads\/AM8620_42-100x100.jpg",100,100,true],"variation_swatches_image_size":["https:\/\/www.pladostelma.com\/wp-content\/uploads\/AM8620_42-scaled.jpg",50,30,false],"variation_swatches_tooltip_size":["https:\/\/www.pladostelma.com\/wp-content\/uploads\/AM8620_42-scaled.jpg",100,61,false]},"uagb_author_info":{"display_name":"admino","author_link":"https:\/\/www.pladostelma.com\/pl\/author\/"},"uagb_comment_info":0,"uagb_excerpt":"860x510 mm - Lavello a due vasche con pre-fori per installazione rubinetteria e accessori. Provvisto di tecnologia brevettata ARIAPURA, che contribuisce a rendere il lavello antibatterico, antinquinante e pi\u00f9 facile da pulire. Tutti i lavelli possono essere arricchiti con accessori che rendono la zona lavaggio non solo pi\u00f9 pratica e funzionale ma anche pi\u00f9 comoda&hellip;","_links":{"self":[{"href":"https:\/\/www.pladostelma.com\/pl\/wp-json\/wp\/v2\/product\/3619","targetHints":{"allow":["GET"]}}],"collection":[{"href":"https:\/\/www.pladostelma.com\/pl\/wp-json\/wp\/v2\/product"}],"about":[{"href":"https:\/\/www.pladostelma.com\/pl\/wp-json\/wp\/v2\/types\/product"}],"wp:featuredmedia":[{"embeddable":true,"href":"https:\/\/www.pladostelma.com\/pl\/wp-json\/wp\/v2\/media\/247575"}],"wp:attachment":[{"href":"https:\/\/www.pladostelma.com\/pl\/wp-json\/wp\/v2\/media?parent=3619"}],"wp:term":[{"taxonomy":"serie","embeddable":true,"href":"https:\/\/www.pladostelma.com\/pl\/wp-json\/wp\/v2\/serie?post=3619"},{"taxonomy":"product_brand","embeddable":true,"href":"https:\/\/www.pladostelma.com\/pl\/wp-json\/wp\/v2\/product_brand?post=3619"},{"taxonomy":"product_cat","embeddable":true,"href":"https:\/\/www.pladostelma.com\/pl\/wp-json\/wp\/v2\/product_cat?post=3619"},{"taxonomy":"product_tag","embeddable":true,"href":"https:\/\/www.pladostelma.com\/pl\/wp-json\/wp\/v2\/product_tag?post=3619"}],"curies":[{"name":"wp","href":"https:\/\/api.w.org\/{rel}","templated":true}]}}