{"id":247446,"date":"2025-01-08T14:30:06","date_gmt":"2025-01-08T13:30:06","guid":{"rendered":"https:\/\/www.pladostelma.com\/?post_type=product&#038;p=247446"},"modified":"2025-01-08T14:30:07","modified_gmt":"2025-01-08T13:30:07","slug":"circle50","status":"publish","type":"product","link":"https:\/\/www.pladostelma.com\/pl\/circle50\/","title":{"rendered":"CIRCLE50"},"content":{"rendered":"<p>- 1\/2 HP<br \/>\n- 375 W<br \/>\n- 220-240 V \/ 50 Hz<br \/>\n- Waga: 4,5 kg<br \/>\n- Wymiary: 202\u00d7386 mm<br \/>\n- Pojemno\u015b\u0107: 1100 ml<br \/>\n- Silnik indukcyjny<br \/>\n- Technologia redukcji ha\u0142asu<br \/>\n- Wewn\u0119trzne leczenie przeciwbakteryjne<br \/>\n- Automatyczna wir\u00f3wka inwersyjna<br \/>\n- Prze\u0142\u0105cznik pneumatyczny AirSwitch<\/p>\n<p>&nbsp;<\/p>","protected":false},"excerpt":{"rendered":"<p>\u017bEGNAJ \u015aMIETNIKU!<br \/>\nDzi\u0119ki koszom na \u015bmieci CIRCLE mo\u017cna szybko, ekologicznie i bezpo\u015brednio usuwa\u0107 odpady \u017cywno\u015bciowe w zaciszu w\u0142asnej kuchni.<br \/>\nMocny, ale cichy silnik przekszta\u0142ca odpady i resztki forma w drobne cz\u0105stki, kt\u00f3re s\u0105 skutecznie usuwane.<br \/>\nprzez lokalny system oczyszczania \u015bciek\u00f3w.<\/p>","protected":false},"featured_media":247448,"template":"","meta":{"_acf_changed":false,"_seopress_robots_primary_cat":"none","_seopress_titles_title":"CIRCLE50 waste disposer 1\/2 HP","_seopress_titles_desc":"CIRCLE50 waste disposer 1\/2 HP","_seopress_robots_index":"","_uag_custom_page_level_css":"","iawp_total_views":355,"uix_meta_title":"","uix_meta_description":"","uix_canonical_url":""},"serie":[],"product_brand":[],"product_cat":[552,2610],"product_tag":[],"class_list":{"0":"post-247446","1":"product","2":"type-product","3":"status-publish","4":"has-post-thumbnail","6":"product_cat-elettrodomestici","7":"product_cat-tritarifiuti","9":"first","10":"instock","11":"sale","12":"shipping-taxable","13":"purchasable","14":"product-type-simple"},"acf":[],"vendbase_acf":null,"vendbase_metabox":null,"uagb_featured_image_src":{"full":["https:\/\/www.pladostelma.com\/wp-content\/uploads\/circle_50.jpg",640,1280,false],"thumbnail":["https:\/\/www.pladostelma.com\/wp-content\/uploads\/circle_50-150x150.jpg",150,150,true],"medium":["https:\/\/www.pladostelma.com\/wp-content\/uploads\/circle_50-300x300.jpg",300,300,true],"medium_large":["https:\/\/www.pladostelma.com\/wp-content\/uploads\/circle_50-768x768.jpg",768,768,true],"large":["https:\/\/www.pladostelma.com\/wp-content\/uploads\/circle_50-1024x1024.jpg",1024,1024,true],"1536x1536":["https:\/\/www.pladostelma.com\/wp-content\/uploads\/circle_50.jpg",640,1280,false],"2048x2048":["https:\/\/www.pladostelma.com\/wp-content\/uploads\/circle_50.jpg",640,1280,false],"trp-custom-language-flag":["https:\/\/www.pladostelma.com\/wp-content\/uploads\/circle_50.jpg",6,12,false],"woocommerce_thumbnail":["https:\/\/www.pladostelma.com\/wp-content\/uploads\/circle_50-300x300.jpg",300,300,true],"woocommerce_single":["https:\/\/www.pladostelma.com\/wp-content\/uploads\/circle_50-600x600.jpg",600,600,true],"woocommerce_gallery_thumbnail":["https:\/\/www.pladostelma.com\/wp-content\/uploads\/circle_50-100x100.jpg",100,100,true],"variation_swatches_image_size":["https:\/\/www.pladostelma.com\/wp-content\/uploads\/circle_50.jpg",25,50,false],"variation_swatches_tooltip_size":["https:\/\/www.pladostelma.com\/wp-content\/uploads\/circle_50.jpg",50,100,false]},"uagb_author_info":{"display_name":"Luca Cavaleri","author_link":"https:\/\/www.pladostelma.com\/pl\/author\/"},"uagb_comment_info":0,"uagb_excerpt":"ADDIO PATTUMIERA DELL\u2019UMIDO! Con i tritarifiuti CIRCLE, potete gestire i rifi uti alimentari in modo rapido, ecologico e direttamente nel comfort della vostra cucina. Il motore, potente e al contempo silenzioso, trasforma scarti e avanzi in particelle fi nissime che vengono effi cacemente eliminate attraverso il sistema locale di trattamento delle acque refl ue.","_links":{"self":[{"href":"https:\/\/www.pladostelma.com\/pl\/wp-json\/wp\/v2\/product\/247446","targetHints":{"allow":["GET"]}}],"collection":[{"href":"https:\/\/www.pladostelma.com\/pl\/wp-json\/wp\/v2\/product"}],"about":[{"href":"https:\/\/www.pladostelma.com\/pl\/wp-json\/wp\/v2\/types\/product"}],"wp:featuredmedia":[{"embeddable":true,"href":"https:\/\/www.pladostelma.com\/pl\/wp-json\/wp\/v2\/media\/247448"}],"wp:attachment":[{"href":"https:\/\/www.pladostelma.com\/pl\/wp-json\/wp\/v2\/media?parent=247446"}],"wp:term":[{"taxonomy":"serie","embeddable":true,"href":"https:\/\/www.pladostelma.com\/pl\/wp-json\/wp\/v2\/serie?post=247446"},{"taxonomy":"product_brand","embeddable":true,"href":"https:\/\/www.pladostelma.com\/pl\/wp-json\/wp\/v2\/product_brand?post=247446"},{"taxonomy":"product_cat","embeddable":true,"href":"https:\/\/www.pladostelma.com\/pl\/wp-json\/wp\/v2\/product_cat?post=247446"},{"taxonomy":"product_tag","embeddable":true,"href":"https:\/\/www.pladostelma.com\/pl\/wp-json\/wp\/v2\/product_tag?post=247446"}],"curies":[{"name":"wp","href":"https:\/\/api.w.org\/{rel}","templated":true}]}}