{"id":246240,"date":"2024-05-22T11:17:38","date_gmt":"2024-05-22T09:17:38","guid":{"rendered":"https:\/\/www.pladostelma.com\/?post_type=product&#038;p=246240"},"modified":"2024-07-22T15:03:41","modified_gmt":"2024-07-22T13:03:41","slug":"coverix","status":"publish","type":"product","link":"https:\/\/www.pladostelma.com\/pl\/coverix\/","title":{"rendered":"COVERIX"},"content":{"rendered":"","protected":false},"excerpt":{"rendered":"<p>\u00d8 90 mm - Pokrywa odp\u0142ywu ze stali nierdzewnej z satynowym wyko\u0144czeniem. Standardowy odp\u0142yw ze stali nierdzewnej jest do\u0142\u0105czony do ka\u017cdego zlewozmywaka. Mo\u017cna go r\u00f3wnie\u017c zam\u00f3wi\u0107 po zam\u00f3wieniu zlewozmywaka. Kompatybilny ze wszystkimi standardowymi odp\u0142ywami 3,5\u2033.<\/p>","protected":false},"featured_media":246779,"template":"","meta":{"_acf_changed":false,"_seopress_robots_primary_cat":"","_seopress_titles_title":"","_seopress_titles_desc":"","_seopress_robots_index":"","_uag_custom_page_level_css":"","iawp_total_views":644,"uix_meta_title":"","uix_meta_description":"","uix_canonical_url":""},"serie":[],"product_brand":[],"product_cat":[2611,710],"product_tag":[],"class_list":{"0":"post-246240","1":"product","2":"type-product","3":"status-publish","4":"has-post-thumbnail","6":"product_cat-accessori-coordinati","7":"product_cat-accessori-lavelli-cucina","9":"first","10":"instock","11":"shipping-taxable","12":"purchasable","13":"product-type-simple"},"acf":[],"vendbase_acf":null,"vendbase_metabox":null,"uagb_featured_image_src":{"full":["https:\/\/www.pladostelma.com\/wp-content\/uploads\/COVERIX-1.jpg",1280,1024,false],"thumbnail":["https:\/\/www.pladostelma.com\/wp-content\/uploads\/COVERIX-1-150x150.jpg",150,150,true],"medium":["https:\/\/www.pladostelma.com\/wp-content\/uploads\/COVERIX-1-300x300.jpg",300,300,true],"medium_large":["https:\/\/www.pladostelma.com\/wp-content\/uploads\/COVERIX-1-768x768.jpg",768,768,true],"large":["https:\/\/www.pladostelma.com\/wp-content\/uploads\/COVERIX-1-1024x1024.jpg",1024,1024,true],"1536x1536":["https:\/\/www.pladostelma.com\/wp-content\/uploads\/COVERIX-1.jpg",1280,1024,false],"2048x2048":["https:\/\/www.pladostelma.com\/wp-content\/uploads\/COVERIX-1.jpg",1280,1024,false],"trp-custom-language-flag":["https:\/\/www.pladostelma.com\/wp-content\/uploads\/COVERIX-1.jpg",15,12,false],"woocommerce_thumbnail":["https:\/\/www.pladostelma.com\/wp-content\/uploads\/COVERIX-1-300x300.jpg",300,300,true],"woocommerce_single":["https:\/\/www.pladostelma.com\/wp-content\/uploads\/COVERIX-1-600x600.jpg",600,600,true],"woocommerce_gallery_thumbnail":["https:\/\/www.pladostelma.com\/wp-content\/uploads\/COVERIX-1-100x100.jpg",100,100,true],"variation_swatches_image_size":["https:\/\/www.pladostelma.com\/wp-content\/uploads\/COVERIX-1.jpg",50,40,false],"variation_swatches_tooltip_size":["https:\/\/www.pladostelma.com\/wp-content\/uploads\/COVERIX-1.jpg",100,80,false]},"uagb_author_info":{"display_name":"PladosTelma Design","author_link":"https:\/\/www.pladostelma.com\/pl\/author\/"},"uagb_comment_info":0,"uagb_excerpt":"\u00d8 90 mm - Piattino copri-piletta in acciaio inox con finitura satinata. La piletta standard in acciaio inox \u00e8 inclusa in ogni lavello. Pu\u00f2 essere richiesto anche successivamente all'ordine del lavello. Compatibile con tutte le pilette di scarico standard da 3,5\".","_links":{"self":[{"href":"https:\/\/www.pladostelma.com\/pl\/wp-json\/wp\/v2\/product\/246240","targetHints":{"allow":["GET"]}}],"collection":[{"href":"https:\/\/www.pladostelma.com\/pl\/wp-json\/wp\/v2\/product"}],"about":[{"href":"https:\/\/www.pladostelma.com\/pl\/wp-json\/wp\/v2\/types\/product"}],"wp:featuredmedia":[{"embeddable":true,"href":"https:\/\/www.pladostelma.com\/pl\/wp-json\/wp\/v2\/media\/246779"}],"wp:attachment":[{"href":"https:\/\/www.pladostelma.com\/pl\/wp-json\/wp\/v2\/media?parent=246240"}],"wp:term":[{"taxonomy":"serie","embeddable":true,"href":"https:\/\/www.pladostelma.com\/pl\/wp-json\/wp\/v2\/serie?post=246240"},{"taxonomy":"product_brand","embeddable":true,"href":"https:\/\/www.pladostelma.com\/pl\/wp-json\/wp\/v2\/product_brand?post=246240"},{"taxonomy":"product_cat","embeddable":true,"href":"https:\/\/www.pladostelma.com\/pl\/wp-json\/wp\/v2\/product_cat?post=246240"},{"taxonomy":"product_tag","embeddable":true,"href":"https:\/\/www.pladostelma.com\/pl\/wp-json\/wp\/v2\/product_tag?post=246240"}],"curies":[{"name":"wp","href":"https:\/\/api.w.org\/{rel}","templated":true}]}}