{"id":230404,"date":"2022-05-13T05:30:45","date_gmt":"2022-05-13T03:30:45","guid":{"rendered":"https:\/\/www.pladostelma.com\/?post_type=product&#038;p=230404"},"modified":"2024-07-11T13:35:04","modified_gmt":"2024-07-11T11:35:04","slug":"pbim430-2","status":"publish","type":"product","link":"https:\/\/www.pladostelma.com\/pl\/pbim430-2\/","title":{"rendered":"PBIM430"},"content":{"rendered":"<p>Technologia: induzione<\/p>\n<p>Elementy steruj\u0105ce: przyciski dotykowe - 9 poziom\u00f3w mocy<\/p>\n<p>Funkcje: timer, blokada przed dzie\u0107mi, wska\u017anik ciep\u0142a resztkowego, wska\u017anik mocy, ogranicznik zu\u017cycia, dodatkowa moc, czujnik \u015brednicy patelni, czujnik rozlania p\u0142ynu<\/p>","protected":false},"excerpt":{"rendered":"<div class=\"brxe-product-short-description single-product-4__accordion-description-info\" data-bmid=\"ef358495\">\n<div class=\"woocommerce-product-details__short-description\" data-bmid=\"c91d439d\">\n<p data-bmid=\"635247b4\">P\u0142yta indukcyjna 44 cm z 3 polami grzewczymi zone.<\/p>\n<\/div>\n<\/div>\n<div class=\"brxe-divider single-product-4__divider horizontal\" data-bmid=\"4424b07e\"><\/div>","protected":false},"featured_media":230405,"template":"","meta":{"_acf_changed":false,"_seopress_robots_primary_cat":"","_seopress_titles_title":"","_seopress_titles_desc":"","_seopress_robots_index":"","_uag_custom_page_level_css":"","iawp_total_views":1178,"uix_meta_title":"","uix_meta_description":"","uix_canonical_url":""},"serie":[],"product_brand":[],"product_cat":[552,561],"product_tag":[],"class_list":{"0":"post-230404","1":"product","2":"type-product","3":"status-publish","4":"has-post-thumbnail","6":"product_cat-elettrodomestici","7":"product_cat-piani-cottura-induzione","8":"pa_dimensions-440x510x50-mm","10":"first","11":"instock","12":"shipping-taxable","13":"purchasable","14":"product-type-simple"},"acf":[],"vendbase_acf":null,"vendbase_metabox":null,"uagb_featured_image_src":{"full":["https:\/\/www.pladostelma.com\/wp-content\/uploads\/PBIM430.jpg",1113,1280,false],"thumbnail":["https:\/\/www.pladostelma.com\/wp-content\/uploads\/PBIM430-150x150.jpg",150,150,true],"medium":["https:\/\/www.pladostelma.com\/wp-content\/uploads\/PBIM430-300x300.jpg",300,300,true],"medium_large":["https:\/\/www.pladostelma.com\/wp-content\/uploads\/PBIM430-768x768.jpg",768,768,true],"large":["https:\/\/www.pladostelma.com\/wp-content\/uploads\/PBIM430-1024x1024.jpg",1024,1024,true],"1536x1536":["https:\/\/www.pladostelma.com\/wp-content\/uploads\/PBIM430.jpg",1113,1280,false],"2048x2048":["https:\/\/www.pladostelma.com\/wp-content\/uploads\/PBIM430.jpg",1113,1280,false],"trp-custom-language-flag":["https:\/\/www.pladostelma.com\/wp-content\/uploads\/PBIM430.jpg",10,12,false],"woocommerce_thumbnail":["https:\/\/www.pladostelma.com\/wp-content\/uploads\/PBIM430-300x300.jpg",300,300,true],"woocommerce_single":["https:\/\/www.pladostelma.com\/wp-content\/uploads\/PBIM430-600x600.jpg",600,600,true],"woocommerce_gallery_thumbnail":["https:\/\/www.pladostelma.com\/wp-content\/uploads\/PBIM430-100x100.jpg",100,100,true],"variation_swatches_image_size":["https:\/\/www.pladostelma.com\/wp-content\/uploads\/PBIM430.jpg",43,50,false],"variation_swatches_tooltip_size":["https:\/\/www.pladostelma.com\/wp-content\/uploads\/PBIM430.jpg",87,100,false]},"uagb_author_info":{"display_name":"admino","author_link":"https:\/\/www.pladostelma.com\/pl\/author\/"},"uagb_comment_info":0,"uagb_excerpt":"Piano cottura a induzione da 44 cm con 3\u00a0zone di cottura.","_links":{"self":[{"href":"https:\/\/www.pladostelma.com\/pl\/wp-json\/wp\/v2\/product\/230404","targetHints":{"allow":["GET"]}}],"collection":[{"href":"https:\/\/www.pladostelma.com\/pl\/wp-json\/wp\/v2\/product"}],"about":[{"href":"https:\/\/www.pladostelma.com\/pl\/wp-json\/wp\/v2\/types\/product"}],"wp:featuredmedia":[{"embeddable":true,"href":"https:\/\/www.pladostelma.com\/pl\/wp-json\/wp\/v2\/media\/230405"}],"wp:attachment":[{"href":"https:\/\/www.pladostelma.com\/pl\/wp-json\/wp\/v2\/media?parent=230404"}],"wp:term":[{"taxonomy":"serie","embeddable":true,"href":"https:\/\/www.pladostelma.com\/pl\/wp-json\/wp\/v2\/serie?post=230404"},{"taxonomy":"product_brand","embeddable":true,"href":"https:\/\/www.pladostelma.com\/pl\/wp-json\/wp\/v2\/product_brand?post=230404"},{"taxonomy":"product_cat","embeddable":true,"href":"https:\/\/www.pladostelma.com\/pl\/wp-json\/wp\/v2\/product_cat?post=230404"},{"taxonomy":"product_tag","embeddable":true,"href":"https:\/\/www.pladostelma.com\/pl\/wp-json\/wp\/v2\/product_tag?post=230404"}],"curies":[{"name":"wp","href":"https:\/\/api.w.org\/{rel}","templated":true}]}}