{"id":210129,"date":"2021-03-25T09:26:29","date_gmt":"2021-03-25T08:26:29","guid":{"rendered":"https:\/\/www.pladostelma.com\/?post_type=product&#038;p=210129"},"modified":"2024-09-04T23:15:16","modified_gmt":"2024-09-04T21:15:16","slug":"on7920","status":"publish","type":"product","link":"https:\/\/www.pladostelma.com\/pl\/on7920\/","title":{"rendered":"ON7920"},"content":{"rendered":"","protected":false},"excerpt":{"rendered":"<p>790\u00d7505 mm - Zlewozmywak dwukomorowy z nawierconymi otworami do monta\u017cu baterii i armatury.<\/p>\n<p>Wyposa\u017cony w opatentowan\u0105 technologi\u0119 ARIAPURA, kt\u00f3ra sprawia, \u017ce zlewozmywak jest antybakteryjny, odporny na zanieczyszczenia i \u0142atwiejszy w czyszczeniu.<\/p>\n<p>Wszystkie zlewozmywaki mo\u017cna wzbogaci\u0107 o akcesoria, kt\u00f3re sprawi\u0105, \u017ce strefa zmywania b\u0119dzie nie tylko bardziej praktyczna i funkcjonalna, ale tak\u017ce wygodna i elegancka.<\/p>","protected":false},"featured_media":210172,"template":"","meta":{"_acf_changed":false,"_seopress_robots_primary_cat":"","_seopress_titles_title":"PLADOS ONE 7920 double basin sink","_seopress_titles_desc":"PLADOS ONE 7920 double basin sink","_seopress_robots_index":"","_uag_custom_page_level_css":"","iawp_total_views":1064,"uix_meta_title":"","uix_meta_description":"","uix_canonical_url":""},"serie":[2659],"product_brand":[],"product_cat":[101,934],"product_tag":[841,844],"class_list":{"0":"post-210129","1":"product","2":"type-product","3":"status-publish","4":"has-post-thumbnail","6":"serie-one","7":"product_cat-lavelli-cucina-plados","8":"product_cat-one-standard","9":"product_tag-one","10":"product_tag-standard","11":"pa_dimensions-790-x-505-mm","12":"pa_pladoscolors-135","13":"pa_pladoscolors-137","14":"pa_pladoscolors-138","15":"pa_pladoscolors-2303","16":"pa_pladoscolors-122","17":"pa_pladoscolors-124","18":"pa_pladoscolors-125","19":"pa_pladoscolors-126","20":"pa_pladoscolors-127","21":"pa_pladoscolors-128","22":"pa_pladoscolors-98-bianco","23":"pa_pladoscolors-2304","24":"pa_pladoscolors-129","25":"pa_pladoscolors-130","26":"pa_pladoscolors-131","27":"pa_series-one","28":"pa_sink-type-lavello-due-vasche","30":"first","31":"instock","32":"shipping-taxable","33":"purchasable","34":"product-type-variable","35":"wvs-archive-product-wrapper"},"acf":[],"vendbase_acf":null,"vendbase_metabox":null,"uagb_featured_image_src":{"full":["https:\/\/www.pladostelma.com\/wp-content\/uploads\/2021\/03\/ON7920_58.jpg",1584,1024,false],"thumbnail":["https:\/\/www.pladostelma.com\/wp-content\/uploads\/2021\/03\/ON7920_58-150x150.jpg",150,150,true],"medium":["https:\/\/www.pladostelma.com\/wp-content\/uploads\/2021\/03\/ON7920_58-300x300.jpg",300,300,true],"medium_large":["https:\/\/www.pladostelma.com\/wp-content\/uploads\/2021\/03\/ON7920_58-768x768.jpg",768,768,true],"large":["https:\/\/www.pladostelma.com\/wp-content\/uploads\/2021\/03\/ON7920_58-1024x1024.jpg",1024,1024,true],"1536x1536":["https:\/\/www.pladostelma.com\/wp-content\/uploads\/2021\/03\/ON7920_58.jpg",1536,993,false],"2048x2048":["https:\/\/www.pladostelma.com\/wp-content\/uploads\/2021\/03\/ON7920_58.jpg",1584,1024,false],"trp-custom-language-flag":["https:\/\/www.pladostelma.com\/wp-content\/uploads\/2021\/03\/ON7920_58.jpg",18,12,false],"woocommerce_thumbnail":["https:\/\/www.pladostelma.com\/wp-content\/uploads\/2021\/03\/ON7920_58-300x300.jpg",300,300,true],"woocommerce_single":["https:\/\/www.pladostelma.com\/wp-content\/uploads\/2021\/03\/ON7920_58-600x600.jpg",600,600,true],"woocommerce_gallery_thumbnail":["https:\/\/www.pladostelma.com\/wp-content\/uploads\/2021\/03\/ON7920_58-100x100.jpg",100,100,true],"variation_swatches_image_size":["https:\/\/www.pladostelma.com\/wp-content\/uploads\/2021\/03\/ON7920_58.jpg",50,32,false],"variation_swatches_tooltip_size":["https:\/\/www.pladostelma.com\/wp-content\/uploads\/2021\/03\/ON7920_58.jpg",100,65,false]},"uagb_author_info":{"display_name":"Luca Cavaleri","author_link":"https:\/\/www.pladostelma.com\/pl\/author\/"},"uagb_comment_info":0,"uagb_excerpt":"790x505 mm - Lavello a due vasche, con pre-fori per installazione rubinetteria e accessori. Provvisto di tecnologia brevettata ARIAPURA, che contribuisce a rendere il lavello antibatterico, antinquinante e pi\u00f9 facile da pulire. Tutti i lavelli possono essere arricchiti con accessori che rendono la zona lavaggio non solo pi\u00f9 pratica e funzionale ma anche pi\u00f9 comoda&hellip;","_links":{"self":[{"href":"https:\/\/www.pladostelma.com\/pl\/wp-json\/wp\/v2\/product\/210129","targetHints":{"allow":["GET"]}}],"collection":[{"href":"https:\/\/www.pladostelma.com\/pl\/wp-json\/wp\/v2\/product"}],"about":[{"href":"https:\/\/www.pladostelma.com\/pl\/wp-json\/wp\/v2\/types\/product"}],"wp:featuredmedia":[{"embeddable":true,"href":"https:\/\/www.pladostelma.com\/pl\/wp-json\/wp\/v2\/media\/210172"}],"wp:attachment":[{"href":"https:\/\/www.pladostelma.com\/pl\/wp-json\/wp\/v2\/media?parent=210129"}],"wp:term":[{"taxonomy":"serie","embeddable":true,"href":"https:\/\/www.pladostelma.com\/pl\/wp-json\/wp\/v2\/serie?post=210129"},{"taxonomy":"product_brand","embeddable":true,"href":"https:\/\/www.pladostelma.com\/pl\/wp-json\/wp\/v2\/product_brand?post=210129"},{"taxonomy":"product_cat","embeddable":true,"href":"https:\/\/www.pladostelma.com\/pl\/wp-json\/wp\/v2\/product_cat?post=210129"},{"taxonomy":"product_tag","embeddable":true,"href":"https:\/\/www.pladostelma.com\/pl\/wp-json\/wp\/v2\/product_tag?post=210129"}],"curies":[{"name":"wp","href":"https:\/\/api.w.org\/{rel}","templated":true}]}}