{"id":203139,"date":"2020-11-11T10:09:25","date_gmt":"2020-11-11T09:09:25","guid":{"rendered":"https:\/\/www.pladostelma.com\/?post_type=product&#038;p=203139"},"modified":"2025-01-30T11:57:20","modified_gmt":"2025-01-30T10:57:20","slug":"t-am9915","status":"publish","type":"product","link":"https:\/\/www.pladostelma.com\/pl\/t-am9915\/","title":{"rendered":"AM9915"},"content":{"rendered":"","protected":false},"excerpt":{"rendered":"<p>990\u00d7500 mm - Zlewozmywak p\u00f3\u0142torakomorowy z ociekaczem, odwracalny, z nawierconymi otworami do monta\u017cu baterii i armatury.<\/p>\n<p>Wyposa\u017cony w opatentowan\u0105 technologi\u0119 ARIAPURA, kt\u00f3ra sprawia, \u017ce zlewozmywak jest antybakteryjny, odporny na zanieczyszczenia i \u0142atwiejszy w czyszczeniu.<\/p>\n<p>Wszystkie zlewozmywaki mo\u017cna wzbogaci\u0107 o akcesoria, kt\u00f3re sprawi\u0105, \u017ce strefa zmywania b\u0119dzie nie tylko bardziej praktyczna i funkcjonalna, ale tak\u017ce wygodna i elegancka.<\/p>","protected":false},"featured_media":247543,"template":"","meta":{"_acf_changed":false,"_seopress_robots_primary_cat":"none","_seopress_titles_title":"TELMA AMANDA 9915 Lavello ad una vasca e mezzo pi\u00f9 scolapiattiLMA","_seopress_titles_desc":"TELMA AMANDA 9915 Lavello ad una vasca e mezzo pi\u00f9 scolapiatti","_seopress_robots_index":"","_uag_custom_page_level_css":"","iawp_total_views":163,"uix_meta_title":"","uix_meta_description":"","uix_canonical_url":""},"serie":[],"product_brand":[],"product_cat":[865,864],"product_tag":[866],"class_list":{"0":"post-203139","1":"product","2":"type-product","3":"status-publish","4":"has-post-thumbnail","6":"product_cat-amanda","7":"product_cat-telma-lavelli-cucina","8":"product_tag-amanda","9":"pa_dimensions-990x500mm","10":"pa_series-amanda","11":"pa_sink-type-lavello-una-vasca-mezza-gocciolatoio","13":"first","14":"instock","15":"shipping-taxable","16":"purchasable","17":"product-type-variable","18":"wvs-archive-product-wrapper"},"acf":[],"vendbase_acf":null,"vendbase_metabox":null,"uagb_featured_image_src":{"full":["https:\/\/www.pladostelma.com\/wp-content\/uploads\/AM9915_42-scaled.jpg",2560,1386,false],"thumbnail":["https:\/\/www.pladostelma.com\/wp-content\/uploads\/AM9915_42-150x150.jpg",150,150,true],"medium":["https:\/\/www.pladostelma.com\/wp-content\/uploads\/AM9915_42-300x300.jpg",300,300,true],"medium_large":["https:\/\/www.pladostelma.com\/wp-content\/uploads\/AM9915_42-768x768.jpg",768,768,true],"large":["https:\/\/www.pladostelma.com\/wp-content\/uploads\/AM9915_42-1024x1024.jpg",1024,1024,true],"1536x1536":["https:\/\/www.pladostelma.com\/wp-content\/uploads\/AM9915_42-scaled.jpg",1536,832,false],"2048x2048":["https:\/\/www.pladostelma.com\/wp-content\/uploads\/AM9915_42-scaled.jpg",2048,1109,false],"trp-custom-language-flag":["https:\/\/www.pladostelma.com\/wp-content\/uploads\/AM9915_42-scaled.jpg",18,10,false],"woocommerce_thumbnail":["https:\/\/www.pladostelma.com\/wp-content\/uploads\/AM9915_42-300x300.jpg",300,300,true],"woocommerce_single":["https:\/\/www.pladostelma.com\/wp-content\/uploads\/AM9915_42-600x600.jpg",600,600,true],"woocommerce_gallery_thumbnail":["https:\/\/www.pladostelma.com\/wp-content\/uploads\/AM9915_42-100x100.jpg",100,100,true],"variation_swatches_image_size":["https:\/\/www.pladostelma.com\/wp-content\/uploads\/AM9915_42-scaled.jpg",50,27,false],"variation_swatches_tooltip_size":["https:\/\/www.pladostelma.com\/wp-content\/uploads\/AM9915_42-scaled.jpg",100,54,false]},"uagb_author_info":{"display_name":"Luca Cavaleri","author_link":"https:\/\/www.pladostelma.com\/pl\/author\/"},"uagb_comment_info":0,"uagb_excerpt":"990x500 mm - Lavello a una vasca e mezzo pi\u00f9 gocciolatoio, reversibile, con pre-fori per installazione rubinetteria e accessori. Provvisto di tecnologia brevettata ARIAPURA, che contribuisce a rendere il lavello antibatterico, antinquinante e pi\u00f9 facile da pulire. Tutti i lavelli possono essere arricchiti con accessori che rendono la zona lavaggio non solo pi\u00f9 pratica e&hellip;","_links":{"self":[{"href":"https:\/\/www.pladostelma.com\/pl\/wp-json\/wp\/v2\/product\/203139","targetHints":{"allow":["GET"]}}],"collection":[{"href":"https:\/\/www.pladostelma.com\/pl\/wp-json\/wp\/v2\/product"}],"about":[{"href":"https:\/\/www.pladostelma.com\/pl\/wp-json\/wp\/v2\/types\/product"}],"wp:featuredmedia":[{"embeddable":true,"href":"https:\/\/www.pladostelma.com\/pl\/wp-json\/wp\/v2\/media\/247543"}],"wp:attachment":[{"href":"https:\/\/www.pladostelma.com\/pl\/wp-json\/wp\/v2\/media?parent=203139"}],"wp:term":[{"taxonomy":"serie","embeddable":true,"href":"https:\/\/www.pladostelma.com\/pl\/wp-json\/wp\/v2\/serie?post=203139"},{"taxonomy":"product_brand","embeddable":true,"href":"https:\/\/www.pladostelma.com\/pl\/wp-json\/wp\/v2\/product_brand?post=203139"},{"taxonomy":"product_cat","embeddable":true,"href":"https:\/\/www.pladostelma.com\/pl\/wp-json\/wp\/v2\/product_cat?post=203139"},{"taxonomy":"product_tag","embeddable":true,"href":"https:\/\/www.pladostelma.com\/pl\/wp-json\/wp\/v2\/product_tag?post=203139"}],"curies":[{"name":"wp","href":"https:\/\/api.w.org\/{rel}","templated":true}]}}