{"id":196946,"date":"2020-05-01T09:43:19","date_gmt":"2020-05-01T07:43:19","guid":{"rendered":"https:\/\/www.pladostelma.com\/?post_type=product&#038;p=196946"},"modified":"2025-04-23T10:10:34","modified_gmt":"2025-04-23T08:10:34","slug":"lx8410","status":"publish","type":"product","link":"https:\/\/www.pladostelma.com\/pl\/lx8410\/","title":{"rendered":"LX8410"},"content":{"rendered":"","protected":false},"excerpt":{"rendered":"<p>838\u00d7520 mm - Zlewozmywak jednokomorowy model \"farmhouse\".<\/p>\n<p>Wyposa\u017cony w opatentowan\u0105 technologi\u0119 ARIAPURA, kt\u00f3ra sprawia, \u017ce zlewozmywak jest antybakteryjny, odporny na zanieczyszczenia i \u0142atwiejszy w czyszczeniu.<\/p>\n<p>Wszystkie zlewozmywaki mo\u017cna wzbogaci\u0107 o akcesoria, kt\u00f3re sprawi\u0105, \u017ce strefa zmywania b\u0119dzie nie tylko bardziej praktyczna i funkcjonalna, ale tak\u017ce wygodna i elegancka.<\/p>","protected":false},"featured_media":196968,"template":"","meta":{"_acf_changed":false,"_seopress_robots_primary_cat":"none","_seopress_titles_title":"","_seopress_titles_desc":"","_seopress_robots_index":"","_uag_custom_page_level_css":"","iawp_total_views":2281,"uix_meta_title":"","uix_meta_description":"","uix_canonical_url":""},"serie":[2668],"product_brand":[],"product_cat":[101,556],"product_tag":[],"class_list":{"0":"post-196946","1":"product","2":"type-product","3":"status-publish","4":"has-post-thumbnail","6":"serie-lux","7":"product_cat-lavelli-cucina-plados","8":"product_cat-lux","9":"pa_pladoscolors-135","10":"pa_pladoscolors-137","11":"pa_pladoscolors-138","12":"pa_pladoscolors-2303","13":"pa_pladoscolors-124","14":"pa_pladoscolors-125","15":"pa_pladoscolors-2304","16":"pa_pladoscolors-129","17":"pa_pladoscolors-130","18":"pa_pladoscolors-131","19":"pa_series-lux","20":"pa_sink-type-lavello-una-vasca","22":"first","23":"instock","24":"shipping-taxable","25":"purchasable","26":"product-type-variable","27":"wvs-archive-product-wrapper"},"acf":[],"vendbase_acf":null,"vendbase_metabox":null,"uagb_featured_image_src":{"full":["https:\/\/www.pladostelma.com\/wp-content\/uploads\/2020\/05\/LX8410_44.jpg",1661,1024,false],"thumbnail":["https:\/\/www.pladostelma.com\/wp-content\/uploads\/2020\/05\/LX8410_44-150x150.jpg",150,150,true],"medium":["https:\/\/www.pladostelma.com\/wp-content\/uploads\/2020\/05\/LX8410_44-300x300.jpg",300,300,true],"medium_large":["https:\/\/www.pladostelma.com\/wp-content\/uploads\/2020\/05\/LX8410_44-768x768.jpg",768,768,true],"large":["https:\/\/www.pladostelma.com\/wp-content\/uploads\/2020\/05\/LX8410_44-1024x1024.jpg",1024,1024,true],"1536x1536":["https:\/\/www.pladostelma.com\/wp-content\/uploads\/2020\/05\/LX8410_44.jpg",1536,947,false],"2048x2048":["https:\/\/www.pladostelma.com\/wp-content\/uploads\/2020\/05\/LX8410_44.jpg",1661,1024,false],"trp-custom-language-flag":["https:\/\/www.pladostelma.com\/wp-content\/uploads\/2020\/05\/LX8410_44.jpg",18,12,false],"woocommerce_thumbnail":["https:\/\/www.pladostelma.com\/wp-content\/uploads\/2020\/05\/LX8410_44-300x300.jpg",300,300,true],"woocommerce_single":["https:\/\/www.pladostelma.com\/wp-content\/uploads\/2020\/05\/LX8410_44-600x600.jpg",600,600,true],"woocommerce_gallery_thumbnail":["https:\/\/www.pladostelma.com\/wp-content\/uploads\/2020\/05\/LX8410_44-100x100.jpg",100,100,true],"variation_swatches_image_size":["https:\/\/www.pladostelma.com\/wp-content\/uploads\/2020\/05\/LX8410_44.jpg",50,31,false],"variation_swatches_tooltip_size":["https:\/\/www.pladostelma.com\/wp-content\/uploads\/2020\/05\/LX8410_44.jpg",100,62,false]},"uagb_author_info":{"display_name":"Luca Cavaleri","author_link":"https:\/\/www.pladostelma.com\/pl\/author\/"},"uagb_comment_info":0,"uagb_excerpt":"838\u00d7520 mm - Lavello a una vasca modello \"farmhouse\". Provvisto di tecnologia brevettata ARIAPURA, che contribuisce a rendere il lavello antibatterico, antinquinante e pi\u00f9 facile da pulire. Tutti i lavelli possono essere arricchiti con accessori che rendono la zona lavaggio non solo pi\u00f9 pratica e funzionale ma anche pi\u00f9 comoda ed elegante.","_links":{"self":[{"href":"https:\/\/www.pladostelma.com\/pl\/wp-json\/wp\/v2\/product\/196946","targetHints":{"allow":["GET"]}}],"collection":[{"href":"https:\/\/www.pladostelma.com\/pl\/wp-json\/wp\/v2\/product"}],"about":[{"href":"https:\/\/www.pladostelma.com\/pl\/wp-json\/wp\/v2\/types\/product"}],"wp:featuredmedia":[{"embeddable":true,"href":"https:\/\/www.pladostelma.com\/pl\/wp-json\/wp\/v2\/media\/196968"}],"wp:attachment":[{"href":"https:\/\/www.pladostelma.com\/pl\/wp-json\/wp\/v2\/media?parent=196946"}],"wp:term":[{"taxonomy":"serie","embeddable":true,"href":"https:\/\/www.pladostelma.com\/pl\/wp-json\/wp\/v2\/serie?post=196946"},{"taxonomy":"product_brand","embeddable":true,"href":"https:\/\/www.pladostelma.com\/pl\/wp-json\/wp\/v2\/product_brand?post=196946"},{"taxonomy":"product_cat","embeddable":true,"href":"https:\/\/www.pladostelma.com\/pl\/wp-json\/wp\/v2\/product_cat?post=196946"},{"taxonomy":"product_tag","embeddable":true,"href":"https:\/\/www.pladostelma.com\/pl\/wp-json\/wp\/v2\/product_tag?post=196946"}],"curies":[{"name":"wp","href":"https:\/\/api.w.org\/{rel}","templated":true}]}}