{"id":14872,"date":"2019-06-10T11:24:52","date_gmt":"2019-06-10T09:24:52","guid":{"rendered":"https:\/\/www.pladostelma.com\/catalogue\/hr0860\/"},"modified":"2024-05-21T10:55:43","modified_gmt":"2024-05-21T08:55:43","slug":"hr0860","status":"publish","type":"product","link":"https:\/\/www.pladostelma.com\/pl\/hr0860\/","title":{"rendered":"HR0860"},"content":{"rendered":"","protected":false},"excerpt":{"rendered":"<p>1160\u00d7500 mm - Zlewozmywak dwukomorowy z tac\u0105 ociekow\u0105, odwracalny, z nawierconymi otworami do monta\u017cu baterii i armatury.<\/p>\n<p>Wyposa\u017cony w opatentowan\u0105 technologi\u0119 ARIAPURA, kt\u00f3ra sprawia, \u017ce zlewozmywak jest antybakteryjny, odporny na zanieczyszczenia i \u0142atwiejszy w czyszczeniu.<\/p>\n<p>Wszystkie zlewozmywaki mo\u017cna wzbogaci\u0107 o akcesoria, kt\u00f3re sprawi\u0105, \u017ce strefa zmywania b\u0119dzie nie tylko bardziej praktyczna i funkcjonalna, ale tak\u017ce wygodna i elegancka.<\/p>","protected":false},"featured_media":10156,"template":"","meta":{"_acf_changed":false,"_seopress_robots_primary_cat":"","_seopress_titles_title":"TELMA Vogue 8600 single basin sink","_seopress_titles_desc":"TELMA Vogue 8600 single basin sink","_seopress_robots_index":"","_uag_custom_page_level_css":"","iawp_total_views":471,"uix_meta_title":"","uix_meta_description":"","uix_canonical_url":""},"serie":[],"product_brand":[],"product_cat":[864,874],"product_tag":[875],"class_list":{"0":"post-14872","1":"product","2":"type-product","3":"status-publish","4":"has-post-thumbnail","6":"product_cat-telma-lavelli-cucina","7":"product_cat-naiky","8":"product_tag-naiky","9":"pa_dimensions-860x500mm","10":"pa_series-vogue","11":"pa_sink-type-lavello-una-vasca","13":"first","14":"instock","15":"shipping-taxable","16":"purchasable","17":"product-type-variable","18":"wvs-archive-product-wrapper"},"acf":[],"vendbase_acf":null,"vendbase_metabox":null,"uagb_featured_image_src":{"full":["https:\/\/www.pladostelma.com\/wp-content\/uploads\/2019\/05\/HR0860_70.jpg",1920,1107,false],"thumbnail":["https:\/\/www.pladostelma.com\/wp-content\/uploads\/2019\/05\/HR0860_70-150x150.jpg",150,150,true],"medium":["https:\/\/www.pladostelma.com\/wp-content\/uploads\/2019\/05\/HR0860_70-300x300.jpg",300,300,true],"medium_large":["https:\/\/www.pladostelma.com\/wp-content\/uploads\/2019\/05\/HR0860_70-768x768.jpg",768,768,true],"large":["https:\/\/www.pladostelma.com\/wp-content\/uploads\/2019\/05\/HR0860_70-1024x1024.jpg",1024,1024,true],"1536x1536":["https:\/\/www.pladostelma.com\/wp-content\/uploads\/2019\/05\/HR0860_70.jpg",1536,886,false],"2048x2048":["https:\/\/www.pladostelma.com\/wp-content\/uploads\/2019\/05\/HR0860_70.jpg",1920,1107,false],"trp-custom-language-flag":["https:\/\/www.pladostelma.com\/wp-content\/uploads\/2019\/05\/HR0860_70.jpg",18,10,false],"woocommerce_thumbnail":["https:\/\/www.pladostelma.com\/wp-content\/uploads\/2019\/05\/HR0860_70-300x300.jpg",300,300,true],"woocommerce_single":["https:\/\/www.pladostelma.com\/wp-content\/uploads\/2019\/05\/HR0860_70-600x600.jpg",600,600,true],"woocommerce_gallery_thumbnail":["https:\/\/www.pladostelma.com\/wp-content\/uploads\/2019\/05\/HR0860_70-100x100.jpg",100,100,true],"variation_swatches_image_size":["https:\/\/www.pladostelma.com\/wp-content\/uploads\/2019\/05\/HR0860_70.jpg",50,29,false],"variation_swatches_tooltip_size":["https:\/\/www.pladostelma.com\/wp-content\/uploads\/2019\/05\/HR0860_70.jpg",100,58,false]},"uagb_author_info":{"display_name":"admino","author_link":"https:\/\/www.pladostelma.com\/pl\/author\/"},"uagb_comment_info":0,"uagb_excerpt":"860x500 mm - Lavello a due vasche pi\u00f9 gocciolatoio, reversibile, con pre-fori per installazione rubinetteria e accessori. Provvisto di tecnologia brevettata ARIAPURA, che contribuisce a rendere il lavello antibatterico, antinquinante e pi\u00f9 facile da pulire. Tutti i lavelli possono essere arricchiti con accessori che rendono la zona lavaggio non solo pi\u00f9 pratica e funzionale ma&hellip;","_links":{"self":[{"href":"https:\/\/www.pladostelma.com\/pl\/wp-json\/wp\/v2\/product\/14872","targetHints":{"allow":["GET"]}}],"collection":[{"href":"https:\/\/www.pladostelma.com\/pl\/wp-json\/wp\/v2\/product"}],"about":[{"href":"https:\/\/www.pladostelma.com\/pl\/wp-json\/wp\/v2\/types\/product"}],"wp:featuredmedia":[{"embeddable":true,"href":"https:\/\/www.pladostelma.com\/pl\/wp-json\/wp\/v2\/media\/10156"}],"wp:attachment":[{"href":"https:\/\/www.pladostelma.com\/pl\/wp-json\/wp\/v2\/media?parent=14872"}],"wp:term":[{"taxonomy":"serie","embeddable":true,"href":"https:\/\/www.pladostelma.com\/pl\/wp-json\/wp\/v2\/serie?post=14872"},{"taxonomy":"product_brand","embeddable":true,"href":"https:\/\/www.pladostelma.com\/pl\/wp-json\/wp\/v2\/product_brand?post=14872"},{"taxonomy":"product_cat","embeddable":true,"href":"https:\/\/www.pladostelma.com\/pl\/wp-json\/wp\/v2\/product_cat?post=14872"},{"taxonomy":"product_tag","embeddable":true,"href":"https:\/\/www.pladostelma.com\/pl\/wp-json\/wp\/v2\/product_tag?post=14872"}],"curies":[{"name":"wp","href":"https:\/\/api.w.org\/{rel}","templated":true}]}}