{"id":10583,"date":"2019-05-10T13:40:08","date_gmt":"2019-05-10T11:40:08","guid":{"rendered":"https:\/\/www.pladostelma.com\/?post_type=product&#038;p=10583"},"modified":"2025-12-03T14:32:38","modified_gmt":"2025-12-03T13:32:38","slug":"venmixext","status":"publish","type":"product","link":"https:\/\/www.pladostelma.com\/pl\/venmixext\/","title":{"rendered":"VENMIXEXT"},"content":{"rendered":"","protected":false},"excerpt":{"rendered":"<p>Jednouchwytowa bateria z wyci\u0105gan\u0105 s\u0142uchawk\u0105 prysznicow\u0105.<\/p>\n<div id=\"brxe-hsrpmw\" class=\"brxe-div col-span--4 bg--secondary col-span--m-6\">\n<div class=\"brxe-product-short-description\">\n<div class=\"woocommerce-product-details__short-description\">\n<p>&nbsp;<\/p>\n<\/div>\n<\/div>\n<\/div>","protected":false},"featured_media":246514,"template":"","meta":{"_acf_changed":false,"_seopress_robots_primary_cat":"none","_seopress_titles_title":"PLADOS VENMIXEXT Single lever mixer with extractable head","_seopress_titles_desc":"PLADOS VENMIXEXT Single lever mixer with extractable head","_seopress_robots_index":"","_uag_custom_page_level_css":"","iawp_total_views":825,"uix_meta_title":"","uix_meta_description":"","uix_canonical_url":""},"serie":[],"product_brand":[],"product_cat":[2503,551],"product_tag":[],"class_list":{"0":"post-10583","1":"product","2":"type-product","3":"status-publish","4":"has-post-thumbnail","6":"product_cat-design","7":"product_cat-miscelatori","8":"pa_pladoscolors-c40","9":"pa_pladoscolors-124","10":"pa_pladoscolors-125","11":"pa_pladoscolors-98-bianco","12":"pa_pladoscolors-129","13":"pa_pladoscolors-130","14":"pa_pladoscolors-131","16":"first","17":"instock","18":"shipping-taxable","19":"purchasable","20":"product-type-variable","21":"wvs-archive-product-wrapper"},"acf":[],"vendbase_acf":null,"vendbase_metabox":null,"uagb_featured_image_src":{"full":["https:\/\/www.pladostelma.com\/wp-content\/uploads\/VENMIXEXT.jpg",1254,1280,false],"thumbnail":["https:\/\/www.pladostelma.com\/wp-content\/uploads\/VENMIXEXT-150x150.jpg",150,150,true],"medium":["https:\/\/www.pladostelma.com\/wp-content\/uploads\/VENMIXEXT-300x300.jpg",300,300,true],"medium_large":["https:\/\/www.pladostelma.com\/wp-content\/uploads\/VENMIXEXT-768x768.jpg",768,768,true],"large":["https:\/\/www.pladostelma.com\/wp-content\/uploads\/VENMIXEXT-1024x1024.jpg",1024,1024,true],"1536x1536":["https:\/\/www.pladostelma.com\/wp-content\/uploads\/VENMIXEXT.jpg",1254,1280,false],"2048x2048":["https:\/\/www.pladostelma.com\/wp-content\/uploads\/VENMIXEXT.jpg",1254,1280,false],"trp-custom-language-flag":["https:\/\/www.pladostelma.com\/wp-content\/uploads\/VENMIXEXT.jpg",12,12,false],"woocommerce_thumbnail":["https:\/\/www.pladostelma.com\/wp-content\/uploads\/VENMIXEXT-300x300.jpg",300,300,true],"woocommerce_single":["https:\/\/www.pladostelma.com\/wp-content\/uploads\/VENMIXEXT-600x600.jpg",600,600,true],"woocommerce_gallery_thumbnail":["https:\/\/www.pladostelma.com\/wp-content\/uploads\/VENMIXEXT-100x100.jpg",100,100,true],"variation_swatches_image_size":["https:\/\/www.pladostelma.com\/wp-content\/uploads\/VENMIXEXT.jpg",50,50,false],"variation_swatches_tooltip_size":["https:\/\/www.pladostelma.com\/wp-content\/uploads\/VENMIXEXT.jpg",98,100,false]},"uagb_author_info":{"display_name":"Luca Cavaleri","author_link":"https:\/\/www.pladostelma.com\/pl\/author\/"},"uagb_comment_info":0,"uagb_excerpt":"Miscelatore monocomando con doccetta estraibile. &nbsp;","_links":{"self":[{"href":"https:\/\/www.pladostelma.com\/pl\/wp-json\/wp\/v2\/product\/10583","targetHints":{"allow":["GET"]}}],"collection":[{"href":"https:\/\/www.pladostelma.com\/pl\/wp-json\/wp\/v2\/product"}],"about":[{"href":"https:\/\/www.pladostelma.com\/pl\/wp-json\/wp\/v2\/types\/product"}],"wp:featuredmedia":[{"embeddable":true,"href":"https:\/\/www.pladostelma.com\/pl\/wp-json\/wp\/v2\/media\/246514"}],"wp:attachment":[{"href":"https:\/\/www.pladostelma.com\/pl\/wp-json\/wp\/v2\/media?parent=10583"}],"wp:term":[{"taxonomy":"serie","embeddable":true,"href":"https:\/\/www.pladostelma.com\/pl\/wp-json\/wp\/v2\/serie?post=10583"},{"taxonomy":"product_brand","embeddable":true,"href":"https:\/\/www.pladostelma.com\/pl\/wp-json\/wp\/v2\/product_brand?post=10583"},{"taxonomy":"product_cat","embeddable":true,"href":"https:\/\/www.pladostelma.com\/pl\/wp-json\/wp\/v2\/product_cat?post=10583"},{"taxonomy":"product_tag","embeddable":true,"href":"https:\/\/www.pladostelma.com\/pl\/wp-json\/wp\/v2\/product_tag?post=10583"}],"curies":[{"name":"wp","href":"https:\/\/api.w.org\/{rel}","templated":true}]}}