{"id":35691,"date":"2019-07-24T15:17:43","date_gmt":"2019-07-24T13:17:43","guid":{"rendered":"https:\/\/www.pladostelma.com\/downloads\/"},"modified":"2025-04-01T14:48:51","modified_gmt":"2025-04-01T12:48:51","slug":"downloads","status":"publish","type":"page","link":"https:\/\/www.pladostelma.com\/pl\/downloads\/","title":{"rendered":"Do pobrania"},"content":{"rendered":"<h1 class=\"has-text-align-center wp-block-heading\">DOWNLOADS<\/h1>\n\n\n\n<h3 class=\"has-text-align-center wp-block-heading\">St\u0105d mo\u017cna pobra\u0107 katalogi w formacie formato PDF:<\/h3>\n\n\n\n<h4 class=\"has-text-align-center wp-block-heading\">St\u0105d mo\u017cna pobra\u0107 obrazy o wysokiej rozdzielczo\u015bcione zlewozmywak\u00f3w w formacie formado JPG <br>i rysunki techniczne w formacie formato PDF. Ka\u017cde \u0142\u0105cze umo\u017cliwia pobranie obraz\u00f3w ca\u0142ej serii. <br>W pliku ZIP znajdziesz folder dla ka\u017cdego modelu zawieraj\u0105cy obrazy<br>rysunek techniczny PDF we wszystkich standardowych kolorach.<\/h4>\n\n\n\n<h2 class=\"has-text-align-center wp-block-heading\">Zlewozmywaki<\/h2>\n\n\n\n<section class=\"wp-block-uagb-columns uagb-columns__wrap uagb-columns__background-none uagb-columns__stack-mobile uagb-columns__valign-top uagb-columns__gap-10 alignwide uagb-block-dc86f707 uagb-columns__columns-2 uagb-columns__max_width-custom\"><div class=\"uagb-columns__overlay\"><\/div><div class=\"uagb-columns__inner-wrap uagb-columns__columns-2\">\n<div class=\"wp-block-uagb-column uagb-column__wrap uagb-column__background-undefined uagb-block-e7300500\"><div class=\"uagb-column__overlay\"><\/div><div class=\"wp-block-image\">\n<figure class=\"aligncenter size-large is-resized\"><img decoding=\"async\" src=\"https:\/\/www.pladostelma.com\/wp-content\/uploads\/2021\/10\/plados_tras-1024x1024.png.jpg\" alt=\"\" class=\"wp-image-220029\" width=\"256\" height=\"256\" title=\"pl\" srcset=\"https:\/\/www.pladostelma.com\/wp-content\/uploads\/2021\/10\/plados_tras-1024x1024.png.jpg 1024w, https:\/\/www.pladostelma.com\/wp-content\/uploads\/2021\/10\/plados_tras-300x300.png.jpg 300w, https:\/\/www.pladostelma.com\/wp-content\/uploads\/2021\/10\/plados_tras-600x600.png.jpg 600w, https:\/\/www.pladostelma.com\/wp-content\/uploads\/2021\/10\/plados_tras-100x100.png.jpg 100w, https:\/\/www.pladostelma.com\/wp-content\/uploads\/2021\/10\/plados_tras-150x150.png.jpg 150w, https:\/\/www.pladostelma.com\/wp-content\/uploads\/2021\/10\/plados_tras-768x768.png.jpg 768w\" sizes=\"(max-width: 256px) 100vw, 256px\" \/><\/figure><\/div>\n\n\n<div class=\"wp-block-columns alignwide are-vertically-aligned-top is-layout-flex wp-container-core-columns-is-layout-9d6595d7 wp-block-columns-is-layout-flex\">\n<div class=\"wp-block-column is-vertically-aligned-top is-layout-flow wp-block-column-is-layout-flow\">\n<figure class=\"wp-block-image size-large\"><img decoding=\"async\" width=\"664\" height=\"507\" src=\"https:\/\/www.pladostelma.com\/wp-content\/uploads\/2021\/02\/21_lux_farm.jpg\" alt=\"\" class=\"wp-image-207867\" srcset=\"https:\/\/www.pladostelma.com\/wp-content\/uploads\/2021\/02\/21_lux_farm.jpg 664w, https:\/\/www.pladostelma.com\/wp-content\/uploads\/2021\/02\/21_lux_farm-450x344.jpg 450w, https:\/\/www.pladostelma.com\/wp-content\/uploads\/2021\/02\/21_lux_farm-600x458.jpg 600w, https:\/\/www.pladostelma.com\/wp-content\/uploads\/2021\/02\/21_lux_farm-300x229.jpg 300w\" sizes=\"(max-width: 664px) 100vw, 664px\" \/><figcaption>LUX<\/figcaption><\/figure>\n\n\n\n<figure class=\"wp-block-image size-large\"><img decoding=\"async\" width=\"664\" height=\"507\" src=\"https:\/\/www.pladostelma.com\/wp-content\/uploads\/2021\/02\/21_one_dro.jpg\" alt=\"\" class=\"wp-image-207868\" srcset=\"https:\/\/www.pladostelma.com\/wp-content\/uploads\/2021\/02\/21_one_dro.jpg 664w, https:\/\/www.pladostelma.com\/wp-content\/uploads\/2021\/02\/21_one_dro-450x344.jpg 450w, https:\/\/www.pladostelma.com\/wp-content\/uploads\/2021\/02\/21_one_dro-600x458.jpg 600w, https:\/\/www.pladostelma.com\/wp-content\/uploads\/2021\/02\/21_one_dro-300x229.jpg 300w\" sizes=\"(max-width: 664px) 100vw, 664px\" \/><figcaption>ONE - STANDARD<\/figcaption><\/figure>\n\n\n\n<figure class=\"wp-block-image size-large\"><img decoding=\"async\" width=\"664\" height=\"507\" src=\"https:\/\/www.pladostelma.com\/wp-content\/uploads\/2021\/02\/21_corax.jpg\" alt=\"\" class=\"wp-image-207863\" srcset=\"https:\/\/www.pladostelma.com\/wp-content\/uploads\/2021\/02\/21_corax.jpg 664w, https:\/\/www.pladostelma.com\/wp-content\/uploads\/2021\/02\/21_corax-450x344.jpg 450w, https:\/\/www.pladostelma.com\/wp-content\/uploads\/2021\/02\/21_corax-600x458.jpg 600w, https:\/\/www.pladostelma.com\/wp-content\/uploads\/2021\/02\/21_corax-300x229.jpg 300w\" sizes=\"(max-width: 664px) 100vw, 664px\" \/><figcaption>CORAX<\/figcaption><\/figure>\n\n\n\n<figure class=\"wp-block-image size-large\"><img decoding=\"async\" width=\"664\" height=\"507\" src=\"https:\/\/www.pladostelma.com\/wp-content\/uploads\/2021\/02\/21_roxana.jpg\" alt=\"\" class=\"wp-image-207871\" srcset=\"https:\/\/www.pladostelma.com\/wp-content\/uploads\/2021\/02\/21_roxana.jpg 664w, https:\/\/www.pladostelma.com\/wp-content\/uploads\/2021\/02\/21_roxana-450x344.jpg 450w, https:\/\/www.pladostelma.com\/wp-content\/uploads\/2021\/02\/21_roxana-600x458.jpg 600w, https:\/\/www.pladostelma.com\/wp-content\/uploads\/2021\/02\/21_roxana-300x229.jpg 300w\" sizes=\"(max-width: 664px) 100vw, 664px\" \/><figcaption>ROXANA<\/figcaption><\/figure>\n<\/div>\n\n\n\n<div class=\"wp-block-column is-vertically-aligned-top is-layout-flow wp-block-column-is-layout-flow\">\n<figure class=\"wp-block-image size-large\"><img decoding=\"async\" width=\"664\" height=\"507\" src=\"https:\/\/www.pladostelma.com\/wp-content\/uploads\/2021\/02\/21_infinity.jpg\" alt=\"\" class=\"wp-image-207866\" srcset=\"https:\/\/www.pladostelma.com\/wp-content\/uploads\/2021\/02\/21_infinity.jpg 664w, https:\/\/www.pladostelma.com\/wp-content\/uploads\/2021\/02\/21_infinity-450x344.jpg 450w, https:\/\/www.pladostelma.com\/wp-content\/uploads\/2021\/02\/21_infinity-600x458.jpg 600w, https:\/\/www.pladostelma.com\/wp-content\/uploads\/2021\/02\/21_infinity-300x229.jpg 300w\" sizes=\"(max-width: 664px) 100vw, 664px\" \/><figcaption>INFINITY<\/figcaption><\/figure>\n\n\n\n<figure class=\"wp-block-image size-large\"><img decoding=\"async\" width=\"664\" height=\"507\" src=\"https:\/\/www.pladostelma.com\/wp-content\/uploads\/2021\/02\/21_one_und.jpg\" alt=\"\" class=\"wp-image-207870\" srcset=\"https:\/\/www.pladostelma.com\/wp-content\/uploads\/2021\/02\/21_one_und.jpg 664w, https:\/\/www.pladostelma.com\/wp-content\/uploads\/2021\/02\/21_one_und-450x344.jpg 450w, https:\/\/www.pladostelma.com\/wp-content\/uploads\/2021\/02\/21_one_und-600x458.jpg 600w, https:\/\/www.pladostelma.com\/wp-content\/uploads\/2021\/02\/21_one_und-300x229.jpg 300w\" sizes=\"(max-width: 664px) 100vw, 664px\" \/><figcaption>ONE - SUBTOP<\/figcaption><\/figure>\n\n\n\n<figure class=\"wp-block-image size-large\"><img decoding=\"async\" width=\"664\" height=\"507\" src=\"https:\/\/www.pladostelma.com\/wp-content\/uploads\/2021\/02\/21_atlantic.jpg\" alt=\"\" class=\"wp-image-207862\" srcset=\"https:\/\/www.pladostelma.com\/wp-content\/uploads\/2021\/02\/21_atlantic.jpg 664w, https:\/\/www.pladostelma.com\/wp-content\/uploads\/2021\/02\/21_atlantic-450x344.jpg 450w, https:\/\/www.pladostelma.com\/wp-content\/uploads\/2021\/02\/21_atlantic-600x458.jpg 600w, https:\/\/www.pladostelma.com\/wp-content\/uploads\/2021\/02\/21_atlantic-300x229.jpg 300w\" sizes=\"(max-width: 664px) 100vw, 664px\" \/><figcaption>ATLANTIC<\/figcaption><\/figure>\n\n\n\n<figure class=\"wp-block-image size-large\"><img decoding=\"async\" width=\"664\" height=\"507\" src=\"https:\/\/www.pladostelma.com\/wp-content\/uploads\/2021\/02\/21_harmony.jpg\" alt=\"\" class=\"wp-image-207865\" srcset=\"https:\/\/www.pladostelma.com\/wp-content\/uploads\/2021\/02\/21_harmony.jpg 664w, https:\/\/www.pladostelma.com\/wp-content\/uploads\/2021\/02\/21_harmony-450x344.jpg 450w, https:\/\/www.pladostelma.com\/wp-content\/uploads\/2021\/02\/21_harmony-600x458.jpg 600w, https:\/\/www.pladostelma.com\/wp-content\/uploads\/2021\/02\/21_harmony-300x229.jpg 300w\" sizes=\"(max-width: 664px) 100vw, 664px\" \/><figcaption>HARMONIA<\/figcaption><\/figure>\n<\/div>\n\n\n\n<div class=\"wp-block-column is-vertically-aligned-top is-layout-flow wp-block-column-is-layout-flow\">\n<figure class=\"wp-block-image size-large\"><img decoding=\"async\" width=\"664\" height=\"507\" src=\"https:\/\/www.pladostelma.com\/wp-content\/uploads\/2021\/02\/21_elegance.jpg\" alt=\"\" class=\"wp-image-207864\" srcset=\"https:\/\/www.pladostelma.com\/wp-content\/uploads\/2021\/02\/21_elegance.jpg 664w, https:\/\/www.pladostelma.com\/wp-content\/uploads\/2021\/02\/21_elegance-450x344.jpg 450w, https:\/\/www.pladostelma.com\/wp-content\/uploads\/2021\/02\/21_elegance-600x458.jpg 600w, https:\/\/www.pladostelma.com\/wp-content\/uploads\/2021\/02\/21_elegance-300x229.jpg 300w\" sizes=\"(max-width: 664px) 100vw, 664px\" \/><figcaption>ELEGANCE<\/figcaption><\/figure>\n\n\n\n<figure class=\"wp-block-image size-large\"><img decoding=\"async\" src=\"https:\/\/www.pladostelma.com\/wp-content\/uploads\/2021\/02\/21_one_int.jpg\" alt=\"\" class=\"wp-image-207869\"\/><figcaption>ONE - ZINTEGROWANY<\/figcaption><\/figure>\n\n\n\n<figure class=\"wp-block-image size-large\"><img decoding=\"async\" width=\"664\" height=\"507\" src=\"https:\/\/www.pladostelma.com\/wp-content\/uploads\/2021\/02\/21_spazio.jpg\" alt=\"\" class=\"wp-image-207872\" srcset=\"https:\/\/www.pladostelma.com\/wp-content\/uploads\/2021\/02\/21_spazio.jpg 664w, https:\/\/www.pladostelma.com\/wp-content\/uploads\/2021\/02\/21_spazio-450x344.jpg 450w, https:\/\/www.pladostelma.com\/wp-content\/uploads\/2021\/02\/21_spazio-600x458.jpg 600w, https:\/\/www.pladostelma.com\/wp-content\/uploads\/2021\/02\/21_spazio-300x229.jpg 300w\" sizes=\"(max-width: 664px) 100vw, 664px\" \/><figcaption>PRZESTRZE\u0143<\/figcaption><\/figure>\n<\/div>\n<\/div>\n<\/div>\n\n\n\n<div class=\"wp-block-uagb-column uagb-column__wrap uagb-column__background-undefined uagb-block-e74251f2\"><div class=\"uagb-column__overlay\"><\/div><div class=\"wp-block-image\">\n<figure class=\"aligncenter size-large is-resized\"><img decoding=\"async\" src=\"https:\/\/www.pladostelma.com\/wp-content\/uploads\/2021\/10\/telma_tras-1024x1024.png.jpg\" alt=\"\" class=\"wp-image-220030\" width=\"256\" height=\"256\" title=\"tl2\" srcset=\"https:\/\/www.pladostelma.com\/wp-content\/uploads\/2021\/10\/telma_tras-1024x1024.png.jpg 1024w, https:\/\/www.pladostelma.com\/wp-content\/uploads\/2021\/10\/telma_tras-300x300.png.jpg 300w, https:\/\/www.pladostelma.com\/wp-content\/uploads\/2021\/10\/telma_tras-600x600.png.jpg 600w, https:\/\/www.pladostelma.com\/wp-content\/uploads\/2021\/10\/telma_tras-100x100.png.jpg 100w, https:\/\/www.pladostelma.com\/wp-content\/uploads\/2021\/10\/telma_tras-150x150.png.jpg 150w, https:\/\/www.pladostelma.com\/wp-content\/uploads\/2021\/10\/telma_tras-768x768.png.jpg 768w\" sizes=\"(max-width: 256px) 100vw, 256px\" \/><\/figure><\/div>\n\n\n<div class=\"wp-block-columns is-layout-flex wp-container-core-columns-is-layout-9d6595d7 wp-block-columns-is-layout-flex\">\n<div class=\"wp-block-column is-layout-flow wp-block-column-is-layout-flow\">\n<figure class=\"wp-block-image size-large\"><img decoding=\"async\" src=\"https:\/\/www.pladostelma.com\/wp-content\/uploads\/2021\/02\/21_kinga.jpg\" alt=\"\" class=\"wp-image-207881\"\/><figcaption>KINGA<\/figcaption><\/figure>\n\n\n\n<figure class=\"wp-block-image size-large\"><img decoding=\"async\" width=\"664\" height=\"507\" src=\"https:\/\/www.pladostelma.com\/wp-content\/uploads\/2021\/02\/21_cube_dro.jpg\" alt=\"\" class=\"wp-image-207874\" srcset=\"https:\/\/www.pladostelma.com\/wp-content\/uploads\/2021\/02\/21_cube_dro.jpg 664w, https:\/\/www.pladostelma.com\/wp-content\/uploads\/2021\/02\/21_cube_dro-450x344.jpg 450w, https:\/\/www.pladostelma.com\/wp-content\/uploads\/2021\/02\/21_cube_dro-600x458.jpg 600w, https:\/\/www.pladostelma.com\/wp-content\/uploads\/2021\/02\/21_cube_dro-300x229.jpg 300w\" sizes=\"(max-width: 664px) 100vw, 664px\" \/><figcaption>CUBE - STANDARD<\/figcaption><\/figure>\n\n\n\n<figure class=\"wp-block-image size-large\"><img decoding=\"async\" width=\"664\" height=\"507\" src=\"https:\/\/www.pladostelma.com\/wp-content\/uploads\/2021\/02\/21_naiky.jpg\" alt=\"\" class=\"wp-image-207882\" srcset=\"https:\/\/www.pladostelma.com\/wp-content\/uploads\/2021\/02\/21_naiky.jpg 664w, https:\/\/www.pladostelma.com\/wp-content\/uploads\/2021\/02\/21_naiky-450x344.jpg 450w, https:\/\/www.pladostelma.com\/wp-content\/uploads\/2021\/02\/21_naiky-600x458.jpg 600w, https:\/\/www.pladostelma.com\/wp-content\/uploads\/2021\/02\/21_naiky-300x229.jpg 300w\" sizes=\"(max-width: 664px) 100vw, 664px\" \/><figcaption>NAIKY<\/figcaption><\/figure>\n\n\n\n<figure class=\"wp-block-image size-large\"><img decoding=\"async\" width=\"664\" height=\"507\" src=\"https:\/\/www.pladostelma.com\/wp-content\/uploads\/2021\/02\/21_forma.jpg\" alt=\"\" class=\"wp-image-207878\" srcset=\"https:\/\/www.pladostelma.com\/wp-content\/uploads\/2021\/02\/21_forma.jpg 664w, https:\/\/www.pladostelma.com\/wp-content\/uploads\/2021\/02\/21_forma-450x344.jpg 450w, https:\/\/www.pladostelma.com\/wp-content\/uploads\/2021\/02\/21_forma-600x458.jpg 600w, https:\/\/www.pladostelma.com\/wp-content\/uploads\/2021\/02\/21_forma-300x229.jpg 300w\" sizes=\"(max-width: 664px) 100vw, 664px\" \/><\/figure>\n<\/div>\n\n\n\n<div class=\"wp-block-column is-layout-flow wp-block-column-is-layout-flow\">\n<figure class=\"wp-block-image size-large\"><img decoding=\"async\" width=\"664\" height=\"507\" src=\"https:\/\/www.pladostelma.com\/wp-content\/uploads\/2021\/02\/21_infi_t.jpg\" alt=\"\" class=\"wp-image-207880\" srcset=\"https:\/\/www.pladostelma.com\/wp-content\/uploads\/2021\/02\/21_infi_t.jpg 664w, https:\/\/www.pladostelma.com\/wp-content\/uploads\/2021\/02\/21_infi_t-450x344.jpg 450w, https:\/\/www.pladostelma.com\/wp-content\/uploads\/2021\/02\/21_infi_t-600x458.jpg 600w, https:\/\/www.pladostelma.com\/wp-content\/uploads\/2021\/02\/21_infi_t-300x229.jpg 300w\" sizes=\"(max-width: 664px) 100vw, 664px\" \/><figcaption>INFINITY<\/figcaption><\/figure>\n\n\n\n<figure class=\"wp-block-image size-large\"><img decoding=\"async\" width=\"664\" height=\"507\" src=\"https:\/\/www.pladostelma.com\/wp-content\/uploads\/2021\/02\/21_cube_und.jpg\" alt=\"\" class=\"wp-image-207876\" srcset=\"https:\/\/www.pladostelma.com\/wp-content\/uploads\/2021\/02\/21_cube_und.jpg 664w, https:\/\/www.pladostelma.com\/wp-content\/uploads\/2021\/02\/21_cube_und-450x344.jpg 450w, https:\/\/www.pladostelma.com\/wp-content\/uploads\/2021\/02\/21_cube_und-600x458.jpg 600w, https:\/\/www.pladostelma.com\/wp-content\/uploads\/2021\/02\/21_cube_und-300x229.jpg 300w\" sizes=\"(max-width: 664px) 100vw, 664px\" \/><figcaption>CUBE - SUBTOP<\/figcaption><\/figure>\n\n\n\n<figure class=\"wp-block-image size-large\"><img decoding=\"async\" width=\"664\" height=\"507\" src=\"https:\/\/www.pladostelma.com\/wp-content\/uploads\/2021\/02\/21_futura.jpg\" alt=\"\" class=\"wp-image-207879\" srcset=\"https:\/\/www.pladostelma.com\/wp-content\/uploads\/2021\/02\/21_futura.jpg 664w, https:\/\/www.pladostelma.com\/wp-content\/uploads\/2021\/02\/21_futura-450x344.jpg 450w, https:\/\/www.pladostelma.com\/wp-content\/uploads\/2021\/02\/21_futura-600x458.jpg 600w, https:\/\/www.pladostelma.com\/wp-content\/uploads\/2021\/02\/21_futura-300x229.jpg 300w\" sizes=\"(max-width: 664px) 100vw, 664px\" \/><figcaption>FUTURA<\/figcaption><\/figure>\n\n\n\n<figure class=\"wp-block-image size-large\"><img decoding=\"async\" src=\"https:\/\/www.pladostelma.com\/wp-content\/uploads\/2021\/02\/21_vogue.jpg\" alt=\"\" class=\"wp-image-207883\"\/><\/figure>\n<\/div>\n\n\n\n<div class=\"wp-block-column is-layout-flow wp-block-column-is-layout-flow\">\n<figure class=\"wp-block-image size-large\"><img decoding=\"async\" width=\"664\" height=\"507\" src=\"https:\/\/www.pladostelma.com\/wp-content\/uploads\/2021\/02\/21_amanda.jpg\" alt=\"\" class=\"wp-image-207873\" srcset=\"https:\/\/www.pladostelma.com\/wp-content\/uploads\/2021\/02\/21_amanda.jpg 664w, https:\/\/www.pladostelma.com\/wp-content\/uploads\/2021\/02\/21_amanda-450x344.jpg 450w, https:\/\/www.pladostelma.com\/wp-content\/uploads\/2021\/02\/21_amanda-600x458.jpg 600w, https:\/\/www.pladostelma.com\/wp-content\/uploads\/2021\/02\/21_amanda-300x229.jpg 300w\" sizes=\"(max-width: 664px) 100vw, 664px\" \/><figcaption>AMANDA<\/figcaption><\/figure>\n\n\n\n<figure class=\"wp-block-image size-large\"><img decoding=\"async\" width=\"664\" height=\"507\" src=\"https:\/\/www.pladostelma.com\/wp-content\/uploads\/2021\/02\/21_cube_int.jpg\" alt=\"\" class=\"wp-image-207875\" srcset=\"https:\/\/www.pladostelma.com\/wp-content\/uploads\/2021\/02\/21_cube_int.jpg 664w, https:\/\/www.pladostelma.com\/wp-content\/uploads\/2021\/02\/21_cube_int-450x344.jpg 450w, https:\/\/www.pladostelma.com\/wp-content\/uploads\/2021\/02\/21_cube_int-600x458.jpg 600w, https:\/\/www.pladostelma.com\/wp-content\/uploads\/2021\/02\/21_cube_int-300x229.jpg 300w\" sizes=\"(max-width: 664px) 100vw, 664px\" \/><figcaption>CUBE - ZINTEGROWANY<\/figcaption><\/figure>\n\n\n\n<figure class=\"wp-block-image size-large\"><img decoding=\"async\" width=\"664\" height=\"507\" src=\"https:\/\/www.pladostelma.com\/wp-content\/uploads\/2021\/02\/21_domino.jpg\" alt=\"\" class=\"wp-image-207877\" srcset=\"https:\/\/www.pladostelma.com\/wp-content\/uploads\/2021\/02\/21_domino.jpg 664w, https:\/\/www.pladostelma.com\/wp-content\/uploads\/2021\/02\/21_domino-450x344.jpg 450w, https:\/\/www.pladostelma.com\/wp-content\/uploads\/2021\/02\/21_domino-600x458.jpg 600w, https:\/\/www.pladostelma.com\/wp-content\/uploads\/2021\/02\/21_domino-300x229.jpg 300w\" sizes=\"(max-width: 664px) 100vw, 664px\" \/><figcaption>DOMINO<\/figcaption><\/figure>\n<\/div>\n<\/div>\n<\/div>\n<\/div><\/section>","protected":false},"excerpt":{"rendered":"<p>DOWNLOADS Da qui \u00e8 possibile scaricare i cataloghi in formato PDF: Da qui si possono scaricare immagini in alta risoluzione dei lavelli in formato JPG e i disegni tecnici in formato PDF. Ogni link permette di scaricare le immagini dell&#8217;intera serie. Nel file ZIP troverete una cartella per ogni modello contenente le immaginiin tutti i [&hellip;]<\/p>\n","protected":false},"author":2,"featured_media":0,"parent":0,"menu_order":0,"comment_status":"closed","ping_status":"closed","template":"","meta":{"_acf_changed":false,"_seopress_robots_primary_cat":"","_seopress_titles_title":"Downloads","_seopress_titles_desc":"","_seopress_robots_index":"","_uag_custom_page_level_css":"","iawp_total_views":6486,"uix_meta_title":"","uix_meta_description":"","uix_canonical_url":"","footnotes":""},"class_list":["post-35691","page","type-page","status-publish","hentry"],"acf":[],"uagb_featured_image_src":{"full":false,"thumbnail":false,"medium":false,"medium_large":false,"large":false,"1536x1536":false,"2048x2048":false,"trp-custom-language-flag":false,"woocommerce_thumbnail":false,"woocommerce_single":false,"woocommerce_gallery_thumbnail":false,"variation_swatches_image_size":false,"variation_swatches_tooltip_size":false},"uagb_author_info":{"display_name":"Luca Cavaleri","author_link":"https:\/\/www.pladostelma.com\/pl\/author\/luca\/"},"uagb_comment_info":0,"uagb_excerpt":"DOWNLOADS Da qui \u00e8 possibile scaricare i cataloghi in formato PDF: Da qui si possono scaricare immagini in alta risoluzione dei lavelli in formato JPG e i disegni tecnici in formato PDF. Ogni link permette di scaricare le immagini dell&#8217;intera serie. Nel file ZIP troverete una cartella per ogni modello contenente le immaginiin tutti i&hellip;","_links":{"self":[{"href":"https:\/\/www.pladostelma.com\/pl\/wp-json\/wp\/v2\/pages\/35691","targetHints":{"allow":["GET"]}}],"collection":[{"href":"https:\/\/www.pladostelma.com\/pl\/wp-json\/wp\/v2\/pages"}],"about":[{"href":"https:\/\/www.pladostelma.com\/pl\/wp-json\/wp\/v2\/types\/page"}],"author":[{"embeddable":true,"href":"https:\/\/www.pladostelma.com\/pl\/wp-json\/wp\/v2\/users\/2"}],"replies":[{"embeddable":true,"href":"https:\/\/www.pladostelma.com\/pl\/wp-json\/wp\/v2\/comments?post=35691"}],"version-history":[{"count":0,"href":"https:\/\/www.pladostelma.com\/pl\/wp-json\/wp\/v2\/pages\/35691\/revisions"}],"wp:attachment":[{"href":"https:\/\/www.pladostelma.com\/pl\/wp-json\/wp\/v2\/media?parent=35691"}],"curies":[{"name":"wp","href":"https:\/\/api.w.org\/{rel}","templated":true}]}}