{"id":248154,"date":"2025-10-14T16:31:55","date_gmt":"2025-10-14T14:31:55","guid":{"rendered":"https:\/\/www.pladostelma.com\/?page_id=248154"},"modified":"2025-10-14T16:46:01","modified_gmt":"2025-10-14T14:46:01","slug":"grazie-exclusive","status":"publish","type":"page","link":"https:\/\/www.pladostelma.com\/pl\/grazie-exclusive\/","title":{"rendered":"Dzi\u0119kujemy za rejestracj\u0119."},"content":{"rendered":"\n<p>Controlla la tua casella postale per una email.<\/p>\n\n\n\n<p>La tua opinione conta!<\/p>\n\n\n\n<p>Avremmo piacere di sapere cosa pensi dei nostri prodotti.<\/p>\n\n\n\n<p><\/p>\n\n\n\n<!-- Review Pixel -->\n<script type=\"text\/javascript\">\n!function(){var e,t=document;e=function(){if(window.EMRPixel)return console.info(\"EMR: Pixel already loaded\");var e=t.createElement(\"script\");e.defer=!0,e.src=\"https:\/\/cdn2.revw.me\/js\/pixel.js?t=\"+864e5*Math.ceil(new Date\/864e5);var n=t.getElementsByTagName(\"script\")[0];n.charset=\"utf-8\",n.parentNode.insertBefore(e,n),e.onload=function(){EMRPixel.init(\"xkd.app.embedmyreviews.com\",2)}},\"interactive\"===t.readyState||\"complete\"===t.readyState?e():t.addEventListener(\"DOMContentLoaded\",e())}();\n<\/script><emr-collect-review-form form-id=\"db58c69d-b32a-4209-b7f2-9a26364de3b2\"><\/emr-collect-review-form>\n<!-- Review Pixel End -->\n\n\n\n<p><\/p>\n","protected":false},"excerpt":{"rendered":"<p>Sprawd\u017a swoj\u0105 skrzynk\u0119 pocztow\u0105 w poszukiwaniu wiadomo\u015bci e-mail. Twoja opinia si\u0119 liczy! Chcieliby\u015bmy wiedzie\u0107, co my\u015blisz o naszych produktach.<\/p>","protected":false},"author":1,"featured_media":0,"parent":0,"menu_order":0,"comment_status":"closed","ping_status":"closed","template":"","meta":{"_acf_changed":false,"_seopress_robots_primary_cat":"","_seopress_titles_title":"","_seopress_titles_desc":"","_seopress_robots_index":"","_uag_custom_page_level_css":"","iawp_total_views":83,"uix_meta_title":"","uix_meta_description":"","uix_canonical_url":"","footnotes":""},"class_list":["post-248154","page","type-page","status-publish","hentry"],"acf":[],"uagb_featured_image_src":{"full":false,"thumbnail":false,"medium":false,"medium_large":false,"large":false,"1536x1536":false,"2048x2048":false,"trp-custom-language-flag":false,"woocommerce_thumbnail":false,"woocommerce_single":false,"woocommerce_gallery_thumbnail":false,"variation_swatches_image_size":false,"variation_swatches_tooltip_size":false},"uagb_author_info":{"display_name":"admino","author_link":"https:\/\/www.pladostelma.com\/pl\/author\/admino\/"},"uagb_comment_info":0,"uagb_excerpt":"Controlla la tua casella postale per una email. La tua opinione conta! Avremmo piacere di sapere cosa pensi dei nostri prodotti.","_links":{"self":[{"href":"https:\/\/www.pladostelma.com\/pl\/wp-json\/wp\/v2\/pages\/248154","targetHints":{"allow":["GET"]}}],"collection":[{"href":"https:\/\/www.pladostelma.com\/pl\/wp-json\/wp\/v2\/pages"}],"about":[{"href":"https:\/\/www.pladostelma.com\/pl\/wp-json\/wp\/v2\/types\/page"}],"author":[{"embeddable":true,"href":"https:\/\/www.pladostelma.com\/pl\/wp-json\/wp\/v2\/users\/1"}],"replies":[{"embeddable":true,"href":"https:\/\/www.pladostelma.com\/pl\/wp-json\/wp\/v2\/comments?post=248154"}],"version-history":[{"count":0,"href":"https:\/\/www.pladostelma.com\/pl\/wp-json\/wp\/v2\/pages\/248154\/revisions"}],"wp:attachment":[{"href":"https:\/\/www.pladostelma.com\/pl\/wp-json\/wp\/v2\/media?parent=248154"}],"curies":[{"name":"wp","href":"https:\/\/api.w.org\/{rel}","templated":true}]}}