{"id":2274,"date":"2018-10-26T15:53:58","date_gmt":"2018-10-26T13:53:58","guid":{"rendered":"https:\/\/www.pladostelma.com\/nanostone\/"},"modified":"2023-04-21T09:24:22","modified_gmt":"2023-04-21T07:24:22","slug":"nanostone","status":"publish","type":"page","link":"https:\/\/www.pladostelma.com\/pl\/nanostone\/","title":{"rendered":"nanoSTONE"},"content":{"rendered":"<section class=\"wp-block-uagb-columns uagb-columns__wrap uagb-columns__background-none uagb-columns__stack-mobile uagb-columns__valign-center uagb-columns__gap-10 alignwide uagb-block-4f84b43b uagb-columns__columns-2 uagb-columns__max_width-custom\"><div class=\"uagb-columns__overlay\"><\/div><div class=\"uagb-columns__inner-wrap uagb-columns__columns-2\">\n<div class=\"wp-block-uagb-column uagb-column__wrap uagb-column__background-undefined uagb-block-509aa640\"><div class=\"uagb-column__overlay\"><\/div>\n<figure class=\"wp-block-video aligncenter\"><video controls src=\"https:\/\/www.pladostelma.com\/wp-content\/uploads\/2021\/03\/TEASER_01_deep_black.mov\"><\/video><\/figure>\n<\/div>\n\n\n\n<div class=\"wp-block-uagb-column uagb-column__wrap uagb-column__background-undefined uagb-block-0dac4f25\"><div class=\"uagb-column__overlay\"><\/div>\n<p>NanoSTONE, ekskluzywny materia\u0142 najnowszej generacji, zosta\u0142 zaprojektowany w celu dostarczenia zlewozmywaka o bardzo wysokich w\u0142a\u015bciwo\u015bciach mechanicznych i estetycznych, stworzonego dla nowoczesnych i wsp\u00f3\u0142czesnych \u015brodowisk. Nowy materia\u0142 sk\u0142ada si\u0119 z czystej \u017cywicy akrylowej i mieszanki wype\u0142niaczy mineralnych, zaprojektowanych tak, aby \u0142\u0105czy\u0142y si\u0119 ze sob\u0105, tworz\u0105c tr\u00f3jwymiarow\u0105 sie\u0107 wi\u0105za\u0144 wodorowych, w procesie chemicznym mo\u017cliwym dzi\u0119ki precyzyjnej geometrii minera\u0142\u00f3w:<\/p>\n<\/div>\n<\/div><\/section>\n\n\n\n<section class=\"wp-block-uagb-columns uagb-columns__wrap uagb-columns__background-none uagb-columns__stack-mobile uagb-columns__valign-center uagb-columns__gap-10 alignwide uagb-block-ffcde333 uagb-columns__columns-2 uagb-columns__max_width-custom\"><div class=\"uagb-columns__overlay\"><\/div><div class=\"uagb-columns__inner-wrap uagb-columns__columns-2\">\n<div class=\"wp-block-uagb-column uagb-column__wrap uagb-column__background-undefined uagb-block-d2eeb35f\"><div class=\"uagb-column__overlay\"><\/div>\n<figure class=\"wp-block-image size-full\"><img decoding=\"async\" width=\"1131\" height=\"402\" src=\"https:\/\/www.pladostelma.com\/wp-content\/uploads\/2018\/10\/nano.jpg\" alt=\"\" class=\"wp-image-2263\" srcset=\"https:\/\/www.pladostelma.com\/wp-content\/uploads\/2018\/10\/nano.jpg 1131w, https:\/\/www.pladostelma.com\/wp-content\/uploads\/2018\/10\/nano-300x107.jpg 300w, https:\/\/www.pladostelma.com\/wp-content\/uploads\/2018\/10\/nano-600x213.jpg 600w, https:\/\/www.pladostelma.com\/wp-content\/uploads\/2018\/10\/nano-768x273.jpg 768w, https:\/\/www.pladostelma.com\/wp-content\/uploads\/2018\/10\/nano-1024x364.jpg 1024w, https:\/\/www.pladostelma.com\/wp-content\/uploads\/2018\/10\/nano-20x7.jpg 20w\" sizes=\"(max-width: 1131px) 100vw, 1131px\" \/><\/figure>\n<\/div>\n\n\n\n<div class=\"wp-block-uagb-column uagb-column__wrap uagb-column__background-undefined uagb-block-c9558e3b\"><div class=\"uagb-column__overlay\"><\/div>\n<p>wype\u0142niacze mineralne z cz\u0105steczkami lamelarnymi forma;<br><br>wype\u0142niacze mineralne z cz\u0105steczkami igie\u0142 (przy forma ig\u0142y);<br><br>mieszanka r\u00f3\u017cnych minera\u0142\u00f3w i nanometrycznego dwutlenku tytanu, zdolna do dopasowania si\u0119 do sieci 3D utworzonej przez pierwsze dwa.<\/p>\n<\/div>\n<\/div><\/section>\n\n\n\n<section class=\"wp-block-uagb-columns uagb-columns__wrap uagb-columns__background-none uagb-columns__stack-mobile uagb-columns__valign-center uagb-columns__gap-10 alignwide uagb-block-af07df40 uagb-columns__columns-2 uagb-columns__max_width-custom\"><div class=\"uagb-columns__overlay\"><\/div><div class=\"uagb-columns__inner-wrap uagb-columns__columns-2\">\n<div class=\"wp-block-uagb-column uagb-column__wrap uagb-column__background-undefined uagb-block-9188419a\"><div class=\"uagb-column__overlay\"><\/div><div class=\"wp-block-image\">\n<figure class=\"aligncenter size-large\"><img decoding=\"async\" width=\"1024\" height=\"719\" src=\"https:\/\/www.pladostelma.com\/wp-content\/uploads\/2021\/04\/cat_infinity-1024x719.jpg\" alt=\"\" class=\"wp-image-214022\" srcset=\"https:\/\/www.pladostelma.com\/wp-content\/uploads\/2021\/04\/cat_infinity-1024x719.jpg 1024w, https:\/\/www.pladostelma.com\/wp-content\/uploads\/2021\/04\/cat_infinity-300x211.jpg 300w, https:\/\/www.pladostelma.com\/wp-content\/uploads\/2021\/04\/cat_infinity-768x539.jpg 768w, https:\/\/www.pladostelma.com\/wp-content\/uploads\/2021\/04\/cat_infinity-1536x1079.jpg 1536w, https:\/\/www.pladostelma.com\/wp-content\/uploads\/2021\/04\/cat_infinity-16x12.jpg 16w, https:\/\/www.pladostelma.com\/wp-content\/uploads\/2021\/04\/cat_infinity-600x421.jpg 600w, https:\/\/www.pladostelma.com\/wp-content\/uploads\/2021\/04\/cat_infinity.jpg 1680w\" sizes=\"(max-width: 1024px) 100vw, 1024px\" \/><\/figure><\/div><\/div>\n\n\n\n<div class=\"wp-block-uagb-column uagb-column__wrap uagb-column__background-undefined uagb-block-70c078cb\"><div class=\"uagb-column__overlay\"><\/div>\n<p>Utworzona sie\u0107 molekularna wzmacnia wewn\u0119trzn\u0105 struktur\u0119 zlewozmywaka, czyni\u0105c go bardziej odpornym na uderzenia i szok termiczny. Nowy materia\u0142 kompozytowy ma mocniejsz\u0105 struktur\u0119 i jest przyjemniejszy w dotyku. Podobnie jak inne materia\u0142y Plados, nanoSTONE jest wzbogacony cz\u0105steczkami dwutlenku tytanu, kt\u00f3re w procesie fotokatalizy redukuj\u0105 zanieczyszczenia powietrza w kuchni, sprawiaj\u0105, \u017ce zlewozmywak jest antybakteryjny i \u0142atwiejszy do czyszczenia.<\/p>\n<\/div>\n<\/div><\/section>\n\n\n\n<section class=\"wp-block-uagb-columns uagb-columns__wrap uagb-columns__background-none uagb-columns__stack-mobile uagb-columns__valign-center uagb-columns__gap-10 alignwide uagb-block-d191d4dd uagb-columns__columns-4 uagb-columns__max_width-custom\"><div class=\"uagb-columns__overlay\"><\/div><div class=\"uagb-columns__inner-wrap uagb-columns__columns-4\">\n<div class=\"wp-block-uagb-column uagb-column__wrap uagb-column__background-undefined uagb-block-8d953611\"><div class=\"uagb-column__overlay\"><\/div><div class=\"wp-block-image\">\n<figure class=\"aligncenter size-full is-resized\"><img decoding=\"async\" src=\"https:\/\/www.pladostelma.com\/wp-content\/uploads\/2020\/09\/thermal.jpg\" alt=\"\" class=\"wp-image-200232\" width=\"125\" height=\"125\" srcset=\"https:\/\/www.pladostelma.com\/wp-content\/uploads\/2020\/09\/thermal.jpg 500w, https:\/\/www.pladostelma.com\/wp-content\/uploads\/2020\/09\/thermal-300x300.jpg 300w, https:\/\/www.pladostelma.com\/wp-content\/uploads\/2020\/09\/thermal-100x100.jpg 100w, https:\/\/www.pladostelma.com\/wp-content\/uploads\/2020\/09\/thermal-150x150.jpg 150w\" sizes=\"(max-width: 125px) 100vw, 125px\" \/><\/figure><\/div>\n\n\n<p class=\"has-text-align-center\">Wi\u0119ksza odporno\u015b\u0107 na szok termiczny<\/p>\n<\/div>\n\n\n\n<div class=\"wp-block-uagb-column uagb-column__wrap uagb-column__background-undefined uagb-block-ef2c4a37\"><div class=\"uagb-column__overlay\"><\/div><div class=\"wp-block-image\">\n<figure class=\"aligncenter size-full is-resized\"><img decoding=\"async\" src=\"https:\/\/www.pladostelma.com\/wp-content\/uploads\/2020\/09\/impacts.jpg\" alt=\"\" class=\"wp-image-200236\" width=\"125\" height=\"125\" srcset=\"https:\/\/www.pladostelma.com\/wp-content\/uploads\/2020\/09\/impacts.jpg 500w, https:\/\/www.pladostelma.com\/wp-content\/uploads\/2020\/09\/impacts-300x300.jpg 300w, https:\/\/www.pladostelma.com\/wp-content\/uploads\/2020\/09\/impacts-100x100.jpg 100w, https:\/\/www.pladostelma.com\/wp-content\/uploads\/2020\/09\/impacts-150x150.jpg 150w\" sizes=\"(max-width: 125px) 100vw, 125px\" \/><\/figure><\/div>\n\n\n<p class=\"has-text-align-center\">Wi\u0119ksza odporno\u015b\u0107 na uderzenia<\/p>\n<\/div>\n\n\n\n<div class=\"wp-block-uagb-column uagb-column__wrap uagb-column__background-undefined uagb-block-387d4ecc\"><div class=\"uagb-column__overlay\"><\/div><div class=\"wp-block-image\">\n<figure class=\"aligncenter size-full is-resized\"><img decoding=\"async\" src=\"https:\/\/www.pladostelma.com\/wp-content\/uploads\/silk.jpg\" alt=\"\" class=\"wp-image-236078\" width=\"125\" height=\"125\" srcset=\"https:\/\/www.pladostelma.com\/wp-content\/uploads\/silk.jpg 500w, https:\/\/www.pladostelma.com\/wp-content\/uploads\/silk-300x300.jpg 300w, https:\/\/www.pladostelma.com\/wp-content\/uploads\/silk-150x150.jpg 150w, https:\/\/www.pladostelma.com\/wp-content\/uploads\/silk-12x12.jpg 12w, https:\/\/www.pladostelma.com\/wp-content\/uploads\/silk-100x100.jpg 100w\" sizes=\"(max-width: 125px) 100vw, 125px\" \/><\/figure><\/div>\n\n\n<p class=\"has-text-align-center\">Jedwabista w dotyku<\/p>\n<\/div>\n\n\n\n<div class=\"wp-block-uagb-column uagb-column__wrap uagb-column__background-undefined uagb-block-035a235b\"><div class=\"uagb-column__overlay\"><\/div><div class=\"wp-block-image\">\n<figure class=\"aligncenter size-full is-resized\"><img decoding=\"async\" src=\"https:\/\/www.pladostelma.com\/wp-content\/uploads\/2020\/09\/20warranty.jpg\" alt=\"\" class=\"wp-image-200240\" width=\"125\" height=\"125\" srcset=\"https:\/\/www.pladostelma.com\/wp-content\/uploads\/2020\/09\/20warranty.jpg 500w, https:\/\/www.pladostelma.com\/wp-content\/uploads\/2020\/09\/20warranty-300x300.jpg 300w, https:\/\/www.pladostelma.com\/wp-content\/uploads\/2020\/09\/20warranty-100x100.jpg 100w, https:\/\/www.pladostelma.com\/wp-content\/uploads\/2020\/09\/20warranty-150x150.jpg 150w\" sizes=\"(max-width: 125px) 100vw, 125px\" \/><\/figure><\/div>\n\n\n<p class=\"has-text-align-center\">20 LAT GWARANCJI!<\/p>\n<\/div>\n<\/div><\/section>\n\n\n\n<div style=\"height:50px\" aria-hidden=\"true\" class=\"wp-block-spacer\"><\/div>\n\n\n\n<h4 class=\"alignwide has-text-align-center wp-block-heading\">DOST\u0118PNE KOLORY NANOSTONE<\/h4>\n\n\n\n<section class=\"wp-block-uagb-columns uagb-columns__wrap uagb-columns__background-none uagb-columns__stack-mobile uagb-columns__valign-center uagb-columns__gap-10 alignwide uagb-block-73886ee4 uagb-columns__columns-4 uagb-columns__max_width-custom\"><div class=\"uagb-columns__overlay\"><\/div><div class=\"uagb-columns__inner-wrap uagb-columns__columns-4\">\n<div class=\"wp-block-uagb-column uagb-column__wrap uagb-column__background-undefined uagb-block-7c372c04\"><div class=\"uagb-column__overlay\"><\/div><div class=\"wp-block-image is-style-rounded\">\n<figure class=\"aligncenter size-full is-resized\"><img decoding=\"async\" src=\"https:\/\/www.pladostelma.com\/wp-content\/uploads\/2019\/03\/N1.jpg\" alt=\"\" class=\"wp-image-2793\" width=\"200\" height=\"200\" srcset=\"https:\/\/www.pladostelma.com\/wp-content\/uploads\/2019\/03\/N1-100x100.jpg 100w, https:\/\/www.pladostelma.com\/wp-content\/uploads\/2019\/03\/N1-150x150.jpg 150w\" sizes=\"(max-width: 200px) 100vw, 200px\" \/><\/figure><\/div>\n\n\n<p class=\"has-text-align-center\">N1 - Pure White<\/p>\n<\/div>\n\n\n\n<div class=\"wp-block-uagb-column uagb-column__wrap uagb-column__background-undefined uagb-block-74deca70\"><div class=\"uagb-column__overlay\"><\/div><div class=\"wp-block-image is-style-rounded\">\n<figure class=\"aligncenter size-full is-resized\"><img decoding=\"async\" src=\"https:\/\/www.pladostelma.com\/wp-content\/uploads\/2020\/09\/N3.jpg\" alt=\"\" class=\"wp-image-200213\" width=\"200\" height=\"200\" srcset=\"https:\/\/www.pladostelma.com\/wp-content\/uploads\/2020\/09\/N3.jpg 1181w, https:\/\/www.pladostelma.com\/wp-content\/uploads\/2020\/09\/N3-300x300.jpg 300w, https:\/\/www.pladostelma.com\/wp-content\/uploads\/2020\/09\/N3-100x100.jpg 100w, https:\/\/www.pladostelma.com\/wp-content\/uploads\/2020\/09\/N3-600x600.jpg 600w, https:\/\/www.pladostelma.com\/wp-content\/uploads\/2020\/09\/N3-1024x1024.jpg 1024w, https:\/\/www.pladostelma.com\/wp-content\/uploads\/2020\/09\/N3-150x150.jpg 150w, https:\/\/www.pladostelma.com\/wp-content\/uploads\/2020\/09\/N3-768x768.jpg 768w\" sizes=\"(max-width: 200px) 100vw, 200px\" \/><\/figure><\/div>\n\n\n<p class=\"has-text-align-center\">N3 - Argan<\/p>\n<\/div>\n\n\n\n<div class=\"wp-block-uagb-column uagb-column__wrap uagb-column__background-undefined uagb-block-7822bb35\"><div class=\"uagb-column__overlay\"><\/div><div class=\"wp-block-image is-style-rounded\">\n<figure class=\"aligncenter size-full is-resized\"><img decoding=\"async\" src=\"https:\/\/www.pladostelma.com\/wp-content\/uploads\/2020\/09\/N4.jpg\" alt=\"\" class=\"wp-image-200217\" width=\"200\" height=\"200\" srcset=\"https:\/\/www.pladostelma.com\/wp-content\/uploads\/2020\/09\/N4.jpg 1181w, https:\/\/www.pladostelma.com\/wp-content\/uploads\/2020\/09\/N4-300x300.jpg 300w, https:\/\/www.pladostelma.com\/wp-content\/uploads\/2020\/09\/N4-100x100.jpg 100w, https:\/\/www.pladostelma.com\/wp-content\/uploads\/2020\/09\/N4-600x600.jpg 600w, https:\/\/www.pladostelma.com\/wp-content\/uploads\/2020\/09\/N4-1024x1024.jpg 1024w, https:\/\/www.pladostelma.com\/wp-content\/uploads\/2020\/09\/N4-150x150.jpg 150w, https:\/\/www.pladostelma.com\/wp-content\/uploads\/2020\/09\/N4-768x768.jpg 768w\" sizes=\"(max-width: 200px) 100vw, 200px\" \/><\/figure><\/div>\n\n\n<p class=\"has-text-align-center\">N4 - Urban Grey<\/p>\n<\/div>\n\n\n\n<div class=\"wp-block-uagb-column uagb-column__wrap uagb-column__background-undefined uagb-block-a04d6185\"><div class=\"uagb-column__overlay\"><\/div><div class=\"wp-block-image is-style-rounded\">\n<figure class=\"aligncenter size-full is-resized\"><img decoding=\"async\" src=\"https:\/\/www.pladostelma.com\/wp-content\/uploads\/2020\/09\/N6.jpg\" alt=\"\" class=\"wp-image-200221\" width=\"200\" height=\"200\" srcset=\"https:\/\/www.pladostelma.com\/wp-content\/uploads\/2020\/09\/N6.jpg 1181w, https:\/\/www.pladostelma.com\/wp-content\/uploads\/2020\/09\/N6-300x300.jpg 300w, https:\/\/www.pladostelma.com\/wp-content\/uploads\/2020\/09\/N6-100x100.jpg 100w, https:\/\/www.pladostelma.com\/wp-content\/uploads\/2020\/09\/N6-600x600.jpg 600w, https:\/\/www.pladostelma.com\/wp-content\/uploads\/2020\/09\/N6-1024x1024.jpg 1024w, https:\/\/www.pladostelma.com\/wp-content\/uploads\/2020\/09\/N6-150x150.jpg 150w, https:\/\/www.pladostelma.com\/wp-content\/uploads\/2020\/09\/N6-768x768.jpg 768w\" sizes=\"(max-width: 200px) 100vw, 200px\" \/><\/figure><\/div>\n\n\n<p class=\"has-text-align-center\">N6 - Deep Black<\/p>\n<\/div>\n<\/div><\/section>","protected":false},"excerpt":{"rendered":"<p>NanoSTONE, materiale esclusivo di ultima generazione, \u00e8 stato progettato con l\u2019obiettivo di fornire un lavello con altissime performances meccaniche ed estetiche, nato per gli ambienti moderni e contemporanei. Il nuovo materiale \u00e8 composto da resina acrilica purissima e da un mix di cariche minerali, progettate affinch\u00e9 si leghino tra loro sviluppando una rete 3D di [&hellip;]<\/p>\n","protected":false},"author":2,"featured_media":208016,"parent":0,"menu_order":0,"comment_status":"closed","ping_status":"closed","template":"","meta":{"_acf_changed":false,"_seopress_robots_primary_cat":"","_seopress_titles_title":"","_seopress_titles_desc":"","_seopress_robots_index":"","_uag_custom_page_level_css":"","iawp_total_views":1429,"uix_meta_title":"","uix_meta_description":"","uix_canonical_url":"","footnotes":""},"class_list":["post-2274","page","type-page","status-publish","has-post-thumbnail","hentry"],"acf":[],"uagb_featured_image_src":{"full":["https:\/\/www.pladostelma.com\/wp-content\/uploads\/2021\/02\/nanostone_21.jpg",1920,1280,false],"thumbnail":["https:\/\/www.pladostelma.com\/wp-content\/uploads\/2021\/02\/nanostone_21-150x150.jpg",150,150,true],"medium":["https:\/\/www.pladostelma.com\/wp-content\/uploads\/2021\/02\/nanostone_21-300x200.jpg",300,200,true],"medium_large":["https:\/\/www.pladostelma.com\/wp-content\/uploads\/2021\/02\/nanostone_21-768x512.jpg",768,512,true],"large":["https:\/\/www.pladostelma.com\/wp-content\/uploads\/2021\/02\/nanostone_21-1024x683.jpg",1024,683,true],"1536x1536":["https:\/\/www.pladostelma.com\/wp-content\/uploads\/2021\/02\/nanostone_21-1536x1024.jpg",1536,1024,true],"2048x2048":["https:\/\/www.pladostelma.com\/wp-content\/uploads\/2021\/02\/nanostone_21.jpg",1920,1280,false],"trp-custom-language-flag":["https:\/\/www.pladostelma.com\/wp-content\/uploads\/2021\/02\/nanostone_21.jpg",18,12,false],"woocommerce_thumbnail":["https:\/\/www.pladostelma.com\/wp-content\/uploads\/2021\/02\/nanostone_21-300x200.jpg",300,200,true],"woocommerce_single":["https:\/\/www.pladostelma.com\/wp-content\/uploads\/2021\/02\/nanostone_21-600x400.jpg",600,400,true],"woocommerce_gallery_thumbnail":["https:\/\/www.pladostelma.com\/wp-content\/uploads\/2021\/02\/nanostone_21-100x100.jpg",100,100,true],"variation_swatches_image_size":["https:\/\/www.pladostelma.com\/wp-content\/uploads\/2021\/02\/nanostone_21.jpg",50,33,false],"variation_swatches_tooltip_size":["https:\/\/www.pladostelma.com\/wp-content\/uploads\/2021\/02\/nanostone_21.jpg",100,67,false]},"uagb_author_info":{"display_name":"Luca Cavaleri","author_link":"https:\/\/www.pladostelma.com\/pl\/author\/luca\/"},"uagb_comment_info":0,"uagb_excerpt":"NanoSTONE, materiale esclusivo di ultima generazione, \u00e8 stato progettato con l\u2019obiettivo di fornire un lavello con altissime performances meccaniche ed estetiche, nato per gli ambienti moderni e contemporanei. Il nuovo materiale \u00e8 composto da resina acrilica purissima e da un mix di cariche minerali, progettate affinch\u00e9 si leghino tra loro sviluppando una rete 3D di&hellip;","_links":{"self":[{"href":"https:\/\/www.pladostelma.com\/pl\/wp-json\/wp\/v2\/pages\/2274","targetHints":{"allow":["GET"]}}],"collection":[{"href":"https:\/\/www.pladostelma.com\/pl\/wp-json\/wp\/v2\/pages"}],"about":[{"href":"https:\/\/www.pladostelma.com\/pl\/wp-json\/wp\/v2\/types\/page"}],"author":[{"embeddable":true,"href":"https:\/\/www.pladostelma.com\/pl\/wp-json\/wp\/v2\/users\/2"}],"replies":[{"embeddable":true,"href":"https:\/\/www.pladostelma.com\/pl\/wp-json\/wp\/v2\/comments?post=2274"}],"version-history":[{"count":0,"href":"https:\/\/www.pladostelma.com\/pl\/wp-json\/wp\/v2\/pages\/2274\/revisions"}],"wp:featuredmedia":[{"embeddable":true,"href":"https:\/\/www.pladostelma.com\/pl\/wp-json\/wp\/v2\/media\/208016"}],"wp:attachment":[{"href":"https:\/\/www.pladostelma.com\/pl\/wp-json\/wp\/v2\/media?parent=2274"}],"curies":[{"name":"wp","href":"https:\/\/api.w.org\/{rel}","templated":true}]}}