{"id":2223,"date":"2018-10-25T17:21:17","date_gmt":"2018-10-25T15:21:17","guid":{"rendered":"https:\/\/www.pladostelma.com\/ariapura\/"},"modified":"2023-04-21T09:48:00","modified_gmt":"2023-04-21T07:48:00","slug":"ariapura","status":"publish","type":"page","link":"https:\/\/www.pladostelma.com\/pl\/ariapura\/","title":{"rendered":"ARIAPURA"},"content":{"rendered":"<section class=\"wp-block-uagb-columns uagb-columns__wrap uagb-columns__background-none uagb-columns__stack-mobile uagb-columns__valign-center uagb-columns__gap-10 alignwide uagb-block-f45e4761 uagb-columns__columns-1 uagb-columns__max_width-custom\"><div class=\"uagb-columns__overlay\"><\/div><div class=\"uagb-columns__inner-wrap uagb-columns__columns-1\">\n<div class=\"wp-block-uagb-column uagb-column__wrap uagb-column__background-undefined uagb-block-291be9ee\"><div class=\"uagb-column__overlay\"><\/div><div class=\"wp-block-image\">\n<figure class=\"aligncenter size-large is-resized\"><img decoding=\"async\" src=\"https:\/\/www.pladostelma.com\/wp-content\/uploads\/ariapura_23-1024x682.jpg\" alt=\"\" class=\"wp-image-245090\" width=\"1280\" srcset=\"https:\/\/www.pladostelma.com\/wp-content\/uploads\/ariapura_23-1024x682.jpg 1024w, https:\/\/www.pladostelma.com\/wp-content\/uploads\/ariapura_23-300x200.jpg 300w, https:\/\/www.pladostelma.com\/wp-content\/uploads\/ariapura_23-768x512.jpg 768w, https:\/\/www.pladostelma.com\/wp-content\/uploads\/ariapura_23-18x12.jpg 18w, https:\/\/www.pladostelma.com\/wp-content\/uploads\/ariapura_23-600x400.jpg 600w, https:\/\/www.pladostelma.com\/wp-content\/uploads\/ariapura_23-100x67.jpg 100w, https:\/\/www.pladostelma.com\/wp-content\/uploads\/ariapura_23.jpg 1280w\" sizes=\"(max-width: 1024px) 100vw, 1024px\" \/><\/figure><\/div>\n\n\n<h4 class=\"alignwide has-text-align-center wp-block-heading\">TECHNOLOGIA, KT\u00d3RA PRZENOSI NIEBO DO KUCHNI<\/h4>\n<\/div>\n<\/div><\/section>\n\n\n\n<section class=\"wp-block-uagb-columns uagb-columns__wrap uagb-columns__background-none uagb-columns__stack-mobile uagb-columns__valign-center uagb-columns__gap-10 alignwide uagb-block-fb385914 uagb-columns__columns-2 uagb-columns__max_width-theme\"><div class=\"uagb-columns__overlay\"><\/div><div class=\"uagb-columns__inner-wrap uagb-columns__columns-2\">\n<div class=\"wp-block-uagb-column uagb-column__wrap uagb-column__background-undefined uagb-block-15901290\"><div class=\"uagb-column__overlay\"><\/div><div class=\"wp-block-image\">\n<figure class=\"aligncenter size-full is-resized\"><img decoding=\"async\" src=\"https:\/\/www.pladostelma.com\/wp-content\/uploads\/ARIAPURA_LOGO.jpg\" alt=\"\" class=\"wp-image-236061\" width=\"250\" height=\"250\" srcset=\"https:\/\/www.pladostelma.com\/wp-content\/uploads\/ARIAPURA_LOGO.jpg 600w, https:\/\/www.pladostelma.com\/wp-content\/uploads\/ARIAPURA_LOGO-300x300.jpg 300w, https:\/\/www.pladostelma.com\/wp-content\/uploads\/ARIAPURA_LOGO-150x150.jpg 150w, https:\/\/www.pladostelma.com\/wp-content\/uploads\/ARIAPURA_LOGO-12x12.jpg 12w, https:\/\/www.pladostelma.com\/wp-content\/uploads\/ARIAPURA_LOGO-100x100.jpg 100w\" sizes=\"(max-width: 250px) 100vw, 250px\" \/><\/figure><\/div><\/div>\n\n\n\n<div class=\"wp-block-uagb-column uagb-column__wrap uagb-column__background-undefined uagb-block-e481ad50\"><div class=\"uagb-column__overlay\"><\/div>\n<p>Technologia <strong>ARIAPURA<\/strong> ma skuteczne dzia\u0142anie antybakteryjne, sprawia, \u017ce zlew jest \u015bwie\u017cszy i bardziej higieniczny, a tak\u017ce przyczynia si\u0119 do zdrowszego i czystszego powietrza w kuchni.<br><br><strong>PATENT MI\u0118DZYNARODOWY<\/strong> <strong>PCT\/EP2012 \/065120<\/strong><\/p>\n\n\n\n<p>Materia\u0142 zlewozmywak\u00f3w Plados zawiera nanocz\u0105steczki dwutlenku tytanu (Tio2), kt\u00f3ry nie tylko przyczynia si\u0119 do oczyszczania powietrza w \u015brodowisku kuchennym, ale tak\u017ce ma dzia\u0142anie antybakteryjne, dzi\u0119ki czemu zlewozmywak jest \u015bwie\u017cszy i czystszy. ARIAPURA jest obecny w ca\u0142ym zlewozmywaku, ma nieograniczon\u0105 \u017cywotno\u015b\u0107, pozostaje aktywny i zachowuje pe\u0142n\u0105 skuteczno\u015b\u0107 przez d\u0142ugi czas, nawet gdy powierzchnie s\u0105 zu\u017cyte i porysowane. Wszystkie zlewozmywaki Plados Telma s\u0105 wyposa\u017cone w opatentowan\u0105 technologi\u0119 ARIAPURA, kt\u00f3ra dzia\u0142a potr\u00f3jnie:<br><br>- PRZECIW ZANIECZYSZCZENIOM<br>- BAKTERYJNE<br>- SELF-PULSING<\/p>\n<\/div>\n<\/div><\/section>\n\n\n\n<section class=\"wp-block-uagb-columns uagb-columns__wrap uagb-columns__background-none uagb-columns__stack-mobile uagb-columns__valign-center uagb-columns__gap-10 alignwide uagb-block-36be77a8 uagb-columns__columns-2 uagb-columns__max_width-custom\"><div class=\"uagb-columns__overlay\"><\/div><div class=\"uagb-columns__inner-wrap uagb-columns__columns-2\">\n<div class=\"wp-block-uagb-column uagb-column__wrap uagb-column__background-undefined uagb-block-bb967535\"><div class=\"uagb-column__overlay\"><\/div>\n<figure class=\"wp-block-image size-full\"><img decoding=\"async\" width=\"1024\" height=\"683\" src=\"https:\/\/www.pladostelma.com\/wp-content\/uploads\/2020\/07\/meditation_2020-1.jpg\" alt=\"\" class=\"wp-image-200049\" srcset=\"https:\/\/www.pladostelma.com\/wp-content\/uploads\/2020\/07\/meditation_2020-1.jpg 1024w, https:\/\/www.pladostelma.com\/wp-content\/uploads\/2020\/07\/meditation_2020-1-300x200.jpg 300w, https:\/\/www.pladostelma.com\/wp-content\/uploads\/2020\/07\/meditation_2020-1-600x400.jpg 600w, https:\/\/www.pladostelma.com\/wp-content\/uploads\/2020\/07\/meditation_2020-1-768x512.jpg 768w\" sizes=\"(max-width: 1024px) 100vw, 1024px\" \/><\/figure>\n<\/div>\n\n\n\n<div class=\"wp-block-uagb-column uagb-column__wrap uagb-column__background-undefined uagb-block-594873ad\"><div class=\"uagb-column__overlay\"><\/div>\n<h4 class=\"wp-block-heading\">DLACZEGO ANTYBAKTERYJNY AZIONE JEST WA\u017bNY?<\/h4>\n\n\n\n<p>Zlewozmywak jest cz\u0119sto u\u017cywany jako miejsce przygotowywania \u017cywno\u015bci. W kontakcie z \u017cywno\u015bci\u0105, kt\u00f3ra trafia na st\u00f3\u0142, zlew mo\u017ce przenosi\u0107 bakterie. ARIAPURA mo\u017ce pom\u00f3c zmniejszy\u0107 to ryzyko, zapewniaj\u0105c ca\u0142ej rodzinie wi\u0119kszy spok\u00f3j i bezpiecze\u0144stwo. Dzia\u0142anie antybakteryjne wywierane przez ARIAPURA u\u0142atwia znaczn\u0105 redukcj\u0119 nieprzyjemnych zapach\u00f3w w samym zlewie, w \u015brodowisku pod zlewem, gdzie cz\u0119sto przechowywany jest pojemnik na odpady organiczne, oraz w otaczaj\u0105cym powietrzu, przyczyniaj\u0105c si\u0119 do \u015bwie\u017cszego i zdrowszego \u015brodowiska kuchennego. Nieprzyjemne zapachy, kt\u00f3re czasami formano w zlewie mog\u0105 by\u0107 spowodowane przez bakterie, kt\u00f3re rozwijaj\u0105 si\u0119 w gor\u0105cych i wilgotnych warunkach.<\/p>\n<\/div>\n<\/div><\/section>\n\n\n\n<section class=\"wp-block-uagb-columns uagb-columns__wrap uagb-columns__background-none uagb-columns__stack-mobile uagb-columns__valign-center uagb-columns__gap-10 alignwide uagb-block-2ce147c8 uagb-columns__columns-2 uagb-columns__max_width-custom\"><div class=\"uagb-columns__overlay\"><\/div><div class=\"uagb-columns__inner-wrap uagb-columns__columns-2\">\n<div class=\"wp-block-uagb-column uagb-column__wrap uagb-column__background-undefined uagb-block-7f447bbf\"><div class=\"uagb-column__overlay\"><\/div>\n<h4 class=\"wp-block-heading\">ANTYBAKTERYJNY ZLEWOZMYWAK 100%<\/h4>\n\n\n\n<p>Dzia\u0142anie antybakteryjne ogranicza rozw\u00f3j bakterii, utrzymuj\u0105c \u015bwie\u017co\u015b\u0107 i czysto\u015b\u0107 zlewozmywaka mi\u0119dzy kolejnymi u\u017cyciami przy zachowaniu normalnych praktyk czyszczenia i higieny. Dzia\u0142anie antybakteryjne wywierane przez ARIAPURA nie jest pow\u0142ok\u0105 powierzchniow\u0105 na zlewozmywaku, ale efektem dzia\u0142ania nanocz\u0105steczek osadzonych w ca\u0142ej masie produktu:<br>? Nie zmniejsza si\u0119 azione podczas prania i nie zu\u017cywa si\u0119 z up\u0142ywem czasu.<br>- Pozostaje ona aktywna nawet wtedy, gdy powierzchnie s\u0105 zu\u017cyte i porysowane.<br>- Jest bezpieczny, trwa\u0142y i skuteczny.<\/p>\n<\/div>\n\n\n\n<div class=\"wp-block-uagb-column uagb-column__wrap uagb-column__background-undefined uagb-block-8856401f\"><div class=\"uagb-column__overlay\"><\/div>\n<h4 class=\"wp-block-heading\"><strong>AZIONE SAMOCZYSZCZ\u0104CY<\/strong><\/h4>\n\n\n\n<p>Technologia ARIAPURA przyczynia si\u0119 do \u015bwie\u017cszego i czystszego zlewu. Krople wody, kt\u00f3re wchodz\u0105 w kontakt ze zlewem, maj\u0105 tendencj\u0119 do sp\u0142aszczania si\u0119 i \u0142atwiejszego ze\u015blizgiwania, ci\u0105gn\u0105c brud i zanieczyszczenia, aby nie mog\u0142y si\u0119 osadza\u0107.<br><br><\/p>\n\n\n\n<p class=\"has-small-font-size\">* Ochrona antybakteryjna one nie jest obecna w bateriach, armaturze, urz\u0105dzeniach i okapach. Technologia ARIAPURA nie zast\u0119puje normalnych praktyk higieny i czyszczenia.<\/p>\n\n\n\n<p><br><\/p>\n<\/div>\n<\/div><\/section>","protected":false},"excerpt":{"rendered":"<p>LA TECNOLOGIA CHE PORTA IL CIELO IN CUCINA La tecnologia ARIAPURA svolge una efficace azione antibatterica, rende il lavello pi\u00f9 fresco e pi\u00f9 igienico e contribuisce a rendere pi\u00f9 sana e pulita l&#8217;aria nell&#8217;ambiente cucina. BREVETTO INTERNAZIONALE PCT\/EP2012 \/065120 Il materiale dei lavelli plados \u00e8 addizionato con nanoparticelle di biossido di titanio (Tio2) che oltre [&hellip;]<\/p>\n","protected":false},"author":2,"featured_media":200026,"parent":0,"menu_order":0,"comment_status":"closed","ping_status":"closed","template":"","meta":{"_acf_changed":false,"_seopress_robots_primary_cat":"","_seopress_titles_title":"","_seopress_titles_desc":"","_seopress_robots_index":"","_uag_custom_page_level_css":"","iawp_total_views":994,"uix_meta_title":"","uix_meta_description":"","uix_canonical_url":"","footnotes":""},"class_list":["post-2223","page","type-page","status-publish","has-post-thumbnail","hentry"],"acf":[],"uagb_featured_image_src":{"full":["https:\/\/www.pladostelma.com\/wp-content\/uploads\/2020\/07\/ARIAPURA_COVER.jpg",1280,660,false],"thumbnail":["https:\/\/www.pladostelma.com\/wp-content\/uploads\/2020\/07\/ARIAPURA_COVER-150x150.jpg",150,150,true],"medium":["https:\/\/www.pladostelma.com\/wp-content\/uploads\/2020\/07\/ARIAPURA_COVER-300x155.jpg",300,155,true],"medium_large":["https:\/\/www.pladostelma.com\/wp-content\/uploads\/2020\/07\/ARIAPURA_COVER-768x396.jpg",768,396,true],"large":["https:\/\/www.pladostelma.com\/wp-content\/uploads\/2020\/07\/ARIAPURA_COVER-1024x528.jpg",1024,528,true],"1536x1536":["https:\/\/www.pladostelma.com\/wp-content\/uploads\/2020\/07\/ARIAPURA_COVER.jpg",1280,660,false],"2048x2048":["https:\/\/www.pladostelma.com\/wp-content\/uploads\/2020\/07\/ARIAPURA_COVER.jpg",1280,660,false],"trp-custom-language-flag":["https:\/\/www.pladostelma.com\/wp-content\/uploads\/2020\/07\/ARIAPURA_COVER.jpg",18,9,false],"woocommerce_thumbnail":["https:\/\/www.pladostelma.com\/wp-content\/uploads\/2020\/07\/ARIAPURA_COVER-300x155.jpg",300,155,true],"woocommerce_single":["https:\/\/www.pladostelma.com\/wp-content\/uploads\/2020\/07\/ARIAPURA_COVER-600x309.jpg",600,309,true],"woocommerce_gallery_thumbnail":["https:\/\/www.pladostelma.com\/wp-content\/uploads\/2020\/07\/ARIAPURA_COVER-100x100.jpg",100,100,true],"variation_swatches_image_size":["https:\/\/www.pladostelma.com\/wp-content\/uploads\/2020\/07\/ARIAPURA_COVER.jpg",50,26,false],"variation_swatches_tooltip_size":["https:\/\/www.pladostelma.com\/wp-content\/uploads\/2020\/07\/ARIAPURA_COVER.jpg",100,52,false]},"uagb_author_info":{"display_name":"Luca Cavaleri","author_link":"https:\/\/www.pladostelma.com\/pl\/author\/luca\/"},"uagb_comment_info":0,"uagb_excerpt":"LA TECNOLOGIA CHE PORTA IL CIELO IN CUCINA La tecnologia ARIAPURA svolge una efficace azione antibatterica, rende il lavello pi\u00f9 fresco e pi\u00f9 igienico e contribuisce a rendere pi\u00f9 sana e pulita l&#8217;aria nell&#8217;ambiente cucina. BREVETTO INTERNAZIONALE PCT\/EP2012 \/065120 Il materiale dei lavelli plados \u00e8 addizionato con nanoparticelle di biossido di titanio (Tio2) che oltre&hellip;","_links":{"self":[{"href":"https:\/\/www.pladostelma.com\/pl\/wp-json\/wp\/v2\/pages\/2223","targetHints":{"allow":["GET"]}}],"collection":[{"href":"https:\/\/www.pladostelma.com\/pl\/wp-json\/wp\/v2\/pages"}],"about":[{"href":"https:\/\/www.pladostelma.com\/pl\/wp-json\/wp\/v2\/types\/page"}],"author":[{"embeddable":true,"href":"https:\/\/www.pladostelma.com\/pl\/wp-json\/wp\/v2\/users\/2"}],"replies":[{"embeddable":true,"href":"https:\/\/www.pladostelma.com\/pl\/wp-json\/wp\/v2\/comments?post=2223"}],"version-history":[{"count":0,"href":"https:\/\/www.pladostelma.com\/pl\/wp-json\/wp\/v2\/pages\/2223\/revisions"}],"wp:featuredmedia":[{"embeddable":true,"href":"https:\/\/www.pladostelma.com\/pl\/wp-json\/wp\/v2\/media\/200026"}],"wp:attachment":[{"href":"https:\/\/www.pladostelma.com\/pl\/wp-json\/wp\/v2\/media?parent=2223"}],"curies":[{"name":"wp","href":"https:\/\/api.w.org\/{rel}","templated":true}]}}