{"id":196723,"date":"2020-01-31T10:04:18","date_gmt":"2020-01-31T09:04:18","guid":{"rendered":"https:\/\/www.pladostelma.com\/?page_id=196723"},"modified":"2020-11-10T16:25:34","modified_gmt":"2020-11-10T15:25:34","slug":"cookie-policy","status":"publish","type":"page","link":"https:\/\/www.pladostelma.com\/pl\/cookie-policy\/","title":{"rendered":"Polityka dotycz\u0105ca plik\u00f3w cookie"},"content":{"rendered":"<h3 class=\"wp-block-heading\" id=\"h.tgfttkudes8p\">Czym s\u0105 pliki cookie?<\/h3>\n\n\n\n<p>Pliki cookie to ma\u0142e fragmenty danych, przechowywane w plikach tekstowych, kt\u00f3re s\u0105 przechowywane na komputerze lub innym urz\u0105dzeniu, gdy strony internetowe s\u0105 \u0142adowane w przegl\u0105darce. S\u0105 one powszechnie u\u017cywane do \"zapami\u0119tywania\" u\u017cytkownika i jego preferencji, zar\u00f3wno podczas pojedynczej wizyty (za pomoc\u0105 \"sesyjnego pliku cookie\"), jak i podczas wielu powtarzaj\u0105cych si\u0119 wizyt (przy u\u017cyciu \"trwa\u0142ego pliku cookie\"). Zapewniaj\u0105 one sp\u00f3jne i wydajne do\u015bwiadczenie dla odwiedzaj\u0105cych i wykonuj\u0105 podstawowe funkcje, takie jak umo\u017cliwienie u\u017cytkownikom rejestracji i pozostania zalogowanym. Pliki cookie mog\u0105 by\u0107 ustawiane przez odwiedzan\u0105 witryn\u0119 (znane jako \"w\u0142asne pliki cookie\") lub przez strony trzecie, takie jak te, kt\u00f3re udost\u0119pniaj\u0105 tre\u015bci lub \u015bwiadcz\u0105 us\u0142ugi reklamowe lub analityczne w witrynie (\"pliki cookie stron trzecich\"). Zar\u00f3wno strony internetowe, jak i wiadomo\u015bci e-mail w formacie HTML mog\u0105 r\u00f3wnie\u017c zawiera\u0107 inne technologie \u015bledzenia, takie jak \"sygna\u0142y nawigacyjne\" lub \"piksele\". S\u0105 to zazwyczaj ma\u0142e, przezroczyste obrazy, kt\u00f3re dostarczaj\u0105 nam statystyk w podobnych celach jak pliki cookie. S\u0105 one cz\u0119sto u\u017cywane w po\u0142\u0105czeniu z plikami cookie, cho\u0107 nie s\u0105 przechowywane na komputerze u\u017cytkownika w ten sam spos\u00f3b. W rezultacie, je\u015bli u\u017cytkownik wy\u0142\u0105czy pliki cookie, web beacons mog\u0105 nadal si\u0119 \u0142adowa\u0107, ale ich funkcjonalno\u015b\u0107 b\u0119dzie ograniczona.<\/p>\n\n\n\n<h3 class=\"wp-block-heading\" id=\"h.r53n6pn1o2s\">Jak u\u017cywamy plik\u00f3w cookie<\/h3>\n\n\n\n<p>\n\t\tU\u017cywamy plik\u00f3w cookie do wielu r\u00f3\u017cnych cel\u00f3w. Niekt\u00f3re pliki cookie s\u0105 niezb\u0119dne z przyczyn\n\t\t\tze wzgl\u0119d\u00f3w technicznych; niekt\u00f3re umo\u017cliwiaj\u0105 spersonalizowan\u0105 obs\u0142ug\u0119 zar\u00f3wno odwiedzaj\u0105cym, jak i zarejestrowanym u\u017cytkownikom; a niekt\u00f3re pozwalaj\u0105 na\n\t\t\twy\u015bwietlanie reklam z wybranych sieci stron trzecich. Niekt\u00f3re z tych plik\u00f3w cookie mog\u0105 by\u0107 ustawiane, gdy strona jest\n\t\t\tlub gdy odwiedzaj\u0105cy podejmuje okre\u015blone dzia\u0142anie (na przyk\u0142ad klikaj\u0105c przycisk \"Lubi\u0119 to\" lub \"Obserwuj\" w po\u015bcie).\n\t\t\tna przyk\u0142ad). Wiele z u\u017cywanych przez nas plik\u00f3w cookie jest ustawianych tylko wtedy, gdy jeste\u015b zarejestrowanym u\u017cytkownikiem WordPress.com (dzi\u0119ki czemu\n\t\t\tnie musisz si\u0119 logowa\u0107 za ka\u017cdym razem), podczas gdy inne s\u0105 ustawiane za ka\u017cdym razem, gdy odwiedzasz one naszych\n\t\t\twitryny, niezale\u017cnie od tego, czy masz konto. Aby uzyska\u0107 wi\u0119cej informacji na temat mo\u017cliwo\u015bci wyboru\n\t\t\tplik\u00f3w cookie, zapoznaj si\u0119 z sekcj\u0105 Kontrola plik\u00f3w cookie poni\u017cej.<\/p>\n\n\n\n<h3 class=\"wp-block-heading\" id=\"h.h79qp21z16rf\">Rodzaje plik\u00f3w cookie<\/h3>\n\n\n\n<p>Poni\u017csza tabela wyja\u015bnia rodzaje plik\u00f3w cookie, kt\u00f3rych u\u017cywamy na naszych stronach internetowych i\n\t\t\tdlaczego ich u\u017cywamy.<\/p>\n\n\n\n<figure class=\"wp-block-table\"><table class=\"\"><tbody><tr><td>\n\t\t\tKategoria plik\u00f3w cookie<\/td><td>\n\t\t\tDlaczego u\u017cywamy tych plik\u00f3w cookie<\/td><\/tr><tr><td>Niezb\u0119dne\n\t\t\t<\/td><td>Te pliki cookie s\u0105 niezb\u0119dne\n\t\t\taby strony internetowe w naszych us\u0142ugach mog\u0142y wykonywa\u0107 swoje podstawowe funkcje. Obejmuj\u0105 one te, kt\u00f3re s\u0105 wymagane, aby umo\u017cliwi\u0107\n\t\t\tzarejestrowanym u\u017cytkownikom uwierzytelnianie i wykonywanie funkcji zwi\u0105zanych z kontem, a tak\u017ce zapisywanie zawarto\u015bci\n\t\t\twirtualnych \"koszyk\u00f3w\" na stronach, kt\u00f3re maj\u0105 funkcj\u0119 e-commerce.<\/td><\/tr><tr><td>Funkcjonalno\u015b\u0107<\/td><td>Te pliki cookie s\u0105 u\u017cywane do przechowywania\n\t\t\t\tpreferencji ustawionych przez u\u017cytkownik\u00f3w, takich jak nazwa konta, j\u0119zyk i lokalizacja.<\/td><\/tr><\/tbody><\/table><\/figure>\n\n\n\n<h3 class=\"wp-block-heading\" id=\"h.h79qp21z16rf\">Pliki cookie na naszej stronie internetowej<\/h3>\n\n\n\n<h3 class=\"wp-block-heading\" id=\"h.fiuszt1eu4b8\">Witryny u\u017cytkownik\u00f3w<\/h3>\n\n\n\n<p>Opr\u00f3cz plik\u00f3w cookie ustawionych na naszych w\u0142asnych stronach, wykorzystujemy pliki cookie dla naszych\n\t\t\n\t\t<a href=\"https:\/\/en.support.wordpress.com\/stats\/&amp;sa=D&amp;ust=1566295713503000\">Statystyki witryny<\/a>\n\t\t&nbsp;funkcja. Ta funkcja zlicza unikaln\u0105 liczb\u0119 odwiedzaj\u0105cych witryn\u0119, a tak\u017ce\n\t\tz okre\u015blonych lokalizacji geograficznych. Odwiedzaj\u0105cy jest liczony, gdy widzimy u\u017cytkownika lub przegl\u0105dark\u0119 po raz pierwszy\n\t\tw danym okresie.<\/p>\n\n\n\n<h3 class=\"wp-block-heading\" id=\"h.h23d3bxfvjc4\">Kontrola plik\u00f3w cookie<\/h3>\n\n\n\n<p>Odwiedzaj\u0105cy mog\u0105 chcie\u0107 ograniczy\u0107 korzystanie z plik\u00f3w cookie lub ca\u0142kowicie uniemo\u017cliwi\u0107 ich ustawienie.\n\t\t\tWi\u0119kszo\u015b\u0107 przegl\u0105darek zapewnia sposoby kontrolowania zachowania plik\u00f3w cookie, takie jak czas ich przechowywania ?\n\t\t\tza pomoc\u0105 wbudowanych funkcji lub wtyczek innych firm. W przypadku wy\u0142\u0105czenia plik\u00f3w cookie\n\t\t\t\u017ce niekt\u00f3re funkcje naszego serwisu mog\u0105 nie dzia\u0142a\u0107 poprawnie. Aby dowiedzie\u0107 si\u0119 wi\u0119cej na temat zarz\u0105dzania\n\t\t\ti usuwa\u0107 pliki cookie, odwied\u017a stron\u0119 aboutcookies.org. Aby uzyska\u0107 wi\u0119cej informacji na temat wybor\u00f3w dotycz\u0105cych korzystania z przegl\u0105dania sieci\n\t\t\tw celu wy\u015bwietlania reklam opartych na zainteresowaniach\n\t\t\t<a href=\"http:\/\/youronlinechoices.eu\">youronlinechoices.eu<\/a>&nbsp;(z siedzib\u0105 w UE) lub\n\t\t\t\n\t\t\t<a href=\"http:\/\/optout.aboutads.info\">optout.aboutads.info<\/a>&nbsp;(z siedzib\u0105 w USA).\n\t\t<\/p>\n\n\n\n<p>Na urz\u0105dzeniu mobilnym mo\u017cna r\u00f3wnie\u017c dostosowa\u0107 ustawienia, aby ograniczy\u0107 \u015bledzenie.<\/p>\n\n\n\n<p>Mo\u017cesz na przyk\u0142ad zrezygnowa\u0107 z Google Analytics, instaluj\u0105c aplikacj\u0119 \n\t\t\t<a href=\"https:\/\/tools.google.com\/dlpage\/gaoptout\">Dodatek do przegl\u0105darki Google umo\u017cliwiaj\u0105cy rezygnacj\u0119<\/a>lub\n\t\t\tz Hotjar za pomoc\u0105\n\t\t\t<a href=\"https:\/\/www.hotjar.com\/legal\/compliance\/opt-out\">Nag\u0142\u00f3wek Nie \u015bled\u017a<\/a>.<\/p>\n\n\n\n<h3 class=\"wp-block-heading\" id=\"h.b3iripmixrxv\">Kontakt<\/h3>\n\n\n\n<p>Je\u015bli\n\t\t\tJe\u015bli masz jakiekolwiek pytania dotycz\u0105ce korzystania przez nas z plik\u00f3w cookie, mo\u017cesz znale\u017a\u0107 najbardziej odpowiednie dane kontaktowe na naszej stronie kontaktowej.\n\t\t<\/p>","protected":false},"excerpt":{"rendered":"<p>What are cookies? Cookies are small pieces of data, stored in text files, that are stored on your computer or other device when websites are loaded in a browser. They are widely used to &#8220;remember&#8221; you and your preferences, either for a single visit (through a &#8220;session cookie&#8221;) or for multiple repeat visits (using a [&hellip;]<\/p>\n","protected":false},"author":58,"featured_media":0,"parent":0,"menu_order":0,"comment_status":"closed","ping_status":"closed","template":"","meta":{"_acf_changed":false,"_seopress_robots_primary_cat":"","_seopress_titles_title":"","_seopress_titles_desc":"","_seopress_robots_index":"","_uag_custom_page_level_css":"","iawp_total_views":106,"uix_meta_title":"","uix_meta_description":"","uix_canonical_url":"","footnotes":""},"class_list":["post-196723","page","type-page","status-publish","hentry"],"acf":[],"uagb_featured_image_src":{"full":false,"thumbnail":false,"medium":false,"medium_large":false,"large":false,"1536x1536":false,"2048x2048":false,"trp-custom-language-flag":false,"woocommerce_thumbnail":false,"woocommerce_single":false,"woocommerce_gallery_thumbnail":false,"variation_swatches_image_size":false,"variation_swatches_tooltip_size":false},"uagb_author_info":{"display_name":"Assistenza Plados Telma","author_link":"https:\/\/www.pladostelma.com\/pl\/author\/assistenza\/"},"uagb_comment_info":0,"uagb_excerpt":"What are cookies? Cookies are small pieces of data, stored in text files, that are stored on your computer or other device when websites are loaded in a browser. They are widely used to &#8220;remember&#8221; you and your preferences, either for a single visit (through a &#8220;session cookie&#8221;) or for multiple repeat visits (using a&hellip;","_links":{"self":[{"href":"https:\/\/www.pladostelma.com\/pl\/wp-json\/wp\/v2\/pages\/196723","targetHints":{"allow":["GET"]}}],"collection":[{"href":"https:\/\/www.pladostelma.com\/pl\/wp-json\/wp\/v2\/pages"}],"about":[{"href":"https:\/\/www.pladostelma.com\/pl\/wp-json\/wp\/v2\/types\/page"}],"author":[{"embeddable":true,"href":"https:\/\/www.pladostelma.com\/pl\/wp-json\/wp\/v2\/users\/58"}],"replies":[{"embeddable":true,"href":"https:\/\/www.pladostelma.com\/pl\/wp-json\/wp\/v2\/comments?post=196723"}],"version-history":[{"count":0,"href":"https:\/\/www.pladostelma.com\/pl\/wp-json\/wp\/v2\/pages\/196723\/revisions"}],"wp:attachment":[{"href":"https:\/\/www.pladostelma.com\/pl\/wp-json\/wp\/v2\/media?parent=196723"}],"curies":[{"name":"wp","href":"https:\/\/api.w.org\/{rel}","templated":true}]}}