{"id":19087,"date":"2019-06-27T15:58:04","date_gmt":"2019-06-27T13:58:04","guid":{"rendered":"https:\/\/www.pladostelma.com\/materiali-e-colori\/"},"modified":"2025-03-27T09:35:47","modified_gmt":"2025-03-27T08:35:47","slug":"materiali-e-colori","status":"publish","type":"page","link":"https:\/\/www.pladostelma.com\/pl\/materiali-e-colori\/","title":{"rendered":"MATERIA\u0141Y I KOLORY"},"content":{"rendered":"<div style=\"height:100px\" aria-hidden=\"true\" class=\"wp-block-spacer\"><\/div>\n\n\n\n<h2 class=\"wp-block-heading\">microULTRAGRANIT<\/h2>\n\n\n\n<section class=\"wp-block-uagb-columns uagb-columns__wrap uagb-columns__background-none uagb-columns__stack-mobile uagb-columns__valign-center uagb-columns__gap-15 alignwide uagb-block-c0f793c7 uagb-columns__columns-2 uagb-columns__max_width-custom\"><div class=\"uagb-columns__overlay\"><\/div><div class=\"uagb-columns__inner-wrap uagb-columns__columns-2\">\n<div class=\"wp-block-uagb-column uagb-column__wrap uagb-column__background-undefined uagb-block-c4e5d8ba\"><div class=\"uagb-column__overlay\"><\/div>\n<figure class=\"wp-block-image size-large\"><img decoding=\"async\" width=\"1024\" height=\"874\" src=\"https:\/\/www.pladostelma.com\/wp-content\/uploads\/2019\/06\/IMG_1344-1024x874.jpg\" alt=\"\" class=\"wp-image-19061\" srcset=\"https:\/\/www.pladostelma.com\/wp-content\/uploads\/2019\/06\/IMG_1344-1024x874.jpg 1024w, https:\/\/www.pladostelma.com\/wp-content\/uploads\/2019\/06\/IMG_1344-300x256.jpg 300w, https:\/\/www.pladostelma.com\/wp-content\/uploads\/2019\/06\/IMG_1344-600x512.jpg 600w, https:\/\/www.pladostelma.com\/wp-content\/uploads\/2019\/06\/IMG_1344-768x655.jpg 768w, https:\/\/www.pladostelma.com\/wp-content\/uploads\/2019\/06\/IMG_1344-20x17.jpg 20w, https:\/\/www.pladostelma.com\/wp-content\/uploads\/2019\/06\/IMG_1344.jpg 1500w\" sizes=\"(max-width: 1024px) 100vw, 1024px\" \/><\/figure>\n<\/div>\n\n\n\n<div class=\"wp-block-uagb-column uagb-column__wrap uagb-column__background-undefined uagb-block-b91fe1a0\"><div class=\"uagb-column__overlay\"><\/div>\n<p>Dzi\u0119ki wyrafinowanemu systemowi formowania ze zr\u00f3\u017cnicowan\u0105 sedymentacj\u0105, microULTRAGRANIT mo\u017ce pochwali\u0107 si\u0119 bardzo wysokim st\u0119\u017ceniem powierzchniowym (ponad 80%) mikrocz\u0105stek kwarcu i granitu, kt\u00f3re nadaj\u0105 zlewozmywakowi niezwyk\u0142e w\u0142a\u015bciwo\u015bci estetyczne i przyjemne w dotyku, w po\u0142\u0105czeniu z bardzo wysok\u0105 twardo\u015bci\u0105 powierzchni, odporno\u015bci\u0105 na czynniki chemiczne, ciep\u0142o i zarysowania. Zlewozmywak wykonany z microULTRAGRANIT jest pi\u0119kny, higieniczny i \u0142atwy w czyszczeniu, a dzi\u0119ki nowym satynowym odcieniom pasuje nie tylko do klasycznych kuchni, ale tak\u017ce do nowoczesnych, modnych kuchni. Kolekcja one microULTRAGRANIT obejmuje 8 standardowych kolor\u00f3w dost\u0119pnych w magazynie i wiele innych kolor\u00f3w specjalnych. Zlewozmywaki microULTRAGRANIT s\u0105 obj\u0119te 10-letni\u0105 gwarancj\u0105.<\/p>\n<\/div>\n<\/div><\/section>\n\n\n\n<div class=\"wp-block-columns is-layout-flex wp-container-core-columns-is-layout-9d6595d7 wp-block-columns-is-layout-flex\">\n<div class=\"wp-block-column is-layout-flow wp-block-column-is-layout-flow\"><div class=\"wp-block-image gallery-item is-style-rounded\">\n<figure class=\"aligncenter is-resized\"><a href=\"https:\/\/www.pladostelma.com\/wp-content\/uploads\/2020\/09\/55.jpg\"><img decoding=\"async\" src=\"https:\/\/www.pladostelma.com\/wp-content\/uploads\/2020\/09\/55-300x300.jpg\" alt=\"\" width=\"150\" height=\"150\"\/><\/a><figcaption>55 - Sahara<\/figcaption><\/figure><\/div><\/div>\n\n\n\n<div class=\"wp-block-column is-layout-flow wp-block-column-is-layout-flow\"><div class=\"wp-block-image gallery-item is-style-rounded\">\n<figure class=\"aligncenter is-resized\"><a href=\"https:\/\/www.pladostelma.com\/wp-content\/uploads\/2020\/09\/56.jpg\"><img decoding=\"async\" src=\"https:\/\/www.pladostelma.com\/wp-content\/uploads\/2020\/09\/56-300x300.jpg\" alt=\"\" width=\"150\" height=\"150\"\/><\/a><figcaption>56 - Jasmine<\/figcaption><\/figure><\/div><\/div>\n\n\n\n<div class=\"wp-block-column is-layout-flow wp-block-column-is-layout-flow\"><div class=\"wp-block-image gallery-item is-style-rounded\">\n<figure class=\"aligncenter is-resized\"><a href=\"https:\/\/www.pladostelma.com\/wp-content\/uploads\/2020\/09\/58.jpg\"><img decoding=\"async\" src=\"https:\/\/www.pladostelma.com\/wp-content\/uploads\/2020\/09\/58-300x300.jpg\" alt=\"\" width=\"150\" height=\"150\"\/><\/a><figcaption>58 - Milk White<\/figcaption><\/figure><\/div><\/div>\n<\/div>\n\n\n\n<div class=\"wp-block-columns is-layout-flex wp-container-core-columns-is-layout-9d6595d7 wp-block-columns-is-layout-flex\">\n<div class=\"wp-block-column is-layout-flow wp-block-column-is-layout-flow\"><div class=\"wp-block-image gallery-item is-style-rounded\">\n<figure class=\"aligncenter is-resized\"><a href=\"https:\/\/www.pladostelma.com\/wp-content\/uploads\/2020\/09\/70.jpg\"><img decoding=\"async\" src=\"https:\/\/www.pladostelma.com\/wp-content\/uploads\/2020\/09\/70-300x300.jpg\" alt=\"\" width=\"150\" height=\"150\"\/><\/a><figcaption>70 - Black Matt<\/figcaption><\/figure><\/div><\/div>\n\n\n\n<div class=\"wp-block-column is-layout-flow wp-block-column-is-layout-flow\"><div class=\"wp-block-image gallery-item is-style-rounded\">\n<figure class=\"aligncenter is-resized\"><a href=\"https:\/\/www.pladostelma.com\/wp-content\/uploads\/2020\/09\/72.jpg\"><img decoding=\"async\" src=\"https:\/\/www.pladostelma.com\/wp-content\/uploads\/2020\/09\/72-300x300.jpg\" alt=\"\" width=\"150\" height=\"150\"\/><\/a><figcaption>72 - Truffle<\/figcaption><\/figure><\/div><\/div>\n\n\n\n<div class=\"wp-block-column is-layout-flow wp-block-column-is-layout-flow\"><div class=\"wp-block-image gallery-item is-style-rounded\">\n<figure class=\"aligncenter is-resized\"><a href=\"https:\/\/www.pladostelma.com\/wp-content\/uploads\/2020\/09\/90.jpg\"><img decoding=\"async\" src=\"https:\/\/www.pladostelma.com\/wp-content\/uploads\/2020\/09\/90-300x300.jpg\" alt=\"\" width=\"150\" height=\"150\"\/><\/a><figcaption>90 - Opal White<\/figcaption><\/figure><\/div><\/div>\n<\/div>\n\n\n\n<div class=\"wp-block-columns is-layout-flex wp-container-core-columns-is-layout-9d6595d7 wp-block-columns-is-layout-flex\">\n<div class=\"wp-block-column is-layout-flow wp-block-column-is-layout-flow\"><div class=\"wp-block-image gallery-item is-style-rounded\">\n<figure class=\"aligncenter is-resized\"><a href=\"https:\/\/www.pladostelma.com\/wp-content\/uploads\/2020\/09\/94.jpg\"><img decoding=\"async\" src=\"https:\/\/www.pladostelma.com\/wp-content\/uploads\/2020\/09\/94-300x300.jpg\" alt=\"\" width=\"150\" height=\"150\"\/><\/a><figcaption>94 - Avena<\/figcaption><\/figure><\/div><\/div>\n\n\n\n<div class=\"wp-block-column is-layout-flow wp-block-column-is-layout-flow\"><div class=\"wp-block-image gallery-item is-style-rounded\">\n<figure class=\"aligncenter is-resized\"><a href=\"https:\/\/www.pladostelma.com\/wp-content\/uploads\/2020\/09\/95.jpg\"><img decoding=\"async\" src=\"https:\/\/www.pladostelma.com\/wp-content\/uploads\/2020\/09\/95-300x300.jpg\" alt=\"\" width=\"150\" height=\"150\"\/><\/a><figcaption>95 - Ebony Black<\/figcaption><\/figure><\/div><\/div>\n\n\n\n<div class=\"wp-block-column is-layout-flow wp-block-column-is-layout-flow\"><div class=\"wp-block-image gallery-item is-style-rounded\">\n<figure class=\"aligncenter is-resized\"><a href=\"https:\/\/www.pladostelma.com\/wp-content\/uploads\/2020\/09\/98.jpg\"><img decoding=\"async\" src=\"https:\/\/www.pladostelma.com\/wp-content\/uploads\/2020\/09\/98-300x300.jpg\" alt=\"\" width=\"150\" height=\"150\"\/><\/a><figcaption>98 - White<\/figcaption><\/figure><\/div><\/div>\n<\/div>\n\n\n\n<div style=\"height:100px\" aria-hidden=\"true\" class=\"wp-block-spacer\"><\/div>\n\n\n\n<h2 class=\"wp-block-heading\">ULTRAMETAL<\/h2>\n\n\n\n<section class=\"wp-block-uagb-columns uagb-columns__wrap uagb-columns__background-none uagb-columns__stack-mobile uagb-columns__valign-center uagb-columns__gap-10 alignwide uagb-block-d6cead01 uagb-columns__columns-2 uagb-columns__max_width-custom\"><div class=\"uagb-columns__overlay\"><\/div><div class=\"uagb-columns__inner-wrap uagb-columns__columns-2\">\n<div class=\"wp-block-uagb-column uagb-column__wrap uagb-column__background-undefined uagb-block-73c9ed2e\"><div class=\"uagb-column__overlay\"><\/div>\n<figure class=\"wp-block-image size-full\"><img decoding=\"async\" width=\"800\" height=\"657\" src=\"https:\/\/www.pladostelma.com\/wp-content\/uploads\/2021\/03\/metal.jpg\" alt=\"\" class=\"wp-image-210097\" srcset=\"https:\/\/www.pladostelma.com\/wp-content\/uploads\/2021\/03\/metal.jpg 800w, https:\/\/www.pladostelma.com\/wp-content\/uploads\/2021\/03\/metal-300x246.jpg 300w, https:\/\/www.pladostelma.com\/wp-content\/uploads\/2021\/03\/metal-768x631.jpg 768w, https:\/\/www.pladostelma.com\/wp-content\/uploads\/2021\/03\/metal-600x493.jpg 600w\" sizes=\"(max-width: 800px) 100vw, 800px\" \/><\/figure>\n<\/div>\n\n\n\n<div class=\"wp-block-uagb-column uagb-column__wrap uagb-column__background-undefined uagb-block-2fb7924f\"><div class=\"uagb-column__overlay\"><\/div>\n<p>Dzi\u0119ki materia\u0142owi Ultrametal zlewozmywaki Plados mo\u017cna dopasowa\u0107 do innych element\u00f3w kuchennych ze stali nierdzewnejonents. Metaliczne cz\u0105steczki w mieszance wraz z kryszta\u0142ami kwarcu i granitu tworz\u0105 metaliczne odcienie i wyko\u0144czenia powierzchni zlewozmywaka. Ch\u0142odne kolory, satynowe wyko\u0144czenie powierzchni i metaliczny efekt sprawiaj\u0105, \u017ce zlewozmywaki Ultrametal szczeg\u00f3lnie dobrze sprawdzaj\u0105 si\u0119 w nowoczesnych wn\u0119trzach i w po\u0142\u0105czeniu z urz\u0105dzeniami ze stali nierdzewnej, kt\u00f3re s\u0105 cz\u0119sto spotykane w kuchniach. Zlewozmywak Ultrametal jest \u0142atwy w czyszczeniu, bardzo higieniczny i wysoce odporny na zarysowania, chemikalia, ciep\u0142o i wysokie temperatury. Zlewozmywaki ULTRAMETAL s\u0105 obj\u0119te 10-letni\u0105 gwarancj\u0105.<\/p>\n<\/div>\n<\/div><\/section>\n\n\n\n<div class=\"wp-block-columns is-layout-flex wp-container-core-columns-is-layout-9d6595d7 wp-block-columns-is-layout-flex\">\n<div class=\"wp-block-column is-layout-flow wp-block-column-is-layout-flow\"><div class=\"wp-block-image gallery-item is-style-rounded\">\n<figure class=\"aligncenter is-resized\"><a href=\"https:\/\/www.pladostelma.com\/wp-content\/uploads\/2020\/09\/41.jpg\"><img decoding=\"async\" src=\"https:\/\/www.pladostelma.com\/wp-content\/uploads\/2020\/09\/41-300x300.jpg\" alt=\"\" width=\"150\" height=\"150\"\/><\/a><figcaption>41 - Aluminium<\/figcaption><\/figure><\/div><\/div>\n\n\n\n<div class=\"wp-block-column is-layout-flow wp-block-column-is-layout-flow\"><div class=\"wp-block-image gallery-item is-style-rounded\">\n<figure class=\"aligncenter is-resized\"><a href=\"https:\/\/www.pladostelma.com\/wp-content\/uploads\/2020\/09\/42.jpg\"><img decoding=\"async\" src=\"https:\/\/www.pladostelma.com\/wp-content\/uploads\/2020\/09\/42-300x300.jpg\" alt=\"\" width=\"150\" height=\"150\"\/><\/a><figcaption>42 - Titanium<\/figcaption><\/figure><\/div><\/div>\n\n\n\n<div class=\"wp-block-column is-layout-flow wp-block-column-is-layout-flow\"><div class=\"wp-block-image gallery-item is-style-rounded\">\n<figure class=\"aligncenter is-resized\"><a href=\"https:\/\/www.pladostelma.com\/wp-content\/uploads\/2020\/09\/14.jpg\"><img decoding=\"async\" src=\"https:\/\/www.pladostelma.com\/wp-content\/uploads\/2020\/09\/14-300x300.jpg\" alt=\"\" width=\"150\" height=\"150\"\/><\/a><figcaption>14 - Concrete<\/figcaption><\/figure><\/div><\/div>\n<\/div>\n\n\n\n<div class=\"wp-block-columns is-layout-flex wp-container-core-columns-is-layout-9d6595d7 wp-block-columns-is-layout-flex\">\n<div class=\"wp-block-column is-layout-flow wp-block-column-is-layout-flow\"><div class=\"wp-block-image gallery-item is-style-rounded\">\n<figure class=\"aligncenter is-resized\"><a href=\"https:\/\/www.pladostelma.com\/wp-content\/uploads\/2020\/09\/44.jpg\"><img decoding=\"async\" src=\"https:\/\/www.pladostelma.com\/wp-content\/uploads\/2020\/09\/44-300x300.jpg\" alt=\"\" width=\"150\" height=\"150\"\/><\/a><figcaption>44 - Black<\/figcaption><\/figure><\/div><\/div>\n\n\n\n<div class=\"wp-block-column is-layout-flow wp-block-column-is-layout-flow\"><div class=\"wp-block-image gallery-item is-style-rounded\">\n<figure class=\"aligncenter is-resized\"><a href=\"https:\/\/www.pladostelma.com\/wp-content\/uploads\/2020\/09\/64.jpg\"><img decoding=\"async\" src=\"https:\/\/www.pladostelma.com\/wp-content\/uploads\/2020\/09\/64-300x300.jpg\" alt=\"\" width=\"150\" height=\"150\"\/><\/a><figcaption>64 - Brown<\/figcaption><\/figure><\/div><\/div>\n\n\n\n<div class=\"wp-block-column is-layout-flow wp-block-column-is-layout-flow\"><\/div>\n<\/div>\n\n\n\n<div style=\"height:100px\" aria-hidden=\"true\" class=\"wp-block-spacer\"><\/div>\n\n\n\n<h2 class=\"wp-block-heading\">NANOSTONE<\/h2>\n\n\n\n<section class=\"wp-block-uagb-columns uagb-columns__wrap uagb-columns__background-none uagb-columns__stack-mobile uagb-columns__valign-center uagb-columns__gap-10 alignwide uagb-block-00ca8d20 uagb-columns__columns-2 uagb-columns__max_width-custom\"><div class=\"uagb-columns__overlay\"><\/div><div class=\"uagb-columns__inner-wrap uagb-columns__columns-2\">\n<div class=\"wp-block-uagb-column uagb-column__wrap uagb-column__background-undefined uagb-block-981d2524\"><div class=\"uagb-column__overlay\"><\/div>\n<figure class=\"wp-block-image size-full\"><img decoding=\"async\" width=\"1024\" height=\"874\" src=\"https:\/\/www.pladostelma.com\/wp-content\/uploads\/2021\/03\/nanostone-1024x874-1.jpg\" alt=\"\" class=\"wp-image-209997\" srcset=\"https:\/\/www.pladostelma.com\/wp-content\/uploads\/2021\/03\/nanostone-1024x874-1.jpg 1024w, https:\/\/www.pladostelma.com\/wp-content\/uploads\/2021\/03\/nanostone-1024x874-1-300x256.jpg 300w, https:\/\/www.pladostelma.com\/wp-content\/uploads\/2021\/03\/nanostone-1024x874-1-768x656.jpg 768w, https:\/\/www.pladostelma.com\/wp-content\/uploads\/2021\/03\/nanostone-1024x874-1-600x512.jpg 600w\" sizes=\"(max-width: 1024px) 100vw, 1024px\" \/><\/figure>\n<\/div>\n\n\n\n<div class=\"wp-block-uagb-column uagb-column__wrap uagb-column__background-undefined uagb-block-dca8c29c\"><div class=\"uagb-column__overlay\"><\/div>\n<p>NanoSTONE to najwy\u017cszej jako\u015bci materia\u0142, sk\u0142adaj\u0105cy si\u0119 z ultra czystej \u017cywicy akrylowej i mieszanki zaawansowanych technologicznie wype\u0142niaczy mineralnych, zaprojektowanych tak, aby \u0142\u0105czy\u0142y si\u0119 ze sob\u0105, tworz\u0105c tr\u00f3jwymiarow\u0105 sie\u0107 \"wi\u0105za\u0144 wodorowych\". Geometria zastosowanych minera\u0142\u00f3w i polaryzacja cz\u0105stek umo\u017cliwiaj\u0105 proces chemiczny, kt\u00f3ry wi\u0105\u017ce minera\u0142y w \"uporz\u0105dkowany\" spos\u00f3b, tworz\u0105c tr\u00f3jwymiarow\u0105 struktur\u0119, kt\u00f3ra wzmacnia zlew od wewn\u0105trz, czyni\u0105c go bardziej odpornym na uderzenia i szok termiczny. Nowy materia\u0142 kompozytowy ma mocniejsz\u0105 struktur\u0119 i jest przyjemniejszy w dotyku. Podobnie jak inne materia\u0142y Plados &amp; Telma, nanoSTONE jest wzbogacony cz\u0105steczkami dwutlenku tytanu, kt\u00f3re w procesie fotokatalizy redukuj\u0105 zanieczyszczenia powietrza w kuchni, sprawiaj\u0105, \u017ce zlewozmywak jest antybakteryjny i \u0142atwiejszy do czyszczenia. Zlewozmywaki nanoSTONE obj\u0119te s\u0105 20-letni\u0105 gwarancj\u0105.<\/p>\n<\/div>\n<\/div><\/section>\n\n\n\n<div class=\"wp-block-columns is-layout-flex wp-container-core-columns-is-layout-9d6595d7 wp-block-columns-is-layout-flex\">\n<div class=\"wp-block-column is-layout-flow wp-block-column-is-layout-flow\"><div class=\"wp-block-image gallery-item is-style-rounded\">\n<figure class=\"aligncenter is-resized\"><a href=\"https:\/\/www.pladostelma.com\/wp-content\/uploads\/2020\/09\/N1.jpg\"><img decoding=\"async\" src=\"https:\/\/www.pladostelma.com\/wp-content\/uploads\/2020\/09\/N1-300x300.jpg\" alt=\"\" width=\"150\" height=\"150\"\/><\/a><figcaption>N1 - Pure White<\/figcaption><\/figure><\/div><\/div>\n\n\n\n<div class=\"wp-block-column is-layout-flow wp-block-column-is-layout-flow\"><div class=\"wp-block-image gallery-item is-style-rounded\">\n<figure class=\"aligncenter is-resized\"><a href=\"https:\/\/www.pladostelma.com\/wp-content\/uploads\/2020\/09\/N3.jpg\"><img decoding=\"async\" src=\"https:\/\/www.pladostelma.com\/wp-content\/uploads\/2020\/09\/N3-300x300.jpg\" alt=\"\" width=\"150\" height=\"150\"\/><\/a><figcaption>N3 - Argan<\/figcaption><\/figure><\/div><\/div>\n\n\n\n<div class=\"wp-block-column is-layout-flow wp-block-column-is-layout-flow\"><div class=\"wp-block-image gallery-item is-style-rounded\">\n<figure class=\"aligncenter is-resized\"><a href=\"https:\/\/www.pladostelma.com\/wp-content\/uploads\/2020\/09\/N4.jpg\"><img decoding=\"async\" src=\"https:\/\/www.pladostelma.com\/wp-content\/uploads\/2020\/09\/N4-300x300.jpg\" alt=\"\" width=\"150\" height=\"150\"\/><\/a><figcaption>N4 - Urban Grey<\/figcaption><\/figure><\/div><\/div>\n<\/div>\n\n\n\n<div class=\"wp-block-columns is-layout-flex wp-container-core-columns-is-layout-9d6595d7 wp-block-columns-is-layout-flex\">\n<div class=\"wp-block-column is-layout-flow wp-block-column-is-layout-flow\"><div class=\"wp-block-image gallery-item is-style-rounded\">\n<figure class=\"aligncenter is-resized\"><a href=\"https:\/\/www.pladostelma.com\/wp-content\/uploads\/2020\/09\/N6.jpg\"><img decoding=\"async\" src=\"https:\/\/www.pladostelma.com\/wp-content\/uploads\/2020\/09\/N6-300x300.jpg\" alt=\"\" width=\"150\" height=\"150\"\/><\/a><figcaption>N6 - Deep Black<\/figcaption><\/figure><\/div><\/div>\n\n\n\n<div class=\"wp-block-column is-layout-flow wp-block-column-is-layout-flow\"><\/div>\n\n\n\n<div class=\"wp-block-column is-layout-flow wp-block-column-is-layout-flow\"><\/div>\n<\/div>\n\n\n\n<p><\/p>","protected":false},"excerpt":{"rendered":"<p>microULTRAGRANIT Il microULTRAGRANIT, grazie ad un sofisticato \u00a0sistema di stampaggio a sedimentazione \u00a0differenziata, vanta un\u2019altissima concentrazione superficiale (oltre l\u201980%) di microparticelle di quarzi e graniti, che conferiscono al lavello straordinarie caratteristiche estetiche ed un piacevole effetto al tatto, associati ad una elevatissima durezza superficiale, resistenza agli agenti chimici, al calore ed al graffio. Un lavello [&hellip;]<\/p>\n","protected":false},"author":2,"featured_media":208024,"parent":0,"menu_order":0,"comment_status":"closed","ping_status":"closed","template":"","meta":{"_acf_changed":false,"_seopress_robots_primary_cat":"","_seopress_titles_title":"","_seopress_titles_desc":"","_seopress_robots_index":"","_uag_custom_page_level_css":"","iawp_total_views":4454,"uix_meta_title":"","uix_meta_description":"","uix_canonical_url":"","footnotes":""},"class_list":["post-19087","page","type-page","status-publish","has-post-thumbnail","hentry"],"acf":[],"uagb_featured_image_src":{"full":["https:\/\/www.pladostelma.com\/wp-content\/uploads\/2021\/02\/materiali.jpg",800,600,false],"thumbnail":["https:\/\/www.pladostelma.com\/wp-content\/uploads\/2021\/02\/materiali-150x150.jpg",150,150,true],"medium":["https:\/\/www.pladostelma.com\/wp-content\/uploads\/2021\/02\/materiali-300x225.jpg",300,225,true],"medium_large":["https:\/\/www.pladostelma.com\/wp-content\/uploads\/2021\/02\/materiali-768x576.jpg",768,576,true],"large":["https:\/\/www.pladostelma.com\/wp-content\/uploads\/2021\/02\/materiali.jpg",800,600,false],"1536x1536":["https:\/\/www.pladostelma.com\/wp-content\/uploads\/2021\/02\/materiali.jpg",800,600,false],"2048x2048":["https:\/\/www.pladostelma.com\/wp-content\/uploads\/2021\/02\/materiali.jpg",800,600,false],"trp-custom-language-flag":["https:\/\/www.pladostelma.com\/wp-content\/uploads\/2021\/02\/materiali.jpg",16,12,false],"woocommerce_thumbnail":["https:\/\/www.pladostelma.com\/wp-content\/uploads\/2021\/02\/materiali-300x225.jpg",300,225,true],"woocommerce_single":["https:\/\/www.pladostelma.com\/wp-content\/uploads\/2021\/02\/materiali-600x450.jpg",600,450,true],"woocommerce_gallery_thumbnail":["https:\/\/www.pladostelma.com\/wp-content\/uploads\/2021\/02\/materiali-100x100.jpg",100,100,true],"variation_swatches_image_size":["https:\/\/www.pladostelma.com\/wp-content\/uploads\/2021\/02\/materiali.jpg",50,38,false],"variation_swatches_tooltip_size":["https:\/\/www.pladostelma.com\/wp-content\/uploads\/2021\/02\/materiali.jpg",100,75,false]},"uagb_author_info":{"display_name":"Luca Cavaleri","author_link":"https:\/\/www.pladostelma.com\/pl\/author\/luca\/"},"uagb_comment_info":0,"uagb_excerpt":"microULTRAGRANIT Il microULTRAGRANIT, grazie ad un sofisticato \u00a0sistema di stampaggio a sedimentazione \u00a0differenziata, vanta un\u2019altissima concentrazione superficiale (oltre l\u201980%) di microparticelle di quarzi e graniti, che conferiscono al lavello straordinarie caratteristiche estetiche ed un piacevole effetto al tatto, associati ad una elevatissima durezza superficiale, resistenza agli agenti chimici, al calore ed al graffio. Un lavello&hellip;","_links":{"self":[{"href":"https:\/\/www.pladostelma.com\/pl\/wp-json\/wp\/v2\/pages\/19087","targetHints":{"allow":["GET"]}}],"collection":[{"href":"https:\/\/www.pladostelma.com\/pl\/wp-json\/wp\/v2\/pages"}],"about":[{"href":"https:\/\/www.pladostelma.com\/pl\/wp-json\/wp\/v2\/types\/page"}],"author":[{"embeddable":true,"href":"https:\/\/www.pladostelma.com\/pl\/wp-json\/wp\/v2\/users\/2"}],"replies":[{"embeddable":true,"href":"https:\/\/www.pladostelma.com\/pl\/wp-json\/wp\/v2\/comments?post=19087"}],"version-history":[{"count":0,"href":"https:\/\/www.pladostelma.com\/pl\/wp-json\/wp\/v2\/pages\/19087\/revisions"}],"wp:featuredmedia":[{"embeddable":true,"href":"https:\/\/www.pladostelma.com\/pl\/wp-json\/wp\/v2\/media\/208024"}],"wp:attachment":[{"href":"https:\/\/www.pladostelma.com\/pl\/wp-json\/wp\/v2\/media?parent=19087"}],"curies":[{"name":"wp","href":"https:\/\/api.w.org\/{rel}","templated":true}]}}