{"id":1888,"date":"2018-10-05T09:26:42","date_gmt":"2018-10-05T07:26:42","guid":{"rendered":"https:\/\/www.pladostelma.com\/f-a-q\/"},"modified":"2025-03-06T11:43:34","modified_gmt":"2025-03-06T10:43:34","slug":"faq","status":"publish","type":"page","link":"https:\/\/www.pladostelma.com\/pl\/faq\/","title":{"rendered":"CZ\u0118STO ZADAWANE PYTANIA"},"content":{"rendered":"<p><strong>Z czego wykonane s\u0105 zlewozmywaki kompozytowe?<br><\/strong>Materia\u0142 kompozytowy zlewozmywak\u00f3w PLADOS-TELMA sk\u0142ada si\u0119 z mikrocz\u0105steczek granitu i kwarcu w modelu 80% oraz \u017cywicy akrylowej w modelu 20%.<\/p>\n\n\n\n<p><strong>Czy ten materia\u0142 jest odporny na ciep\u0142o?<br><\/strong>Tak, nasze radiatory wytrzymuj\u0105 szoki termiczne, nawet te najbardziej gwa\u0142towne, i bardzo wysokie temperatury (do 280\u00b0) bez trwa\u0142ego uszkodzenia.<\/p>\n\n\n\n<p><strong>Czy jest odporny na zarysowania?<br><\/strong>Bardzo wysoki procent wype\u0142niacza mineralnego w mieszance sprawia, \u017ce nasze zlewozmywaki s\u0105 bardzo odporne na zarysowania, zadrapania i zu\u017cycie. Wi\u0119kszo\u015b\u0107 naszych modeli jest wyposa\u017cona w specjaln\u0105 powierzchni\u0119 odporn\u0105 na zarysowania, zaprojektowan\u0105 w celu ochrony wszystkich p\u0142askich cz\u0119\u015bci roboczych, takich jak dno komory i ociekacz, przed zu\u017cyciem w wyniku codziennego u\u017cytkowania.<\/p>\n\n\n\n<p><strong>Czy zlewozmywaki kompozytowe odbarwiaj\u0105 si\u0119 z czasem?<br><\/strong>Kolor jest cech\u0105 wyr\u00f3\u017cniaj\u0105c\u0105 zlewozmywaki PLADOS-TELMA. Dzi\u0119ki doskona\u0142ej odporno\u015bci na promienie ultrafioletowe, kolory zlewozmywak\u00f3w PLADOS-TELMA pozostaj\u0105 \u017cywe i niezmienne w czasie oraz zachowuj\u0105 sw\u00f3j pe\u0142ny blask. Kolor nie zmienia si\u0119 nawet wtedy, gdy zlewozmywak jest wystawiony na bezpo\u015brednie dzia\u0142anie promieni s\u0142onecznych.<\/p>\n\n\n\n<p><strong>Czy mog\u0105 pojawi\u0107 si\u0119 plamy? Je\u015bli tak, jak mo\u017cna je wyczy\u015bci\u0107?<br><\/strong>Nasze zlewozmywaki s\u0105 bardzo dobrze odporne na codzienne dzia\u0142anie agresywnych substancji i \u017cywno\u015bci. Brud i plamy mo\u017cna usun\u0105\u0107 lekkim sp\u0142ukaniem i prostym przetarciem g\u0105bk\u0105. Materia\u0142 kompozytowy PLADOS-TELMA jest bardzo \u0142atwy w czyszczeniu. Nieporowata powierzchnia umo\u017cliwia szybkie czyszczenie zlewozmywaka przy u\u017cyciu zwyk\u0142ego detergentu i prostej szmatki lub g\u0105bki. Zlewozmywak zawsze wygl\u0105da \u015bwie\u017co, czysto i higienicznie. Osady z kamienia mo\u017cna \u0142atwo usun\u0105\u0107 za pomoc\u0105 dost\u0119pnych w sprzeda\u017cy uniwersalnych detergent\u00f3w, produkt\u00f3w zapobiegaj\u0105cych osadzaniu si\u0119 kamienia lub poprzez umieszczenie octu (roztworu wodnego) na dnie komory na 4-8 godzin. Nast\u0119pnie nale\u017cy sp\u0142uka\u0107 zlew, wyczy\u015bci\u0107 go g\u0105bk\u0105 i wysuszy\u0107.<\/p>\n\n\n\n<p><strong>Czy istniej\u0105 specjalne produkty do czyszczenia zlewozmywak\u00f3w kompozytowych?<br><\/strong>Plados-Telma propone to linia detergent\u00f3w zaprojektowanych specjalnie do piel\u0119gnacji zlewozmywak\u00f3w kompozytowych.<br>DO ZWYK\u0141EGO CZYSZCZENIA: BRILLCARE to detergent na bazie wody, opracowany z szybko biodegradowalnych i certyfikowanych przez ECOLABEL materia\u0142\u00f3w pochodzenia ro\u015blinnegoone. Jest idealny do codziennego czyszczenia zlewozmywak\u00f3w Plados i wszystkich zmywalnych powierzchni kuchennych.<br>DO WYJ\u0104TKOWEGO CZYSZCZENIA: EXTRACARE to detergent do odkamieniania na bazie wody, zapewniaj\u0105cy wyj\u0105tkowe czyszczenie. Aktywny wobec uporczywych zabrudze\u0144, nie niszczy po\u0142ysku zlewozmywak\u00f3w kompozytowych. Dzi\u0119ki g\u0119stej formule nadaje si\u0119 r\u00f3wnie\u017c do stosowania w pionie. Produkt wysycha bardzo powoli, dzi\u0119ki czemu substancje czynne zawarte w mieszaninie mog\u0105 reagowa\u0107 tak d\u0142ugo, jak to mo\u017cliwe. Przeczytaj wi\u0119cej na tej stronie.<\/p>\n\n\n\n<p><strong>Czy mo\u017cna stosowa\u0107 maty gumowe lub plastikowe?<\/strong><br>Nie, jest to zdecydowanie odradzane. Maty gumowe\/plastikowe zatrzymuj\u0105 p\u0142yny, a w przypadku rozlania wrz\u0105tku dzia\u0142aj\u0105 jako bezpo\u015brednie \u017ar\u00f3d\u0142o ciep\u0142a, powoduj\u0105c nieodwracalne wybielenie, a tym samym nieodwracalne uszkodzenia z plamami, kt\u00f3rych NIE MO\u017bNA usun\u0105\u0107. Zamiast tego zalecamy stosowanie kratek na dno komory ze stali nierdzewnej, kt\u00f3re s\u0105 kompatybilne w zale\u017cno\u015bci od modelu zlewozmywaka.<\/p>\n\n\n\n<p><strong>Czy istniej\u0105 produkty, kt\u00f3re mo\u017cna dopasowa\u0107 do koloru zlewu?<br><\/strong>W naszym asortymencie znajduj\u0105 si\u0119 baterie, piekarniki, p\u0142yty grzewcze i okapy w tym samym kolorze co zlewozmywak. Wszystkie nasze zlewozmywaki mo\u017cna \u0142\u0105czy\u0107 z armatur\u0105 z tej serii.<\/p>\n\n\n\n<p><strong>Jakim rodzajem frezu wiercisz swoje zlewozmywaki?<\/strong><br>Nasze zlewozmywaki mog\u0105 by\u0107 wiercone wiert\u0142em diamentowym o \u015brednicy 35-37 mm. Wszystkie zlewozmywaki s\u0105 wyposa\u017cone we wst\u0119pnie wywiercone otwory monta\u017cowe pod baterie. Niekt\u00f3re modele maj\u0105 wi\u0119cej ni\u017c jeden otw\u00f3r, dzi\u0119ki czemu instalator mo\u017ce zdecydowa\u0107, gdzie umie\u015bci\u0107 kran.<\/p>\n\n\n\n<p><strong>Ile lat gwarancji na zlewozmywaki?<br><\/strong>Wszystkie zlewozmywaki Plados-Telma s\u0105 obj\u0119te gwarancj\u0105 na p\u0119kni\u0119cia spowodowane szokiem termicznym. Lata gwarancji r\u00f3\u017cni\u0105 si\u0119 w zale\u017cno\u015bci od wybranego materia\u0142u:<\/p>\n\n\n\n<p>- Zlewozmywaki nanoSTONE obj\u0119te s\u0105 20-letni\u0105 gwarancj\u0105.<br>- Zlewozmywaki microULTRAGRANIT\/TelmaGRANIT i ULTRAMETAL\/METALQUARTZ s\u0105 obj\u0119te 10-letni\u0105 gwarancj\u0105.<br>- Zlewozmywaki Ultraquartz\/Duralast s\u0105 obj\u0119te 6-letni\u0105 gwarancj\u0105.<\/p>\n\n\n\n<p><strong>Co to jest ARIAPURA?<br><\/strong>ARIAPURA to technologia opracowana przez nasze laboratoria badawcze, polegaj\u0105ca na dodaniu nanocz\u0105steczek dwutlenku tytanu do mieszanki materia\u0142\u00f3w kompozytowych. Ten naturalny sk\u0142adnik, w obecno\u015bci sztucznego \u015bwiat\u0142a lub \u015bwiat\u0142a s\u0142onecznego, wyzwala zjawisko zwane \"fotokataliz\u0105\", kt\u00f3re przekszta\u0142ca cz\u0105steczki zanieczyszcze\u0144 obecne w kuchni w nieszkodliwe sole mineralne. Zlewozmywak wyposa\u017cony w technologi\u0119 ARIAPURA zapewnia potr\u00f3jne dzia\u0142anie:<\/p>\n\n\n\n<h4 class=\"wp-block-heading\">- PRZECIW ZANIECZYSZCZENIOM<br>- BAKTERYJNE<br>- SELF-PULSING<\/h4>\n\n\n\n<p>Aby dowiedzie\u0107 si\u0119 wi\u0119cej, odwied\u017a <a href=\"https:\/\/www.pladostelma.com\/ariapura\/\" data-type=\"page\" data-id=\"2223\">t\u0105 stron\u0119<\/a>.<\/p>\n\n\n\n<p><strong>Ile lat gwarancji maj\u0105 m\u0142ynki do odpad\u00f3w?<br><\/strong>M\u0142ynki do odpad\u00f3w s\u0105 obj\u0119te 2-letni\u0105 gwarancj\u0105.<\/p>\n\n\n\n<p><strong>Ile lat gwarancji maj\u0105 piekarniki i p\u0142yty grzewcze?<br><\/strong>P\u0142yty grzewcze i piekarniki s\u0105 obj\u0119te 2-letni\u0105 gwarancj\u0105.<\/p>\n\n\n\n<p><strong>Gdzie mog\u0119 kupi\u0107 produkty?<br><\/strong>Nazw\u0119 lokalnego dystrybutora mo\u017cna uzyska\u0107 bezpo\u015brednio na naszej stronie internetowej.<\/p>\n\n\n\n<p><strong>Jak mog\u0119 otrzyma\u0107 pomoc?<br><\/strong>Us\u0142uga jest dost\u0119pna od poniedzia\u0142ku do pi\u0105tku w godzinach od 8:30 do 12:30.<\/p>\n\n\n\n<p>- W przypadku SINKS AND MIXERS: oferujemy 3 tryby<br>1) Wype\u0142nij formularz wsparcia tutaj na stronie.<br>2) Zadzwo\u0144 pod nasz bezpo\u015bredni numer serwisowy Plados-Telma: 0733-290592<br>3) Napisz wiadomo\u015b\u0107 e-mail na adres: assistenza@pladostelma.com<\/p>\n\n\n\n<p>- P\u0141YTY GAZOWE I PIEKARNIKI<br>Skontaktuj si\u0119 z najbli\u017cszym centrum serwisowym. Kliknij tutaj, aby dowiedzie\u0107 si\u0119 wi\u0119cej.<\/p>\n\n\n\n<p>\u2022 OKAPY KUCHENNE I P\u0141YTY INDUKCYJNEONE\/CERAMIKA SZKLANA<br>Wybierz numer: 0731 880301<\/p>\n\n\n\n<p>- SHREDDING<br>Wybierz bezp\u0142atny numer 800 290330<\/p>\n\n\n\n<p><\/p>","protected":false},"excerpt":{"rendered":"<p>Da cosa sono formati i lavelli in materiale composito?Il materiale composito dei lavelli PLADOS-TELMA \u00e8 costituito all&#8217;80% da microparticelle di granito e quarzo, e del 20% da resina acrilica. Questo materiale \u00e8 resistente al calore?S\u00ec, i nostri lavelli resistono agli schock termici, anche i pi\u00f9 violenti, e alle temperature molto elevate (fino a 280\u00b0) senza [&hellip;]<\/p>\n","protected":false},"author":61,"featured_media":0,"parent":0,"menu_order":11,"comment_status":"closed","ping_status":"closed","template":"","meta":{"_acf_changed":false,"_seopress_robots_primary_cat":"","_seopress_titles_title":"","_seopress_titles_desc":"","_seopress_robots_index":"","_uag_custom_page_level_css":"","iawp_total_views":3202,"uix_meta_title":"","uix_meta_description":"","uix_canonical_url":"","footnotes":""},"class_list":["post-1888","page","type-page","status-publish","hentry"],"acf":[],"uagb_featured_image_src":{"full":false,"thumbnail":false,"medium":false,"medium_large":false,"large":false,"1536x1536":false,"2048x2048":false,"trp-custom-language-flag":false,"woocommerce_thumbnail":false,"woocommerce_single":false,"woocommerce_gallery_thumbnail":false,"variation_swatches_image_size":false,"variation_swatches_tooltip_size":false},"uagb_author_info":{"display_name":"PladosTelma","author_link":"https:\/\/www.pladostelma.com\/pl\/author\/pladostelma\/"},"uagb_comment_info":0,"uagb_excerpt":"Da cosa sono formati i lavelli in materiale composito?Il materiale composito dei lavelli PLADOS-TELMA \u00e8 costituito all&#8217;80% da microparticelle di granito e quarzo, e del 20% da resina acrilica. Questo materiale \u00e8 resistente al calore?S\u00ec, i nostri lavelli resistono agli schock termici, anche i pi\u00f9 violenti, e alle temperature molto elevate (fino a 280\u00b0) senza&hellip;","_links":{"self":[{"href":"https:\/\/www.pladostelma.com\/pl\/wp-json\/wp\/v2\/pages\/1888","targetHints":{"allow":["GET"]}}],"collection":[{"href":"https:\/\/www.pladostelma.com\/pl\/wp-json\/wp\/v2\/pages"}],"about":[{"href":"https:\/\/www.pladostelma.com\/pl\/wp-json\/wp\/v2\/types\/page"}],"author":[{"embeddable":true,"href":"https:\/\/www.pladostelma.com\/pl\/wp-json\/wp\/v2\/users\/61"}],"replies":[{"embeddable":true,"href":"https:\/\/www.pladostelma.com\/pl\/wp-json\/wp\/v2\/comments?post=1888"}],"version-history":[{"count":0,"href":"https:\/\/www.pladostelma.com\/pl\/wp-json\/wp\/v2\/pages\/1888\/revisions"}],"wp:attachment":[{"href":"https:\/\/www.pladostelma.com\/pl\/wp-json\/wp\/v2\/media?parent=1888"}],"curies":[{"name":"wp","href":"https:\/\/api.w.org\/{rel}","templated":true}]}}