{"id":1846,"date":"2018-10-03T17:18:49","date_gmt":"2018-10-03T15:18:49","guid":{"rendered":"https:\/\/www.pladostelma.com\/chi-e-plados\/"},"modified":"2018-10-04T10:55:06","modified_gmt":"2018-10-04T08:55:06","slug":"chi-e-plados","status":"publish","type":"page","link":"https:\/\/www.pladostelma.com\/pl\/chi-e-plados\/","title":{"rendered":"Kim jest Plados?"},"content":{"rendered":"<p><span style=\"line-height: 1.3em;\"><img decoding=\"async\" class=\"size-full wp-image-868\" src=\"https:\/\/www.pladostelma.com\/wp-content\/uploads\/2014\/06\/pano001.jpg\" alt=\"\" width=\"1600\" height=\"450\" srcset=\"https:\/\/www.pladostelma.com\/wp-content\/uploads\/2014\/06\/pano001.jpg 1600w, https:\/\/www.pladostelma.com\/wp-content\/uploads\/2014\/06\/pano001-300x84.jpg 300w, https:\/\/www.pladostelma.com\/wp-content\/uploads\/2014\/06\/pano001-600x169.jpg 600w, https:\/\/www.pladostelma.com\/wp-content\/uploads\/2014\/06\/pano001-768x216.jpg 768w, https:\/\/www.pladostelma.com\/wp-content\/uploads\/2014\/06\/pano001-1024x288.jpg 1024w, https:\/\/www.pladostelma.com\/wp-content\/uploads\/2014\/06\/pano001-20x6.jpg 20w\" sizes=\"(max-width: 1600px) 100vw, 1600px\" \/><\/span><\/p>\n<p><span style=\"line-height: 1.3em;\">La <strong>PLADOS<\/strong> jest jednym z wiod\u0105cych na \u015bwiecie producent\u00f3w <strong>kompozytowe zlewozmywaki kuchenne<\/strong> (zlewozmywaki ULTRAQUARTZ, microULTRAGRANIT, ULTRAMETAL, ULTRAVITRO i NATURSTONE).<\/span><\/p>\n<p>Dzi\u0119ki produktowi najwy\u017cszej jako\u015bci i du\u017cej niezawodno\u015bci <strong>PLADOS<\/strong>za\u0142o\u017cona w 1991 r., od razu zdo\u0142a\u0142a zdoby\u0107 znacz\u0105c\u0105 pozycj\u0119 w trudnym mi\u0119dzynarodowym scenariuszu. <strong>zlewozmywak kompozytowy<\/strong>osi\u0105gaj\u0105c wa\u017cne wyniki komercyjne i jednog\u0142o\u015bne uznanie na ca\u0142ym \u015bwiecie.<br \/>\nProdukty <strong>PLADOS<\/strong> s\u0105 obecnie eksportowane do wielu kraj\u00f3w i na pi\u0119\u0107 kontynent\u00f3w.<br \/>\n<strong>Baterie<\/strong>, <strong>p\u0142yty grzewcze<\/strong>, <strong>piekarniki<\/strong> e <strong>wyci\u0105gi opar\u00f3w<\/strong> Granitowe kolory i mo\u017cliwo\u015b\u0107 dopasowania do zlewozmywaka uzupe\u0142niaj\u0105 gam\u0119 oferowanych produkt\u00f3w, umo\u017cliwiaj\u0105c idealne i niepowtarzalne dopasowanie.<\/p>\n<p>W 2003 r. firmy <strong>PLADOS<\/strong> e <strong>TELMA<\/strong> \u0142\u0105cz\u0105 swoje mocne strony i do\u015bwiadczenie, tworz\u0105c jedn\u0105 z najlepszych firm na \u015bwiecie. <strong>zlewozmywaki kompozytowe<\/strong> najbardziej zaawansowane na \u015bwiecie.<\/p>","protected":false},"excerpt":{"rendered":"<p>La PLADOS \u00e8 uno dei principali produttori mondiali di lavelli da cucina in materiale composito (lavelli in ULTRAQUARTZ, microULTRAGRANIT, ULTRAMETAL, ULTRAVITRO e NATURSTONE). Grazie ad un prodotto di altissimo pregio e grande affidabilit\u00e0, la PLADOS, fondata nel 1991, \u00e8 riuscita fin da subito a conquistare una posizione di rilievo nel difficile scenario internazionale del lavello [&hellip;]<\/p>\n","protected":false},"author":1,"featured_media":0,"parent":0,"menu_order":16,"comment_status":"closed","ping_status":"closed","template":"","meta":{"_acf_changed":false,"_seopress_robots_primary_cat":"","_seopress_titles_title":"","_seopress_titles_desc":"","_seopress_robots_index":"","_uag_custom_page_level_css":"","iawp_total_views":475,"uix_meta_title":"","uix_meta_description":"","uix_canonical_url":"","footnotes":""},"class_list":["post-1846","page","type-page","status-publish","hentry"],"acf":[],"uagb_featured_image_src":{"full":false,"thumbnail":false,"medium":false,"medium_large":false,"large":false,"1536x1536":false,"2048x2048":false,"trp-custom-language-flag":false,"woocommerce_thumbnail":false,"woocommerce_single":false,"woocommerce_gallery_thumbnail":false,"variation_swatches_image_size":false,"variation_swatches_tooltip_size":false},"uagb_author_info":{"display_name":"admino","author_link":"https:\/\/www.pladostelma.com\/pl\/author\/admino\/"},"uagb_comment_info":0,"uagb_excerpt":"La PLADOS \u00e8 uno dei principali produttori mondiali di lavelli da cucina in materiale composito (lavelli in ULTRAQUARTZ, microULTRAGRANIT, ULTRAMETAL, ULTRAVITRO e NATURSTONE). Grazie ad un prodotto di altissimo pregio e grande affidabilit\u00e0, la PLADOS, fondata nel 1991, \u00e8 riuscita fin da subito a conquistare una posizione di rilievo nel difficile scenario internazionale del lavello&hellip;","_links":{"self":[{"href":"https:\/\/www.pladostelma.com\/pl\/wp-json\/wp\/v2\/pages\/1846","targetHints":{"allow":["GET"]}}],"collection":[{"href":"https:\/\/www.pladostelma.com\/pl\/wp-json\/wp\/v2\/pages"}],"about":[{"href":"https:\/\/www.pladostelma.com\/pl\/wp-json\/wp\/v2\/types\/page"}],"author":[{"embeddable":true,"href":"https:\/\/www.pladostelma.com\/pl\/wp-json\/wp\/v2\/users\/1"}],"replies":[{"embeddable":true,"href":"https:\/\/www.pladostelma.com\/pl\/wp-json\/wp\/v2\/comments?post=1846"}],"version-history":[{"count":0,"href":"https:\/\/www.pladostelma.com\/pl\/wp-json\/wp\/v2\/pages\/1846\/revisions"}],"wp:attachment":[{"href":"https:\/\/www.pladostelma.com\/pl\/wp-json\/wp\/v2\/media?parent=1846"}],"curies":[{"name":"wp","href":"https:\/\/api.w.org\/{rel}","templated":true}]}}