{"id":1838,"date":"2018-10-03T17:10:47","date_gmt":"2018-10-03T15:10:47","guid":{"rendered":"https:\/\/www.pladostelma.com\/prodotti-per-la-pulizia\/"},"modified":"2025-04-14T13:53:35","modified_gmt":"2025-04-14T11:53:35","slug":"prodotti-per-la-pulizia","status":"publish","type":"page","link":"https:\/\/www.pladostelma.com\/pl\/prodotti-per-la-pulizia\/","title":{"rendered":"PIEL\u0118GNACJA I KONSERWACJA"},"content":{"rendered":"<h1 class=\"wp-block-heading alignwide has-text-align-center\">PIEL\u0118GNACJA I KONSERWACJA<\/h1>\n\n\n<div class=\"wp-block-image wp-block-image aligncenter size-full is-resized\">\n<figure class=\"\"><a href=\"https:\/\/www.pladostelma.com\/wp-content\/uploads\/booklet_istr_2024.pdf.zip\"><img decoding=\"async\" width=\"1024\" height=\"740\" src=\"https:\/\/www.pladostelma.com\/wp-content\/uploads\/cura_manutenzione.jpg\" alt=\"\" class=\"wp-image-245014\" style=\"width:840px;height:auto\" srcset=\"https:\/\/www.pladostelma.com\/wp-content\/uploads\/cura_manutenzione.jpg 1024w, https:\/\/www.pladostelma.com\/wp-content\/uploads\/cura_manutenzione-300x217.jpg 300w, https:\/\/www.pladostelma.com\/wp-content\/uploads\/cura_manutenzione-768x555.jpg 768w, https:\/\/www.pladostelma.com\/wp-content\/uploads\/cura_manutenzione-18x12.jpg 18w, https:\/\/www.pladostelma.com\/wp-content\/uploads\/cura_manutenzione-600x434.jpg 600w, https:\/\/www.pladostelma.com\/wp-content\/uploads\/cura_manutenzione-100x72.jpg 100w\" sizes=\"(max-width: 1024px) 100vw, 1024px\" \/><\/a><figcaption class=\"wp-element-caption\"><a href=\"https:\/\/www.pladostelma.com\/wp-content\/uploads\/booklet_istr_2024.pdf.zip\"><strong>Pobierz plik PDF z instrukcj\u0105 konserwacji i piel\u0119gnacjione<\/strong><br><strong>aby zawsze mie\u0107 go pod r\u0119k\u0105!<\/strong><\/a><\/figcaption><\/figure><\/div>\n\n\n<div style=\"height:50px\" aria-hidden=\"true\" class=\"wp-block-spacer\"><\/div>\n\n\n\n<h3 class=\"wp-block-heading\"><strong>ZWYK\u0141A PIEL\u0118GNACJA I KONSERWACJAONE<\/strong><\/h3>\n\n\n\n<div class=\"wp-block-columns is-layout-flex wp-container-core-columns-is-layout-9d6595d7 wp-block-columns-is-layout-flex\">\n<div class=\"wp-block-column is-vertically-aligned-center is-layout-flow wp-block-column-is-layout-flow\" style=\"flex-basis:66.66%\">\n<p>Nieporowate powierzchnie naszych zlewozmywak\u00f3w umo\u017cliwiaj\u0105 szybkie czyszczenie przy u\u017cyciu zwyk\u0142ego detergentu w p\u0142ynie i prostego azione z mi\u0119kk\u0105 \u015bciereczk\u0105 lub g\u0105bk\u0105. Zlewozmywak zawsze b\u0119dzie wygl\u0105da\u0142 \u015bwie\u017co, czysto i higienicznie. Zalecamy regularne codzienne czyszczenie, aby natychmiast usun\u0105\u0107 plamy z resztek jedzenia i aureole spowodowane przez kamie\u0144.<\/p>\n<\/div>\n\n\n\n<div class=\"wp-block-column is-vertically-aligned-top is-layout-flow wp-block-column-is-layout-flow\" style=\"flex-basis:33.33%\">\n<figure class=\"wp-block-image size-large\"><img decoding=\"async\" width=\"800\" height=\"538\" src=\"https:\/\/www.pladostelma.com\/wp-content\/uploads\/2021\/03\/daily.jpg\" alt=\"\" class=\"wp-image-210064\" srcset=\"https:\/\/www.pladostelma.com\/wp-content\/uploads\/2021\/03\/daily.jpg 800w, https:\/\/www.pladostelma.com\/wp-content\/uploads\/2021\/03\/daily-300x202.jpg 300w, https:\/\/www.pladostelma.com\/wp-content\/uploads\/2021\/03\/daily-768x516.jpg 768w, https:\/\/www.pladostelma.com\/wp-content\/uploads\/2021\/03\/daily-600x404.jpg 600w\" sizes=\"(max-width: 800px) 100vw, 800px\" \/><\/figure>\n<\/div>\n<\/div>\n\n\n\n<div style=\"height:25px\" aria-hidden=\"true\" class=\"wp-block-spacer\"><\/div>\n\n\n\n<h3 class=\"wp-block-heading\"><strong>NADZWYCZAJNA PIEL\u0118GNACJA I KONSERWACJAONE<\/strong><\/h3>\n\n\n\n<div class=\"wp-block-columns is-layout-flex wp-container-core-columns-is-layout-9d6595d7 wp-block-columns-is-layout-flex\">\n<div class=\"wp-block-column is-vertically-aligned-center is-layout-flow wp-block-column-is-layout-flow\" style=\"flex-basis:33.33%\">\n<figure class=\"wp-block-image size-large\"><img decoding=\"async\" width=\"800\" height=\"538\" src=\"https:\/\/www.pladostelma.com\/wp-content\/uploads\/2021\/03\/week_ly.jpg\" alt=\"\" class=\"wp-image-210068\" srcset=\"https:\/\/www.pladostelma.com\/wp-content\/uploads\/2021\/03\/week_ly.jpg 800w, https:\/\/www.pladostelma.com\/wp-content\/uploads\/2021\/03\/week_ly-300x202.jpg 300w, https:\/\/www.pladostelma.com\/wp-content\/uploads\/2021\/03\/week_ly-768x516.jpg 768w, https:\/\/www.pladostelma.com\/wp-content\/uploads\/2021\/03\/week_ly-600x404.jpg 600w\" sizes=\"(max-width: 800px) 100vw, 800px\" \/><\/figure>\n<\/div>\n\n\n\n<div class=\"wp-block-column is-layout-flow wp-block-column-is-layout-flow\" style=\"flex-basis:66.66%\">\n<p>- <strong>JASNE ZLEWOZMYWAKI<\/strong>W przypadku plam organicznych lub innych szczeg\u00f3lnie uporczywych plam zaleca si\u0119 pozostawienie roztworu detergentu organicznego lub wybielacza dobrze rozcie\u0144czonego w letniej wodzie na dnie zlewu na oko\u0142o 8 godzin (zaleca si\u0119 wykonanie tej czynno\u015bci w nocy). Rano sp\u0142uka\u0107 letni\u0105 wod\u0105 i \u015bciereczk\u0105 z mikrofibry. Je\u015bli plamy nie znikn\u0105, powt\u00f3rz czynno\u015b\u0107 one kilka razy.<br><br>- <strong>ZLEWOZMYWAKI W CIEMNYCH KOLORACH<\/strong>W przypadku plam organicznych lub innych szczeg\u00f3lnie uporczywych plam zalecamy pozostawienie roztworu detergentu do zmywarek lub wodorow\u0119glanu sody dobrze rozcie\u0144czonego w letniej wodzie na dnie zlewu na oko\u0142o 8 godzin (zalecamy wykonanie tej czynno\u015bci w nocy). Rano sp\u0142ucz letni\u0105 wod\u0105 i \u015bciereczk\u0105 z mikrofibry. Je\u015bli plamy nie znikn\u0105, powt\u00f3rz czynno\u015b\u0107 one kilka razy.<\/p>\n<\/div>\n<\/div>\n\n\n\n<div style=\"height:25px\" aria-hidden=\"true\" class=\"wp-block-spacer\"><\/div>\n\n\n\n<h3 class=\"wp-block-heading\"><strong>CALCARE<\/strong><\/h3>\n\n\n\n<p>Aby zapobiec powstawaniu plam i aureoli z kamienia formazione, zalecamy odkamienianie co najmniej one raz w tygodniu. W celu usuni\u0119cia kamienia, kt\u00f3ry jest bardzo widoczny w zlewozmywakach o ciemnych kolorach, zalecamy nast\u0119puj\u0105c\u0105 procedur\u0119:<br><br>1) Pozostawi\u0107 roztw\u00f3r letniej wody i zwyk\u0142ego octu kuchennego lub specjalnych \u015brodk\u00f3w odkamieniaj\u0105cych na kilka godzin na dnie basenu.<br>2) Pracowa\u0107 energicznie za pomoc\u0105 nie\u015bciernej g\u0105bki, a\u017c kamie\u0144 i brud zostan\u0105 ca\u0142kowicie usuni\u0119te.<br>3) Dok\u0142adnie sp\u0142uka\u0107 letni\u0105 wod\u0105 i osuszy\u0107 \u015bciereczk\u0105 z mikrofibry.<\/p>\n\n\n\n<div style=\"height:25px\" aria-hidden=\"true\" class=\"wp-block-spacer\"><\/div>\n\n\n\n<h3 class=\"wp-block-heading\"><strong><strong>OSTRZE\u017bENIA I PRAKTYCZNE PORADY<\/strong><\/strong><\/h3>\n\n\n\n<div class=\"wp-block-columns is-layout-flex wp-container-core-columns-is-layout-9d6595d7 wp-block-columns-is-layout-flex\">\n<div class=\"wp-block-column is-vertically-aligned-center is-layout-flow wp-block-column-is-layout-flow\">\n<p>- Unikaj umieszczania gor\u0105cych patelni lub innych gor\u0105cych przedmiot\u00f3w o temperaturze powy\u017cej 300 \u00b0C \/ 572 \u00b0F na powierzchni zlewu (<strong>OSTRZE\u017bENIEONE! Dno patelni tu\u017c po zdj\u0119ciu z ognia osi\u0105ga temperatur\u0119 ponad 600 \u00b0C<\/strong>). Garnki lub bardzo gor\u0105ce cia\u0142a nale\u017cy bezwzgl\u0119dnie umieszcza\u0107 na podstawkach idonei (wykonanych z drewna, gumy itp.).<br><br>? Unikaj nadmiernych szok\u00f3w termicznych spowodowanych jednoczesnym dzia\u0142aniem bardzo gor\u0105cych i bardzo zimnych cia\u0142.<\/p>\n<\/div>\n\n\n\n<div class=\"wp-block-column is-layout-flow wp-block-column-is-layout-flow\">\n<figure class=\"wp-block-image size-large\"><img decoding=\"async\" width=\"800\" height=\"538\" src=\"https:\/\/www.pladostelma.com\/wp-content\/uploads\/2021\/03\/hot_pan.jpg\" alt=\"\" class=\"wp-image-210070\" srcset=\"https:\/\/www.pladostelma.com\/wp-content\/uploads\/2021\/03\/hot_pan.jpg 800w, https:\/\/www.pladostelma.com\/wp-content\/uploads\/2021\/03\/hot_pan-300x202.jpg 300w, https:\/\/www.pladostelma.com\/wp-content\/uploads\/2021\/03\/hot_pan-768x516.jpg 768w, https:\/\/www.pladostelma.com\/wp-content\/uploads\/2021\/03\/hot_pan-600x404.jpg 600w\" sizes=\"(max-width: 800px) 100vw, 800px\" \/><\/figure>\n<\/div>\n<\/div>\n\n\n\n<p>- Nie nale\u017cy kroi\u0107 ani sieka\u0107 \u017cywno\u015bci bezpo\u015brednio na zlewozmywaku; zaleca si\u0119 u\u017cywanie deski do krojenia wykonanej z drewna iroko lub polietylenu, kt\u00f3r\u0105 mo\u017cna naby\u0107 wraz ze zlewozmywakiem.<\/p>\n\n\n\n<p>? Nie u\u017cywaj agresywnych detergent\u00f3w i p\u0142yn\u00f3w, substancji \u015bciernych i silnie alkalicznych, kwas\u00f3w. Nie wlewaj do zlewu alkoholu, benzyny, tr\u00f3jchloroetylenu, acetone i og\u00f3lnie rozpuszczalnik\u00f3w, poniewa\u017c mog\u0105 one nieodwracalnie uszkodzi\u0107 struktur\u0119 chemiczn\u0105 zlewu.<\/p>\n\n\n\n<p>? Nie usuwaj zabrudze\u0144 ani plam za pomoc\u0105 g\u0105bek stalowych lub \u015bciernych. Mog\u0105 one uszkodzi\u0107 powierzchni\u0119.<\/p>\n\n\n\n<p>? Nale\u017cy unika\u0107 przypadkowych uderze\u0144 ci\u0119\u017ckimi lub ostrymi przedmiotami, kt\u00f3re mog\u0142yby uszkodzi\u0107 powierzchni\u0119 zlewozmywaka.<\/p>\n\n\n\n<div style=\"height:50px\" aria-hidden=\"true\" class=\"wp-block-spacer\"><\/div>\n\n\n\n<h3 class=\"wp-block-heading has-text-align-center\"><strong>\u015aRODKI CZYSZCZ\u0104CE<\/strong><\/h3>\n\n\n\n<p>Teraz Plados-Telma proponujeone lini\u0119 detergent\u00f3w specjalnie zaprojektowanych do piel\u0119gnacji zlewozmywak\u00f3w kompozytowych.<\/p>\n\n\n\n<h6 class=\"wp-block-heading\">&nbsp;<\/h6>\n\n\n\n<div class=\"wp-block-columns is-layout-flex wp-container-core-columns-is-layout-9d6595d7 wp-block-columns-is-layout-flex\">\n<div class=\"wp-block-column is-layout-flow wp-block-column-is-layout-flow\">\n<p><strong>BRILLCARE<\/strong><br><br>BRILLCARE to detergent na bazie wody, opracowany z szybko biodegradowalnych i certyfikowanych przez ECOLABEL materia\u0142\u00f3w pochodzenia ro\u015blinnegoone. Jest idealny do codziennego czyszczenia zlewozmywak\u00f3w Plados-Telma i wszystkich zmywalnych powierzchni kuchennych. Formu\u0142a BRILLCARE zapewnia doskona\u0142\u0105 detergencj\u0119 przy prostej aplikacji; BRILLCARE szanuje powierzchnie i nie pozostawia \u015blad\u00f3w.<br><br><strong>Podstawowe cechy:<\/strong><br>- Dobra moc odt\u0142uszczania<br>- Pozostawia przyjemny zapach<br>- Przyjazny dla \u015brodowiska<br><br><strong>Obszary zastosowa\u0144:<\/strong><br>Czyszczenie zlewozmywak\u00f3w kompozytowych i zmywalnych powierzchni kuchennych<\/p>\n<\/div>\n\n\n\n<div class=\"wp-block-column is-layout-flow wp-block-column-is-layout-flow\"><div class=\"wp-block-image\">\n<figure class=\"aligncenter size-full is-resized\"><img decoding=\"async\" width=\"498\" height=\"1024\" src=\"https:\/\/www.pladostelma.com\/wp-content\/uploads\/brillcare.jpg\" alt=\"\" class=\"wp-image-230728\" style=\"width:249px;height:512px\" srcset=\"https:\/\/www.pladostelma.com\/wp-content\/uploads\/brillcare.jpg 498w, https:\/\/www.pladostelma.com\/wp-content\/uploads\/brillcare-146x300.jpg 146w, https:\/\/www.pladostelma.com\/wp-content\/uploads\/brillcare-6x12.jpg 6w, https:\/\/www.pladostelma.com\/wp-content\/uploads\/brillcare-300x617.jpg 300w, https:\/\/www.pladostelma.com\/wp-content\/uploads\/brillcare-292x600.jpg 292w\" sizes=\"(max-width: 498px) 100vw, 498px\" \/><\/figure><\/div>\n\n\n<div style=\"height:25px\" aria-hidden=\"true\" class=\"wp-block-spacer\"><\/div>\n\n\n\n<div class=\"wp-block-buttons is-horizontal is-content-justification-center is-layout-flex wp-container-core-buttons-is-layout-499968f5 wp-block-buttons-is-layout-flex\">\n<div class=\"wp-block-button is-style-fill\"><a class=\"wp-block-button__link has-white-color has-text-color has-background wp-element-button\" href=\"https:\/\/shop.pladostelma.com\/product\/brillcare\/\" style=\"background-color:#0a9100\">Kup teraz<\/a><\/div>\n<\/div>\n<\/div>\n<\/div>\n\n\n\n<div style=\"height:100px\" aria-hidden=\"true\" class=\"wp-block-spacer\"><\/div>\n\n\n\n<div class=\"wp-block-columns is-layout-flex wp-container-core-columns-is-layout-9d6595d7 wp-block-columns-is-layout-flex\">\n<div class=\"wp-block-column is-layout-flow wp-block-column-is-layout-flow\">\n<p><strong>EXTRACARE<\/strong><br><br>EXTRACARE to detergent do odkamieniania na bazie wody zapewniaj\u0105cy wyj\u0105tkowe czyszczenie. Aktywny wobec uporczywych zabrudze\u0144, nie niszczy po\u0142ysku zlewozmywak\u00f3w kompozytowych. Dzi\u0119ki g\u0119stej formule nadaje si\u0119 r\u00f3wnie\u017c do stosowania w pionie. Ze wzgl\u0119du na swoje w\u0142a\u015bciwo\u015bci produkt wysycha bardzo powoli, umo\u017cliwiaj\u0105c jak najd\u0142u\u017csz\u0105 reakcj\u0119 substancji czynnych zawartych w mieszaninie. Jest bardzo \u0142atwy w aplikacji i nie pozostawia aureoli.<br><br><strong>Podstawowe cechy:<\/strong><br>- \u0141atwa aplikacja nawet w pionie<br>- Delikatny dla materia\u0142\u00f3w wra\u017cliwych na kwasy<br>- Aktywny przeciwko uporczywym zabrudzeniom<br><br><strong>Obszary zastosowa\u0144:<br><\/strong>Czyszczenie zlewozmywak\u00f3w kompozytowych i zmywalnych powierzchni kuchennych<\/p>\n<\/div>\n\n\n\n<div class=\"wp-block-column is-layout-flow wp-block-column-is-layout-flow\"><div class=\"wp-block-image\">\n<figure class=\"aligncenter size-full is-resized\"><img decoding=\"async\" width=\"495\" height=\"1024\" src=\"https:\/\/www.pladostelma.com\/wp-content\/uploads\/extracare.jpg\" alt=\"\" class=\"wp-image-230733\" style=\"width:248px;height:512px\" srcset=\"https:\/\/www.pladostelma.com\/wp-content\/uploads\/extracare.jpg 495w, https:\/\/www.pladostelma.com\/wp-content\/uploads\/extracare-145x300.jpg 145w, https:\/\/www.pladostelma.com\/wp-content\/uploads\/extracare-6x12.jpg 6w, https:\/\/www.pladostelma.com\/wp-content\/uploads\/extracare-300x621.jpg 300w, https:\/\/www.pladostelma.com\/wp-content\/uploads\/extracare-290x600.jpg 290w\" sizes=\"(max-width: 495px) 100vw, 495px\" \/><\/figure><\/div>\n\n\n<div style=\"height:25px\" aria-hidden=\"true\" class=\"wp-block-spacer\"><\/div>\n\n\n\n<div class=\"wp-block-buttons is-horizontal is-content-justification-center is-layout-flex wp-container-core-buttons-is-layout-499968f5 wp-block-buttons-is-layout-flex\">\n<div class=\"wp-block-button\"><a class=\"wp-block-button__link has-background wp-element-button\" href=\"https:\/\/shop.pladostelma.com\/product\/extracare\/\" style=\"background-color:#0a9100\">Kup teraz<\/a><\/div>\n<\/div>\n<\/div>\n<\/div>\n\n\n\n<div style=\"height:100px\" aria-hidden=\"true\" class=\"wp-block-spacer\"><\/div>\n\n\n\n<div class=\"wp-block-columns is-layout-flex wp-container-core-columns-is-layout-9d6595d7 wp-block-columns-is-layout-flex\">\n<div class=\"wp-block-column is-layout-flow wp-block-column-is-layout-flow\">\n<p><strong>DEKAL<\/strong><br><br><\/p>\n\n\n\n<p>250 ml - DEKAL to \u015brodek do usuwania kamienia przeznaczony do zlewozmywak\u00f3w Plados. Jak wszystko, co ma kontakt z wod\u0105, r\u00f3wnie\u017c zlewozmywak mo\u017ce by\u0107 nara\u017cony na osadzanie si\u0119 kamienia. W wyniku kontaktu z resztkami jedzenia lub napoj\u00f3w, kamie\u0144 plami si\u0119 i staje si\u0119 coraz bardziej widoczny. Aby usun\u0105\u0107 plam\u0119, kt\u00f3ra nie znajduje si\u0119 na materiale kompozytowym, ale na osadzie wapiennym, nale\u017cy go usun\u0105\u0107 poprzez odkamienianie zlewu. DEKAL usuwa kamie\u0144 bez uszkadzania po\u0142ysku zlewozmywak\u00f3w kompozytowych. W przypadku bardziej uporczywych plam, po usuni\u0119ciu kamienia za pomoc\u0105 DEKAL, mo\u017cna u\u017cy\u0107 odplamiacza EXTRACARE.<\/p>\n<\/div>\n\n\n\n<div class=\"wp-block-column is-vertically-aligned-top is-layout-flow wp-block-column-is-layout-flow\"><div class=\"wp-block-image\">\n<figure class=\"aligncenter size-full is-resized\"><img decoding=\"async\" width=\"717\" height=\"1024\" src=\"https:\/\/www.pladostelma.com\/wp-content\/uploads\/dekal-1.jpg\" alt=\"\" class=\"wp-image-230730\" style=\"width:359px;height:512px\" srcset=\"https:\/\/www.pladostelma.com\/wp-content\/uploads\/dekal-1.jpg 717w, https:\/\/www.pladostelma.com\/wp-content\/uploads\/dekal-1-210x300.jpg 210w, https:\/\/www.pladostelma.com\/wp-content\/uploads\/dekal-1-8x12.jpg 8w, https:\/\/www.pladostelma.com\/wp-content\/uploads\/dekal-1-300x428.jpg 300w, https:\/\/www.pladostelma.com\/wp-content\/uploads\/dekal-1-420x600.jpg 420w\" sizes=\"(max-width: 717px) 100vw, 717px\" \/><\/figure><\/div>\n\n\n<div class=\"wp-block-buttons is-content-justification-center is-layout-flex wp-container-core-buttons-is-layout-16018d1d wp-block-buttons-is-layout-flex\">\n<div class=\"wp-block-button is-style-fill\"><a class=\"wp-block-button__link has-background wp-element-button\" href=\"https:\/\/pladostelma.shop\/dekal\/\" style=\"background-color:#0a9100\">Kup teraz<\/a><\/div>\n<\/div>\n<\/div>\n<\/div>\n\n\n\n<div style=\"height:100px\" aria-hidden=\"true\" class=\"wp-block-spacer\"><\/div>\n\n\n\n<div class=\"wp-block-columns is-layout-flex wp-container-core-columns-is-layout-9d6595d7 wp-block-columns-is-layout-flex\">\n<div class=\"wp-block-column is-layout-flow wp-block-column-is-layout-flow\">\n<p><strong>MULTICARE<\/strong><\/p>\n\n\n\n<p><br>MULTICARE to \u015brodek do czyszczenia wielu powierzchni zawieraj\u0105cy szybko biodegradowalne, uznane i certyfikowane przez ECOLABEL \u015brodki pochodzenia ro\u015blinnegoone. Idealnie nadaje si\u0119 do czyszczenia zlewozmywak\u00f3w ze stali nierdzewnej, kolorowych kran\u00f3w i emaliowanych p\u0142yt grzewczych. MULTICARE szanuje powierzchnie i nie pozostawia \u015blad\u00f3w.<\/p>\n\n\n\n<p>- Dobra moc odt\u0142uszczania<\/p>\n\n\n\n<p>- Pozostawia przyjemny zapach<\/p>\n\n\n\n<p>- Przyjazny dla \u015brodowiska<\/p>\n<\/div>\n\n\n\n<div class=\"wp-block-column is-layout-flow wp-block-column-is-layout-flow\"><div class=\"wp-block-image\">\n<figure class=\"aligncenter size-full is-resized\"><img decoding=\"async\" width=\"717\" height=\"1024\" src=\"https:\/\/www.pladostelma.com\/wp-content\/uploads\/multicare-1.jpg\" alt=\"\" class=\"wp-image-230735\" style=\"width:359px;height:512px\" srcset=\"https:\/\/www.pladostelma.com\/wp-content\/uploads\/multicare-1.jpg 717w, https:\/\/www.pladostelma.com\/wp-content\/uploads\/multicare-1-210x300.jpg 210w, https:\/\/www.pladostelma.com\/wp-content\/uploads\/multicare-1-8x12.jpg 8w, https:\/\/www.pladostelma.com\/wp-content\/uploads\/multicare-1-300x428.jpg 300w, https:\/\/www.pladostelma.com\/wp-content\/uploads\/multicare-1-420x600.jpg 420w\" sizes=\"(max-width: 717px) 100vw, 717px\" \/><\/figure><\/div>\n\n\n<div class=\"wp-block-buttons is-content-justification-center is-layout-flex wp-container-core-buttons-is-layout-16018d1d wp-block-buttons-is-layout-flex\">\n<div class=\"wp-block-button\"><a class=\"wp-block-button__link has-background wp-element-button\" href=\"https:\/\/pladostelma.shop\/multicare\/\" style=\"background-color:#0a9100\">Kup teraz<\/a><\/div>\n<\/div>\n<\/div>\n<\/div>\n\n\n\n<div style=\"height:100px\" aria-hidden=\"true\" class=\"wp-block-spacer\"><\/div>\n\n\n\n<div class=\"wp-block-columns is-layout-flex wp-container-core-columns-is-layout-9d6595d7 wp-block-columns-is-layout-flex\">\n<div class=\"wp-block-column is-layout-flow wp-block-column-is-layout-flow\">\n<p><strong>ECOSPONGE<\/strong><br><\/p>\n\n\n\n<p>Dwie podw\u00f3jne g\u0105bki azione wykonane z celulozy pochodzenia ro\u015blinnego i biodegradowalne 100%.<br>Strona celulozowa na bazie ro\u015blinnej jest superch\u0142onna, idealna do delikatnego czyszczenia, podczas gdy strona z w\u0142\u00f3kna czy\u015bci inkrustowane powierzchnie bez zarysowa\u0144.  Wzmocnione boki gwarantuj\u0105 trwa\u0142o\u015b\u0107, a du\u017ca grubo\u015b\u0107 zapewnia skuteczn\u0105 ochron\u0119 palc\u00f3w. Uniwersalna, idealna do wszystkich produkt\u00f3w Plados w kuchni.<\/p>\n<\/div>\n\n\n\n<div class=\"wp-block-column is-layout-flow wp-block-column-is-layout-flow\"><div class=\"wp-block-image\">\n<figure class=\"aligncenter size-full is-resized\"><img decoding=\"async\" width=\"1024\" height=\"862\" src=\"https:\/\/www.pladostelma.com\/wp-content\/uploads\/ecosponge-1.jpg\" alt=\"\" class=\"wp-image-230731\" style=\"width:402px;height:338px\" srcset=\"https:\/\/www.pladostelma.com\/wp-content\/uploads\/ecosponge-1.jpg 1024w, https:\/\/www.pladostelma.com\/wp-content\/uploads\/ecosponge-1-300x253.jpg 300w, https:\/\/www.pladostelma.com\/wp-content\/uploads\/ecosponge-1-768x647.jpg 768w, https:\/\/www.pladostelma.com\/wp-content\/uploads\/ecosponge-1-14x12.jpg 14w, https:\/\/www.pladostelma.com\/wp-content\/uploads\/ecosponge-1-600x505.jpg 600w\" sizes=\"(max-width: 1024px) 100vw, 1024px\" \/><\/figure><\/div>\n\n\n<div class=\"wp-block-buttons is-content-justification-center is-layout-flex wp-container-core-buttons-is-layout-16018d1d wp-block-buttons-is-layout-flex\">\n<div class=\"wp-block-button\"><a class=\"wp-block-button__link has-background wp-element-button\" href=\"https:\/\/pladostelma.shop\/ecosponge\/\" style=\"background-color:#0a9100\">Kup teraz<\/a><\/div>\n<\/div>\n<\/div>\n<\/div>\n\n\n\n<p><\/p>","protected":false},"excerpt":{"rendered":"<p>CURA E MANUTENZIONE CURA E MANUTENZIONE ORDINARIA La non porosit\u00e0 delle superfici dei nostri lavelli consente una veloce pulizia utilizzando un normale detergente liquido e la semplice azione con un panno morbido o una spugna. Il lavello risulter\u00e0 sempre fresco, pulito ed igienico. Consigliamo una regolare pulizia quotidiana per rimuovere istantaneamente macchie da residui di [&hellip;]<\/p>\n","protected":false},"author":1,"featured_media":230725,"parent":0,"menu_order":23,"comment_status":"closed","ping_status":"closed","template":"","meta":{"_acf_changed":false,"_seopress_robots_primary_cat":"","_seopress_titles_title":"Cura e manutenzione","_seopress_titles_desc":"Cura e manutenzione","_seopress_robots_index":"","_uag_custom_page_level_css":"","iawp_total_views":6146,"uix_meta_title":"","uix_meta_description":"","uix_canonical_url":"","footnotes":""},"class_list":["post-1838","page","type-page","status-publish","has-post-thumbnail","hentry"],"acf":[],"uagb_featured_image_src":{"full":["https:\/\/www.pladostelma.com\/wp-content\/uploads\/2.jpg",1280,766,false],"thumbnail":["https:\/\/www.pladostelma.com\/wp-content\/uploads\/2-150x150.jpg",150,150,true],"medium":["https:\/\/www.pladostelma.com\/wp-content\/uploads\/2-300x180.jpg",300,180,true],"medium_large":["https:\/\/www.pladostelma.com\/wp-content\/uploads\/2-768x460.jpg",768,460,true],"large":["https:\/\/www.pladostelma.com\/wp-content\/uploads\/2-1024x613.jpg",1024,613,true],"1536x1536":["https:\/\/www.pladostelma.com\/wp-content\/uploads\/2.jpg",1280,766,false],"2048x2048":["https:\/\/www.pladostelma.com\/wp-content\/uploads\/2.jpg",1280,766,false],"trp-custom-language-flag":["https:\/\/www.pladostelma.com\/wp-content\/uploads\/2-18x12.jpg",18,12,true],"woocommerce_thumbnail":["https:\/\/www.pladostelma.com\/wp-content\/uploads\/2-300x180.jpg",300,180,true],"woocommerce_single":["https:\/\/www.pladostelma.com\/wp-content\/uploads\/2-600x359.jpg",600,359,true],"woocommerce_gallery_thumbnail":["https:\/\/www.pladostelma.com\/wp-content\/uploads\/2-100x100.jpg",100,100,true],"variation_swatches_image_size":["https:\/\/www.pladostelma.com\/wp-content\/uploads\/2.jpg",50,30,false],"variation_swatches_tooltip_size":["https:\/\/www.pladostelma.com\/wp-content\/uploads\/2.jpg",100,60,false]},"uagb_author_info":{"display_name":"admino","author_link":"https:\/\/www.pladostelma.com\/pl\/author\/admino\/"},"uagb_comment_info":0,"uagb_excerpt":"CURA E MANUTENZIONE CURA E MANUTENZIONE ORDINARIA La non porosit\u00e0 delle superfici dei nostri lavelli consente una veloce pulizia utilizzando un normale detergente liquido e la semplice azione con un panno morbido o una spugna. Il lavello risulter\u00e0 sempre fresco, pulito ed igienico. Consigliamo una regolare pulizia quotidiana per rimuovere istantaneamente macchie da residui di&hellip;","_links":{"self":[{"href":"https:\/\/www.pladostelma.com\/pl\/wp-json\/wp\/v2\/pages\/1838","targetHints":{"allow":["GET"]}}],"collection":[{"href":"https:\/\/www.pladostelma.com\/pl\/wp-json\/wp\/v2\/pages"}],"about":[{"href":"https:\/\/www.pladostelma.com\/pl\/wp-json\/wp\/v2\/types\/page"}],"author":[{"embeddable":true,"href":"https:\/\/www.pladostelma.com\/pl\/wp-json\/wp\/v2\/users\/1"}],"replies":[{"embeddable":true,"href":"https:\/\/www.pladostelma.com\/pl\/wp-json\/wp\/v2\/comments?post=1838"}],"version-history":[{"count":0,"href":"https:\/\/www.pladostelma.com\/pl\/wp-json\/wp\/v2\/pages\/1838\/revisions"}],"wp:featuredmedia":[{"embeddable":true,"href":"https:\/\/www.pladostelma.com\/pl\/wp-json\/wp\/v2\/media\/230725"}],"wp:attachment":[{"href":"https:\/\/www.pladostelma.com\/pl\/wp-json\/wp\/v2\/media?parent=1838"}],"curies":[{"name":"wp","href":"https:\/\/api.w.org\/{rel}","templated":true}]}}