{"id":6529,"date":"2017-09-01T13:55:27","date_gmt":"2017-09-01T11:55:27","guid":{"rendered":"https:\/\/www.pladostelma.com\/catalogue\/filtro-a-carbone-attivo\/"},"modified":"2021-05-24T15:00:14","modified_gmt":"2021-05-24T13:00:14","slug":"filcar","status":"publish","type":"product","link":"https:\/\/www.pladostelma.com\/fr\/filcar\/","title":{"rendered":"CARTOUCHE DE FILTRE \u00c0 CHARBON ACTIF"},"content":{"rendered":"<p>Le charbon actif est un mat\u00e9riau tr\u00e8s poreux capable de retenir dans sa structure de nombreuses mol\u00e9cules d'autres substances. La principale caract\u00e9ristique du charbon actif est sa grande \"surface sp\u00e9cifique\" due \u00e0 sa forte porosit\u00e9 : par exemple, 1 gramme de charbon actif peut atteindre une surface interne \u00e9quivalente \u00e0 celle d'un terrain de football ! Les filtres \u00e0 charbon actif retiennent les impuret\u00e9s jusqu'\u00e0 5 microns, exer\u00e7ant \u00e9galement une action bact\u00e9riostatique. Les polluants, le chlore et les odeurs ind\u00e9sirables, les fibres d'amiante, les moisissures, les algues, les protozoaires, sont retenus dans la structure poreuse du charbon actif, g\u00e9n\u00e9rant une eau exempte de substances nocives et pr\u00eate \u00e0 boire. Les filtres \u00e0 charbon actif sont le compl\u00e9ment id\u00e9al des robinets \u00e0 trois voies qui peuvent fournir de l'eau s\u00e9par\u00e9e.<\/p>\n<p>AVANTAGES DU FILTRE \u00c0 CHARBON ACTIF :<\/p>\n<p>- \u00c9conomisez des efforts, du temps et money, en ne devant pas acheter et transporter \u00e0 la maison des bouteilles lourdes que vous devrez jeter une fois utilis\u00e9es.<\/p>\n<p>- Prot\u00e8ge l'environnement en r\u00e9duisant la consommation de bouteilles en plastique ;<\/p>\n<p>- L'installation et le remplacement du filtre sont rapides et faciles et ne n\u00e9cessitent pas l'intervention d'un technicien ;<\/p>\n<p>- Une fois satur\u00e9, le filtre r\u00e9duit automatiquement le d\u00e9bit d'eau jusqu'\u00e0 ce qu'il se bloque, garantissant toujours une eau de qualit\u00e9 ;<\/p>\n<p>- Taille minimale car le syst\u00e8me de filtrage occupe tr\u00e8s peu d'espace et peut \u00eatre install\u00e9 dans le meuble sous \u00e9vier.<\/p>","protected":false},"excerpt":{"rendered":"<p>Cartouche filtrante active carbone pour syst\u00e8me de distribution d'eau purifi\u00e9e.<\/p>","protected":false},"featured_media":205775,"template":"","meta":{"_acf_changed":false,"_seopress_robots_primary_cat":"","_seopress_titles_title":"","_seopress_titles_desc":"","_seopress_robots_index":"","_seopress_analysis_target_kw":"","_uag_custom_page_level_css":"","iawp_total_views":199,"uix_meta_title":"","uix_meta_description":"","uix_canonical_url":""},"serie":[],"product_brand":[],"product_cat":[839],"product_tag":[],"class_list":{"0":"post-6529","1":"product","2":"type-product","3":"status-publish","4":"has-post-thumbnail","6":"product_cat-accessori-miscelatori","8":"first","9":"instock","10":"shipping-taxable","11":"product-type-simple"},"acf":[],"vendbase_acf":null,"vendbase_metabox":null,"uagb_featured_image_src":{"full":["https:\/\/www.pladostelma.com\/wp-content\/uploads\/2017\/09\/filcar.jpg",1054,1088,false],"thumbnail":["https:\/\/www.pladostelma.com\/wp-content\/uploads\/2017\/09\/filcar-150x150.jpg",150,150,true],"medium":["https:\/\/www.pladostelma.com\/wp-content\/uploads\/2017\/09\/filcar-300x300.jpg",300,300,true],"medium_large":["https:\/\/www.pladostelma.com\/wp-content\/uploads\/2017\/09\/filcar-768x768.jpg",768,768,true],"large":["https:\/\/www.pladostelma.com\/wp-content\/uploads\/2017\/09\/filcar-1024x1024.jpg",1024,1024,true],"1536x1536":["https:\/\/www.pladostelma.com\/wp-content\/uploads\/2017\/09\/filcar.jpg",1054,1088,false],"2048x2048":["https:\/\/www.pladostelma.com\/wp-content\/uploads\/2017\/09\/filcar.jpg",1054,1088,false],"trp-custom-language-flag":["https:\/\/www.pladostelma.com\/wp-content\/uploads\/2017\/09\/filcar.jpg",12,12,false],"woocommerce_thumbnail":["https:\/\/www.pladostelma.com\/wp-content\/uploads\/2017\/09\/filcar-300x300.jpg",300,300,true],"woocommerce_single":["https:\/\/www.pladostelma.com\/wp-content\/uploads\/2017\/09\/filcar-600x600.jpg",600,600,true],"woocommerce_gallery_thumbnail":["https:\/\/www.pladostelma.com\/wp-content\/uploads\/2017\/09\/filcar-100x100.jpg",100,100,true],"variation_swatches_image_size":["https:\/\/www.pladostelma.com\/wp-content\/uploads\/2017\/09\/filcar.jpg",48,50,false],"variation_swatches_tooltip_size":["https:\/\/www.pladostelma.com\/wp-content\/uploads\/2017\/09\/filcar.jpg",97,100,false]},"uagb_author_info":{"display_name":"admino","author_link":"https:\/\/www.pladostelma.com\/fr\/author\/"},"uagb_comment_info":0,"uagb_excerpt":"Cartuccia filtrante al carbone attivo per sistema di erogazione acqua purificata.","_links":{"self":[{"href":"https:\/\/www.pladostelma.com\/fr\/wp-json\/wp\/v2\/product\/6529","targetHints":{"allow":["GET"]}}],"collection":[{"href":"https:\/\/www.pladostelma.com\/fr\/wp-json\/wp\/v2\/product"}],"about":[{"href":"https:\/\/www.pladostelma.com\/fr\/wp-json\/wp\/v2\/types\/product"}],"wp:featuredmedia":[{"embeddable":true,"href":"https:\/\/www.pladostelma.com\/fr\/wp-json\/wp\/v2\/media\/205775"}],"wp:attachment":[{"href":"https:\/\/www.pladostelma.com\/fr\/wp-json\/wp\/v2\/media?parent=6529"}],"wp:term":[{"taxonomy":"serie","embeddable":true,"href":"https:\/\/www.pladostelma.com\/fr\/wp-json\/wp\/v2\/serie?post=6529"},{"taxonomy":"product_brand","embeddable":true,"href":"https:\/\/www.pladostelma.com\/fr\/wp-json\/wp\/v2\/product_brand?post=6529"},{"taxonomy":"product_cat","embeddable":true,"href":"https:\/\/www.pladostelma.com\/fr\/wp-json\/wp\/v2\/product_cat?post=6529"},{"taxonomy":"product_tag","embeddable":true,"href":"https:\/\/www.pladostelma.com\/fr\/wp-json\/wp\/v2\/product_tag?post=6529"}],"curies":[{"name":"wp","href":"https:\/\/api.w.org\/{rel}","templated":true}]}}