{"id":6359,"date":"2016-03-17T14:30:05","date_gmt":"2016-03-17T13:30:05","guid":{"rendered":"https:\/\/www.pladostelma.com\/catalogue\/plados-kristal75\/"},"modified":"2024-07-12T10:46:24","modified_gmt":"2024-07-12T08:46:24","slug":"glass75","status":"publish","type":"product","link":"https:\/\/www.pladostelma.com\/fr\/glass75\/","title":{"rendered":"VERRE75"},"content":{"rendered":"<ul>\n<li>Couvercles de flamme et grilles en fonte<\/li>\n<li>Commandes frontales<\/li>\n<li>Allumage \u00e9lectronique sous le boutonone<\/li>\n<li>Boutons en fonte noire<\/li>\n<li>Soupape de s\u00e9curit\u00e9<\/li>\n<\/ul>","protected":false},"excerpt":{"rendered":"<p>Plaque de cuisson de 75 cm en cristal noir avec 5 br\u00fbleurs \u00e0 gaz, dont 1 \u00e0 triple couronne.<\/p>","protected":false},"featured_media":198674,"template":"","meta":{"_acf_changed":false,"_seopress_robots_primary_cat":"","_seopress_titles_title":"PLADOS GLASS75 gas hob","_seopress_titles_desc":"PLADOS GLASS75 gas hob","_seopress_robots_index":"","_uag_custom_page_level_css":"","iawp_total_views":552,"uix_meta_title":"","uix_meta_description":"","uix_canonical_url":""},"serie":[],"product_brand":[],"product_cat":[552,564],"product_tag":[],"class_list":{"0":"post-6359","1":"product","2":"type-product","3":"status-publish","4":"has-post-thumbnail","6":"product_cat-elettrodomestici","7":"product_cat-piani-cottura","8":"pa_dimensions-740-x-510-mm","9":"pa_pladoscolors-k2-cristallo-nero","10":"pa_series-krystal","12":"first","13":"instock","14":"shipping-taxable","15":"product-type-simple"},"acf":[],"vendbase_acf":null,"vendbase_metabox":null,"uagb_featured_image_src":{"full":["https:\/\/www.pladostelma.com\/wp-content\/uploads\/2016\/03\/GLASS75.jpg",1313,960,false],"thumbnail":["https:\/\/www.pladostelma.com\/wp-content\/uploads\/2016\/03\/GLASS75-150x150.jpg",150,150,true],"medium":["https:\/\/www.pladostelma.com\/wp-content\/uploads\/2016\/03\/GLASS75-300x300.jpg",300,300,true],"medium_large":["https:\/\/www.pladostelma.com\/wp-content\/uploads\/2016\/03\/GLASS75-768x768.jpg",768,768,true],"large":["https:\/\/www.pladostelma.com\/wp-content\/uploads\/2016\/03\/GLASS75-1024x1024.jpg",1024,1024,true],"1536x1536":["https:\/\/www.pladostelma.com\/wp-content\/uploads\/2016\/03\/GLASS75.jpg",1313,960,false],"2048x2048":["https:\/\/www.pladostelma.com\/wp-content\/uploads\/2016\/03\/GLASS75.jpg",1313,960,false],"trp-custom-language-flag":["https:\/\/www.pladostelma.com\/wp-content\/uploads\/2016\/03\/GLASS75.jpg",16,12,false],"woocommerce_thumbnail":["https:\/\/www.pladostelma.com\/wp-content\/uploads\/2016\/03\/GLASS75-300x300.jpg",300,300,true],"woocommerce_single":["https:\/\/www.pladostelma.com\/wp-content\/uploads\/2016\/03\/GLASS75-600x600.jpg",600,600,true],"woocommerce_gallery_thumbnail":["https:\/\/www.pladostelma.com\/wp-content\/uploads\/2016\/03\/GLASS75-100x100.jpg",100,100,true],"variation_swatches_image_size":["https:\/\/www.pladostelma.com\/wp-content\/uploads\/2016\/03\/GLASS75.jpg",50,37,false],"variation_swatches_tooltip_size":["https:\/\/www.pladostelma.com\/wp-content\/uploads\/2016\/03\/GLASS75.jpg",100,73,false]},"uagb_author_info":{"display_name":"admino","author_link":"https:\/\/www.pladostelma.com\/fr\/author\/"},"uagb_comment_info":0,"uagb_excerpt":"Piano cottura in cristallo nero da 75 cm, con 5 fuochi gas di cui 1 tripla corona.","_links":{"self":[{"href":"https:\/\/www.pladostelma.com\/fr\/wp-json\/wp\/v2\/product\/6359","targetHints":{"allow":["GET"]}}],"collection":[{"href":"https:\/\/www.pladostelma.com\/fr\/wp-json\/wp\/v2\/product"}],"about":[{"href":"https:\/\/www.pladostelma.com\/fr\/wp-json\/wp\/v2\/types\/product"}],"wp:featuredmedia":[{"embeddable":true,"href":"https:\/\/www.pladostelma.com\/fr\/wp-json\/wp\/v2\/media\/198674"}],"wp:attachment":[{"href":"https:\/\/www.pladostelma.com\/fr\/wp-json\/wp\/v2\/media?parent=6359"}],"wp:term":[{"taxonomy":"serie","embeddable":true,"href":"https:\/\/www.pladostelma.com\/fr\/wp-json\/wp\/v2\/serie?post=6359"},{"taxonomy":"product_brand","embeddable":true,"href":"https:\/\/www.pladostelma.com\/fr\/wp-json\/wp\/v2\/product_brand?post=6359"},{"taxonomy":"product_cat","embeddable":true,"href":"https:\/\/www.pladostelma.com\/fr\/wp-json\/wp\/v2\/product_cat?post=6359"},{"taxonomy":"product_tag","embeddable":true,"href":"https:\/\/www.pladostelma.com\/fr\/wp-json\/wp\/v2\/product_tag?post=6359"}],"curies":[{"name":"wp","href":"https:\/\/api.w.org\/{rel}","templated":true}]}}