{"id":5720,"date":"2015-04-27T10:56:59","date_gmt":"2015-04-27T08:56:59","guid":{"rendered":"https:\/\/www.pladostelma.com\/catalogue\/altri-accessori-detergente-disincrostante\/"},"modified":"2024-07-22T16:46:56","modified_gmt":"2024-07-22T14:46:56","slug":"extracare-2","status":"publish","type":"product","link":"https:\/\/www.pladostelma.com\/fr\/extracare-2\/","title":{"rendered":"EXTRACARE"},"content":{"rendered":"<p>- Application facile m\u00eame \u00e0 la verticale<br \/>\n- D\u00e9licat sur des mat\u00e9riaux sensibles aux acides<br \/>\n- Actif contre la salet\u00e9 la plus r\u00e9sistante<\/p>","protected":false},"excerpt":{"rendered":"<p>500 ml - EXTRACARE est un d\u00e9tachant pour un nettoyage extraordinaire. Actif contre les salissures les plus tenaces, il est con\u00e7u pour d\u00e9tacher sans endommager la couleur et la brillance des \u00e9viers en composite. Gr\u00e2ce \u00e0 sa formulation dense, il convient \u00e9galement \u00e0 une application verticale. Le produit s\u00e8che tr\u00e8s lentement, ce qui permet aux agents actifs de r\u00e9agir le plus longtemps possible. Il est tr\u00e8s facile \u00e0 appliquer et ne laisse pas de traces. L'id\u00e9al est d'utiliser Extracare apr\u00e8s avoir \u00e9limin\u00e9 le calcaire avec Dekal.<\/p>\n<p>&nbsp;<\/p>","protected":false},"featured_media":246802,"template":"","meta":{"_acf_changed":false,"_seopress_robots_primary_cat":"","_seopress_titles_title":"EXTRACARE descaling detergent","_seopress_titles_desc":"EXTRACARE descaling detergent","_seopress_robots_index":"","_uag_custom_page_level_css":"","iawp_total_views":376,"uix_meta_title":"","uix_meta_description":"","uix_canonical_url":""},"serie":[],"product_brand":[],"product_cat":[710,2607],"product_tag":[],"class_list":{"0":"post-5720","1":"product","2":"type-product","3":"status-publish","4":"has-post-thumbnail","6":"product_cat-accessori-lavelli-cucina","7":"product_cat-prodotti_pulizia","9":"first","10":"instock","11":"shipping-taxable","12":"purchasable","13":"product-type-simple"},"acf":[],"vendbase_acf":null,"vendbase_metabox":null,"uagb_featured_image_src":{"full":["https:\/\/www.pladostelma.com\/wp-content\/uploads\/EXTRACARE-1.jpg",494,1024,false],"thumbnail":["https:\/\/www.pladostelma.com\/wp-content\/uploads\/EXTRACARE-1-150x150.jpg",150,150,true],"medium":["https:\/\/www.pladostelma.com\/wp-content\/uploads\/EXTRACARE-1-300x300.jpg",300,300,true],"medium_large":["https:\/\/www.pladostelma.com\/wp-content\/uploads\/EXTRACARE-1-768x768.jpg",768,768,true],"large":["https:\/\/www.pladostelma.com\/wp-content\/uploads\/EXTRACARE-1-1024x1024.jpg",1024,1024,true],"1536x1536":["https:\/\/www.pladostelma.com\/wp-content\/uploads\/EXTRACARE-1.jpg",494,1024,false],"2048x2048":["https:\/\/www.pladostelma.com\/wp-content\/uploads\/EXTRACARE-1.jpg",494,1024,false],"trp-custom-language-flag":["https:\/\/www.pladostelma.com\/wp-content\/uploads\/EXTRACARE-1.jpg",6,12,false],"woocommerce_thumbnail":["https:\/\/www.pladostelma.com\/wp-content\/uploads\/EXTRACARE-1-300x300.jpg",300,300,true],"woocommerce_single":["https:\/\/www.pladostelma.com\/wp-content\/uploads\/EXTRACARE-1-600x600.jpg",600,600,true],"woocommerce_gallery_thumbnail":["https:\/\/www.pladostelma.com\/wp-content\/uploads\/EXTRACARE-1-100x100.jpg",100,100,true],"variation_swatches_image_size":["https:\/\/www.pladostelma.com\/wp-content\/uploads\/EXTRACARE-1.jpg",24,50,false],"variation_swatches_tooltip_size":["https:\/\/www.pladostelma.com\/wp-content\/uploads\/EXTRACARE-1.jpg",48,100,false]},"uagb_author_info":{"display_name":"admino","author_link":"https:\/\/www.pladostelma.com\/fr\/author\/"},"uagb_comment_info":0,"uagb_excerpt":"500 ml - EXTRACARE \u00e8 un detergente smacchiante per le pulizie straordinarie. Attivo contro lo sporco pi\u00f9 ostinato, \u00e8 stato studiato per smacchiare senza danneggiare il colore e la lucentezza dei lavelli in materiale composito. Grazie alla sua formulazione densa \u00e8 indicato anche per l\u2019applicazione in verticale. Il prodotto asciuga molto lentamente, permettendo agli agenti\u2026","_links":{"self":[{"href":"https:\/\/www.pladostelma.com\/fr\/wp-json\/wp\/v2\/product\/5720","targetHints":{"allow":["GET"]}}],"collection":[{"href":"https:\/\/www.pladostelma.com\/fr\/wp-json\/wp\/v2\/product"}],"about":[{"href":"https:\/\/www.pladostelma.com\/fr\/wp-json\/wp\/v2\/types\/product"}],"wp:featuredmedia":[{"embeddable":true,"href":"https:\/\/www.pladostelma.com\/fr\/wp-json\/wp\/v2\/media\/246802"}],"wp:attachment":[{"href":"https:\/\/www.pladostelma.com\/fr\/wp-json\/wp\/v2\/media?parent=5720"}],"wp:term":[{"taxonomy":"serie","embeddable":true,"href":"https:\/\/www.pladostelma.com\/fr\/wp-json\/wp\/v2\/serie?post=5720"},{"taxonomy":"product_brand","embeddable":true,"href":"https:\/\/www.pladostelma.com\/fr\/wp-json\/wp\/v2\/product_brand?post=5720"},{"taxonomy":"product_cat","embeddable":true,"href":"https:\/\/www.pladostelma.com\/fr\/wp-json\/wp\/v2\/product_cat?post=5720"},{"taxonomy":"product_tag","embeddable":true,"href":"https:\/\/www.pladostelma.com\/fr\/wp-json\/wp\/v2\/product_tag?post=5720"}],"curies":[{"name":"wp","href":"https:\/\/api.w.org\/{rel}","templated":true}]}}