{"id":5715,"date":"2015-04-27T10:56:59","date_gmt":"2015-04-27T08:56:59","guid":{"rendered":"https:\/\/www.pladostelma.com\/catalogue\/altri-accessori-brillantante\/"},"modified":"2024-07-22T16:47:54","modified_gmt":"2024-07-22T14:47:54","slug":"brillcare","status":"publish","type":"product","link":"https:\/\/www.pladostelma.com\/fr\/brillcare\/","title":{"rendered":"BRILLIANT"},"content":{"rendered":"<p>- Bon pouvoir d\u00e9graissant<br \/>\n- Laisse un parfum agr\u00e9able<br \/>\n- Eco-friendly<\/p>","protected":false},"excerpt":{"rendered":"<p>500 ml - BRILLCARE est un nettoyant \u00e0 base d'eau, formul\u00e9 avec des agents d'origine v\u00e9g\u00e9tale rapidement. <strong>biod\u00e9gradable<\/strong>et certifi\u00e9 ECOLABEL. Il est id\u00e9al pour le nettoyage quotidien des \u00e9viers et de toutes les surfaces lavables de la cuisine. BRILLCARE respecte les surfaces et ne laisse pas de traces.<\/p>\n<p>&nbsp;<\/p>","protected":false},"featured_media":246798,"template":"","meta":{"_acf_changed":false,"_seopress_robots_primary_cat":"","_seopress_titles_title":"BRILLCARE daily detergent","_seopress_titles_desc":"BRILLCARE daily detergent","_seopress_robots_index":"","_uag_custom_page_level_css":"","iawp_total_views":325,"uix_meta_title":"","uix_meta_description":"","uix_canonical_url":""},"serie":[],"product_brand":[],"product_cat":[710,2607],"product_tag":[],"class_list":{"0":"post-5715","1":"product","2":"type-product","3":"status-publish","4":"has-post-thumbnail","6":"product_cat-accessori-lavelli-cucina","7":"product_cat-prodotti_pulizia","9":"first","10":"instock","11":"shipping-taxable","12":"purchasable","13":"product-type-simple"},"acf":[],"vendbase_acf":null,"vendbase_metabox":null,"uagb_featured_image_src":{"full":["https:\/\/www.pladostelma.com\/wp-content\/uploads\/BRILLCARE-2.jpg",498,1024,false],"thumbnail":["https:\/\/www.pladostelma.com\/wp-content\/uploads\/BRILLCARE-2-150x150.jpg",150,150,true],"medium":["https:\/\/www.pladostelma.com\/wp-content\/uploads\/BRILLCARE-2-300x300.jpg",300,300,true],"medium_large":["https:\/\/www.pladostelma.com\/wp-content\/uploads\/BRILLCARE-2-768x768.jpg",768,768,true],"large":["https:\/\/www.pladostelma.com\/wp-content\/uploads\/BRILLCARE-2-1024x1024.jpg",1024,1024,true],"1536x1536":["https:\/\/www.pladostelma.com\/wp-content\/uploads\/BRILLCARE-2.jpg",498,1024,false],"2048x2048":["https:\/\/www.pladostelma.com\/wp-content\/uploads\/BRILLCARE-2.jpg",498,1024,false],"trp-custom-language-flag":["https:\/\/www.pladostelma.com\/wp-content\/uploads\/BRILLCARE-2.jpg",6,12,false],"woocommerce_thumbnail":["https:\/\/www.pladostelma.com\/wp-content\/uploads\/BRILLCARE-2-300x300.jpg",300,300,true],"woocommerce_single":["https:\/\/www.pladostelma.com\/wp-content\/uploads\/BRILLCARE-2-600x600.jpg",600,600,true],"woocommerce_gallery_thumbnail":["https:\/\/www.pladostelma.com\/wp-content\/uploads\/BRILLCARE-2-100x100.jpg",100,100,true],"variation_swatches_image_size":["https:\/\/www.pladostelma.com\/wp-content\/uploads\/BRILLCARE-2.jpg",24,50,false],"variation_swatches_tooltip_size":["https:\/\/www.pladostelma.com\/wp-content\/uploads\/BRILLCARE-2.jpg",49,100,false]},"uagb_author_info":{"display_name":"admino","author_link":"https:\/\/www.pladostelma.com\/fr\/author\/"},"uagb_comment_info":0,"uagb_excerpt":"500 ml - BRILLCARE \u00e8 un detergente a base d\u2019acqua, formulato con agenti di derivazione vegetale velocemente biodegradabili, riconosciuti e certificati ECOLABEL. \u00c8 ideale per la pulizia quotidiana dei lavelli e di tutte le superfici lavabili della cucina. BRILLCARE rispetta le superfici e non lascia aloni. &nbsp;","_links":{"self":[{"href":"https:\/\/www.pladostelma.com\/fr\/wp-json\/wp\/v2\/product\/5715","targetHints":{"allow":["GET"]}}],"collection":[{"href":"https:\/\/www.pladostelma.com\/fr\/wp-json\/wp\/v2\/product"}],"about":[{"href":"https:\/\/www.pladostelma.com\/fr\/wp-json\/wp\/v2\/types\/product"}],"wp:featuredmedia":[{"embeddable":true,"href":"https:\/\/www.pladostelma.com\/fr\/wp-json\/wp\/v2\/media\/246798"}],"wp:attachment":[{"href":"https:\/\/www.pladostelma.com\/fr\/wp-json\/wp\/v2\/media?parent=5715"}],"wp:term":[{"taxonomy":"serie","embeddable":true,"href":"https:\/\/www.pladostelma.com\/fr\/wp-json\/wp\/v2\/serie?post=5715"},{"taxonomy":"product_brand","embeddable":true,"href":"https:\/\/www.pladostelma.com\/fr\/wp-json\/wp\/v2\/product_brand?post=5715"},{"taxonomy":"product_cat","embeddable":true,"href":"https:\/\/www.pladostelma.com\/fr\/wp-json\/wp\/v2\/product_cat?post=5715"},{"taxonomy":"product_tag","embeddable":true,"href":"https:\/\/www.pladostelma.com\/fr\/wp-json\/wp\/v2\/product_tag?post=5715"}],"curies":[{"name":"wp","href":"https:\/\/api.w.org\/{rel}","templated":true}]}}