{"id":5033,"date":"2015-04-27T10:46:49","date_gmt":"2015-04-27T08:46:49","guid":{"rendered":"https:\/\/www.pladostelma.com\/catalogue\/plados-vintage-10010\/"},"modified":"2024-07-12T10:24:28","modified_gmt":"2024-07-12T08:24:28","slug":"vi1001_","status":"publish","type":"product","link":"https:\/\/www.pladostelma.com\/fr\/vi1001_\/","title":{"rendered":"VI1001_"},"content":{"rendered":"","protected":false},"excerpt":{"rendered":"<p>1000\u00d7500 mm - \u00c9vier \u00e0 un bac plus \u00e9gouttoir.<\/p>\n<p>Tous les \u00e9viers peuvent \u00eatre agr\u00e9ment\u00e9s d'accessoires qui rendent la zone de lavage non seulement plus pratique et fonctionnelle, mais aussi plus confortable et \u00e9l\u00e9gante.<\/p>","protected":false},"featured_media":199556,"template":"","meta":{"_acf_changed":false,"_seopress_robots_primary_cat":"","_seopress_titles_title":"PLADOS VINTAGE 10010 Single basin sink with drainer","_seopress_titles_desc":"PLADOS VINTAGE 10010 Single basin sink with drainer","_seopress_robots_index":"","_uag_custom_page_level_css":"","iawp_total_views":112,"uix_meta_title":"","uix_meta_description":"","uix_canonical_url":""},"serie":[],"product_brand":[],"product_cat":[554,829],"product_tag":[],"class_list":{"0":"post-5033","1":"product","2":"type-product","3":"status-publish","4":"has-post-thumbnail","6":"product_cat-lavelli-cucina-acciaio","7":"product_cat-olympus","8":"pa_dimensions-1000x500mm","9":"pa_series-vintage","10":"pa_sink-type-lavello-una-vasca-gocciolatoio","12":"first","13":"instock","14":"shipping-taxable","15":"purchasable","16":"product-type-variable","17":"wvs-archive-product-wrapper"},"acf":[],"vendbase_acf":null,"vendbase_metabox":null,"uagb_featured_image_src":{"full":["https:\/\/www.pladostelma.com\/wp-content\/uploads\/2015\/04\/VI10011-1.jpg",1200,657,false],"thumbnail":["https:\/\/www.pladostelma.com\/wp-content\/uploads\/2015\/04\/VI10011-1-150x150.jpg",150,150,true],"medium":["https:\/\/www.pladostelma.com\/wp-content\/uploads\/2015\/04\/VI10011-1-300x300.jpg",300,300,true],"medium_large":["https:\/\/www.pladostelma.com\/wp-content\/uploads\/2015\/04\/VI10011-1-768x768.jpg",768,768,true],"large":["https:\/\/www.pladostelma.com\/wp-content\/uploads\/2015\/04\/VI10011-1-1024x1024.jpg",1024,1024,true],"1536x1536":["https:\/\/www.pladostelma.com\/wp-content\/uploads\/2015\/04\/VI10011-1.jpg",1200,657,false],"2048x2048":["https:\/\/www.pladostelma.com\/wp-content\/uploads\/2015\/04\/VI10011-1.jpg",1200,657,false],"trp-custom-language-flag":["https:\/\/www.pladostelma.com\/wp-content\/uploads\/2015\/04\/VI10011-1.jpg",18,10,false],"woocommerce_thumbnail":["https:\/\/www.pladostelma.com\/wp-content\/uploads\/2015\/04\/VI10011-1-300x300.jpg",300,300,true],"woocommerce_single":["https:\/\/www.pladostelma.com\/wp-content\/uploads\/2015\/04\/VI10011-1-600x600.jpg",600,600,true],"woocommerce_gallery_thumbnail":["https:\/\/www.pladostelma.com\/wp-content\/uploads\/2015\/04\/VI10011-1-100x100.jpg",100,100,true],"variation_swatches_image_size":["https:\/\/www.pladostelma.com\/wp-content\/uploads\/2015\/04\/VI10011-1.jpg",50,27,false],"variation_swatches_tooltip_size":["https:\/\/www.pladostelma.com\/wp-content\/uploads\/2015\/04\/VI10011-1.jpg",100,55,false]},"uagb_author_info":{"display_name":"admino","author_link":"https:\/\/www.pladostelma.com\/fr\/author\/"},"uagb_comment_info":0,"uagb_excerpt":"1000x500 mm - Lavello a una vasca pi\u00f9 gocciolatoio. Tutti i lavelli possono essere arricchiti con accessori che rendono la zona lavaggio non solo pi\u00f9 pratica e funzionale ma anche pi\u00f9 comoda ed elegante.","_links":{"self":[{"href":"https:\/\/www.pladostelma.com\/fr\/wp-json\/wp\/v2\/product\/5033","targetHints":{"allow":["GET"]}}],"collection":[{"href":"https:\/\/www.pladostelma.com\/fr\/wp-json\/wp\/v2\/product"}],"about":[{"href":"https:\/\/www.pladostelma.com\/fr\/wp-json\/wp\/v2\/types\/product"}],"wp:featuredmedia":[{"embeddable":true,"href":"https:\/\/www.pladostelma.com\/fr\/wp-json\/wp\/v2\/media\/199556"}],"wp:attachment":[{"href":"https:\/\/www.pladostelma.com\/fr\/wp-json\/wp\/v2\/media?parent=5033"}],"wp:term":[{"taxonomy":"serie","embeddable":true,"href":"https:\/\/www.pladostelma.com\/fr\/wp-json\/wp\/v2\/serie?post=5033"},{"taxonomy":"product_brand","embeddable":true,"href":"https:\/\/www.pladostelma.com\/fr\/wp-json\/wp\/v2\/product_brand?post=5033"},{"taxonomy":"product_cat","embeddable":true,"href":"https:\/\/www.pladostelma.com\/fr\/wp-json\/wp\/v2\/product_cat?post=5033"},{"taxonomy":"product_tag","embeddable":true,"href":"https:\/\/www.pladostelma.com\/fr\/wp-json\/wp\/v2\/product_tag?post=5033"}],"curies":[{"name":"wp","href":"https:\/\/api.w.org\/{rel}","templated":true}]}}