{"id":4637,"date":"2015-04-27T10:31:27","date_gmt":"2015-04-27T08:31:27","guid":{"rendered":"https:\/\/www.pladostelma.com\/catalogue\/plados-roxana-6115\/"},"modified":"2024-06-20T08:56:43","modified_gmt":"2024-06-20T06:56:43","slug":"hr6151","status":"publish","type":"product","link":"https:\/\/www.pladostelma.com\/fr\/hr6151\/","title":{"rendered":"HR6151"},"content":{"rendered":"","protected":false},"excerpt":{"rendered":"<p>615\u00d7500 mm - \u00c9vier \u00e0 une cuve et demie, r\u00e9versible, avec trous pr\u00e9-perc\u00e9s pour l'installation de robinets et d'accessoires one.<\/p>\n<p>\u00c9quip\u00e9 de la technologie brevet\u00e9e ARIAPURA, qui contribue \u00e0 rendre l'\u00e9vier antibact\u00e9rien, anti-pollution et plus facile \u00e0 nettoyer.<\/p>\n<p>Tous les \u00e9viers peuvent \u00eatre agr\u00e9ment\u00e9s d'accessoires qui rendent la zone de lavage non seulement plus pratique et fonctionnelle, mais aussi plus confortable et \u00e9l\u00e9gante.<\/p>","protected":false},"featured_media":9505,"template":"","meta":{"_acf_changed":false,"_seopress_robots_primary_cat":"","_seopress_titles_title":"PLADOS ROXANA 6115 one and a half basin sink","_seopress_titles_desc":"PLADOS ROXANA 6115 one and a half basin sink","_seopress_robots_index":"","_uag_custom_page_level_css":"","iawp_total_views":262,"uix_meta_title":"","uix_meta_description":"","uix_canonical_url":""},"serie":[],"product_brand":[],"product_cat":[101,572],"product_tag":[845],"class_list":{"0":"post-4637","1":"product","2":"type-product","3":"status-publish","4":"has-post-thumbnail","6":"product_cat-lavelli-cucina-plados","7":"product_cat-roxana","8":"product_tag-roxana","9":"pa_dimensions-615x500mm","10":"pa_pladoscolors-122","11":"pa_pladoscolors-124","12":"pa_pladoscolors-127","13":"pa_pladoscolors-98-bianco","14":"pa_pladoscolors-129","15":"pa_pladoscolors-130","16":"pa_pladoscolors-131","17":"pa_series-roxana","18":"pa_sink-type-lavello-una-vasca-mezza","20":"first","21":"instock","22":"shipping-taxable","23":"purchasable","24":"product-type-variable","25":"wvs-archive-product-wrapper"},"acf":[],"vendbase_acf":null,"vendbase_metabox":null,"uagb_featured_image_src":{"full":["https:\/\/www.pladostelma.com\/wp-content\/uploads\/2019\/04\/HR6151_58.jpg",1417,1272,false],"thumbnail":["https:\/\/www.pladostelma.com\/wp-content\/uploads\/2019\/04\/HR6151_58-150x150.jpg",150,150,true],"medium":["https:\/\/www.pladostelma.com\/wp-content\/uploads\/2019\/04\/HR6151_58-300x300.jpg",300,300,true],"medium_large":["https:\/\/www.pladostelma.com\/wp-content\/uploads\/2019\/04\/HR6151_58-768x768.jpg",768,768,true],"large":["https:\/\/www.pladostelma.com\/wp-content\/uploads\/2019\/04\/HR6151_58-1024x1024.jpg",1024,1024,true],"1536x1536":["https:\/\/www.pladostelma.com\/wp-content\/uploads\/2019\/04\/HR6151_58.jpg",1417,1272,false],"2048x2048":["https:\/\/www.pladostelma.com\/wp-content\/uploads\/2019\/04\/HR6151_58.jpg",1417,1272,false],"trp-custom-language-flag":["https:\/\/www.pladostelma.com\/wp-content\/uploads\/2019\/04\/HR6151_58.jpg",13,12,false],"woocommerce_thumbnail":["https:\/\/www.pladostelma.com\/wp-content\/uploads\/2019\/04\/HR6151_58-300x300.jpg",300,300,true],"woocommerce_single":["https:\/\/www.pladostelma.com\/wp-content\/uploads\/2019\/04\/HR6151_58-600x600.jpg",600,600,true],"woocommerce_gallery_thumbnail":["https:\/\/www.pladostelma.com\/wp-content\/uploads\/2019\/04\/HR6151_58-100x100.jpg",100,100,true],"variation_swatches_image_size":["https:\/\/www.pladostelma.com\/wp-content\/uploads\/2019\/04\/HR6151_58.jpg",50,45,false],"variation_swatches_tooltip_size":["https:\/\/www.pladostelma.com\/wp-content\/uploads\/2019\/04\/HR6151_58.jpg",100,90,false]},"uagb_author_info":{"display_name":"admino","author_link":"https:\/\/www.pladostelma.com\/fr\/author\/"},"uagb_comment_info":0,"uagb_excerpt":"615x500 mm - Lavello a una vasca e mezzo, reversibile, con pre-fori per installazione rubinetteria e accessori. Provvisto di tecnologia brevettata ARIAPURA, che contribuisce a rendere il lavello antibatterico, antinquinante e pi\u00f9 facile da pulire. Tutti i lavelli possono essere arricchiti con accessori che rendono la zona lavaggio non solo pi\u00f9 pratica e funzionale ma\u2026","_links":{"self":[{"href":"https:\/\/www.pladostelma.com\/fr\/wp-json\/wp\/v2\/product\/4637","targetHints":{"allow":["GET"]}}],"collection":[{"href":"https:\/\/www.pladostelma.com\/fr\/wp-json\/wp\/v2\/product"}],"about":[{"href":"https:\/\/www.pladostelma.com\/fr\/wp-json\/wp\/v2\/types\/product"}],"wp:featuredmedia":[{"embeddable":true,"href":"https:\/\/www.pladostelma.com\/fr\/wp-json\/wp\/v2\/media\/9505"}],"wp:attachment":[{"href":"https:\/\/www.pladostelma.com\/fr\/wp-json\/wp\/v2\/media?parent=4637"}],"wp:term":[{"taxonomy":"serie","embeddable":true,"href":"https:\/\/www.pladostelma.com\/fr\/wp-json\/wp\/v2\/serie?post=4637"},{"taxonomy":"product_brand","embeddable":true,"href":"https:\/\/www.pladostelma.com\/fr\/wp-json\/wp\/v2\/product_brand?post=4637"},{"taxonomy":"product_cat","embeddable":true,"href":"https:\/\/www.pladostelma.com\/fr\/wp-json\/wp\/v2\/product_cat?post=4637"},{"taxonomy":"product_tag","embeddable":true,"href":"https:\/\/www.pladostelma.com\/fr\/wp-json\/wp\/v2\/product_tag?post=4637"}],"curies":[{"name":"wp","href":"https:\/\/api.w.org\/{rel}","templated":true}]}}