{"id":4019,"date":"2015-04-27T10:31:15","date_gmt":"2015-04-27T08:31:15","guid":{"rendered":"https:\/\/www.pladostelma.com\/catalogue\/plados-one-5610\/"},"modified":"2024-09-04T23:15:36","modified_gmt":"2024-09-04T21:15:36","slug":"on5610","status":"publish","type":"product","link":"https:\/\/www.pladostelma.com\/fr\/on5610\/","title":{"rendered":"ON5610"},"content":{"rendered":"","protected":false},"excerpt":{"rendered":"<p>560\u00d7500 mm - \u00c9vier \u00e0 une cuve avec trous pr\u00e9-perc\u00e9s pour l'installation de robinets et d'accessoires one.<\/p>\n<p>\u00c9quip\u00e9 de la technologie brevet\u00e9e ARIAPURA, qui contribue \u00e0 rendre l'\u00e9vier antibact\u00e9rien, anti-pollution et plus facile \u00e0 nettoyer.<\/p>\n<p>Tous les \u00e9viers peuvent \u00eatre agr\u00e9ment\u00e9s d'accessoires qui rendent la zone de lavage non seulement plus pratique et fonctionnelle, mais aussi plus confortable et \u00e9l\u00e9gante.<\/p>","protected":false},"featured_media":7666,"template":"","meta":{"_acf_changed":false,"_seopress_robots_primary_cat":"","_seopress_titles_title":"PLADOS ONE 5610 Single basin sink","_seopress_titles_desc":"PLADOS ONE 5610 Single basin sink","_seopress_robots_index":"","_uag_custom_page_level_css":"","iawp_total_views":10813,"uix_meta_title":"","uix_meta_description":"","uix_canonical_url":""},"serie":[2659],"product_brand":[],"product_cat":[101,934],"product_tag":[841,844],"class_list":{"0":"post-4019","1":"product","2":"type-product","3":"status-publish","4":"has-post-thumbnail","6":"serie-one","7":"product_cat-lavelli-cucina-plados","8":"product_cat-one-standard","9":"product_tag-one","10":"product_tag-standard","11":"pa_dimensions-560x505mm","12":"pa_pladoscolors-135","13":"pa_pladoscolors-137","14":"pa_pladoscolors-138","15":"pa_pladoscolors-2303","16":"pa_pladoscolors-122","17":"pa_pladoscolors-124","18":"pa_pladoscolors-125","19":"pa_pladoscolors-126","20":"pa_pladoscolors-127","21":"pa_pladoscolors-128","22":"pa_pladoscolors-98-bianco","23":"pa_pladoscolors-2304","24":"pa_pladoscolors-129","25":"pa_pladoscolors-130","26":"pa_pladoscolors-131","27":"pa_series-one","28":"pa_sink-type-lavello-una-vasca","30":"first","31":"instock","32":"shipping-taxable","33":"purchasable","34":"product-type-variable","35":"wvs-archive-product-wrapper"},"acf":[],"vendbase_acf":null,"vendbase_metabox":null,"uagb_featured_image_src":{"full":["https:\/\/www.pladostelma.com\/wp-content\/uploads\/2019\/04\/ON5610_58.jpg",1920,1795,false],"thumbnail":["https:\/\/www.pladostelma.com\/wp-content\/uploads\/2019\/04\/ON5610_58-150x150.jpg",150,150,true],"medium":["https:\/\/www.pladostelma.com\/wp-content\/uploads\/2019\/04\/ON5610_58-300x300.jpg",300,300,true],"medium_large":["https:\/\/www.pladostelma.com\/wp-content\/uploads\/2019\/04\/ON5610_58-768x768.jpg",768,768,true],"large":["https:\/\/www.pladostelma.com\/wp-content\/uploads\/2019\/04\/ON5610_58-1024x1024.jpg",1024,1024,true],"1536x1536":["https:\/\/www.pladostelma.com\/wp-content\/uploads\/2019\/04\/ON5610_58.jpg",1536,1436,false],"2048x2048":["https:\/\/www.pladostelma.com\/wp-content\/uploads\/2019\/04\/ON5610_58.jpg",1920,1795,false],"trp-custom-language-flag":["https:\/\/www.pladostelma.com\/wp-content\/uploads\/2019\/04\/ON5610_58.jpg",13,12,false],"woocommerce_thumbnail":["https:\/\/www.pladostelma.com\/wp-content\/uploads\/2019\/04\/ON5610_58-300x300.jpg",300,300,true],"woocommerce_single":["https:\/\/www.pladostelma.com\/wp-content\/uploads\/2019\/04\/ON5610_58-600x600.jpg",600,600,true],"woocommerce_gallery_thumbnail":["https:\/\/www.pladostelma.com\/wp-content\/uploads\/2019\/04\/ON5610_58-100x100.jpg",100,100,true],"variation_swatches_image_size":["https:\/\/www.pladostelma.com\/wp-content\/uploads\/2019\/04\/ON5610_58.jpg",50,47,false],"variation_swatches_tooltip_size":["https:\/\/www.pladostelma.com\/wp-content\/uploads\/2019\/04\/ON5610_58.jpg",100,93,false]},"uagb_author_info":{"display_name":"admino","author_link":"https:\/\/www.pladostelma.com\/fr\/author\/"},"uagb_comment_info":0,"uagb_excerpt":"560x500 mm - Lavello a una vasca con pre-fori per installazione rubinetteria e accessori. Provvisto di tecnologia brevettata ARIAPURA, che contribuisce a rendere il lavello antibatterico, antinquinante e pi\u00f9 facile da pulire. Tutti i lavelli possono essere arricchiti con accessori che rendono la zona lavaggio non solo pi\u00f9 pratica e funzionale ma anche pi\u00f9 comoda\u2026","_links":{"self":[{"href":"https:\/\/www.pladostelma.com\/fr\/wp-json\/wp\/v2\/product\/4019","targetHints":{"allow":["GET"]}}],"collection":[{"href":"https:\/\/www.pladostelma.com\/fr\/wp-json\/wp\/v2\/product"}],"about":[{"href":"https:\/\/www.pladostelma.com\/fr\/wp-json\/wp\/v2\/types\/product"}],"wp:featuredmedia":[{"embeddable":true,"href":"https:\/\/www.pladostelma.com\/fr\/wp-json\/wp\/v2\/media\/7666"}],"wp:attachment":[{"href":"https:\/\/www.pladostelma.com\/fr\/wp-json\/wp\/v2\/media?parent=4019"}],"wp:term":[{"taxonomy":"serie","embeddable":true,"href":"https:\/\/www.pladostelma.com\/fr\/wp-json\/wp\/v2\/serie?post=4019"},{"taxonomy":"product_brand","embeddable":true,"href":"https:\/\/www.pladostelma.com\/fr\/wp-json\/wp\/v2\/product_brand?post=4019"},{"taxonomy":"product_cat","embeddable":true,"href":"https:\/\/www.pladostelma.com\/fr\/wp-json\/wp\/v2\/product_cat?post=4019"},{"taxonomy":"product_tag","embeddable":true,"href":"https:\/\/www.pladostelma.com\/fr\/wp-json\/wp\/v2\/product_tag?post=4019"}],"curies":[{"name":"wp","href":"https:\/\/api.w.org\/{rel}","templated":true}]}}