{"id":246048,"date":"2024-05-17T10:43:08","date_gmt":"2024-05-17T08:43:08","guid":{"rendered":"https:\/\/www.pladostelma.com\/?post_type=product&#038;p=246048"},"modified":"2025-05-19T09:50:59","modified_gmt":"2025-05-19T07:50:59","slug":"lx8610st","status":"publish","type":"product","link":"https:\/\/www.pladostelma.com\/fr\/lx8610st\/","title":{"rendered":"LX8610ST"},"content":{"rendered":"","protected":false},"excerpt":{"rendered":"<p>860\u00d7460 mm - Evier \u00e0 un bac pour montage sous plan.<\/p>\n<p>\u00c9quip\u00e9 de la technologie brevet\u00e9e ARIAPURA, qui contribue \u00e0 rendre l'\u00e9vier antibact\u00e9rien, anti-pollution et plus facile \u00e0 nettoyer.<\/p>\n<p>Tous les \u00e9viers peuvent \u00eatre agr\u00e9ment\u00e9s d'accessoires qui rendent la zone de lavage non seulement plus pratique et fonctionnelle, mais aussi plus confortable et \u00e9l\u00e9gante.<\/p>","protected":false},"featured_media":245924,"template":"","meta":{"_acf_changed":false,"_seopress_robots_primary_cat":"none","_seopress_titles_title":"","_seopress_titles_desc":"","_seopress_robots_index":"","_uag_custom_page_level_css":"","iawp_total_views":3771,"uix_meta_title":"","uix_meta_description":"","uix_canonical_url":""},"serie":[2668],"product_brand":[],"product_cat":[101,556],"product_tag":[],"class_list":{"0":"post-246048","1":"product","2":"type-product","3":"status-publish","4":"has-post-thumbnail","6":"serie-lux","7":"product_cat-lavelli-cucina-plados","8":"product_cat-lux","9":"pa_dimensions-860-x-460-mm","10":"pa_pladoscolors-135","11":"pa_pladoscolors-137","12":"pa_pladoscolors-138","13":"pa_pladoscolors-2303","14":"pa_pladoscolors-rn-r1-arctic-white","15":"pa_pladoscolors-rn-r2-dune-beige","16":"pa_pladoscolors-rn-r3-alp-stone","17":"pa_pladoscolors-rn-r4-volcano-black","18":"pa_pladoscolors-124","19":"pa_pladoscolors-125","20":"pa_pladoscolors-98-bianco","21":"pa_pladoscolors-2304","22":"pa_pladoscolors-129","23":"pa_pladoscolors-130","24":"pa_pladoscolors-131","25":"pa_series-lux","26":"pa_sink-type-lavello-una-vasca","28":"first","29":"instock","30":"shipping-taxable","31":"purchasable","32":"product-type-variable","33":"wvs-archive-product-wrapper"},"acf":[],"vendbase_acf":null,"vendbase_metabox":null,"uagb_featured_image_src":{"full":["https:\/\/www.pladostelma.com\/wp-content\/uploads\/LX8610ST_R4.jpg",1604,1024,false],"thumbnail":["https:\/\/www.pladostelma.com\/wp-content\/uploads\/LX8610ST_R4-150x150.jpg",150,150,true],"medium":["https:\/\/www.pladostelma.com\/wp-content\/uploads\/LX8610ST_R4-300x300.jpg",300,300,true],"medium_large":["https:\/\/www.pladostelma.com\/wp-content\/uploads\/LX8610ST_R4-768x768.jpg",768,768,true],"large":["https:\/\/www.pladostelma.com\/wp-content\/uploads\/LX8610ST_R4-1024x1024.jpg",1024,1024,true],"1536x1536":["https:\/\/www.pladostelma.com\/wp-content\/uploads\/LX8610ST_R4.jpg",1536,981,false],"2048x2048":["https:\/\/www.pladostelma.com\/wp-content\/uploads\/LX8610ST_R4.jpg",1604,1024,false],"trp-custom-language-flag":["https:\/\/www.pladostelma.com\/wp-content\/uploads\/LX8610ST_R4.jpg",18,12,false],"woocommerce_thumbnail":["https:\/\/www.pladostelma.com\/wp-content\/uploads\/LX8610ST_R4-300x300.jpg",300,300,true],"woocommerce_single":["https:\/\/www.pladostelma.com\/wp-content\/uploads\/LX8610ST_R4-600x600.jpg",600,600,true],"woocommerce_gallery_thumbnail":["https:\/\/www.pladostelma.com\/wp-content\/uploads\/LX8610ST_R4-100x100.jpg",100,100,true],"variation_swatches_image_size":["https:\/\/www.pladostelma.com\/wp-content\/uploads\/LX8610ST_R4.jpg",50,32,false],"variation_swatches_tooltip_size":["https:\/\/www.pladostelma.com\/wp-content\/uploads\/LX8610ST_R4.jpg",100,64,false]},"uagb_author_info":{"display_name":"PladosTelma Design","author_link":"https:\/\/www.pladostelma.com\/fr\/author\/"},"uagb_comment_info":0,"uagb_excerpt":"860x460 mm - Lavello a una vasca per installazione sotto-top. Provvisto di tecnologia brevettata ARIAPURA, che contribuisce a rendere il lavello antibatterico, antinquinante e pi\u00f9 facile da pulire. Tutti i lavelli possono essere arricchiti con accessori che rendono la zona lavaggio non solo pi\u00f9 pratica e funzionale ma anche pi\u00f9 comoda ed elegante.","_links":{"self":[{"href":"https:\/\/www.pladostelma.com\/fr\/wp-json\/wp\/v2\/product\/246048","targetHints":{"allow":["GET"]}}],"collection":[{"href":"https:\/\/www.pladostelma.com\/fr\/wp-json\/wp\/v2\/product"}],"about":[{"href":"https:\/\/www.pladostelma.com\/fr\/wp-json\/wp\/v2\/types\/product"}],"wp:featuredmedia":[{"embeddable":true,"href":"https:\/\/www.pladostelma.com\/fr\/wp-json\/wp\/v2\/media\/245924"}],"wp:attachment":[{"href":"https:\/\/www.pladostelma.com\/fr\/wp-json\/wp\/v2\/media?parent=246048"}],"wp:term":[{"taxonomy":"serie","embeddable":true,"href":"https:\/\/www.pladostelma.com\/fr\/wp-json\/wp\/v2\/serie?post=246048"},{"taxonomy":"product_brand","embeddable":true,"href":"https:\/\/www.pladostelma.com\/fr\/wp-json\/wp\/v2\/product_brand?post=246048"},{"taxonomy":"product_cat","embeddable":true,"href":"https:\/\/www.pladostelma.com\/fr\/wp-json\/wp\/v2\/product_cat?post=246048"},{"taxonomy":"product_tag","embeddable":true,"href":"https:\/\/www.pladostelma.com\/fr\/wp-json\/wp\/v2\/product_tag?post=246048"}],"curies":[{"name":"wp","href":"https:\/\/api.w.org\/{rel}","templated":true}]}}