{"id":230287,"date":"2022-05-13T02:51:21","date_gmt":"2022-05-13T00:51:21","guid":{"rendered":"https:\/\/www.pladostelma.com\/?post_type=product&#038;p=230287"},"modified":"2024-07-24T08:38:04","modified_gmt":"2024-07-24T06:38:04","slug":"ecosponge","status":"publish","type":"product","link":"https:\/\/www.pladostelma.com\/fr\/ecosponge\/","title":{"rendered":"ECOSPONGE"},"content":{"rendered":"","protected":false},"excerpt":{"rendered":"<p>Deux \u00e9ponges doubles azione en cellulose d'origine v\u00e9g\u00e9tale et 100% biod\u00e9gradables.<br \/>\nLa face en cellulose v\u00e9g\u00e9tale est super absorbante, id\u00e9ale pour un nettoyage en douceur, tandis que la face en fibres nettoie les surfaces incrust\u00e9es sans les rayer. Les c\u00f4t\u00e9s renforc\u00e9s garantissent la durabilit\u00e9 et l'\u00e9paisseur \u00e9lev\u00e9e prot\u00e8ge efficacement les doigts. Polyvalent, id\u00e9al pour tous les produits Plados dans la cuisine.<\/p>","protected":false},"featured_media":246872,"template":"","meta":{"_acf_changed":false,"_seopress_robots_primary_cat":"","_seopress_titles_title":"","_seopress_titles_desc":"","_seopress_robots_index":"","_uag_custom_page_level_css":"","iawp_total_views":85,"uix_meta_title":"","uix_meta_description":"","uix_canonical_url":""},"serie":[],"product_brand":[],"product_cat":[710,2607],"product_tag":[],"class_list":{"0":"post-230287","1":"product","2":"type-product","3":"status-publish","4":"has-post-thumbnail","6":"product_cat-accessori-lavelli-cucina","7":"product_cat-prodotti_pulizia","9":"first","10":"instock","11":"shipping-taxable","12":"purchasable","13":"product-type-simple"},"acf":[],"vendbase_acf":null,"vendbase_metabox":null,"uagb_featured_image_src":{"full":["https:\/\/www.pladostelma.com\/wp-content\/uploads\/ECOSPONGE-3.jpg",1217,1024,false],"thumbnail":["https:\/\/www.pladostelma.com\/wp-content\/uploads\/ECOSPONGE-3-150x150.jpg",150,150,true],"medium":["https:\/\/www.pladostelma.com\/wp-content\/uploads\/ECOSPONGE-3-300x300.jpg",300,300,true],"medium_large":["https:\/\/www.pladostelma.com\/wp-content\/uploads\/ECOSPONGE-3-768x768.jpg",768,768,true],"large":["https:\/\/www.pladostelma.com\/wp-content\/uploads\/ECOSPONGE-3-1024x1024.jpg",1024,1024,true],"1536x1536":["https:\/\/www.pladostelma.com\/wp-content\/uploads\/ECOSPONGE-3.jpg",1217,1024,false],"2048x2048":["https:\/\/www.pladostelma.com\/wp-content\/uploads\/ECOSPONGE-3.jpg",1217,1024,false],"trp-custom-language-flag":["https:\/\/www.pladostelma.com\/wp-content\/uploads\/ECOSPONGE-3.jpg",14,12,false],"woocommerce_thumbnail":["https:\/\/www.pladostelma.com\/wp-content\/uploads\/ECOSPONGE-3-300x300.jpg",300,300,true],"woocommerce_single":["https:\/\/www.pladostelma.com\/wp-content\/uploads\/ECOSPONGE-3-600x600.jpg",600,600,true],"woocommerce_gallery_thumbnail":["https:\/\/www.pladostelma.com\/wp-content\/uploads\/ECOSPONGE-3-100x100.jpg",100,100,true],"variation_swatches_image_size":["https:\/\/www.pladostelma.com\/wp-content\/uploads\/ECOSPONGE-3.jpg",50,42,false],"variation_swatches_tooltip_size":["https:\/\/www.pladostelma.com\/wp-content\/uploads\/ECOSPONGE-3.jpg",100,84,false]},"uagb_author_info":{"display_name":"admino","author_link":"https:\/\/www.pladostelma.com\/fr\/author\/"},"uagb_comment_info":0,"uagb_excerpt":"Due spugne doppia azione in cellulosa di origine vegetale e 100% biodegradabile. Il lato in cellulosa di origine vegetale \u00e8 super assorbente, ideale per pulire con delicatezza, mentre il lato in fibra pulisce le superfici incrostate senza graffiare. I lati rinforzati garantiscono lunga durata e l\u2019alto spessore un\u2019efficace protezione delle dita. Multiuso, ideale per tutti\u2026","_links":{"self":[{"href":"https:\/\/www.pladostelma.com\/fr\/wp-json\/wp\/v2\/product\/230287","targetHints":{"allow":["GET"]}}],"collection":[{"href":"https:\/\/www.pladostelma.com\/fr\/wp-json\/wp\/v2\/product"}],"about":[{"href":"https:\/\/www.pladostelma.com\/fr\/wp-json\/wp\/v2\/types\/product"}],"wp:featuredmedia":[{"embeddable":true,"href":"https:\/\/www.pladostelma.com\/fr\/wp-json\/wp\/v2\/media\/246872"}],"wp:attachment":[{"href":"https:\/\/www.pladostelma.com\/fr\/wp-json\/wp\/v2\/media?parent=230287"}],"wp:term":[{"taxonomy":"serie","embeddable":true,"href":"https:\/\/www.pladostelma.com\/fr\/wp-json\/wp\/v2\/serie?post=230287"},{"taxonomy":"product_brand","embeddable":true,"href":"https:\/\/www.pladostelma.com\/fr\/wp-json\/wp\/v2\/product_brand?post=230287"},{"taxonomy":"product_cat","embeddable":true,"href":"https:\/\/www.pladostelma.com\/fr\/wp-json\/wp\/v2\/product_cat?post=230287"},{"taxonomy":"product_tag","embeddable":true,"href":"https:\/\/www.pladostelma.com\/fr\/wp-json\/wp\/v2\/product_tag?post=230287"}],"curies":[{"name":"wp","href":"https:\/\/api.w.org\/{rel}","templated":true}]}}