{"id":230283,"date":"2022-05-13T02:48:41","date_gmt":"2022-05-13T00:48:41","guid":{"rendered":"https:\/\/www.pladostelma.com\/?post_type=product&#038;p=230283"},"modified":"2024-07-22T16:52:16","modified_gmt":"2024-07-22T14:52:16","slug":"dekal","status":"publish","type":"product","link":"https:\/\/www.pladostelma.com\/fr\/dekal\/","title":{"rendered":"DEKAL"},"content":{"rendered":"","protected":false},"excerpt":{"rendered":"<p>250 ml - DEKAL est un d\u00e9tartrant con\u00e7u pour les \u00e9viers Plados qui \u00e9limine le calcaire sans endommager l'\u00e9clat du mat\u00e9riau composite. Nous recommandons de d\u00e9tartrer one une fois par semaine. En cas de taches tenaces, vous pouvez utiliser le d\u00e9tachant EXTRACARE apr\u00e8s avoir \u00e9limin\u00e9 le calcaire avec DEKAL.<\/p>","protected":false},"featured_media":246799,"template":"","meta":{"_acf_changed":false,"_seopress_robots_primary_cat":"","_seopress_titles_title":"","_seopress_titles_desc":"","_seopress_robots_index":"","_uag_custom_page_level_css":"","iawp_total_views":393,"uix_meta_title":"","uix_meta_description":"","uix_canonical_url":""},"serie":[],"product_brand":[],"product_cat":[710,2607],"product_tag":[],"class_list":{"0":"post-230283","1":"product","2":"type-product","3":"status-publish","4":"has-post-thumbnail","6":"product_cat-accessori-lavelli-cucina","7":"product_cat-prodotti_pulizia","9":"first","10":"instock","11":"shipping-taxable","12":"purchasable","13":"product-type-simple"},"acf":[],"vendbase_acf":null,"vendbase_metabox":null,"uagb_featured_image_src":{"full":["https:\/\/www.pladostelma.com\/wp-content\/uploads\/DEKAL-2.jpg",717,1024,false],"thumbnail":["https:\/\/www.pladostelma.com\/wp-content\/uploads\/DEKAL-2-150x150.jpg",150,150,true],"medium":["https:\/\/www.pladostelma.com\/wp-content\/uploads\/DEKAL-2-300x300.jpg",300,300,true],"medium_large":["https:\/\/www.pladostelma.com\/wp-content\/uploads\/DEKAL-2-768x768.jpg",768,768,true],"large":["https:\/\/www.pladostelma.com\/wp-content\/uploads\/DEKAL-2-1024x1024.jpg",1024,1024,true],"1536x1536":["https:\/\/www.pladostelma.com\/wp-content\/uploads\/DEKAL-2.jpg",717,1024,false],"2048x2048":["https:\/\/www.pladostelma.com\/wp-content\/uploads\/DEKAL-2.jpg",717,1024,false],"trp-custom-language-flag":["https:\/\/www.pladostelma.com\/wp-content\/uploads\/DEKAL-2.jpg",8,12,false],"woocommerce_thumbnail":["https:\/\/www.pladostelma.com\/wp-content\/uploads\/DEKAL-2-300x300.jpg",300,300,true],"woocommerce_single":["https:\/\/www.pladostelma.com\/wp-content\/uploads\/DEKAL-2-600x600.jpg",600,600,true],"woocommerce_gallery_thumbnail":["https:\/\/www.pladostelma.com\/wp-content\/uploads\/DEKAL-2-100x100.jpg",100,100,true],"variation_swatches_image_size":["https:\/\/www.pladostelma.com\/wp-content\/uploads\/DEKAL-2.jpg",35,50,false],"variation_swatches_tooltip_size":["https:\/\/www.pladostelma.com\/wp-content\/uploads\/DEKAL-2.jpg",70,100,false]},"uagb_author_info":{"display_name":"admino","author_link":"https:\/\/www.pladostelma.com\/fr\/author\/"},"uagb_comment_info":0,"uagb_excerpt":"250 ml - DEKAL \u00e8 un anticalcare studiato per i lavelli Plados che elimina il calcare senza danneggiare la lucentezza del materiale composito. Suggeriamo di effettuare la decalcificazione una volta a settimana. In caso di macchie ostinate, dopo aver eliminato il calcare con DEKAL, si pu\u00f2 utilizzare lo smacchiatore EXTRACARE.","_links":{"self":[{"href":"https:\/\/www.pladostelma.com\/fr\/wp-json\/wp\/v2\/product\/230283","targetHints":{"allow":["GET"]}}],"collection":[{"href":"https:\/\/www.pladostelma.com\/fr\/wp-json\/wp\/v2\/product"}],"about":[{"href":"https:\/\/www.pladostelma.com\/fr\/wp-json\/wp\/v2\/types\/product"}],"wp:featuredmedia":[{"embeddable":true,"href":"https:\/\/www.pladostelma.com\/fr\/wp-json\/wp\/v2\/media\/246799"}],"wp:attachment":[{"href":"https:\/\/www.pladostelma.com\/fr\/wp-json\/wp\/v2\/media?parent=230283"}],"wp:term":[{"taxonomy":"serie","embeddable":true,"href":"https:\/\/www.pladostelma.com\/fr\/wp-json\/wp\/v2\/serie?post=230283"},{"taxonomy":"product_brand","embeddable":true,"href":"https:\/\/www.pladostelma.com\/fr\/wp-json\/wp\/v2\/product_brand?post=230283"},{"taxonomy":"product_cat","embeddable":true,"href":"https:\/\/www.pladostelma.com\/fr\/wp-json\/wp\/v2\/product_cat?post=230283"},{"taxonomy":"product_tag","embeddable":true,"href":"https:\/\/www.pladostelma.com\/fr\/wp-json\/wp\/v2\/product_tag?post=230283"}],"curies":[{"name":"wp","href":"https:\/\/api.w.org\/{rel}","templated":true}]}}