{"id":217902,"date":"2021-07-29T09:38:47","date_gmt":"2021-07-29T07:38:47","guid":{"rendered":"https:\/\/www.pladostelma.com\/?post_type=product&#038;p=217902"},"modified":"2025-05-19T09:55:06","modified_gmt":"2025-05-19T07:55:06","slug":"on3322","status":"publish","type":"product","link":"https:\/\/www.pladostelma.com\/fr\/on3322\/","title":{"rendered":"ON3322"},"content":{"rendered":"","protected":false},"excerpt":{"rendered":"<p>840\u00d7559 mm - \u00c9vier \u00e0 une cuve, avec trous pr\u00e9-perc\u00e9s pour l'installation de robinets et d'accessoires one.<\/p>\n<p>\u00c9quip\u00e9 de la technologie brevet\u00e9e ARIAPURA, qui contribue \u00e0 rendre l'\u00e9vier antibact\u00e9rien, anti-pollution et plus facile \u00e0 nettoyer.<\/p>\n<p>Tous les \u00e9viers peuvent \u00eatre agr\u00e9ment\u00e9s d'accessoires qui rendent la zone de lavage non seulement plus pratique et fonctionnelle, mais aussi plus confortable et \u00e9l\u00e9gante.<\/p>","protected":false},"featured_media":217932,"template":"","meta":{"_acf_changed":false,"_seopress_robots_primary_cat":"none","_seopress_titles_title":"PLADOS LUX ON3322 single basin sink","_seopress_titles_desc":"PLADOS LUX ON3322 single basin sink","_seopress_robots_index":"","_uag_custom_page_level_css":"","iawp_total_views":1599,"uix_meta_title":"","uix_meta_description":"","uix_canonical_url":""},"serie":[2668],"product_brand":[],"product_cat":[101,556],"product_tag":[2572,844],"class_list":{"0":"post-217902","1":"product","2":"type-product","3":"status-publish","4":"has-post-thumbnail","6":"serie-lux","7":"product_cat-lavelli-cucina-plados","8":"product_cat-lux","9":"product_tag-lux","10":"product_tag-standard","11":"pa_dimensions-838-x-559-mm","12":"pa_pladoscolors-135","13":"pa_pladoscolors-137","14":"pa_pladoscolors-138","15":"pa_pladoscolors-2303","16":"pa_pladoscolors-124","17":"pa_pladoscolors-125","18":"pa_pladoscolors-2304","19":"pa_pladoscolors-129","20":"pa_pladoscolors-130","21":"pa_pladoscolors-131","22":"pa_series-lux","23":"pa_sink-type-lavello-una-vasca","25":"first","26":"instock","27":"shipping-taxable","28":"purchasable","29":"product-type-variable","30":"wvs-archive-product-wrapper"},"acf":[],"vendbase_acf":null,"vendbase_metabox":null,"uagb_featured_image_src":{"full":["https:\/\/www.pladostelma.com\/wp-content\/uploads\/2021\/07\/ON3322_70.jpg",2405,1772,false],"thumbnail":["https:\/\/www.pladostelma.com\/wp-content\/uploads\/2021\/07\/ON3322_70-150x150.jpg",150,150,true],"medium":["https:\/\/www.pladostelma.com\/wp-content\/uploads\/2021\/07\/ON3322_70-300x300.jpg",300,300,true],"medium_large":["https:\/\/www.pladostelma.com\/wp-content\/uploads\/2021\/07\/ON3322_70-768x768.jpg",768,768,true],"large":["https:\/\/www.pladostelma.com\/wp-content\/uploads\/2021\/07\/ON3322_70-1024x1024.jpg",1024,1024,true],"1536x1536":["https:\/\/www.pladostelma.com\/wp-content\/uploads\/2021\/07\/ON3322_70.jpg",1536,1132,false],"2048x2048":["https:\/\/www.pladostelma.com\/wp-content\/uploads\/2021\/07\/ON3322_70.jpg",2048,1509,false],"trp-custom-language-flag":["https:\/\/www.pladostelma.com\/wp-content\/uploads\/2021\/07\/ON3322_70.jpg",16,12,false],"woocommerce_thumbnail":["https:\/\/www.pladostelma.com\/wp-content\/uploads\/2021\/07\/ON3322_70-300x300.jpg",300,300,true],"woocommerce_single":["https:\/\/www.pladostelma.com\/wp-content\/uploads\/2021\/07\/ON3322_70-600x600.jpg",600,600,true],"woocommerce_gallery_thumbnail":["https:\/\/www.pladostelma.com\/wp-content\/uploads\/2021\/07\/ON3322_70-100x100.jpg",100,100,true],"variation_swatches_image_size":["https:\/\/www.pladostelma.com\/wp-content\/uploads\/2021\/07\/ON3322_70.jpg",50,37,false],"variation_swatches_tooltip_size":["https:\/\/www.pladostelma.com\/wp-content\/uploads\/2021\/07\/ON3322_70.jpg",100,74,false]},"uagb_author_info":{"display_name":"Luca Cavaleri","author_link":"https:\/\/www.pladostelma.com\/fr\/author\/"},"uagb_comment_info":0,"uagb_excerpt":"840x559 mm - Lavello a una vasca, con pre-fori per installazione rubinetteria e accessori. Provvisto di tecnologia brevettata ARIAPURA, che contribuisce a rendere il lavello antibatterico, antinquinante e pi\u00f9 facile da pulire. Tutti i lavelli possono essere arricchiti con accessori che rendono la zona lavaggio non solo pi\u00f9 pratica e funzionale ma anche pi\u00f9 comoda\u2026","_links":{"self":[{"href":"https:\/\/www.pladostelma.com\/fr\/wp-json\/wp\/v2\/product\/217902","targetHints":{"allow":["GET"]}}],"collection":[{"href":"https:\/\/www.pladostelma.com\/fr\/wp-json\/wp\/v2\/product"}],"about":[{"href":"https:\/\/www.pladostelma.com\/fr\/wp-json\/wp\/v2\/types\/product"}],"wp:featuredmedia":[{"embeddable":true,"href":"https:\/\/www.pladostelma.com\/fr\/wp-json\/wp\/v2\/media\/217932"}],"wp:attachment":[{"href":"https:\/\/www.pladostelma.com\/fr\/wp-json\/wp\/v2\/media?parent=217902"}],"wp:term":[{"taxonomy":"serie","embeddable":true,"href":"https:\/\/www.pladostelma.com\/fr\/wp-json\/wp\/v2\/serie?post=217902"},{"taxonomy":"product_brand","embeddable":true,"href":"https:\/\/www.pladostelma.com\/fr\/wp-json\/wp\/v2\/product_brand?post=217902"},{"taxonomy":"product_cat","embeddable":true,"href":"https:\/\/www.pladostelma.com\/fr\/wp-json\/wp\/v2\/product_cat?post=217902"},{"taxonomy":"product_tag","embeddable":true,"href":"https:\/\/www.pladostelma.com\/fr\/wp-json\/wp\/v2\/product_tag?post=217902"}],"curies":[{"name":"wp","href":"https:\/\/api.w.org\/{rel}","templated":true}]}}