{"id":14869,"date":"2019-06-10T11:24:50","date_gmt":"2019-06-10T09:24:50","guid":{"rendered":"https:\/\/www.pladostelma.com\/catalogue\/hr4321\/"},"modified":"2021-06-03T13:58:57","modified_gmt":"2021-06-03T11:58:57","slug":"telma-hr4321","status":"publish","type":"product","link":"https:\/\/www.pladostelma.com\/fr\/telma-hr4321\/","title":{"rendered":"HR4321"},"content":{"rendered":"","protected":false},"excerpt":{"rendered":"<p>432\u00d7500 mm - \u00c9vier \u00e0 une cuve, r\u00e9versible, avec trous pr\u00e9-perc\u00e9s pour l'installation de robinets et d'accessoires one.<\/p>\n<p>\u00c9quip\u00e9 de la technologie brevet\u00e9e ARIAPURA, qui contribue \u00e0 rendre l'\u00e9vier antibact\u00e9rien, anti-pollution et plus facile \u00e0 nettoyer. <\/p>\n<p>Tous les \u00e9viers peuvent \u00eatre agr\u00e9ment\u00e9s d'accessoires qui rendent la zone de lavage non seulement plus pratique et fonctionnelle, mais aussi plus confortable et \u00e9l\u00e9gante.<\/p>","protected":false},"featured_media":10101,"template":"","meta":{"_acf_changed":false,"_seopress_robots_primary_cat":"","_seopress_titles_title":"TELMA Vogue 4310 single basin sink","_seopress_titles_desc":"TELMA Vogue 4310 single basin sink","_seopress_robots_index":"","_uag_custom_page_level_css":"","iawp_total_views":85,"uix_meta_title":"","uix_meta_description":"","uix_canonical_url":""},"serie":[],"product_brand":[],"product_cat":[864,884],"product_tag":[885],"class_list":{"0":"post-14869","1":"product","2":"type-product","3":"status-publish","4":"has-post-thumbnail","6":"product_cat-telma-lavelli-cucina","7":"product_cat-vogue","8":"product_tag-vogue","9":"pa_dimensions-432x500mm","10":"pa_series-vogue","11":"pa_sink-type-lavello-una-vasca","13":"first","14":"instock","15":"shipping-taxable","16":"purchasable","17":"product-type-variable","18":"wvs-archive-product-wrapper"},"acf":[],"vendbase_acf":null,"vendbase_metabox":null,"uagb_featured_image_src":{"full":["https:\/\/www.pladostelma.com\/wp-content\/uploads\/2019\/05\/HR4321_70.jpg",1476,1639,false],"thumbnail":["https:\/\/www.pladostelma.com\/wp-content\/uploads\/2019\/05\/HR4321_70-150x150.jpg",150,150,true],"medium":["https:\/\/www.pladostelma.com\/wp-content\/uploads\/2019\/05\/HR4321_70-300x300.jpg",300,300,true],"medium_large":["https:\/\/www.pladostelma.com\/wp-content\/uploads\/2019\/05\/HR4321_70-768x768.jpg",768,768,true],"large":["https:\/\/www.pladostelma.com\/wp-content\/uploads\/2019\/05\/HR4321_70-1024x1024.jpg",1024,1024,true],"1536x1536":["https:\/\/www.pladostelma.com\/wp-content\/uploads\/2019\/05\/HR4321_70.jpg",1383,1536,false],"2048x2048":["https:\/\/www.pladostelma.com\/wp-content\/uploads\/2019\/05\/HR4321_70.jpg",1476,1639,false],"trp-custom-language-flag":["https:\/\/www.pladostelma.com\/wp-content\/uploads\/2019\/05\/HR4321_70.jpg",11,12,false],"woocommerce_thumbnail":["https:\/\/www.pladostelma.com\/wp-content\/uploads\/2019\/05\/HR4321_70-300x300.jpg",300,300,true],"woocommerce_single":["https:\/\/www.pladostelma.com\/wp-content\/uploads\/2019\/05\/HR4321_70-600x600.jpg",600,600,true],"woocommerce_gallery_thumbnail":["https:\/\/www.pladostelma.com\/wp-content\/uploads\/2019\/05\/HR4321_70-100x100.jpg",100,100,true],"variation_swatches_image_size":["https:\/\/www.pladostelma.com\/wp-content\/uploads\/2019\/05\/HR4321_70.jpg",45,50,false],"variation_swatches_tooltip_size":["https:\/\/www.pladostelma.com\/wp-content\/uploads\/2019\/05\/HR4321_70.jpg",90,100,false]},"uagb_author_info":{"display_name":"admino","author_link":"https:\/\/www.pladostelma.com\/fr\/author\/"},"uagb_comment_info":0,"uagb_excerpt":"432x500 mm - Lavello a una vasca, reversibile, con pre-fori per installazione rubinetteria e accessori. Provvisto di tecnologia brevettata ARIAPURA, che contribuisce a rendere il lavello antibatterico, antinquinante e pi\u00f9 facile da pulire. Tutti i lavelli possono essere arricchiti con accessori che rendono la zona lavaggio non solo pi\u00f9 pratica e funzionale ma anche pi\u00f9\u2026","_links":{"self":[{"href":"https:\/\/www.pladostelma.com\/fr\/wp-json\/wp\/v2\/product\/14869","targetHints":{"allow":["GET"]}}],"collection":[{"href":"https:\/\/www.pladostelma.com\/fr\/wp-json\/wp\/v2\/product"}],"about":[{"href":"https:\/\/www.pladostelma.com\/fr\/wp-json\/wp\/v2\/types\/product"}],"wp:featuredmedia":[{"embeddable":true,"href":"https:\/\/www.pladostelma.com\/fr\/wp-json\/wp\/v2\/media\/10101"}],"wp:attachment":[{"href":"https:\/\/www.pladostelma.com\/fr\/wp-json\/wp\/v2\/media?parent=14869"}],"wp:term":[{"taxonomy":"serie","embeddable":true,"href":"https:\/\/www.pladostelma.com\/fr\/wp-json\/wp\/v2\/serie?post=14869"},{"taxonomy":"product_brand","embeddable":true,"href":"https:\/\/www.pladostelma.com\/fr\/wp-json\/wp\/v2\/product_brand?post=14869"},{"taxonomy":"product_cat","embeddable":true,"href":"https:\/\/www.pladostelma.com\/fr\/wp-json\/wp\/v2\/product_cat?post=14869"},{"taxonomy":"product_tag","embeddable":true,"href":"https:\/\/www.pladostelma.com\/fr\/wp-json\/wp\/v2\/product_tag?post=14869"}],"curies":[{"name":"wp","href":"https:\/\/api.w.org\/{rel}","templated":true}]}}