{"id":14838,"date":"2019-06-10T11:24:23","date_gmt":"2019-06-10T09:24:23","guid":{"rendered":"https:\/\/www.pladostelma.com\/catalogue\/am8620-2\/"},"modified":"2025-01-23T11:16:09","modified_gmt":"2025-01-23T10:16:09","slug":"telma-am8620","status":"publish","type":"product","link":"https:\/\/www.pladostelma.com\/fr\/telma-am8620\/","title":{"rendered":"AM8620"},"content":{"rendered":"","protected":false},"excerpt":{"rendered":"<p>860\u00d7510 mm - \u00c9vier \u00e0 deux cuves avec trous pr\u00e9-perc\u00e9s pour l'installation de robinets et d'accessoires one.<\/p>\n<p>\u00c9quip\u00e9 de la technologie brevet\u00e9e ARIAPURA, qui contribue \u00e0 rendre l'\u00e9vier antibact\u00e9rien, anti-pollution et plus facile \u00e0 nettoyer.<\/p>\n<p>Tous les \u00e9viers peuvent \u00eatre agr\u00e9ment\u00e9s d'accessoires qui rendent la zone de lavage non seulement plus pratique et fonctionnelle, mais aussi plus confortable et \u00e9l\u00e9gante.<\/p>","protected":false},"featured_media":247575,"template":"","meta":{"_acf_changed":false,"_seopress_robots_primary_cat":"none","_seopress_titles_title":"TELMA AMANDA 8620 double basin sink","_seopress_titles_desc":"TELMA AMANDA 8620 double basin sink","_seopress_robots_index":"","_uag_custom_page_level_css":"","iawp_total_views":509,"uix_meta_title":"","uix_meta_description":"","uix_canonical_url":""},"serie":[],"product_brand":[],"product_cat":[865,864],"product_tag":[866],"class_list":{"0":"post-14838","1":"product","2":"type-product","3":"status-publish","4":"has-post-thumbnail","6":"product_cat-amanda","7":"product_cat-telma-lavelli-cucina","8":"product_tag-amanda","9":"pa_dimensions-860x510mm","10":"pa_series-amanda","11":"pa_sink-type-lavello-due-vasche","13":"first","14":"instock","15":"shipping-taxable","16":"purchasable","17":"product-type-variable","18":"wvs-archive-product-wrapper"},"acf":[],"vendbase_acf":null,"vendbase_metabox":null,"uagb_featured_image_src":{"full":["https:\/\/www.pladostelma.com\/wp-content\/uploads\/AM8620_42-scaled.jpg",2560,1557,false],"thumbnail":["https:\/\/www.pladostelma.com\/wp-content\/uploads\/AM8620_42-150x150.jpg",150,150,true],"medium":["https:\/\/www.pladostelma.com\/wp-content\/uploads\/AM8620_42-300x300.jpg",300,300,true],"medium_large":["https:\/\/www.pladostelma.com\/wp-content\/uploads\/AM8620_42-768x768.jpg",768,768,true],"large":["https:\/\/www.pladostelma.com\/wp-content\/uploads\/AM8620_42-1024x1024.jpg",1024,1024,true],"1536x1536":["https:\/\/www.pladostelma.com\/wp-content\/uploads\/AM8620_42-scaled.jpg",1536,934,false],"2048x2048":["https:\/\/www.pladostelma.com\/wp-content\/uploads\/AM8620_42-scaled.jpg",2048,1246,false],"trp-custom-language-flag":["https:\/\/www.pladostelma.com\/wp-content\/uploads\/AM8620_42-scaled.jpg",18,12,false],"woocommerce_thumbnail":["https:\/\/www.pladostelma.com\/wp-content\/uploads\/AM8620_42-300x300.jpg",300,300,true],"woocommerce_single":["https:\/\/www.pladostelma.com\/wp-content\/uploads\/AM8620_42-600x600.jpg",600,600,true],"woocommerce_gallery_thumbnail":["https:\/\/www.pladostelma.com\/wp-content\/uploads\/AM8620_42-100x100.jpg",100,100,true],"variation_swatches_image_size":["https:\/\/www.pladostelma.com\/wp-content\/uploads\/AM8620_42-scaled.jpg",50,30,false],"variation_swatches_tooltip_size":["https:\/\/www.pladostelma.com\/wp-content\/uploads\/AM8620_42-scaled.jpg",100,61,false]},"uagb_author_info":{"display_name":"admino","author_link":"https:\/\/www.pladostelma.com\/fr\/author\/"},"uagb_comment_info":0,"uagb_excerpt":"860x510 mm - Lavello a due vasche con pre-fori per installazione rubinetteria e accessori. Provvisto di tecnologia brevettata ARIAPURA, che contribuisce a rendere il lavello antibatterico, antinquinante e pi\u00f9 facile da pulire. Tutti i lavelli possono essere arricchiti con accessori che rendono la zona lavaggio non solo pi\u00f9 pratica e funzionale ma anche pi\u00f9 comoda\u2026","_links":{"self":[{"href":"https:\/\/www.pladostelma.com\/fr\/wp-json\/wp\/v2\/product\/14838","targetHints":{"allow":["GET"]}}],"collection":[{"href":"https:\/\/www.pladostelma.com\/fr\/wp-json\/wp\/v2\/product"}],"about":[{"href":"https:\/\/www.pladostelma.com\/fr\/wp-json\/wp\/v2\/types\/product"}],"wp:featuredmedia":[{"embeddable":true,"href":"https:\/\/www.pladostelma.com\/fr\/wp-json\/wp\/v2\/media\/247575"}],"wp:attachment":[{"href":"https:\/\/www.pladostelma.com\/fr\/wp-json\/wp\/v2\/media?parent=14838"}],"wp:term":[{"taxonomy":"serie","embeddable":true,"href":"https:\/\/www.pladostelma.com\/fr\/wp-json\/wp\/v2\/serie?post=14838"},{"taxonomy":"product_brand","embeddable":true,"href":"https:\/\/www.pladostelma.com\/fr\/wp-json\/wp\/v2\/product_brand?post=14838"},{"taxonomy":"product_cat","embeddable":true,"href":"https:\/\/www.pladostelma.com\/fr\/wp-json\/wp\/v2\/product_cat?post=14838"},{"taxonomy":"product_tag","embeddable":true,"href":"https:\/\/www.pladostelma.com\/fr\/wp-json\/wp\/v2\/product_tag?post=14838"}],"curies":[{"name":"wp","href":"https:\/\/api.w.org\/{rel}","templated":true}]}}