{"id":11746,"date":"2019-05-28T16:07:42","date_gmt":"2019-05-28T14:07:42","guid":{"rendered":"https:\/\/www.pladostelma.com\/?post_type=product&#038;p=11746"},"modified":"2025-12-04T09:30:54","modified_gmt":"2025-12-04T08:30:54","slug":"fimod","status":"publish","type":"product","link":"https:\/\/www.pladostelma.com\/fr\/fimod\/","title":{"rendered":"FIMOD"},"content":{"rendered":"<p><br data-bmid=\"e0b1612d\" \/>- Capacit\u00e9 : 64 litres<br data-bmid=\"e4cd89c9\" \/>- Equipement : 1 grille, 1 plateau standard<br data-bmid=\"bceb0aa9\" \/>- Ventilation tangentielle<br data-bmid=\"3ed6da29\" \/>- 5 niveaux de cuisson<br data-bmid=\"9242ce8a\" \/>- Porte froide tremp\u00e9e \u00e0 triple vitrage<br data-bmid=\"258aad84\" \/>- Verre int\u00e9rieur amovible<br data-bmid=\"f67debad\" \/>- Programmateur m\u00e9canique avec temps de fin de cuisson<br data-bmid=\"4398813f\" \/>- Classe d'efficacit\u00e9 \u00e9nerg\u00e9tique A<br data-bmid=\"5bd380cc\" \/>- Int\u00e9rieur en \u00e9mail titane facile \u00e0 nettoyer<br data-bmid=\"c3137dd6\" \/>- Eclairage int\u00e9rieur<br data-bmid=\"603dd413\" \/>- Poign\u00e9e noire et boutons mille-lumi\u00e8re noirs<\/p>","protected":false},"excerpt":{"rendered":"<p>Four multifonctionnel encastr\u00e9 one.<\/p>","protected":false},"featured_media":239137,"template":"","meta":{"_acf_changed":false,"_seopress_robots_primary_cat":"none","_seopress_titles_title":"FIMOD multifunction modern oven","_seopress_titles_desc":"FIMOD multifunction modern oven","_seopress_robots_index":"","_uag_custom_page_level_css":"","iawp_total_views":426,"uix_meta_title":"","uix_meta_description":"","uix_canonical_url":""},"serie":[],"product_brand":[],"product_cat":[552,823],"product_tag":[],"class_list":{"0":"post-11746","1":"product","2":"type-product","3":"status-publish","4":"has-post-thumbnail","6":"product_cat-elettrodomestici","7":"product_cat-forni","8":"pa_dimensions-595x595x560-mm-2","9":"pa_pladoscolors-124","10":"pa_pladoscolors-125","11":"pa_pladoscolors-98-bianco","12":"pa_pladoscolors-129","13":"pa_pladoscolors-130","14":"pa_series-flat","16":"first","17":"instock","18":"shipping-taxable","19":"purchasable","20":"product-type-variable","21":"wvs-archive-product-wrapper"},"acf":[],"vendbase_acf":null,"vendbase_metabox":null,"uagb_featured_image_src":{"full":["https:\/\/www.pladostelma.com\/wp-content\/uploads\/FIMOD_70.jpg",1280,1258,false],"thumbnail":["https:\/\/www.pladostelma.com\/wp-content\/uploads\/FIMOD_70-150x150.jpg",150,150,true],"medium":["https:\/\/www.pladostelma.com\/wp-content\/uploads\/FIMOD_70-300x300.jpg",300,300,true],"medium_large":["https:\/\/www.pladostelma.com\/wp-content\/uploads\/FIMOD_70-768x768.jpg",768,768,true],"large":["https:\/\/www.pladostelma.com\/wp-content\/uploads\/FIMOD_70-1024x1024.jpg",1024,1024,true],"1536x1536":["https:\/\/www.pladostelma.com\/wp-content\/uploads\/FIMOD_70.jpg",1280,1258,false],"2048x2048":["https:\/\/www.pladostelma.com\/wp-content\/uploads\/FIMOD_70.jpg",1280,1258,false],"trp-custom-language-flag":["https:\/\/www.pladostelma.com\/wp-content\/uploads\/FIMOD_70.jpg",12,12,false],"woocommerce_thumbnail":["https:\/\/www.pladostelma.com\/wp-content\/uploads\/FIMOD_70-300x300.jpg",300,300,true],"woocommerce_single":["https:\/\/www.pladostelma.com\/wp-content\/uploads\/FIMOD_70-600x600.jpg",600,600,true],"woocommerce_gallery_thumbnail":["https:\/\/www.pladostelma.com\/wp-content\/uploads\/FIMOD_70-100x100.jpg",100,100,true],"variation_swatches_image_size":["https:\/\/www.pladostelma.com\/wp-content\/uploads\/FIMOD_70.jpg",50,50,false],"variation_swatches_tooltip_size":["https:\/\/www.pladostelma.com\/wp-content\/uploads\/FIMOD_70.jpg",100,98,false]},"uagb_author_info":{"display_name":"Luca Cavaleri","author_link":"https:\/\/www.pladostelma.com\/fr\/author\/"},"uagb_comment_info":0,"uagb_excerpt":"Forno da incasso multifunzione.","_links":{"self":[{"href":"https:\/\/www.pladostelma.com\/fr\/wp-json\/wp\/v2\/product\/11746","targetHints":{"allow":["GET"]}}],"collection":[{"href":"https:\/\/www.pladostelma.com\/fr\/wp-json\/wp\/v2\/product"}],"about":[{"href":"https:\/\/www.pladostelma.com\/fr\/wp-json\/wp\/v2\/types\/product"}],"wp:featuredmedia":[{"embeddable":true,"href":"https:\/\/www.pladostelma.com\/fr\/wp-json\/wp\/v2\/media\/239137"}],"wp:attachment":[{"href":"https:\/\/www.pladostelma.com\/fr\/wp-json\/wp\/v2\/media?parent=11746"}],"wp:term":[{"taxonomy":"serie","embeddable":true,"href":"https:\/\/www.pladostelma.com\/fr\/wp-json\/wp\/v2\/serie?post=11746"},{"taxonomy":"product_brand","embeddable":true,"href":"https:\/\/www.pladostelma.com\/fr\/wp-json\/wp\/v2\/product_brand?post=11746"},{"taxonomy":"product_cat","embeddable":true,"href":"https:\/\/www.pladostelma.com\/fr\/wp-json\/wp\/v2\/product_cat?post=11746"},{"taxonomy":"product_tag","embeddable":true,"href":"https:\/\/www.pladostelma.com\/fr\/wp-json\/wp\/v2\/product_tag?post=11746"}],"curies":[{"name":"wp","href":"https:\/\/api.w.org\/{rel}","templated":true}]}}