{"id":2923,"date":"2015-05-13T09:38:24","date_gmt":"2015-05-13T07:38:24","guid":{"rendered":"https:\/\/www.pladostelma.com\/privacypolicy\/"},"modified":"2020-11-10T16:24:14","modified_gmt":"2020-11-10T15:24:14","slug":"privacy-policy","status":"publish","type":"page","link":"https:\/\/www.pladostelma.com\/fr\/privacy-policy\/","title":{"rendered":"Politique de confidentialit\u00e9"},"content":{"rendered":"<p>\n\t\t\tVotre vie priv\u00e9e est d'une importance capitale pour nous. Sur <strong>Plados S.P.A.<\/strong> nous avons quelques principes fondamentaux :\n\t\t<\/p>\n\n\n\n<ul class=\"wp-block-list\"><li>Nous sommes attentifs aux information personnelles que nous vous demandons de fournir et aux information personnelles que nous recueillons \u00e0 votre sujet par le biais de l'exploitation de nos services.<\/li><li>Nous ne conservons les informations personnelles qu'aussi longtemps que nous avons une raison de les garder.<\/li><li>Notre objectif est de vous permettre de contr\u00f4ler aussi simplement que possible les informations de votre site web qui sont partag\u00e9es publiquement (ou priv\u00e9es), index\u00e9es par les moteurs de recherche et supprim\u00e9es d\u00e9finitivement.<\/li><li>Nous contribuons \u00e0 vous prot\u00e9ger contre les demandes excessives du gouvernement concernant vos informations personnelles.<\/li><li>Nous visons une transparence totale sur la mani\u00e8re dont nous recueillons, utilisons et partageons vos informations personnelles.<\/li><li>Vous trouverez ci-dessous notre politique de confidentialit\u00e9, qui reprend et clarifie ces principes.<\/li><\/ul>\n\n\n\n<h2 class=\"wp-block-heading\">Ce que couvre cette police<\/h2>\n\n\n\n<p>Cette politique de confidentialit\u00e9 s'applique \u00e0 l'information que nous recueillons \u00e0 votre sujet lorsque vous l'utilisez :<\/p>\n\n\n\n<p>Notre site web (y compris <strong>https:\/\/www.pladostelma.com<\/strong>, );<\/p>\n\n\n\n<p>Tout au long de la pr\u00e9sente politique de confidentialit\u00e9, nous ferons r\u00e9f\u00e9rence \u00e0 nos sites web, produits et services en les d\u00e9signant collectivement par le terme \"site web\". Veuillez noter que la pr\u00e9sente politique de confidentialit\u00e9 ne s'applique pas \u00e0 nos produits ou services qui ont une politique de confidentialit\u00e9 distincte. Nous expliquons ci-dessous comment nous recueillons, utilisons et partageons les informations vous concernant, ainsi que les choix dont vous disposez \u00e0 cet \u00e9gard.<\/p>\n\n\n\n<h2 class=\"wp-block-heading\">Information que nous recueillons<\/h2>\n\n\n\n<p>Nous ne recueillons des informations sur vous que si nous avons une raison de le faire - par exemple, pour fournir un service \/ une information par le biais du site Web, pour communiquer avec vous ou pour am\u00e9liorer notre site Web. Nous recueillons des informations de trois mani\u00e8res : si et quand vous nous fournissez des informations, automatiquement par le biais de notre site Web et \u00e0 partir de sources ext\u00e9rieures. Passons en revue l'information que nous collectons.<\/p>\n\n\n\n<p><strong><em>Information que vous nous fournissez<\/em><\/strong><\/p>\n\n\n\n<p>Il n'est probablement pas surprenant que nous recueillions les informations que vous nous fournissez. La quantit\u00e9 et le type d'information d\u00e9pendent du contexte et de la mani\u00e8re dont nous utilisons l'information. Voici quelques exemples :<\/p>\n\n\n\n<ul class=\"wp-block-list\"><li>Informations de base sur le compte : Nous vous demandons des informations de base afin de configurer votre compte. Par exemple, nous demandons aux personnes qui s'inscrivent \u00e0 un compte de fournir un nom d'utilisateur et\/ou une adresse \u00e9lectronique. Vous pouvez nous fournir d'autres informations, comme votre nom, pour cr\u00e9er un compte.<\/li><li>Information de transaction et de facturation : Si vous achetez quelque chose chez nous, vous fournirez des information personnelles et de paiement suppl\u00e9mentaires qui sont n\u00e9cessaires pour traiter la transaction et votre paiement, comme votre nom, l'information de votre carte de cr\u00e9dit et l'information de contact.<\/li><li class=\"\">Communications avec nous : vous pouvez \u00e9galement nous fournir des informations lorsque vous r\u00e9pondez \u00e0 des enqu\u00eates, communiquez avec nous au sujet d'une question d'assistance ou postez une question.<\/li><\/ul>\n\n\n\n<p><strong><em>Information que nous recueillons automatiquement<\/em><\/strong><\/p>\n\n\n\n<p>Nous recueillons \u00e9galement certaines information automatiquement :<\/p>\n\n\n\n<ul class=\"wp-block-list\"><li>Information de journal : Comme la plupart des fournisseurs de services en ligne, nous recueillons des information que les navigateurs web, les appareils mobiles et les serveurs rendent g\u00e9n\u00e9ralement disponibles, comme le type de navigateur, l'adresse IP, les identifiants uniques des appareils, les pr\u00e9f\u00e9rences linguistiques, le site de r\u00e9f\u00e9rence, la date et l'heure de l'acc\u00e8s, le syst\u00e8me d'exploitation et l'information du r\u00e9seau mobile. Nous recueillons les donn\u00e9es de connexion lorsque vous utilisez notre site Web - par exemple, lorsque vous cr\u00e9ez ou modifiez votre compte - afin d'am\u00e9liorer notre site Web.<\/li><li>Localisation Information : Nous pouvons d\u00e9terminer la localisation approximative de votre appareil \u00e0 partir de votre adresse IP. Nous recueillons et utilisons ces donn\u00e9es pour, par exemple, calculer le nombre de personnes qui visitent notre site Web depuis certaines r\u00e9gions g\u00e9ographiques. <\/li><li>Information des cookies et autres technologies : Un cookie est une cha\u00eene d'information qu'un site web stocke sur l'ordinateur d'un visiteur, et que le navigateur du visiteur fournit au site web chaque fois que le visiteur revient. Les balises pixel (\u00e9galement appel\u00e9es pixels invisibles) sont de petits blocs de code plac\u00e9s sur les sites web et les courriels. Nous utilisons des cookies et d'autres technologies telles que les balises pixel pour nous aider \u00e0 identifier et \u00e0 suivre les visiteurs, l'utilisation et les pr\u00e9f\u00e9rences d'acc\u00e8s \u00e0 nos services, ainsi qu'\u00e0 suivre et comprendre l'efficacit\u00e9 des campagnes de courrier \u00e9lectronique et \u00e0 diffuser des publicit\u00e9s cibl\u00e9es. Pour plus d'informations sur notre utilisation des cookies et d'autres technologies de suivi, y compris la mani\u00e8re dont vous pouvez contr\u00f4ler l'utilisation des cookies, veuillez consulter notre politique en mati\u00e8re de cookies.<\/li><\/ul>\n\n\n\n<p><strong><em>Information que nous recueillons aupr\u00e8s d'autres sources<\/em><\/strong><\/p>\n\n\n\n<p>Nous pouvons \u00e9galement obtenir des informations vous concernant aupr\u00e8s d'autres sources. Par exemple, si vous cr\u00e9ez un compte sur notre site Web ou si vous vous y connectez par l'interm\u00e9diaire d'un autre service (par ex.\n\t\tGoogle,), nous recevrons des informations de ce service (telles que votre nom d'utilisateur, les informations de base de votre profil et votre liste d'amis) via les proc\u00e9dures d'autorisation utilis\u00e9es par ce service. L'information que nous recevons d\u00e9pend des services que vous autorisez et des options qui sont disponibles.<\/p>\n\n\n\n<h2 class=\"wp-block-heading\">Comment et pourquoi nous utilisons Information<\/h2>\n\n\n\n<p><strong><em>Objectifs de l'utilisation d'Information<\/em><\/strong><\/p>\n\n\n\n<p>Nous utilisons les informations vous concernant comme indiqu\u00e9 ci-dessus et aux fins \u00e9num\u00e9r\u00e9es ci-dessous :<\/p>\n\n\n\n<ul class=\"wp-block-list\"><li>Pour cr\u00e9er et g\u00e9rer votre compte<\/li><li>Pour envoyer des communications marketing et promotionnelles<\/li><li>Pour envoyer des informations administratives<\/li><li>Pour remplir et g\u00e9rer les commandes des clients<\/li><li>Pour publier des t\u00e9moignages<\/li><li>Pour diffuser des publicit\u00e9s cibl\u00e9es<\/li><li>g\u00e9rer les tirages au sort et les concours<\/li><li>Demander l'avis des clients<\/li><li>Pour personnaliser votre exp\u00e9rience<\/li><li>Pour prot\u00e9ger votre site<\/li><li>Pour permettre les communications entre utilisateurs<\/li><li>Pour faire respecter vos conditions g\u00e9n\u00e9rales et vos politiques<\/li><li>Pour r\u00e9pondre \u00e0 des demandes l\u00e9gales et pr\u00e9venir tout pr\u00e9judice<\/li><li>\u00c0 d'autres fins commerciales, telles que l'am\u00e9lioration des produits, des services, du marketing et de l'exp\u00e9rience des utilisateurs.<\/li><\/ul>\n\n\n\n<p><strong><em>Bases l\u00e9gales pour la collecte et l'utilisation de l'information<\/em><\/strong><\/p>\n\n\n\n<p>\u00c0 l'intention des personnes r\u00e9sidant dans l'Union europ\u00e9enne, nous tenons \u00e0 pr\u00e9ciser les motifs l\u00e9gaux pour lesquels nous traitons vos donn\u00e9es conform\u00e9ment \u00e0 la l\u00e9gislation europ\u00e9enne en mati\u00e8re de protection des donn\u00e9es : (1) L'utilisation est n\u00e9cessaire pour g\u00e9rer votre compte - par exemple, pour permettre l'acc\u00e8s \u00e0 notre site web sur votre appareil ou vous facturer un plan payant ; ou (2) L'utilisation est n\u00e9cessaire pour se conformer \u00e0 une obligation l\u00e9gale ; ou (3) L'utilisation est n\u00e9cessaire pour prot\u00e9ger vos int\u00e9r\u00eats vitaux ou ceux d'une autre personne ; ou (4) Nous avons un int\u00e9r\u00eat l\u00e9gitime \u00e0 utiliser votre information - par exemple, pour mettre \u00e0 jour notre site Web, pour am\u00e9liorer nos services afin de vous offrir une exp\u00e9rience utilisateur encore meilleure, pour sauvegarder nos services, pour communiquer avec vous, pour mesurer, jauger et am\u00e9liorer l'efficacit\u00e9 de notre publicit\u00e9, et mieux comprendre la r\u00e9tention et l'attrition des utilisateurs, pour surveiller et pr\u00e9venir tout probl\u00e8me avec nos services, et pour personnaliser votre exp\u00e9rience ; ou (5) Vous nous avez donn\u00e9 votre consentement - par exemple, avant que nous placions certains cookies sur votre appareil et que nous y acc\u00e9dions et les analysions ult\u00e9rieurement, comme d\u00e9crit dans notre politique en mati\u00e8re de cookies.<\/p>\n\n\n\n<h2 class=\"wp-block-heading\">Partage de l'Information<\/h2>\n\n\n\n<p><strong><em>Comment nous partageons l'Information<\/em><\/strong><\/p>\n\n\n\n<p>Nous ne vendons pas les donn\u00e9es personnelles de nos utilisateurs. Nous partageons les informations vous concernant dans les circonstances limit\u00e9es d\u00e9crites ci-dessous et avec des garanties appropri\u00e9es concernant votre vie priv\u00e9e :<\/p>\n\n\n\n<ul class=\"wp-block-list\"><li class=\"\">Filiales, employ\u00e9s et entrepreneurs ind\u00e9pendants : nous pouvons divulguer des informations vous concernant \u00e0 nos filiales, \u00e0 nos employ\u00e9s et aux personnes qui sont nos entrepreneurs ind\u00e9pendants et qui ont besoin de conna\u00eetre ces informations pour nous aider \u00e0 fournir nos services ou pour traiter ces informations en notre nom. Nous exigeons de nos filiales, employ\u00e9s et sous-traitants ind\u00e9pendants qu'ils respectent cette politique de confidentialit\u00e9 pour les informations personnelles que nous partageons avec eux.<\/li><li class=\"\">Fournisseurs tiers : Nous pouvons partager des informations vous concernant avec des fournisseurs tiers qui ont besoin de les conna\u00eetre pour nous fournir leurs services ou pour vous fournir leurs services. Ce groupe comprend les fournisseurs qui nous aident \u00e0 vous fournir nos services (comme les fournisseurs de services de paiement qui traitent les donn\u00e9es de vos cartes de cr\u00e9dit et de d\u00e9bit, les services de pr\u00e9vention des fraudes qui nous permettent d'analyser les transactions de paiement frauduleuses, les services d'envoi de courrier postal et \u00e9lectronique qui nous aident \u00e0 rester en contact avec vous, les services d'assistance par chat et par courrier \u00e9lectronique qui nous aident \u00e0 communiquer avec vous), ceux qui nous assistent dans nos efforts de marketing (par exemple.par exemple en fournissant des outils permettant d'identifier un groupe cible de marketing sp\u00e9cifique ou d'am\u00e9liorer nos campagnes de marketing), ceux qui nous aident \u00e0 comprendre et \u00e0 am\u00e9liorer nos services (comme les fournisseurs d'analyses), et les soci\u00e9t\u00e9s qui mettent des produits \u00e0 disposition sur nos sites web, qui peuvent avoir besoin d'informations vous concernant afin, par exemple, de vous fournir des services d'assistance technique ou autres. Nous demandons aux fournisseurs d'accepter des engagements en mati\u00e8re de confidentialit\u00e9 afin de partager des informations avec eux. D'autres fournisseurs sont \u00e9num\u00e9r\u00e9s dans nos politiques plus sp\u00e9cifiques (par exemple, notre politique en mati\u00e8re de cookies).<\/li><li>Demandes l\u00e9gales : nous pouvons divulguer des informations vous concernant en r\u00e9ponse \u00e0 une citation \u00e0 compara\u00eetre, une ordonnance du tribunal ou toute autre demande gouvernementale.<\/li><li>Protection des droits, de la propri\u00e9t\u00e9 et d'autres personnes : Nous pouvons divulguer des informations vous concernant lorsque nous pensons de bonne foi que cette divulgation est raisonnablement n\u00e9cessaire pour prot\u00e9ger la propri\u00e9t\u00e9 ou les droits des personnes suivantes <strong>Plados S.P.A.<\/strong> les tiers ou le grand public.<\/li><li>Transferts d'activit\u00e9s : dans le cadre d'une fusion, de la vente d'actifs de la soci\u00e9t\u00e9 ou de l'acquisition de tout ou partie de nos activit\u00e9s par une autre soci\u00e9t\u00e9, ou dans le cas peu probable o\u00f9 <strong>Plados S.P.A.<\/strong>  cesse ses activit\u00e9s ou fait faillite, les informations sur les utilisateurs seront probablement l'un des actifs transf\u00e9r\u00e9s ou acquis par un tiers. Si l'un de ces \u00e9v\u00e9nements devait se produire, la pr\u00e9sente politique de confidentialit\u00e9 continuerait \u00e0 s'appliquer \u00e0 votre information et la partie qui re\u00e7oit votre information peut continuer \u00e0 l'utiliser, mais uniquement conform\u00e9ment \u00e0 la pr\u00e9sente politique de confidentialit\u00e9.<\/li><li>Avec votre consentement : Nous pouvons partager et divulguer des informations avec votre consentement ou selon vos instructions. Par exemple, nous pouvons partager votre informaion avec des tiers avec lesquels vous nous autorisez \u00e0 le faire, comme les services de m\u00e9dias sociaux que vous connectez \u00e0 votre site par le biais de notre fonction Publicize.<\/li><li>Information agr\u00e9g\u00e9e ou d\u00e9sidentifi\u00e9e : Nous pouvons partager des information qui ont \u00e9t\u00e9 agr\u00e9g\u00e9es ou raisonnablement d\u00e9sidentifi\u00e9es, de sorte que l'information ne puisse raisonnablement \u00eatre utilis\u00e9e pour vous identifier. Par exemple, nous pouvons publier des statistiques globales sur l'utilisation de notre site Web et nous pouvons partager une version hach\u00e9e de votre adresse \u00e9lectronique pour faciliter les campagnes publicitaires personnalis\u00e9es sur d'autres plateformes.<\/li><li>Demandes d'assistance publi\u00e9es : si vous nous envoyez une demande (par exemple, via un courriel d'assistance ou one de nos m\u00e9canismes de r\u00e9troaction), nous nous r\u00e9servons le droit de publier cette demande afin de nous aider \u00e0 clarifier ou \u00e0 r\u00e9pondre \u00e0 votre demande ou pour nous aider \u00e0 assister d'autres utilisateurs.<\/li><\/ul>\n\n\n\n<h2 class=\"wp-block-heading\">Combien de temps nous conservons Information<\/h2>\n\n\n\n<p>Nous \u00e9liminons g\u00e9n\u00e9ralement les informations vous concernant lorsque nous n'en avons plus besoin aux fins pour lesquelles nous les collectons et les utilisons - qui sont d\u00e9crites dans la section ci-dessus intitul\u00e9e \"Comment et pourquoi nous utilisons les informations\" - et que nous ne sommes pas l\u00e9galement tenus de continuer \u00e0 les conserver. <\/p>\n\n\n\n<h2 class=\"wp-block-heading\">S\u00e9curit\u00e9<\/h2>\n\n\n\n<p>Bien qu'aucun site Web en ligne ne soit 100% s\u00e9curis\u00e9, nous faisons tout notre possible pour prot\u00e9ger les informactions vous concernant contre tout acc\u00e8s, utilisation, alt\u00e9ration ou destruction non autoris\u00e9s, et nous prenons des mesures raisonnables \u00e0 cet effet, notamment en surveillant notre site Web pour d\u00e9tecter les vuln\u00e9rabilit\u00e9s et les attaques potentielles.<\/p>\n\n\n\n<h2 class=\"wp-block-heading\">Choix<\/h2>\n\n\n\n<p>Vous avez plusieurs choix possibles lorsqu'il s'agit d'information sur vous :<\/p>\n\n\n\n<ul class=\"wp-block-list\"><li>Refus des communications \u00e9lectroniques : vous pouvez choisir de ne pas recevoir de messages promotionnels de notre part. Il suffit de suivre les instructions contenues dans ces messages. Si vous refusez les messages promotionnels, nous pouvons toujours vous envoyer d'autres messages, comme ceux concernant votre compte et les avis juridiques.<\/li><li>Configurer votre navigateur pour qu'il rejette les cookies : vous pouvez g\u00e9n\u00e9ralement choisir de configurer votre navigateur pour qu'il supprime ou rejette les cookies de navigation avant d'utiliser notre site web, avec l'inconv\u00e9nient que certaines fonctionnalit\u00e9s de notre site web peuvent ne pas fonctionner correctement sans l'aide des cookies.<\/li><li>Fermer votre compte : Bien que nous serions tr\u00e8s tristes de vous voir partir, si vous ne voulez plus utiliser notre site Web \ud83d\ude41 \ud83d\ude41 \ud83d\ude41 :(, vous pouvez nous contacter ici. Veuillez garder \u00e0 l'esprit que nous pouvons continuer \u00e0 conserver vos informations apr\u00e8s la fermeture de votre compte, comme d\u00e9crit dans la section Dur\u00e9e de conservation des informations ci-dessus - par exemple, lorsque ces informations sont raisonnablement n\u00e9cessaires pour se conformer (ou d\u00e9montrer notre conformit\u00e9) \u00e0 des obligations l\u00e9gales telles que des demandes d'application de la loi, ou raisonnablement n\u00e9cessaires pour nos int\u00e9r\u00eats commerciaux l\u00e9gitimes.<\/li><\/ul>\n\n\n\n<h2 class=\"wp-block-heading\">Vos droits<\/h2>\n\n\n\n<p>Si vous vous trouvez dans certains pays, y compris ceux qui entrent dans le champ d'application du R\u00e8glement g\u00e9n\u00e9ral europ\u00e9en sur la protection des donn\u00e9es (alias le \" RGPD \"), les lois sur la protection des donn\u00e9es vous donnent des droits concernant vos donn\u00e9es personnelles, sous r\u00e9serve des exemptions pr\u00e9vues par la loi, notamment les droits suivants :<\/p>\n\n\n\n<ul class=\"wp-block-list\"><li>Demander l'acc\u00e8s \u00e0 vos donn\u00e9es personnelles ;<\/li><li>Demander la correction ou la suppression de vos donn\u00e9es personnelles ;<\/li><li>S'opposer \u00e0 notre utilisation et au traitement de vos donn\u00e9es personnelles ;<\/li><li>Demander que nous limitions l'utilisation et le traitement de vos donn\u00e9es personnelles ; et Demander la portabilit\u00e9 de vos donn\u00e9es personnelles.<\/li><\/ul>\n\n\n\n<p>Vous pouvez g\u00e9n\u00e9ralement acc\u00e9der \u00e0 vos donn\u00e9es personnelles, les corriger ou les supprimer en utilisant les param\u00e8tres de votre compte et les outils que nous proposons, mais si vous n'\u00eates pas en mesure de le faire, ou si vous souhaitez nous contacter au sujet de one des autres droits, faites d\u00e9filer la page Comment nous joindre pour savoir comment nous joindre. Les citoyens de l'UE ont \u00e9galement le droit de d\u00e9poser une plainte aupr\u00e8s d'une autorit\u00e9 de surveillance gouvernementale.<\/p>\n\n\n\n<h2 class=\"wp-block-heading\">Contr\u00f4leurs et soci\u00e9t\u00e9 responsable<\/h2>\n\n\n\n<p><strong>Plados S.P.A.<\/strong>,   <strong>Italie, MC, Montecassiano, Via Grazia Deledda, 3<\/strong>. <\/p>\n\n\n\n<h2 class=\"wp-block-heading\">Comment nous joindre<\/h2>\n\n\n\n<p>Si vous avez une question concernant la pr\u00e9sente politique de confidentialit\u00e9 ou si vous souhaitez nous contacter au sujet de l'un des droits \u00e9nonc\u00e9s dans la section Vos droits ci-dessus, veuillez <a href=\"\">contactez-nous<\/a>.<\/p>\n\n\n\n<h2 class=\"wp-block-heading\">Autres choses que vous devez savoir (continuez \u00e0 lire !)<\/h2>\n\n\n\n<p><strong><em>Transfert de l'Information<\/em><\/strong><\/p>\n\n\n\n<p>Parce que <strong>Plados S.P.A.<\/strong> Les services de l'UE \u00e9tant propos\u00e9s dans le monde entier, les informations vous concernant que nous traitons lorsque vous utilisez les services dans l'UE peuvent \u00eatre utilis\u00e9es, stock\u00e9es et\/ou consult\u00e9es par des personnes op\u00e9rant en dehors de l'Espace \u00e9conomique europ\u00e9en (EEE) qui travaillent pour nous, pour d'autres membres de notre groupe de soci\u00e9t\u00e9s ou pour des tiers charg\u00e9s du traitement des donn\u00e9es. Ces informations sont n\u00e9cessaires aux fins \u00e9num\u00e9r\u00e9es dans la section \"Comment et pourquoi nous utilisons l'information\" ci-dessus. Lorsque nous fournissons des information vous concernant \u00e0 des entit\u00e9s situ\u00e9es en dehors de l'EEE, nous prendrons les mesures appropri\u00e9es pour nous assurer que le destinataire prot\u00e8ge vos information personnelles de mani\u00e8re ad\u00e9quate, conform\u00e9ment \u00e0 la pr\u00e9sente politique de confidentialit\u00e9, comme l'exige la loi applicable. Ces mesures comprennent :<\/p>\n\n\n\n<ul class=\"wp-block-list\"><li>dans le cas d'entit\u00e9s bas\u00e9es aux \u00c9tats-Unis, conclure avec elles des accords contractuels types approuv\u00e9s par la Commission europ\u00e9enne, ou s'assurer qu'elles ont adh\u00e9r\u00e9 au Bouclier de protection de la vie priv\u00e9e UE-\u00c9tats-Unis ; ou<\/li><li>Dans le cas d'entit\u00e9s bas\u00e9es dans d'autres pays en dehors de l'EEE, conclure avec elles des accords contractuels types approuv\u00e9s par la Commission europ\u00e9enne.<\/li><\/ul>\n\n\n\n<p>Vous pouvez nous demander plus d'informations sur les mesures que nous prenons pour prot\u00e9ger vos donn\u00e9es personnelles lors de leur transfert \u00e0 partir de l'UE.<\/p>\n\n\n\n<p><strong><em>Services de publicit\u00e9 et d'analyse fournis par d'autres<\/em><\/strong><\/p>\n\n\n\n<p>Les publicit\u00e9s apparaissant sur l'un de nos services peuvent \u00eatre diffus\u00e9es par des r\u00e9seaux publicitaires. D'autres parties peuvent \u00e9galement fournir des services d'analyse via notre site web. Ces r\u00e9seaux publicitaires et fournisseurs d'analyses peuvent mettre en place des technologies de suivi (comme les cookies) pour collecter des informations sur votre utilisation de nos Services et sur d'autres sites Web et services en ligne. Ces technologies permettent \u00e0 ces tiers de reconna\u00eetre votre appareil pour compiler des information sur vous ou sur d'autres personnes qui utilisent votre appareil. Cette information nous permet, ainsi qu'\u00e0 d'autres soci\u00e9t\u00e9s, d'analyser et de suivre l'utilisation, de d\u00e9terminer la popularit\u00e9 de certains contenus et de diffuser des publicit\u00e9s qui peuvent \u00eatre plus cibl\u00e9es en fonction de vos int\u00e9r\u00eats. Veuillez noter que la pr\u00e9sente politique de confidentialit\u00e9 ne couvre que la collecte d'information par <strong>Plados S.P.A.<\/strong>  et ne couvre pas la collecte d'information par des annonceurs tiers ou des fournisseurs d'analyses.<\/p>\n\n\n\n<h2 class=\"wp-block-heading\">Modifications de la politique de confidentialit\u00e9<\/h2>\n\n\n\n<p>Bien que la plupart des changements soient susceptibles d'\u00eatre mineurs, <strong>Plados S.P.A.<\/strong>  peut modifier sa politique de confidentialit\u00e9 de temps \u00e0 autre. <strong>Plados S.P.A.<\/strong>  encourage les visiteurs \u00e0 consulter fr\u00e9quemment cette page pour conna\u00eetre les modifications apport\u00e9es \u00e0 sa politique de confidentialit\u00e9. Si nous apportons des modifications, nous vous en informerons en r\u00e9visant le journal des modifications ci-dessous et, dans certains cas, nous pourrons fournir une notification suppl\u00e9mentaire (comme l'ajout d'une d\u00e9claration sur notre page d'accueil ou l'envoi d'une notification par courrier \u00e9lectronique). Votre utilisation ult\u00e9rieure du site Web apr\u00e8s une modification de notre politique de confidentialit\u00e9 sera soumise \u00e0 la politique mise \u00e0 jour. C'est \u00e7a ! Merci de votre lecture.<\/p>","protected":false},"excerpt":{"rendered":"<p>Your privacy is critically important to us. At Plados S.P.A. , we have a few fundamental principles: We are thoughtful about the personal information we ask you to provide and the personal information that we collect about you through the operation of our services. We store personal information for only as long as we have [&hellip;]<\/p>\n","protected":false},"author":58,"featured_media":0,"parent":0,"menu_order":0,"comment_status":"closed","ping_status":"closed","template":"","meta":{"_acf_changed":false,"_seopress_robots_primary_cat":"","_seopress_titles_title":"","_seopress_titles_desc":"","_seopress_robots_index":"","_uag_custom_page_level_css":"","iawp_total_views":177,"uix_meta_title":"","uix_meta_description":"","uix_canonical_url":"","footnotes":""},"class_list":["post-2923","page","type-page","status-publish","hentry"],"acf":[],"uagb_featured_image_src":{"full":false,"thumbnail":false,"medium":false,"medium_large":false,"large":false,"1536x1536":false,"2048x2048":false,"trp-custom-language-flag":false,"woocommerce_thumbnail":false,"woocommerce_single":false,"woocommerce_gallery_thumbnail":false,"variation_swatches_image_size":false,"variation_swatches_tooltip_size":false},"uagb_author_info":{"display_name":"Assistenza Plados Telma","author_link":"https:\/\/www.pladostelma.com\/fr\/author\/assistenza\/"},"uagb_comment_info":0,"uagb_excerpt":"Your privacy is critically important to us. At Plados S.P.A. , we have a few fundamental principles: We are thoughtful about the personal information we ask you to provide and the personal information that we collect about you through the operation of our services. We store personal information for only as long as we have\u2026","_links":{"self":[{"href":"https:\/\/www.pladostelma.com\/fr\/wp-json\/wp\/v2\/pages\/2923","targetHints":{"allow":["GET"]}}],"collection":[{"href":"https:\/\/www.pladostelma.com\/fr\/wp-json\/wp\/v2\/pages"}],"about":[{"href":"https:\/\/www.pladostelma.com\/fr\/wp-json\/wp\/v2\/types\/page"}],"author":[{"embeddable":true,"href":"https:\/\/www.pladostelma.com\/fr\/wp-json\/wp\/v2\/users\/58"}],"replies":[{"embeddable":true,"href":"https:\/\/www.pladostelma.com\/fr\/wp-json\/wp\/v2\/comments?post=2923"}],"version-history":[{"count":0,"href":"https:\/\/www.pladostelma.com\/fr\/wp-json\/wp\/v2\/pages\/2923\/revisions"}],"wp:attachment":[{"href":"https:\/\/www.pladostelma.com\/fr\/wp-json\/wp\/v2\/media?parent=2923"}],"curies":[{"name":"wp","href":"https:\/\/api.w.org\/{rel}","templated":true}]}}