{"id":247072,"date":"2024-09-20T11:36:09","date_gmt":"2024-09-20T09:36:09","guid":{"rendered":"https:\/\/www.pladostelma.com\/?page_id=247072"},"modified":"2024-09-20T11:36:11","modified_gmt":"2024-09-20T09:36:11","slug":"garanzia","status":"publish","type":"page","link":"https:\/\/www.pladostelma.com\/fr\/garanzia\/","title":{"rendered":"Garantie conventionnelle"},"content":{"rendered":"\n<p>Gentile Cliente, grazie per aver scelto un lavello PladosTelma. Attraverso la registrazione, sar\u00e0 attivata una estensione di garanzia di 10 anni contro rotture da shock termico e difetti di fabbricazione.<\/p>\n\n\n\n<p>Per i prodotti Nanostone, questa garanzia \u00e8 estesa a 20 anni.<\/p>\n\n\n\n<h2 class=\"wp-block-heading\">Registra il tuo prodotto<\/h2>\n\n\n<div class='fluentform ff-default fluentform_wrapper_7  ff_guten_block ff_guten_block-7 ffs_default_wrap'><form data-form_id=\"7\" id=\"fluentform_7\" class=\"frm-fluent-form fluent_form_7 ff-el-form-top ff_form_instance_7_1 ff-form-loading ffs_default\" data-form_instance=\"ff_form_instance_7_1\" method=\"POST\" ><fieldset  style=\"border: none!important;margin: 0!important;padding: 0!important;background-color: transparent!important;box-shadow: none!important;outline: none!important; min-inline-size: 100%;\">\n                    <legend class=\"ff_screen_reader_title\" style=\"display: block; margin: 0!important;padding: 0!important;height: 0!important;text-indent: -999999px;width: 0!important;overflow:hidden;\">Garanzia<\/legend>        <div\n                style=\"display: none!important; position: absolute!important; transform: translateX(1000%)!important;\"\n                class=\"ff-el-group ff-hpsf-container\"\n        >\n            <div class=\"ff-el-input--label asterisk-right\">\n                <label for=\"ff_7_item_sf\" aria-label=\"Subscribe\">\n                    Subscribe                <\/label>\n            <\/div>\n            <div class=\"ff-el-input--content\">\n                <input type=\"text\"\n                       name=\"item_7__fluent_sf\"\n                       class=\"ff-el-form-control\"\n                       id=\"ff_7_item_sf\"\n                \/>\n            <\/div>\n        <\/div>\n        <input type='hidden' name='__fluent_form_embded_post_id' value='247072' \/><input type=\"hidden\" id=\"_fluentform_7_fluentformnonce\" name=\"_fluentform_7_fluentformnonce\" value=\"3d391e183d\" \/><input type=\"hidden\" name=\"_wp_http_referer\" value=\"\/fr\/wp-json\/wp\/v2\/pages\/247072\" \/><div class=\"ff-el-group ff-el-section-break  ff_left\" data-name=\"section_break-7_1\" ><h3 class='ff-el-section-title'>Presentazione<\/h3><div class='ff-section_break_desk'><\/div><hr \/><\/div><div data-type=\"name-element\" data-name=\"names\" class=\" ff-field_container ff-name-field-wrapper\" ><div class='ff-t-container'><div class='ff-t-cell '><div class='ff-el-group'><div class=\"ff-el-input--label ff-el-is-required asterisk-right\"><label for='ff_7_names_first_name_' id='label_ff_7_names_first_name_' >Nome<\/label><\/div><div class='ff-el-input--content'><input type=\"text\" name=\"names[first_name]\" id=\"ff_7_names_first_name_\" class=\"ff-el-form-control\" placeholder=\"Nome\" tabindex=\"1\" aria-invalid=\"false\" aria-required=true><\/div><\/div><\/div><div class='ff-t-cell '><div class='ff-el-group'><div class=\"ff-el-input--label ff-el-is-required asterisk-right\"><label for='ff_7_names_last_name_' id='label_ff_7_names_last_name_' >Cognome<\/label><\/div><div class='ff-el-input--content'><input type=\"text\" name=\"names[last_name]\" id=\"ff_7_names_last_name_\" class=\"ff-el-form-control\" placeholder=\"Cognome\" tabindex=\"2\" aria-invalid=\"false\" aria-required=true><\/div><\/div><\/div><\/div><\/div><div data-name=\"ff_cn_id_1\"  class='ff-t-container ff-column-container ff_columns_total_2 '><div class='ff-t-cell ff-t-column-1' style='flex-basis: 50%;'><div class='ff-el-group'><div class=\"ff-el-input--label ff-el-is-required asterisk-right\"><label for='ff_7_email' id='label_ff_7_email' aria-label=\"Email\">Email<\/label><\/div><div class='ff-el-input--content'><input type=\"email\" name=\"email\" id=\"ff_7_email\" class=\"ff-el-form-control\" placeholder=\"Indirizzo Email\" data-name=\"email\" tabindex=\"3\"  aria-invalid=\"false\" aria-required=true><\/div><\/div><\/div><div class='ff-t-cell ff-t-column-2' style='flex-basis: 50%;'><div class='ff-el-group'><div class=\"ff-el-input--label ff-el-is-required asterisk-right\"><label for='ff_7_phone' id='label_ff_7_phone' aria-label=\"Numero di Telefono\">Numero di Telefono<\/label><\/div><div class='ff-el-input--content'><input name=\"phone\" class=\"ff-el-form-control ff-el-phone\" type=\"tel\" placeholder=\"Numero di Telefono\" data-name=\"phone\" id=\"ff_7_phone\" tabindex=\"4\" inputmode=\"tel\"  aria-invalid='false' aria-required=true><\/div><\/div><\/div><\/div><div class=\"ff-el-group ff-el-section-break  ff_left\" data-name=\"section_break-7_2\" ><h3 class='ff-el-section-title'>Informazioni di Acquisto<\/h3><div class='ff-section_break_desk'><\/div><hr \/><\/div><div data-name=\"ff_cn_id_2\"  class='ff-t-container ff-column-container ff_columns_total_2 '><div class='ff-t-cell ff-t-column-1' style='flex-basis: 50%;'><div class='ff-el-group'><div class=\"ff-el-input--label asterisk-right\"><label for='ff_7_dropdown' id='label_ff_7_dropdown' aria-label=\"Tipo di Documento\">Tipo di Documento<\/label><\/div><div class='ff-el-input--content'><select name=\"dropdown\" id=\"ff_7_dropdown\" class=\"ff-el-form-control\" data-name=\"dropdown\" data-calc_value=\"0\" tabindex=\"5\"  aria-invalid=\"false\" aria-required=\"false\" aria-labelledby=\"label_ff_7_dropdown\"><option value=\"\">Tipo di Documento<\/option><option value=\"Ricevuta\"  >Ricevuta<\/option><option value=\"Fattura\"  >Fattura<\/option><\/select><\/div><\/div><\/div><div class='ff-t-cell ff-t-column-2' style='flex-basis: 50%;'><div class='ff-el-group'><div class=\"ff-el-input--label ff-el-is-required asterisk-right\"><label for='ff_7_datetime' id='label_ff_7_datetime' aria-label=\"Data di Acquisto\">Data di Acquisto<\/label><\/div><div class='ff-el-input--content'><input  aria-label='Data di Acquisto Use arrow keys to navigate dates. Press enter to select a date.'  aria-haspopup='dialog' data-type-datepicker data-format='Y-m-d' type=\"text\" name=\"datetime\" id=\"ff_7_datetime\" class=\"ff-el-form-control ff-el-datepicker\" placeholder=\"Data di Acquisto\" data-name=\"datetime\" tabindex=\"6\"  aria-invalid='false' aria-required=true><\/div><\/div><\/div><\/div><div class='ff-el-group  ff-dropzone'><div class=\"ff-el-input--label ff-el-is-required asterisk-right\"><label for='ff_7_file-upload_1' id='label_ff_7_file-upload_1' aria-label=\"Documento di Acquisto\">Documento di Acquisto<\/label><\/div><div class='ff-el-input--content'><label for='ff_7_file-upload_1' class='ff_file_upload_holder'><span class='ff_upload_btn ff-btn' tabindex='0'>Scegli il file<\/span> <input type=\"file\" name=\"file-upload\" id=\"ff_7_file-upload_1\" class=\"ff-el-form-control  ff-screen-reader-element\" data-name=\"file-upload\" multiple=\"1\" tabindex=\"7\"  aria-invalid='false' aria-required=true><\/label><\/div><\/div><div class=\"ff-el-group ff-el-section-break  ff_left\" data-name=\"section_break-7_3\" ><h3 class='ff-el-section-title'>Informazioni del Prodotto<\/h3><div class='ff-section_break_desk'><\/div><hr \/><\/div><div data-name=\"ff_cn_id_3\"  class='ff-t-container ff-column-container ff_columns_total_2 '><div class='ff-t-cell ff-t-column-1' style='flex-basis: 50%;'><div class='ff-el-group'><div class=\"ff-el-input--label ff-el-is-required asterisk-right\"><label for='ff_7_input_text' id='label_ff_7_input_text' aria-label=\"Codice Etichetta\">Codice Etichetta<\/label><\/div><div class='ff-el-input--content'><input type=\"text\" name=\"input_text\" class=\"ff-el-form-control\" placeholder=\"Codice Etichetta\" data-name=\"input_text\" tabindex=\"8\" id=\"ff_7_input_text\"  aria-invalid=\"false\" aria-required=true><\/div><\/div><\/div><div class='ff-t-cell ff-t-column-2' style='flex-basis: 50%;'><div class='ff-el-group'><div class=\"ff-el-input--label ff-el-is-required asterisk-right\"><label for='ff_7_input_text_1' id='label_ff_7_input_text_1' aria-label=\"Codice Seriale\">Codice Seriale<\/label><\/div><div class='ff-el-input--content'><input type=\"text\" name=\"input_text_1\" class=\"ff-el-form-control\" data-name=\"input_text_1\" tabindex=\"9\" id=\"ff_7_input_text_1\"  aria-invalid=\"false\" aria-required=true><\/div><\/div><\/div><\/div><div class='ff-el-group  ff-custom_html' tabindex='-1' data-name=\"custom_html-7_4\" ><p><img decoding=\"async\" class=\"alignnone size-medium wp-image-247070 aligncenter\" src=\"https:\/\/www.pladostelma.com\/wp-content\/uploads\/etichettalavello2-300x203.png\" alt=\"Etichetta con codici a barre e CE.\" width=\"300\" height=\"203\" srcset=\"https:\/\/www.pladostelma.com\/wp-content\/uploads\/etichettalavello2-300x203.png 300w, https:\/\/www.pladostelma.com\/wp-content\/uploads\/etichettalavello2-18x12.png 18w, https:\/\/www.pladostelma.com\/wp-content\/uploads\/etichettalavello2-600x406.png 600w, https:\/\/www.pladostelma.com\/wp-content\/uploads\/etichettalavello2-100x68.png 100w, https:\/\/www.pladostelma.com\/wp-content\/uploads\/etichettalavello2.png 760w\" sizes=\"(max-width: 300px) 100vw, 300px\" \/><\/p><\/div><div class='ff-el-group    ff-el-input--content'><div class='ff-el-form-check ff-el-tc'><label aria-label='Acconsento al trattamento dei miei dati personali secondo la Privacy Policy' class='ff-el-form-check-label ff_tc_label' for=gdpr-agreement_71b3d3abd06c7aa3bd7e23f9338d5521><span class='ff_tc_checkbox'><input type=\"checkbox\" name=\"gdpr-agreement\" class=\"ff-el-form-check-input ff_gdpr_field\" data-name=\"gdpr-agreement\" id=\"gdpr-agreement_71b3d3abd06c7aa3bd7e23f9338d5521\" tabindex=\"10\"  value='on' aria-invalid='false' aria-required=true><\/span> <div class='ff_t_c'>Acconsento al trattamento dei miei dati personali secondo la Privacy Policy<\/div><\/label><\/div><\/div><div class='ff-el-group ff-text-left ff_submit_btn_wrapper'><button type=\"submit\" class=\"ff-btn ff-btn-submit ff-btn-md ff_btn_style\" tabindex=\"11\"  aria-label=\"Invia\">Invia<\/button><\/div><\/fieldset><\/form><div id='fluentform_7_errors' class='ff-errors-in-stack ff_form_instance_7_1 ff-form-loading_errors ff_form_instance_7_1_errors'><\/div><\/div>            <script type=\"text\/javascript\">\n                window.fluent_form_ff_form_instance_7_1 = {\"id\":\"7\",\"settings\":{\"layout\":{\"labelPlacement\":\"top\",\"helpMessagePlacement\":\"with_label\",\"errorMessagePlacement\":\"inline\",\"cssClassName\":\"\",\"asteriskPlacement\":\"asterisk-right\"},\"restrictions\":{\"denyEmptySubmission\":{\"enabled\":false}}},\"form_instance\":\"ff_form_instance_7_1\",\"form_id_selector\":\"fluentform_7\",\"rules\":{\"names[first_name]\":{\"required\":{\"value\":true,\"message\":\"Questo campo \\u00e8 richiesto.\",\"global_message\":\"Questo campo \\u00e8 richiesto.\",\"global\":true}},\"names[middle_name]\":{\"required\":{\"value\":false,\"message\":\"Questo campo \\u00e8 richiesto.\",\"global_message\":\"Questo campo \\u00e8 richiesto.\",\"global\":true}},\"names[last_name]\":{\"required\":{\"value\":true,\"message\":\"Questo campo \\u00e8 richiesto.\",\"global_message\":\"Questo campo \\u00e8 richiesto.\",\"global\":true}},\"email\":{\"required\":{\"value\":true,\"message\":\"Questo campo \\u00e8 richiesto.\",\"global_message\":\"Questo campo \\u00e8 richiesto.\",\"global\":true},\"email\":{\"value\":true,\"message\":\"Questo campo richiede una email valida.\",\"global_message\":\"Questo campo richiede una email valida.\",\"global\":true}},\"phone\":{\"required\":{\"value\":true,\"global\":true,\"message\":\"Questo campo \\u00e8 richiesto.\",\"global_message\":\"Questo campo \\u00e8 richiesto.\"},\"valid_phone_number\":{\"value\":false,\"global\":true,\"message\":\"Phone number is not valid\",\"global_message\":\"Phone number is not valid\"}},\"dropdown\":{\"required\":{\"value\":false,\"message\":\"Questo campo \\u00e8 richiesto.\",\"global_message\":\"Questo campo \\u00e8 richiesto.\",\"global\":true}},\"datetime\":{\"required\":{\"value\":true,\"message\":\"Questo campo \\u00e8 richiesto.\",\"global_message\":\"Questo campo \\u00e8 richiesto.\",\"global\":true}},\"file-upload\":{\"required\":{\"value\":true,\"message\":\"Questo campo \\u00e8 richiesto.\",\"global_message\":\"Questo campo \\u00e8 richiesto.\",\"global\":true},\"max_file_size\":{\"value\":4194304,\"_valueFrom\":\"MB\",\"message\":\"Validation fails for maximum file size\",\"global_message\":\"Validation fails for maximum file size\",\"global\":true},\"max_file_count\":{\"value\":1,\"message\":\"Validation fails for maximum file count\",\"global_message\":\"Validation fails for maximum file count\",\"global\":true},\"allowed_file_types\":{\"value\":[\"jpg|jpeg|gif|png|bmp\",\"pdf\",\"doc|ppt|pps|xls|mdb|docx|xlsx|pptx|odt|odp|ods|odg|odc|odb|odf|rtf|txt\"],\"message\":\"Invalid file type\",\"global_message\":\"Invalid file type\",\"global\":true}},\"input_text\":{\"required\":{\"value\":true,\"message\":\"Questo campo \\u00e8 richiesto.\",\"global_message\":\"Questo campo \\u00e8 richiesto.\",\"global\":true}},\"input_text_1\":{\"required\":{\"value\":true,\"message\":\"Questo campo \\u00e8 richiesto.\",\"global_message\":\"Questo campo \\u00e8 richiesto.\",\"global\":true}},\"gdpr-agreement\":{\"required\":{\"value\":true,\"message\":\"Questo campo \\u00e8 richiesto.\",\"global_message\":\"Questo campo \\u00e8 richiesto.\",\"global\":true}}},\"debounce_time\":300};\n                            <\/script>\n            ","protected":false},"excerpt":{"rendered":"<p>Cher client, nous vous remercions d'avoir choisi un \u00e9vier PladosTelma. En vous enregistrantone, vous activez une extension de garantie de 10 ansone contre les ruptures dues aux chocs thermiques et aux d\u00e9fauts d'usineone. Pour les produits Nanostone, cette garantie est \u00e9tendue \u00e0 20 ans. Enregistrez votre produit<\/p>","protected":false},"author":1,"featured_media":0,"parent":0,"menu_order":0,"comment_status":"closed","ping_status":"closed","template":"","meta":{"_acf_changed":false,"_seopress_robots_primary_cat":"","_seopress_titles_title":"","_seopress_titles_desc":"","_seopress_robots_index":"","_uag_custom_page_level_css":"","iawp_total_views":860,"uix_meta_title":"","uix_meta_description":"","uix_canonical_url":"","footnotes":""},"class_list":["post-247072","page","type-page","status-publish","hentry"],"acf":[],"uagb_featured_image_src":{"full":false,"thumbnail":false,"medium":false,"medium_large":false,"large":false,"1536x1536":false,"2048x2048":false,"trp-custom-language-flag":false,"woocommerce_thumbnail":false,"woocommerce_single":false,"woocommerce_gallery_thumbnail":false,"variation_swatches_image_size":false,"variation_swatches_tooltip_size":false},"uagb_author_info":{"display_name":"admino","author_link":"https:\/\/www.pladostelma.com\/fr\/author\/admino\/"},"uagb_comment_info":0,"uagb_excerpt":"Gentile Cliente, grazie per aver scelto un lavello PladosTelma. Attraverso la registrazione, sar\u00e0 attivata una estensione di garanzia di 10 anni contro rotture da shock termico e difetti di fabbricazione. Per i prodotti Nanostone, questa garanzia \u00e8 estesa a 20 anni. Registra il tuo prodotto","_links":{"self":[{"href":"https:\/\/www.pladostelma.com\/fr\/wp-json\/wp\/v2\/pages\/247072","targetHints":{"allow":["GET"]}}],"collection":[{"href":"https:\/\/www.pladostelma.com\/fr\/wp-json\/wp\/v2\/pages"}],"about":[{"href":"https:\/\/www.pladostelma.com\/fr\/wp-json\/wp\/v2\/types\/page"}],"author":[{"embeddable":true,"href":"https:\/\/www.pladostelma.com\/fr\/wp-json\/wp\/v2\/users\/1"}],"replies":[{"embeddable":true,"href":"https:\/\/www.pladostelma.com\/fr\/wp-json\/wp\/v2\/comments?post=247072"}],"version-history":[{"count":0,"href":"https:\/\/www.pladostelma.com\/fr\/wp-json\/wp\/v2\/pages\/247072\/revisions"}],"wp:attachment":[{"href":"https:\/\/www.pladostelma.com\/fr\/wp-json\/wp\/v2\/media?parent=247072"}],"curies":[{"name":"wp","href":"https:\/\/api.w.org\/{rel}","templated":true}]}}