{"id":2223,"date":"2018-10-25T17:21:17","date_gmt":"2018-10-25T15:21:17","guid":{"rendered":"https:\/\/www.pladostelma.com\/ariapura\/"},"modified":"2023-04-21T09:48:00","modified_gmt":"2023-04-21T07:48:00","slug":"ariapura","status":"publish","type":"page","link":"https:\/\/www.pladostelma.com\/fr\/ariapura\/","title":{"rendered":"ARIAPURA"},"content":{"rendered":"<section class=\"wp-block-uagb-columns uagb-columns__wrap uagb-columns__background-none uagb-columns__stack-mobile uagb-columns__valign-center uagb-columns__gap-10 alignwide uagb-block-f45e4761 uagb-columns__columns-1 uagb-columns__max_width-custom\"><div class=\"uagb-columns__overlay\"><\/div><div class=\"uagb-columns__inner-wrap uagb-columns__columns-1\">\n<div class=\"wp-block-uagb-column uagb-column__wrap uagb-column__background-undefined uagb-block-291be9ee\"><div class=\"uagb-column__overlay\"><\/div><div class=\"wp-block-image\">\n<figure class=\"aligncenter size-large is-resized\"><img decoding=\"async\" src=\"https:\/\/www.pladostelma.com\/wp-content\/uploads\/ariapura_23-1024x682.jpg\" alt=\"\" class=\"wp-image-245090\" width=\"1280\" srcset=\"https:\/\/www.pladostelma.com\/wp-content\/uploads\/ariapura_23-1024x682.jpg 1024w, https:\/\/www.pladostelma.com\/wp-content\/uploads\/ariapura_23-300x200.jpg 300w, https:\/\/www.pladostelma.com\/wp-content\/uploads\/ariapura_23-768x512.jpg 768w, https:\/\/www.pladostelma.com\/wp-content\/uploads\/ariapura_23-18x12.jpg 18w, https:\/\/www.pladostelma.com\/wp-content\/uploads\/ariapura_23-600x400.jpg 600w, https:\/\/www.pladostelma.com\/wp-content\/uploads\/ariapura_23-100x67.jpg 100w, https:\/\/www.pladostelma.com\/wp-content\/uploads\/ariapura_23.jpg 1280w\" sizes=\"(max-width: 1024px) 100vw, 1024px\" \/><\/figure><\/div>\n\n\n<h4 class=\"alignwide has-text-align-center wp-block-heading\">LA TECHNOLOGIE QUI AM\u00c8NE LE CIEL DANS LA CUISINE<\/h4>\n<\/div>\n<\/div><\/section>\n\n\n\n<section class=\"wp-block-uagb-columns uagb-columns__wrap uagb-columns__background-none uagb-columns__stack-mobile uagb-columns__valign-center uagb-columns__gap-10 alignwide uagb-block-fb385914 uagb-columns__columns-2 uagb-columns__max_width-theme\"><div class=\"uagb-columns__overlay\"><\/div><div class=\"uagb-columns__inner-wrap uagb-columns__columns-2\">\n<div class=\"wp-block-uagb-column uagb-column__wrap uagb-column__background-undefined uagb-block-15901290\"><div class=\"uagb-column__overlay\"><\/div><div class=\"wp-block-image\">\n<figure class=\"aligncenter size-full is-resized\"><img decoding=\"async\" src=\"https:\/\/www.pladostelma.com\/wp-content\/uploads\/ARIAPURA_LOGO.jpg\" alt=\"\" class=\"wp-image-236061\" width=\"250\" height=\"250\" srcset=\"https:\/\/www.pladostelma.com\/wp-content\/uploads\/ARIAPURA_LOGO.jpg 600w, https:\/\/www.pladostelma.com\/wp-content\/uploads\/ARIAPURA_LOGO-300x300.jpg 300w, https:\/\/www.pladostelma.com\/wp-content\/uploads\/ARIAPURA_LOGO-150x150.jpg 150w, https:\/\/www.pladostelma.com\/wp-content\/uploads\/ARIAPURA_LOGO-12x12.jpg 12w, https:\/\/www.pladostelma.com\/wp-content\/uploads\/ARIAPURA_LOGO-100x100.jpg 100w\" sizes=\"(max-width: 250px) 100vw, 250px\" \/><\/figure><\/div><\/div>\n\n\n\n<div class=\"wp-block-uagb-column uagb-column__wrap uagb-column__background-undefined uagb-block-e481ad50\"><div class=\"uagb-column__overlay\"><\/div>\n<p>Technologie <strong>ARIAPURA<\/strong> r\u00e9alise un azione antibact\u00e9rien efficace, rend l'\u00e9vier plus frais et plus hygi\u00e9nique, et contribue \u00e0 un air plus sain et plus propre dans l'environnement de la cuisine.<br><br><strong>BREVET INTERNATIONAL<\/strong> <strong>PCT\/EP2012 \/065120<\/strong><\/p>\n\n\n\n<p>Le mat\u00e9riau des \u00e9viers plados est enrichi de nanoparticules de dioxyde de titane (Tio2), qui contribuent non seulement \u00e0 purifier l'air dans la cuisine, mais ont \u00e9galement un effet antibact\u00e9rien, rendant l'\u00e9vier plus frais et plus propre. ARIAPURA est pr\u00e9sent dans tout l'\u00e9vier, a une dur\u00e9e de vie illimit\u00e9e, reste actif et conserve toute son efficacit\u00e9 dans le temps, m\u00eame lorsque les surfaces sont us\u00e9es et ray\u00e9es. Tous les \u00e9viers Plados Telma sont \u00e9quip\u00e9s de la technologie brevet\u00e9e ARIAPURA qui remplit une triple fonction :<br><br>- ANTI-POLLUANT<br>- BACTERICIDES<br>- AUTO-NETTOYAGE<\/p>\n<\/div>\n<\/div><\/section>\n\n\n\n<section class=\"wp-block-uagb-columns uagb-columns__wrap uagb-columns__background-none uagb-columns__stack-mobile uagb-columns__valign-center uagb-columns__gap-10 alignwide uagb-block-36be77a8 uagb-columns__columns-2 uagb-columns__max_width-custom\"><div class=\"uagb-columns__overlay\"><\/div><div class=\"uagb-columns__inner-wrap uagb-columns__columns-2\">\n<div class=\"wp-block-uagb-column uagb-column__wrap uagb-column__background-undefined uagb-block-bb967535\"><div class=\"uagb-column__overlay\"><\/div>\n<figure class=\"wp-block-image size-full\"><img decoding=\"async\" width=\"1024\" height=\"683\" src=\"https:\/\/www.pladostelma.com\/wp-content\/uploads\/2020\/07\/meditation_2020-1.jpg\" alt=\"\" class=\"wp-image-200049\" srcset=\"https:\/\/www.pladostelma.com\/wp-content\/uploads\/2020\/07\/meditation_2020-1.jpg 1024w, https:\/\/www.pladostelma.com\/wp-content\/uploads\/2020\/07\/meditation_2020-1-300x200.jpg 300w, https:\/\/www.pladostelma.com\/wp-content\/uploads\/2020\/07\/meditation_2020-1-600x400.jpg 600w, https:\/\/www.pladostelma.com\/wp-content\/uploads\/2020\/07\/meditation_2020-1-768x512.jpg 768w\" sizes=\"(max-width: 1024px) 100vw, 1024px\" \/><\/figure>\n<\/div>\n\n\n\n<div class=\"wp-block-uagb-column uagb-column__wrap uagb-column__background-undefined uagb-block-594873ad\"><div class=\"uagb-column__overlay\"><\/div>\n<h4 class=\"wp-block-heading\">POURQUOI L'AZIONE ANTIBACT\u00c9RIEN EST IMPORTANT<\/h4>\n\n\n\n<p>L\u2019\u00e9vier est souvent utilis\u00e9 comme zone de pr\u00e9paration des aliments. \u00c9tant en contact avec les aliments qui finissent sur la table, l\u2019\u00e9vier peut transmettre des bact\u00e9ries. ARIAPURA contribue \u00e0 r\u00e9duire ce risque, pour offrir \u00e0 la famille plus de tranquillit\u00e9 et de s\u00e9curit\u00e9. L\u2019action antibact\u00e9rienne exerc\u00e9e par ARIAPURA permet une r\u00e9duction significative des odeurs dans l\u2019\u00e9vier m\u00eame, sous l\u2019\u00e9vier o\u00f9 se trouve souvent la poubelle et dans l\u2019air environnant, contribuant \u00e0 rendre l\u2019espace cuisine plus frais et salubre. Les odeurs d\u00e9sagr\u00e9ables qui se forment parfois dans l\u2019\u00e9vier peuvent \u00eatre caus\u00e9es par des bact\u00e9ries qui prosp\u00e8rent dans des conditions chaudes et humides.<\/p>\n<\/div>\n<\/div><\/section>\n\n\n\n<section class=\"wp-block-uagb-columns uagb-columns__wrap uagb-columns__background-none uagb-columns__stack-mobile uagb-columns__valign-center uagb-columns__gap-10 alignwide uagb-block-2ce147c8 uagb-columns__columns-2 uagb-columns__max_width-custom\"><div class=\"uagb-columns__overlay\"><\/div><div class=\"uagb-columns__inner-wrap uagb-columns__columns-2\">\n<div class=\"wp-block-uagb-column uagb-column__wrap uagb-column__background-undefined uagb-block-7f447bbf\"><div class=\"uagb-column__overlay\"><\/div>\n<h4 class=\"wp-block-heading\">UN \u00c9VIER ANTIBACT\u00c9RIEN 100%<\/h4>\n\n\n\n<p>L\u2019action antibact\u00e9rienne r\u00e9duit le d\u00e9veloppement des bact\u00e9ries, gardant gr\u00e2ce \u00e0 un nettoyage ordinaire l\u2019\u00e9vier plus frais et plus propre d\u2019une utilisation \u00e0 l\u2019autre. L\u2019action antibact\u00e9rienne exerc\u00e9e par ARIAPURA n\u2019est pas un rev\u00eatement superficiel de l\u2019\u00e9vier, mais un effet de l\u2019action des nanoparticules incorpor\u00e9es dans la masse du produit. Ainsi:<br>- Son action ne s\u2019alt\u00e8re pas avec les lavages et dure dans le temps.<br>- Elle reste active m\u00eame en cas d\u2019usure et de rayures des surfaces.<br>- Elle est s\u00fbre, durable et efficace.<\/p>\n<\/div>\n\n\n\n<div class=\"wp-block-uagb-column uagb-column__wrap uagb-column__background-undefined uagb-block-8856401f\"><div class=\"uagb-column__overlay\"><\/div>\n<h4 class=\"wp-block-heading\"><strong>AZIONE AUTONETTOYANT<\/strong><\/h4>\n\n\n\n<p>La technologie ARIAPURA contribue \u00e0 un \u00e9vier plus frais et plus propre. Les gouttes d'eau qui entrent en contact avec l'\u00e9vier ont tendance \u00e0 s'aplatir et \u00e0 glisser plus facilement, entra\u00eenant la salet\u00e9 et les d\u00e9bris pour qu'ils ne se d\u00e9posent pas.<br><br><\/p>\n\n\n\n<p class=\"has-small-font-size\">* La protection antibact\u00e9rienne one ARIAPURA n'est pas pr\u00e9sente dans les robinets, les raccords, les appareils et les hottes aspirantes. La technologie ARIAPURA ne remplace pas les pratiques normales d'hygi\u00e8ne et de nettoyage.<\/p>\n\n\n\n<p><br><\/p>\n<\/div>\n<\/div><\/section>","protected":false},"excerpt":{"rendered":"<p>LA TECNOLOGIA CHE PORTA IL CIELO IN CUCINA La tecnologia ARIAPURA svolge una efficace azione antibatterica, rende il lavello pi\u00f9 fresco e pi\u00f9 igienico e contribuisce a rendere pi\u00f9 sana e pulita l&#8217;aria nell&#8217;ambiente cucina. BREVETTO INTERNAZIONALE PCT\/EP2012 \/065120 Il materiale dei lavelli plados \u00e8 addizionato con nanoparticelle di biossido di titanio (Tio2) che oltre [&hellip;]<\/p>\n","protected":false},"author":2,"featured_media":200026,"parent":0,"menu_order":0,"comment_status":"closed","ping_status":"closed","template":"","meta":{"_acf_changed":false,"_seopress_robots_primary_cat":"","_seopress_titles_title":"","_seopress_titles_desc":"","_seopress_robots_index":"","_uag_custom_page_level_css":"","iawp_total_views":1003,"uix_meta_title":"","uix_meta_description":"","uix_canonical_url":"","footnotes":""},"class_list":["post-2223","page","type-page","status-publish","has-post-thumbnail","hentry"],"acf":[],"uagb_featured_image_src":{"full":["https:\/\/www.pladostelma.com\/wp-content\/uploads\/2020\/07\/ARIAPURA_COVER.jpg",1280,660,false],"thumbnail":["https:\/\/www.pladostelma.com\/wp-content\/uploads\/2020\/07\/ARIAPURA_COVER-150x150.jpg",150,150,true],"medium":["https:\/\/www.pladostelma.com\/wp-content\/uploads\/2020\/07\/ARIAPURA_COVER-300x155.jpg",300,155,true],"medium_large":["https:\/\/www.pladostelma.com\/wp-content\/uploads\/2020\/07\/ARIAPURA_COVER-768x396.jpg",768,396,true],"large":["https:\/\/www.pladostelma.com\/wp-content\/uploads\/2020\/07\/ARIAPURA_COVER-1024x528.jpg",1024,528,true],"1536x1536":["https:\/\/www.pladostelma.com\/wp-content\/uploads\/2020\/07\/ARIAPURA_COVER.jpg",1280,660,false],"2048x2048":["https:\/\/www.pladostelma.com\/wp-content\/uploads\/2020\/07\/ARIAPURA_COVER.jpg",1280,660,false],"trp-custom-language-flag":["https:\/\/www.pladostelma.com\/wp-content\/uploads\/2020\/07\/ARIAPURA_COVER.jpg",18,9,false],"woocommerce_thumbnail":["https:\/\/www.pladostelma.com\/wp-content\/uploads\/2020\/07\/ARIAPURA_COVER-300x155.jpg",300,155,true],"woocommerce_single":["https:\/\/www.pladostelma.com\/wp-content\/uploads\/2020\/07\/ARIAPURA_COVER-600x309.jpg",600,309,true],"woocommerce_gallery_thumbnail":["https:\/\/www.pladostelma.com\/wp-content\/uploads\/2020\/07\/ARIAPURA_COVER-100x100.jpg",100,100,true],"variation_swatches_image_size":["https:\/\/www.pladostelma.com\/wp-content\/uploads\/2020\/07\/ARIAPURA_COVER.jpg",50,26,false],"variation_swatches_tooltip_size":["https:\/\/www.pladostelma.com\/wp-content\/uploads\/2020\/07\/ARIAPURA_COVER.jpg",100,52,false]},"uagb_author_info":{"display_name":"Luca Cavaleri","author_link":"https:\/\/www.pladostelma.com\/fr\/author\/luca\/"},"uagb_comment_info":0,"uagb_excerpt":"LA TECNOLOGIA CHE PORTA IL CIELO IN CUCINA La tecnologia ARIAPURA svolge una efficace azione antibatterica, rende il lavello pi\u00f9 fresco e pi\u00f9 igienico e contribuisce a rendere pi\u00f9 sana e pulita l&#8217;aria nell&#8217;ambiente cucina. BREVETTO INTERNAZIONALE PCT\/EP2012 \/065120 Il materiale dei lavelli plados \u00e8 addizionato con nanoparticelle di biossido di titanio (Tio2) che oltre\u2026","_links":{"self":[{"href":"https:\/\/www.pladostelma.com\/fr\/wp-json\/wp\/v2\/pages\/2223","targetHints":{"allow":["GET"]}}],"collection":[{"href":"https:\/\/www.pladostelma.com\/fr\/wp-json\/wp\/v2\/pages"}],"about":[{"href":"https:\/\/www.pladostelma.com\/fr\/wp-json\/wp\/v2\/types\/page"}],"author":[{"embeddable":true,"href":"https:\/\/www.pladostelma.com\/fr\/wp-json\/wp\/v2\/users\/2"}],"replies":[{"embeddable":true,"href":"https:\/\/www.pladostelma.com\/fr\/wp-json\/wp\/v2\/comments?post=2223"}],"version-history":[{"count":0,"href":"https:\/\/www.pladostelma.com\/fr\/wp-json\/wp\/v2\/pages\/2223\/revisions"}],"wp:featuredmedia":[{"embeddable":true,"href":"https:\/\/www.pladostelma.com\/fr\/wp-json\/wp\/v2\/media\/200026"}],"wp:attachment":[{"href":"https:\/\/www.pladostelma.com\/fr\/wp-json\/wp\/v2\/media?parent=2223"}],"curies":[{"name":"wp","href":"https:\/\/api.w.org\/{rel}","templated":true}]}}