{"id":19087,"date":"2019-06-27T15:58:04","date_gmt":"2019-06-27T13:58:04","guid":{"rendered":"https:\/\/www.pladostelma.com\/materiali-e-colori\/"},"modified":"2025-03-27T09:35:47","modified_gmt":"2025-03-27T08:35:47","slug":"materiali-e-colori","status":"publish","type":"page","link":"https:\/\/www.pladostelma.com\/fr\/materiali-e-colori\/","title":{"rendered":"MAT\u00c9RIAUX ET COULEURS"},"content":{"rendered":"<div style=\"height:100px\" aria-hidden=\"true\" class=\"wp-block-spacer\"><\/div>\n\n\n\n<h2 class=\"wp-block-heading\">microULTRAGRANITE<\/h2>\n\n\n\n<section class=\"wp-block-uagb-columns uagb-columns__wrap uagb-columns__background-none uagb-columns__stack-mobile uagb-columns__valign-center uagb-columns__gap-15 alignwide uagb-block-c0f793c7 uagb-columns__columns-2 uagb-columns__max_width-custom\"><div class=\"uagb-columns__overlay\"><\/div><div class=\"uagb-columns__inner-wrap uagb-columns__columns-2\">\n<div class=\"wp-block-uagb-column uagb-column__wrap uagb-column__background-undefined uagb-block-c4e5d8ba\"><div class=\"uagb-column__overlay\"><\/div>\n<figure class=\"wp-block-image size-large\"><img decoding=\"async\" width=\"1024\" height=\"874\" src=\"https:\/\/www.pladostelma.com\/wp-content\/uploads\/2019\/06\/IMG_1344-1024x874.jpg\" alt=\"\" class=\"wp-image-19061\" srcset=\"https:\/\/www.pladostelma.com\/wp-content\/uploads\/2019\/06\/IMG_1344-1024x874.jpg 1024w, https:\/\/www.pladostelma.com\/wp-content\/uploads\/2019\/06\/IMG_1344-300x256.jpg 300w, https:\/\/www.pladostelma.com\/wp-content\/uploads\/2019\/06\/IMG_1344-600x512.jpg 600w, https:\/\/www.pladostelma.com\/wp-content\/uploads\/2019\/06\/IMG_1344-768x655.jpg 768w, https:\/\/www.pladostelma.com\/wp-content\/uploads\/2019\/06\/IMG_1344-20x17.jpg 20w, https:\/\/www.pladostelma.com\/wp-content\/uploads\/2019\/06\/IMG_1344.jpg 1500w\" sizes=\"(max-width: 1024px) 100vw, 1024px\" \/><\/figure>\n<\/div>\n\n\n\n<div class=\"wp-block-uagb-column uagb-column__wrap uagb-column__background-undefined uagb-block-b91fe1a0\"><div class=\"uagb-column__overlay\"><\/div>\n<p>Le microULTRAGRANIT, gr\u00e2ce \u00e0 un syst\u00e8me sophistiqu\u00e9 de moulage par s\u00e9dimentation diff\u00e9renci\u00e9e, pr\u00e9sente une concentration superficielle tr\u00e8s \u00e9lev\u00e9e (plus de 80%) de microparticules de quartz et de granit, qui conf\u00e8rent \u00e0 l'\u00e9vier des caract\u00e9ristiques esth\u00e9tiques extraordinaires et un toucher agr\u00e9able, associ\u00e9s \u00e0 une duret\u00e9 superficielle tr\u00e8s \u00e9lev\u00e9e, une r\u00e9sistance aux produits chimiques, \u00e0 la chaleur et aux rayures. Un \u00e9vier microULTRAGRANIT est beau, hygi\u00e9nique et facile \u00e0 nettoyer, et avec sa nouvelle finition satin\u00e9e, il convient parfaitement non seulement aux cuisines classiques mais aussi aux cuisines modernes et branch\u00e9es. La collection microULTRAGRANIT comprend 8 couleurs standard disponibles pour une livraison imm\u00e9diate et de nombreuses autres couleurs sp\u00e9ciales. Les \u00e9viers microULTRAGRANIT b\u00e9n\u00e9ficient d'une garantie de 10 ans.<\/p>\n<\/div>\n<\/div><\/section>\n\n\n\n<div class=\"wp-block-columns is-layout-flex wp-container-core-columns-is-layout-9d6595d7 wp-block-columns-is-layout-flex\">\n<div class=\"wp-block-column is-layout-flow wp-block-column-is-layout-flow\"><div class=\"wp-block-image gallery-item is-style-rounded\">\n<figure class=\"aligncenter is-resized\"><a href=\"https:\/\/www.pladostelma.com\/wp-content\/uploads\/2020\/09\/55.jpg\"><img decoding=\"async\" src=\"https:\/\/www.pladostelma.com\/wp-content\/uploads\/2020\/09\/55-300x300.jpg\" alt=\"\" width=\"150\" height=\"150\"\/><\/a><figcaption>55 - Sahara<\/figcaption><\/figure><\/div><\/div>\n\n\n\n<div class=\"wp-block-column is-layout-flow wp-block-column-is-layout-flow\"><div class=\"wp-block-image gallery-item is-style-rounded\">\n<figure class=\"aligncenter is-resized\"><a href=\"https:\/\/www.pladostelma.com\/wp-content\/uploads\/2020\/09\/56.jpg\"><img decoding=\"async\" src=\"https:\/\/www.pladostelma.com\/wp-content\/uploads\/2020\/09\/56-300x300.jpg\" alt=\"\" width=\"150\" height=\"150\"\/><\/a><figcaption>56 - Jasmin<\/figcaption><\/figure><\/div><\/div>\n\n\n\n<div class=\"wp-block-column is-layout-flow wp-block-column-is-layout-flow\"><div class=\"wp-block-image gallery-item is-style-rounded\">\n<figure class=\"aligncenter is-resized\"><a href=\"https:\/\/www.pladostelma.com\/wp-content\/uploads\/2020\/09\/58.jpg\"><img decoding=\"async\" src=\"https:\/\/www.pladostelma.com\/wp-content\/uploads\/2020\/09\/58-300x300.jpg\" alt=\"\" width=\"150\" height=\"150\"\/><\/a><figcaption>58 - Blanc laiteux<\/figcaption><\/figure><\/div><\/div>\n<\/div>\n\n\n\n<div class=\"wp-block-columns is-layout-flex wp-container-core-columns-is-layout-9d6595d7 wp-block-columns-is-layout-flex\">\n<div class=\"wp-block-column is-layout-flow wp-block-column-is-layout-flow\"><div class=\"wp-block-image gallery-item is-style-rounded\">\n<figure class=\"aligncenter is-resized\"><a href=\"https:\/\/www.pladostelma.com\/wp-content\/uploads\/2020\/09\/70.jpg\"><img decoding=\"async\" src=\"https:\/\/www.pladostelma.com\/wp-content\/uploads\/2020\/09\/70-300x300.jpg\" alt=\"\" width=\"150\" height=\"150\"\/><\/a><figcaption>70 - Noir mat<\/figcaption><\/figure><\/div><\/div>\n\n\n\n<div class=\"wp-block-column is-layout-flow wp-block-column-is-layout-flow\"><div class=\"wp-block-image gallery-item is-style-rounded\">\n<figure class=\"aligncenter is-resized\"><a href=\"https:\/\/www.pladostelma.com\/wp-content\/uploads\/2020\/09\/72.jpg\"><img decoding=\"async\" src=\"https:\/\/www.pladostelma.com\/wp-content\/uploads\/2020\/09\/72-300x300.jpg\" alt=\"\" width=\"150\" height=\"150\"\/><\/a><figcaption>72 - Truffe<\/figcaption><\/figure><\/div><\/div>\n\n\n\n<div class=\"wp-block-column is-layout-flow wp-block-column-is-layout-flow\"><div class=\"wp-block-image gallery-item is-style-rounded\">\n<figure class=\"aligncenter is-resized\"><a href=\"https:\/\/www.pladostelma.com\/wp-content\/uploads\/2020\/09\/90.jpg\"><img decoding=\"async\" src=\"https:\/\/www.pladostelma.com\/wp-content\/uploads\/2020\/09\/90-300x300.jpg\" alt=\"\" width=\"150\" height=\"150\"\/><\/a><figcaption>90 - Blanc opale<\/figcaption><\/figure><\/div><\/div>\n<\/div>\n\n\n\n<div class=\"wp-block-columns is-layout-flex wp-container-core-columns-is-layout-9d6595d7 wp-block-columns-is-layout-flex\">\n<div class=\"wp-block-column is-layout-flow wp-block-column-is-layout-flow\"><div class=\"wp-block-image gallery-item is-style-rounded\">\n<figure class=\"aligncenter is-resized\"><a href=\"https:\/\/www.pladostelma.com\/wp-content\/uploads\/2020\/09\/94.jpg\"><img decoding=\"async\" src=\"https:\/\/www.pladostelma.com\/wp-content\/uploads\/2020\/09\/94-300x300.jpg\" alt=\"\" width=\"150\" height=\"150\"\/><\/a><figcaption>94 - Avoine<\/figcaption><\/figure><\/div><\/div>\n\n\n\n<div class=\"wp-block-column is-layout-flow wp-block-column-is-layout-flow\"><div class=\"wp-block-image gallery-item is-style-rounded\">\n<figure class=\"aligncenter is-resized\"><a href=\"https:\/\/www.pladostelma.com\/wp-content\/uploads\/2020\/09\/95.jpg\"><img decoding=\"async\" src=\"https:\/\/www.pladostelma.com\/wp-content\/uploads\/2020\/09\/95-300x300.jpg\" alt=\"\" width=\"150\" height=\"150\"\/><\/a><figcaption>95 - Noir d'\u00e9b\u00e8ne<\/figcaption><\/figure><\/div><\/div>\n\n\n\n<div class=\"wp-block-column is-layout-flow wp-block-column-is-layout-flow\"><div class=\"wp-block-image gallery-item is-style-rounded\">\n<figure class=\"aligncenter is-resized\"><a href=\"https:\/\/www.pladostelma.com\/wp-content\/uploads\/2020\/09\/98.jpg\"><img decoding=\"async\" src=\"https:\/\/www.pladostelma.com\/wp-content\/uploads\/2020\/09\/98-300x300.jpg\" alt=\"\" width=\"150\" height=\"150\"\/><\/a><figcaption>98 - Blanc<\/figcaption><\/figure><\/div><\/div>\n<\/div>\n\n\n\n<div style=\"height:100px\" aria-hidden=\"true\" class=\"wp-block-spacer\"><\/div>\n\n\n\n<h2 class=\"wp-block-heading\">ULTRAMETAL<\/h2>\n\n\n\n<section class=\"wp-block-uagb-columns uagb-columns__wrap uagb-columns__background-none uagb-columns__stack-mobile uagb-columns__valign-center uagb-columns__gap-10 alignwide uagb-block-d6cead01 uagb-columns__columns-2 uagb-columns__max_width-custom\"><div class=\"uagb-columns__overlay\"><\/div><div class=\"uagb-columns__inner-wrap uagb-columns__columns-2\">\n<div class=\"wp-block-uagb-column uagb-column__wrap uagb-column__background-undefined uagb-block-73c9ed2e\"><div class=\"uagb-column__overlay\"><\/div>\n<figure class=\"wp-block-image size-full\"><img decoding=\"async\" width=\"800\" height=\"657\" src=\"https:\/\/www.pladostelma.com\/wp-content\/uploads\/2021\/03\/metal.jpg\" alt=\"\" class=\"wp-image-210097\" srcset=\"https:\/\/www.pladostelma.com\/wp-content\/uploads\/2021\/03\/metal.jpg 800w, https:\/\/www.pladostelma.com\/wp-content\/uploads\/2021\/03\/metal-300x246.jpg 300w, https:\/\/www.pladostelma.com\/wp-content\/uploads\/2021\/03\/metal-768x631.jpg 768w, https:\/\/www.pladostelma.com\/wp-content\/uploads\/2021\/03\/metal-600x493.jpg 600w\" sizes=\"(max-width: 800px) 100vw, 800px\" \/><\/figure>\n<\/div>\n\n\n\n<div class=\"wp-block-uagb-column uagb-column__wrap uagb-column__background-undefined uagb-block-2fb7924f\"><div class=\"uagb-column__overlay\"><\/div>\n<p>Gr\u00e2ce au mat\u00e9riau Ultrametal, les \u00e9viers Plados peuvent \u00eatre coordonn\u00e9s avec d'autres \u00e9l\u00e9ments de cuisine en acier inoxydable. Les particules m\u00e9tallescentes, pr\u00e9sentes dans le m\u00e9lange avec les cristaux de quartz et de granit, cr\u00e9ent dans les surfaces de l'\u00e9vier des teintes et des finitions m\u00e9talliques. Les couleurs froides, les surfaces satin\u00e9es et l'effet m\u00e9tallique rendent les \u00e9viers Ultrametal particuli\u00e8rement adapt\u00e9s aux environnements modernes et aux combinaisons avec des appareils en acier inoxydable, que l'on trouve souvent dans les cuisines. Un \u00e9vier en Ultram\u00e9tal est facile \u00e0 nettoyer, tr\u00e8s hygi\u00e9nique et tr\u00e8s r\u00e9sistant aux rayures, aux produits chimiques, \u00e0 la chaleur et aux temp\u00e9ratures \u00e9lev\u00e9es. Les \u00e9viers ULTRAMETAL sont garantis 10 ans.<\/p>\n<\/div>\n<\/div><\/section>\n\n\n\n<div class=\"wp-block-columns is-layout-flex wp-container-core-columns-is-layout-9d6595d7 wp-block-columns-is-layout-flex\">\n<div class=\"wp-block-column is-layout-flow wp-block-column-is-layout-flow\"><div class=\"wp-block-image gallery-item is-style-rounded\">\n<figure class=\"aligncenter is-resized\"><a href=\"https:\/\/www.pladostelma.com\/wp-content\/uploads\/2020\/09\/41.jpg\"><img decoding=\"async\" src=\"https:\/\/www.pladostelma.com\/wp-content\/uploads\/2020\/09\/41-300x300.jpg\" alt=\"\" width=\"150\" height=\"150\"\/><\/a><figcaption>41 - Aluminium<\/figcaption><\/figure><\/div><\/div>\n\n\n\n<div class=\"wp-block-column is-layout-flow wp-block-column-is-layout-flow\"><div class=\"wp-block-image gallery-item is-style-rounded\">\n<figure class=\"aligncenter is-resized\"><a href=\"https:\/\/www.pladostelma.com\/wp-content\/uploads\/2020\/09\/42.jpg\"><img decoding=\"async\" src=\"https:\/\/www.pladostelma.com\/wp-content\/uploads\/2020\/09\/42-300x300.jpg\" alt=\"\" width=\"150\" height=\"150\"\/><\/a><figcaption>42 - Titane<\/figcaption><\/figure><\/div><\/div>\n\n\n\n<div class=\"wp-block-column is-layout-flow wp-block-column-is-layout-flow\"><div class=\"wp-block-image gallery-item is-style-rounded\">\n<figure class=\"aligncenter is-resized\"><a href=\"https:\/\/www.pladostelma.com\/wp-content\/uploads\/2020\/09\/14.jpg\"><img decoding=\"async\" src=\"https:\/\/www.pladostelma.com\/wp-content\/uploads\/2020\/09\/14-300x300.jpg\" alt=\"\" width=\"150\" height=\"150\"\/><\/a><figcaption>14 - B\u00e9ton<\/figcaption><\/figure><\/div><\/div>\n<\/div>\n\n\n\n<div class=\"wp-block-columns is-layout-flex wp-container-core-columns-is-layout-9d6595d7 wp-block-columns-is-layout-flex\">\n<div class=\"wp-block-column is-layout-flow wp-block-column-is-layout-flow\"><div class=\"wp-block-image gallery-item is-style-rounded\">\n<figure class=\"aligncenter is-resized\"><a href=\"https:\/\/www.pladostelma.com\/wp-content\/uploads\/2020\/09\/44.jpg\"><img decoding=\"async\" src=\"https:\/\/www.pladostelma.com\/wp-content\/uploads\/2020\/09\/44-300x300.jpg\" alt=\"\" width=\"150\" height=\"150\"\/><\/a><figcaption>44 - Noir<\/figcaption><\/figure><\/div><\/div>\n\n\n\n<div class=\"wp-block-column is-layout-flow wp-block-column-is-layout-flow\"><div class=\"wp-block-image gallery-item is-style-rounded\">\n<figure class=\"aligncenter is-resized\"><a href=\"https:\/\/www.pladostelma.com\/wp-content\/uploads\/2020\/09\/64.jpg\"><img decoding=\"async\" src=\"https:\/\/www.pladostelma.com\/wp-content\/uploads\/2020\/09\/64-300x300.jpg\" alt=\"\" width=\"150\" height=\"150\"\/><\/a><figcaption>64 - Marron<\/figcaption><\/figure><\/div><\/div>\n\n\n\n<div class=\"wp-block-column is-layout-flow wp-block-column-is-layout-flow\"><\/div>\n<\/div>\n\n\n\n<div style=\"height:100px\" aria-hidden=\"true\" class=\"wp-block-spacer\"><\/div>\n\n\n\n<h2 class=\"wp-block-heading\">NANOSTONE<\/h2>\n\n\n\n<section class=\"wp-block-uagb-columns uagb-columns__wrap uagb-columns__background-none uagb-columns__stack-mobile uagb-columns__valign-center uagb-columns__gap-10 alignwide uagb-block-00ca8d20 uagb-columns__columns-2 uagb-columns__max_width-custom\"><div class=\"uagb-columns__overlay\"><\/div><div class=\"uagb-columns__inner-wrap uagb-columns__columns-2\">\n<div class=\"wp-block-uagb-column uagb-column__wrap uagb-column__background-undefined uagb-block-981d2524\"><div class=\"uagb-column__overlay\"><\/div>\n<figure class=\"wp-block-image size-full\"><img decoding=\"async\" width=\"1024\" height=\"874\" src=\"https:\/\/www.pladostelma.com\/wp-content\/uploads\/2021\/03\/nanostone-1024x874-1.jpg\" alt=\"\" class=\"wp-image-209997\" srcset=\"https:\/\/www.pladostelma.com\/wp-content\/uploads\/2021\/03\/nanostone-1024x874-1.jpg 1024w, https:\/\/www.pladostelma.com\/wp-content\/uploads\/2021\/03\/nanostone-1024x874-1-300x256.jpg 300w, https:\/\/www.pladostelma.com\/wp-content\/uploads\/2021\/03\/nanostone-1024x874-1-768x656.jpg 768w, https:\/\/www.pladostelma.com\/wp-content\/uploads\/2021\/03\/nanostone-1024x874-1-600x512.jpg 600w\" sizes=\"(max-width: 1024px) 100vw, 1024px\" \/><\/figure>\n<\/div>\n\n\n\n<div class=\"wp-block-uagb-column uagb-column__wrap uagb-column__background-undefined uagb-block-dca8c29c\"><div class=\"uagb-column__overlay\"><\/div>\n<p>NanoSTONE est le mat\u00e9riau derni\u00e8re g\u00e9n\u00e9ration compos\u00e9 de r\u00e9sine acrylique tr\u00e8s\npure et d\u2019un m\u00e9lange de charges min\u00e9rales high-tech, con\u00e7ues afin qu\u2019elles se lient\nentre elles pour cr\u00e9er un quadrillage 3D de \u00ab\u00a0liaisons hydrog\u00e8ne\u00a0\u00bb. Les g\u00e9om\u00e9tries\ndes min\u00e9raux impliqu\u00e9s et la polarisation des particules rendent possible un\nprocessus chimique qui lie les min\u00e9raux entre eux de mani\u00e8re \u00ab\u00a0ordonn\u00e9e\u00a0\u00bb, cr\u00e9ant\n\nune structure tridimensionnelle qui fortifie l\u2019\u00e9vier de l\u2019int\u00e9rieur, le rendant plus\nr\u00e9sistant aux impacts et aux chocs thermiques. Le nouveau mat\u00e9riau composite\npr\u00e9sente une structure plus robuste et une agr\u00e9able sensation au toucher. Comme\nles autres mat\u00e9riaux Plados-Telma, NanoSTONE est m\u00e9lang\u00e9 \u00e0 des particules de\ndioxyde de titane qui, \u00e0 travers le processus de photocatalyse, r\u00e9duisent les agents\npolluants pr\u00e9sents dans l\u2019air de la cuisine, rendant l\u2019\u00e9vier antibact\u00e9rien et plus\nfacile \u00e0 nettoyer. Les \u00e9viers NanoSTONE sont garantis 20 ans.<\/p>\n<\/div>\n<\/div><\/section>\n\n\n\n<div class=\"wp-block-columns is-layout-flex wp-container-core-columns-is-layout-9d6595d7 wp-block-columns-is-layout-flex\">\n<div class=\"wp-block-column is-layout-flow wp-block-column-is-layout-flow\"><div class=\"wp-block-image gallery-item is-style-rounded\">\n<figure class=\"aligncenter is-resized\"><a href=\"https:\/\/www.pladostelma.com\/wp-content\/uploads\/2020\/09\/N1.jpg\"><img decoding=\"async\" src=\"https:\/\/www.pladostelma.com\/wp-content\/uploads\/2020\/09\/N1-300x300.jpg\" alt=\"\" width=\"150\" height=\"150\"\/><\/a><figcaption>N1 - Blanc pur<\/figcaption><\/figure><\/div><\/div>\n\n\n\n<div class=\"wp-block-column is-layout-flow wp-block-column-is-layout-flow\"><div class=\"wp-block-image gallery-item is-style-rounded\">\n<figure class=\"aligncenter is-resized\"><a href=\"https:\/\/www.pladostelma.com\/wp-content\/uploads\/2020\/09\/N3.jpg\"><img decoding=\"async\" src=\"https:\/\/www.pladostelma.com\/wp-content\/uploads\/2020\/09\/N3-300x300.jpg\" alt=\"\" width=\"150\" height=\"150\"\/><\/a><figcaption>N3 - Argan<\/figcaption><\/figure><\/div><\/div>\n\n\n\n<div class=\"wp-block-column is-layout-flow wp-block-column-is-layout-flow\"><div class=\"wp-block-image gallery-item is-style-rounded\">\n<figure class=\"aligncenter is-resized\"><a href=\"https:\/\/www.pladostelma.com\/wp-content\/uploads\/2020\/09\/N4.jpg\"><img decoding=\"async\" src=\"https:\/\/www.pladostelma.com\/wp-content\/uploads\/2020\/09\/N4-300x300.jpg\" alt=\"\" width=\"150\" height=\"150\"\/><\/a><figcaption>N4 - Gris urbain<\/figcaption><\/figure><\/div><\/div>\n<\/div>\n\n\n\n<div class=\"wp-block-columns is-layout-flex wp-container-core-columns-is-layout-9d6595d7 wp-block-columns-is-layout-flex\">\n<div class=\"wp-block-column is-layout-flow wp-block-column-is-layout-flow\"><div class=\"wp-block-image gallery-item is-style-rounded\">\n<figure class=\"aligncenter is-resized\"><a href=\"https:\/\/www.pladostelma.com\/wp-content\/uploads\/2020\/09\/N6.jpg\"><img decoding=\"async\" src=\"https:\/\/www.pladostelma.com\/wp-content\/uploads\/2020\/09\/N6-300x300.jpg\" alt=\"\" width=\"150\" height=\"150\"\/><\/a><figcaption>N6 - Noir profond<\/figcaption><\/figure><\/div><\/div>\n\n\n\n<div class=\"wp-block-column is-layout-flow wp-block-column-is-layout-flow\"><\/div>\n\n\n\n<div class=\"wp-block-column is-layout-flow wp-block-column-is-layout-flow\"><\/div>\n<\/div>\n\n\n\n<p><\/p>","protected":false},"excerpt":{"rendered":"<p>microULTRAGRANIT Il microULTRAGRANIT, grazie ad un sofisticato \u00a0sistema di stampaggio a sedimentazione \u00a0differenziata, vanta un\u2019altissima concentrazione superficiale (oltre l\u201980%) di microparticelle di quarzi e graniti, che conferiscono al lavello straordinarie caratteristiche estetiche ed un piacevole effetto al tatto, associati ad una elevatissima durezza superficiale, resistenza agli agenti chimici, al calore ed al graffio. Un lavello [&hellip;]<\/p>\n","protected":false},"author":2,"featured_media":208024,"parent":0,"menu_order":0,"comment_status":"closed","ping_status":"closed","template":"","meta":{"_acf_changed":false,"_seopress_robots_primary_cat":"","_seopress_titles_title":"","_seopress_titles_desc":"","_seopress_robots_index":"","_uag_custom_page_level_css":"","iawp_total_views":4449,"uix_meta_title":"","uix_meta_description":"","uix_canonical_url":"","footnotes":""},"class_list":["post-19087","page","type-page","status-publish","has-post-thumbnail","hentry"],"acf":[],"uagb_featured_image_src":{"full":["https:\/\/www.pladostelma.com\/wp-content\/uploads\/2021\/02\/materiali.jpg",800,600,false],"thumbnail":["https:\/\/www.pladostelma.com\/wp-content\/uploads\/2021\/02\/materiali-150x150.jpg",150,150,true],"medium":["https:\/\/www.pladostelma.com\/wp-content\/uploads\/2021\/02\/materiali-300x225.jpg",300,225,true],"medium_large":["https:\/\/www.pladostelma.com\/wp-content\/uploads\/2021\/02\/materiali-768x576.jpg",768,576,true],"large":["https:\/\/www.pladostelma.com\/wp-content\/uploads\/2021\/02\/materiali.jpg",800,600,false],"1536x1536":["https:\/\/www.pladostelma.com\/wp-content\/uploads\/2021\/02\/materiali.jpg",800,600,false],"2048x2048":["https:\/\/www.pladostelma.com\/wp-content\/uploads\/2021\/02\/materiali.jpg",800,600,false],"trp-custom-language-flag":["https:\/\/www.pladostelma.com\/wp-content\/uploads\/2021\/02\/materiali.jpg",16,12,false],"woocommerce_thumbnail":["https:\/\/www.pladostelma.com\/wp-content\/uploads\/2021\/02\/materiali-300x225.jpg",300,225,true],"woocommerce_single":["https:\/\/www.pladostelma.com\/wp-content\/uploads\/2021\/02\/materiali-600x450.jpg",600,450,true],"woocommerce_gallery_thumbnail":["https:\/\/www.pladostelma.com\/wp-content\/uploads\/2021\/02\/materiali-100x100.jpg",100,100,true],"variation_swatches_image_size":["https:\/\/www.pladostelma.com\/wp-content\/uploads\/2021\/02\/materiali.jpg",50,38,false],"variation_swatches_tooltip_size":["https:\/\/www.pladostelma.com\/wp-content\/uploads\/2021\/02\/materiali.jpg",100,75,false]},"uagb_author_info":{"display_name":"Luca Cavaleri","author_link":"https:\/\/www.pladostelma.com\/fr\/author\/luca\/"},"uagb_comment_info":0,"uagb_excerpt":"microULTRAGRANIT Il microULTRAGRANIT, grazie ad un sofisticato \u00a0sistema di stampaggio a sedimentazione \u00a0differenziata, vanta un\u2019altissima concentrazione superficiale (oltre l\u201980%) di microparticelle di quarzi e graniti, che conferiscono al lavello straordinarie caratteristiche estetiche ed un piacevole effetto al tatto, associati ad una elevatissima durezza superficiale, resistenza agli agenti chimici, al calore ed al graffio. Un lavello\u2026","_links":{"self":[{"href":"https:\/\/www.pladostelma.com\/fr\/wp-json\/wp\/v2\/pages\/19087","targetHints":{"allow":["GET"]}}],"collection":[{"href":"https:\/\/www.pladostelma.com\/fr\/wp-json\/wp\/v2\/pages"}],"about":[{"href":"https:\/\/www.pladostelma.com\/fr\/wp-json\/wp\/v2\/types\/page"}],"author":[{"embeddable":true,"href":"https:\/\/www.pladostelma.com\/fr\/wp-json\/wp\/v2\/users\/2"}],"replies":[{"embeddable":true,"href":"https:\/\/www.pladostelma.com\/fr\/wp-json\/wp\/v2\/comments?post=19087"}],"version-history":[{"count":0,"href":"https:\/\/www.pladostelma.com\/fr\/wp-json\/wp\/v2\/pages\/19087\/revisions"}],"wp:featuredmedia":[{"embeddable":true,"href":"https:\/\/www.pladostelma.com\/fr\/wp-json\/wp\/v2\/media\/208024"}],"wp:attachment":[{"href":"https:\/\/www.pladostelma.com\/fr\/wp-json\/wp\/v2\/media?parent=19087"}],"curies":[{"name":"wp","href":"https:\/\/api.w.org\/{rel}","templated":true}]}}