{"id":1838,"date":"2018-10-03T17:10:47","date_gmt":"2018-10-03T15:10:47","guid":{"rendered":"https:\/\/www.pladostelma.com\/prodotti-per-la-pulizia\/"},"modified":"2025-04-14T13:53:35","modified_gmt":"2025-04-14T11:53:35","slug":"prodotti-per-la-pulizia","status":"publish","type":"page","link":"https:\/\/www.pladostelma.com\/fr\/prodotti-per-la-pulizia\/","title":{"rendered":"Entretien et Maintenance"},"content":{"rendered":"<h1 class=\"wp-block-heading alignwide has-text-align-center\">Entretien et Maintenance<\/h1>\n\n\n<div class=\"wp-block-image wp-block-image aligncenter size-full is-resized\">\n<figure class=\"\"><a href=\"https:\/\/www.pladostelma.com\/wp-content\/uploads\/booklet_istr_2024.pdf.zip\"><img decoding=\"async\" width=\"1024\" height=\"740\" src=\"https:\/\/www.pladostelma.com\/wp-content\/uploads\/cura_manutenzione.jpg\" alt=\"\" class=\"wp-image-245014\" style=\"width:840px;height:auto\" srcset=\"https:\/\/www.pladostelma.com\/wp-content\/uploads\/cura_manutenzione.jpg 1024w, https:\/\/www.pladostelma.com\/wp-content\/uploads\/cura_manutenzione-300x217.jpg 300w, https:\/\/www.pladostelma.com\/wp-content\/uploads\/cura_manutenzione-768x555.jpg 768w, https:\/\/www.pladostelma.com\/wp-content\/uploads\/cura_manutenzione-18x12.jpg 18w, https:\/\/www.pladostelma.com\/wp-content\/uploads\/cura_manutenzione-600x434.jpg 600w, https:\/\/www.pladostelma.com\/wp-content\/uploads\/cura_manutenzione-100x72.jpg 100w\" sizes=\"(max-width: 1024px) 100vw, 1024px\" \/><\/a><figcaption class=\"wp-element-caption\"><a href=\"https:\/\/www.pladostelma.com\/wp-content\/uploads\/booklet_istr_2024.pdf.zip\"><strong>T\u00e9l\u00e9charger le PDF des instructions d'entretien et de maintenanceone<\/strong><br><strong>de l'avoir toujours \u00e0 port\u00e9e de main !<\/strong><\/a><\/figcaption><\/figure><\/div>\n\n\n<div style=\"height:50px\" aria-hidden=\"true\" class=\"wp-block-spacer\"><\/div>\n\n\n\n<h3 class=\"wp-block-heading\"><strong>SOIN ET ENTRETIEN ORDINAIRE<\/strong><\/h3>\n\n\n\n<div class=\"wp-block-columns is-layout-flex wp-container-core-columns-is-layout-9d6595d7 wp-block-columns-is-layout-flex\">\n<div class=\"wp-block-column is-vertically-aligned-center is-layout-flow wp-block-column-is-layout-flow\" style=\"flex-basis:66.66%\">\n<p>La non-porosit\u00e9 des surfaces de nos \u00e9viers permet un nettoyage rapide avec un d\u00e9tergent liquide normal et un chiffon doux ou une \u00e9ponge. L\u2019\u00e9vier sera toujours frais, propre et hygi\u00e9nique. Nous conseillons un nettoyage quotidien r\u00e9gulier pour enlever instantan\u00e9ment les taches de r\u00e9sidus d\u2019aliments et les aur\u00e9oles caus\u00e9es par le calcaire.<\/p>\n<\/div>\n\n\n\n<div class=\"wp-block-column is-vertically-aligned-top is-layout-flow wp-block-column-is-layout-flow\" style=\"flex-basis:33.33%\">\n<figure class=\"wp-block-image size-large\"><img decoding=\"async\" width=\"800\" height=\"538\" src=\"https:\/\/www.pladostelma.com\/wp-content\/uploads\/2021\/03\/daily.jpg\" alt=\"\" class=\"wp-image-210064\" srcset=\"https:\/\/www.pladostelma.com\/wp-content\/uploads\/2021\/03\/daily.jpg 800w, https:\/\/www.pladostelma.com\/wp-content\/uploads\/2021\/03\/daily-300x202.jpg 300w, https:\/\/www.pladostelma.com\/wp-content\/uploads\/2021\/03\/daily-768x516.jpg 768w, https:\/\/www.pladostelma.com\/wp-content\/uploads\/2021\/03\/daily-600x404.jpg 600w\" sizes=\"(max-width: 800px) 100vw, 800px\" \/><\/figure>\n<\/div>\n<\/div>\n\n\n\n<div style=\"height:25px\" aria-hidden=\"true\" class=\"wp-block-spacer\"><\/div>\n\n\n\n<h3 class=\"wp-block-heading\"><strong>SOIN ET ENTRETIEN EXTRAORDINAIRE<\/strong><\/h3>\n\n\n\n<div class=\"wp-block-columns is-layout-flex wp-container-core-columns-is-layout-9d6595d7 wp-block-columns-is-layout-flex\">\n<div class=\"wp-block-column is-vertically-aligned-center is-layout-flow wp-block-column-is-layout-flow\" style=\"flex-basis:33.33%\">\n<figure class=\"wp-block-image size-large\"><img decoding=\"async\" width=\"800\" height=\"538\" src=\"https:\/\/www.pladostelma.com\/wp-content\/uploads\/2021\/03\/week_ly.jpg\" alt=\"\" class=\"wp-image-210068\" srcset=\"https:\/\/www.pladostelma.com\/wp-content\/uploads\/2021\/03\/week_ly.jpg 800w, https:\/\/www.pladostelma.com\/wp-content\/uploads\/2021\/03\/week_ly-300x202.jpg 300w, https:\/\/www.pladostelma.com\/wp-content\/uploads\/2021\/03\/week_ly-768x516.jpg 768w, https:\/\/www.pladostelma.com\/wp-content\/uploads\/2021\/03\/week_ly-600x404.jpg 600w\" sizes=\"(max-width: 800px) 100vw, 800px\" \/><\/figure>\n<\/div>\n\n\n\n<div class=\"wp-block-column is-layout-flow wp-block-column-is-layout-flow\" style=\"flex-basis:66.66%\">\n<p>- <strong>\u00c9VIERS DE COULEUR CLAIRE<\/strong>Pour des taches organiques et de toute autre nature particuli\u00e8rement r\u00e9sistantes, il est conseill\u00e9 de laisser dans le fond du bac de l\u2019\u00e9vier une solution de d\u00e9tergent biologique ou de javel bien dilu\u00e9e dans de l\u2019eau ti\u00e8de pendant environ 8 heures (il est conseiller de le faire pendant la nuit). Le matin, rincer avec de l\u2019eau ti\u00e8de et un chiffon en microfibre. Si les taches r\u00e9sistent, r\u00e9p\u00e9ter l\u2019op\u00e9ration plusieurs fois.<br><br>- <strong>\u00c9VIERS DE COULEUR FONC\u00c9E<\/strong>Pour des taches organiques et de toute autre nature particuli\u00e8rement r\u00e9sistantes, il est conseill\u00e9 de laisser dans le fond du bac de l\u2019\u00e9vier une solution de liquide pour lave-vaisselle ou du bicarbonate bien dilu\u00e9 dans de l\u2019eau ti\u00e8de pendant environ 8 heures (il est conseiller de le faire pendant la nuit). Le matin, rincer avec de l\u2019eau ti\u00e8de et un chiffon en microfibre. Si les taches r\u00e9sistent, r\u00e9p\u00e9ter l\u2019op\u00e9ration plusieurs fois.<\/p>\n<\/div>\n<\/div>\n\n\n\n<div style=\"height:25px\" aria-hidden=\"true\" class=\"wp-block-spacer\"><\/div>\n\n\n\n<h3 class=\"wp-block-heading\"><strong>CALCAIRE<\/strong><\/h3>\n\n\n\n<p>Pour pr\u00e9venir la formation de taches et d\u2019aur\u00e9oles, il est conseill\u00e9 d\u2019utiliser un anticalcaire au moins 1 fois par semaine. Pour enlever le calcaire, tr\u00e8s visible sur les \u00e9viers de couleur fonc\u00e9e, la proc\u00e9dure suivante est conseill\u00e9e:<br><br>1) Laisser agir quelques heures une solution \u00e0 base d\u2019eau ti\u00e8de et de vinaigre de cuisine ou de produits anticalcaires d\u00e9sincrustants sp\u00e9cifiques dans le fond du bac.<br>2) Passer \u00e9nergiquement une \u00e9ponge douce jusqu\u2019\u00e0 absorber compl\u00e8tement le calcaire et la salet\u00e9.<br>3) Rincer abondamment \u00e0 l\u2019eau ti\u00e8de et s\u00e9cher soigneusement avec un chiffon en microfibre.<\/p>\n\n\n\n<div style=\"height:25px\" aria-hidden=\"true\" class=\"wp-block-spacer\"><\/div>\n\n\n\n<h3 class=\"wp-block-heading\"><strong><strong>AVERTISSEMENTS ET CONSEILS PRATIQUES<\/strong><\/strong><\/h3>\n\n\n\n<div class=\"wp-block-columns is-layout-flex wp-container-core-columns-is-layout-9d6595d7 wp-block-columns-is-layout-flex\">\n<div class=\"wp-block-column is-vertically-aligned-center is-layout-flow wp-block-column-is-layout-flow\">\n<p>- \u00c9viter de poser sur la surface de l\u2019\u00e9vier des casseroles ou autres corps chauds d\u00e9passant les 300 \u00b0C\/572 \u00b0F<strong>(ATTENTION\u2009! Le fond d\u2019une casserole que l\u2019on vient d\u2019\u00f4ter du feu peut atteindre des temp\u00e9ratures d\u00e9passant les 600 \u00b0C).<\/strong>). Les casseroles ou corps tr\u00e8s chauds doivent absolument \u00eatre pos\u00e9s sur des dessous-de-plat adapt\u00e9s (en bois, en caoutchouc, etc.).<br><br>- \u00c9viter des chocs thermiques excessifs caus\u00e9s par l\u2019action simultan\u00e9e de corps tr\u00e8s chauds et de corps tr\u00e8s froids.<\/p>\n<\/div>\n\n\n\n<div class=\"wp-block-column is-layout-flow wp-block-column-is-layout-flow\">\n<figure class=\"wp-block-image size-large\"><img decoding=\"async\" width=\"800\" height=\"538\" src=\"https:\/\/www.pladostelma.com\/wp-content\/uploads\/2021\/03\/hot_pan.jpg\" alt=\"\" class=\"wp-image-210070\" srcset=\"https:\/\/www.pladostelma.com\/wp-content\/uploads\/2021\/03\/hot_pan.jpg 800w, https:\/\/www.pladostelma.com\/wp-content\/uploads\/2021\/03\/hot_pan-300x202.jpg 300w, https:\/\/www.pladostelma.com\/wp-content\/uploads\/2021\/03\/hot_pan-768x516.jpg 768w, https:\/\/www.pladostelma.com\/wp-content\/uploads\/2021\/03\/hot_pan-600x404.jpg 600w\" sizes=\"(max-width: 800px) 100vw, 800px\" \/><\/figure>\n<\/div>\n<\/div>\n\n\n\n<p>- Ne pas d\u00e9couper ni hacher des aliments directement dans l\u2019\u00e9vier\u2009; il est conseill\u00e9 d\u2019utiliser une planche \u00e0 d\u00e9couper en bois iroko ou en poly\u00e9thyl\u00e8ne qui peut \u00eatre achet\u00e9 assortie \u00e0 l\u2019\u00e9vier.<\/p>\n\n\n\n<p>- Ne pas utiliser de d\u00e9tergents et de liquides agressifs, de substances abrasives et hautement alcalines ou acides. Ne pas verser dans l\u2019\u00e9vier de l\u2019alcool, de l\u2019essence, du trichlor\u00e9thyl\u00e8ne, de l\u2019ac\u00e9tone et des solvants, car ils peuvent agresser la structure chimique de l\u2019\u00e9vier de mani\u00e8re irr\u00e9parable.<\/p>\n\n\n\n<p>- Ne pas enlever des r\u00e9sidus de salet\u00e9 ou des taches avec une \u00e9ponge m\u00e9tallique ou abrasive. Elle pourrait endommager la surface de l\u2019\u00e9vier.<\/p>\n\n\n\n<p>- \u00c9viter les chocs accidentels de corps lourds ou pointus qui pourraient endommager la surface de l\u2019\u00e9vier.<\/p>\n\n\n\n<div style=\"height:50px\" aria-hidden=\"true\" class=\"wp-block-spacer\"><\/div>\n\n\n\n<h3 class=\"wp-block-heading has-text-align-center\"><strong>PRODUITS POUR LE NETTOYAGE<\/strong><\/h3>\n\n\n\n<p>Plados-Telma propose d\u00e9sormais une gamme de d\u00e9tergents sp\u00e9cialement con\u00e7us pour l'entretien des \u00e9viers en composite.<\/p>\n\n\n\n<h6 class=\"wp-block-heading\">&nbsp;<\/h6>\n\n\n\n<div class=\"wp-block-columns is-layout-flex wp-container-core-columns-is-layout-9d6595d7 wp-block-columns-is-layout-flex\">\n<div class=\"wp-block-column is-layout-flow wp-block-column-is-layout-flow\">\n<p><strong>BRILLIANT<\/strong><br><br>BRILLCARE est un d\u00e9tergent \u00e0 base d\u2019eau, formul\u00e9 \u00e0 partir de mati\u00e8res de d\u00e9rivation v\u00e9g\u00e9tale rapidement biod\u00e9gradables, reconnues et certifi\u00e9es ECOLABEL. Il est id\u00e9al pour le nettoyage quotidien des \u00e9viers Plados-Telma et de toutes les surfaces lavables de la cuisine. La formulation nettoie parfaitement en une simple application\u2009; BRILLCARE respecte les surfaces et ne laisse pas d\u2019aur\u00e9oles.<br><br><strong>Qualit\u00e9s principales:<\/strong><br>- Bon pouvoir d\u00e9graissant<br>- Laisse un parfum agr\u00e9able<br>- Eco-friendly<br><br><strong>Champs d\u2019utilisation:<\/strong><br>Nettoyage des \u00e9viers en mat\u00e9riau composite et des surfaces lavables de la cuisine<\/p>\n<\/div>\n\n\n\n<div class=\"wp-block-column is-layout-flow wp-block-column-is-layout-flow\"><div class=\"wp-block-image\">\n<figure class=\"aligncenter size-full is-resized\"><img decoding=\"async\" width=\"498\" height=\"1024\" src=\"https:\/\/www.pladostelma.com\/wp-content\/uploads\/brillcare.jpg\" alt=\"\" class=\"wp-image-230728\" style=\"width:249px;height:512px\" srcset=\"https:\/\/www.pladostelma.com\/wp-content\/uploads\/brillcare.jpg 498w, https:\/\/www.pladostelma.com\/wp-content\/uploads\/brillcare-146x300.jpg 146w, https:\/\/www.pladostelma.com\/wp-content\/uploads\/brillcare-6x12.jpg 6w, https:\/\/www.pladostelma.com\/wp-content\/uploads\/brillcare-300x617.jpg 300w, https:\/\/www.pladostelma.com\/wp-content\/uploads\/brillcare-292x600.jpg 292w\" sizes=\"(max-width: 498px) 100vw, 498px\" \/><\/figure><\/div>\n\n\n<div style=\"height:25px\" aria-hidden=\"true\" class=\"wp-block-spacer\"><\/div>\n\n\n\n<div class=\"wp-block-buttons is-horizontal is-content-justification-center is-layout-flex wp-container-core-buttons-is-layout-499968f5 wp-block-buttons-is-layout-flex\">\n<div class=\"wp-block-button is-style-fill\"><a class=\"wp-block-button__link has-white-color has-text-color has-background wp-element-button\" href=\"https:\/\/shop.pladostelma.com\/product\/brillcare\/\" style=\"background-color:#0a9100\">Acheter maintenant<\/a><\/div>\n<\/div>\n<\/div>\n<\/div>\n\n\n\n<div style=\"height:100px\" aria-hidden=\"true\" class=\"wp-block-spacer\"><\/div>\n\n\n\n<div class=\"wp-block-columns is-layout-flex wp-container-core-columns-is-layout-9d6595d7 wp-block-columns-is-layout-flex\">\n<div class=\"wp-block-column is-layout-flow wp-block-column-is-layout-flow\">\n<p><strong>EXTRACARE<\/strong><br><br>EXTRACARE est un d\u00e9tergent d\u00e9sincrustant \u00e0 base d\u2019eau pour les nettoyages extraordinaires. Actif contre la salet\u00e9 la plus r\u00e9sistante, il a \u00e9t\u00e9 con\u00e7u pour ne pas endommager l\u2019\u00e9clat des \u00e9viers en mat\u00e9riau composite. Gr\u00e2ce \u00e0 sa formulation dense, il est \u00e9galement indiqu\u00e9 pour une application verticale. En raison de ses caract\u00e9ristiques, le produit s\u00e8che tr\u00e8s lentement, permettant aux agents actifs contenus dans le m\u00e9lange de r\u00e9agir le plus longtemps possible. Il est tr\u00e8s facile \u00e0 appliquer et ne laisse pas d\u2019aur\u00e9oles.<br><br><strong>Qualit\u00e9s principales:<\/strong><br>- Application facile m\u00eame \u00e0 la verticale<br>- D\u00e9licat sur des mat\u00e9riaux sensibles aux acides<br>- Actif contre la salet\u00e9 la plus r\u00e9sistante<br><br><strong>Champs d\u2019utilisation:<br><\/strong>Nettoyage des \u00e9viers en mat\u00e9riau composite et des surfaces lavables de la cuisine<\/p>\n<\/div>\n\n\n\n<div class=\"wp-block-column is-layout-flow wp-block-column-is-layout-flow\"><div class=\"wp-block-image\">\n<figure class=\"aligncenter size-full is-resized\"><img decoding=\"async\" width=\"495\" height=\"1024\" src=\"https:\/\/www.pladostelma.com\/wp-content\/uploads\/extracare.jpg\" alt=\"\" class=\"wp-image-230733\" style=\"width:248px;height:512px\" srcset=\"https:\/\/www.pladostelma.com\/wp-content\/uploads\/extracare.jpg 495w, https:\/\/www.pladostelma.com\/wp-content\/uploads\/extracare-145x300.jpg 145w, https:\/\/www.pladostelma.com\/wp-content\/uploads\/extracare-6x12.jpg 6w, https:\/\/www.pladostelma.com\/wp-content\/uploads\/extracare-300x621.jpg 300w, https:\/\/www.pladostelma.com\/wp-content\/uploads\/extracare-290x600.jpg 290w\" sizes=\"(max-width: 495px) 100vw, 495px\" \/><\/figure><\/div>\n\n\n<div style=\"height:25px\" aria-hidden=\"true\" class=\"wp-block-spacer\"><\/div>\n\n\n\n<div class=\"wp-block-buttons is-horizontal is-content-justification-center is-layout-flex wp-container-core-buttons-is-layout-499968f5 wp-block-buttons-is-layout-flex\">\n<div class=\"wp-block-button\"><a class=\"wp-block-button__link has-background wp-element-button\" href=\"https:\/\/shop.pladostelma.com\/product\/extracare\/\" style=\"background-color:#0a9100\">Acheter maintenant<\/a><\/div>\n<\/div>\n<\/div>\n<\/div>\n\n\n\n<div style=\"height:100px\" aria-hidden=\"true\" class=\"wp-block-spacer\"><\/div>\n\n\n\n<div class=\"wp-block-columns is-layout-flex wp-container-core-columns-is-layout-9d6595d7 wp-block-columns-is-layout-flex\">\n<div class=\"wp-block-column is-layout-flow wp-block-column-is-layout-flow\">\n<p><strong>DEKAL<\/strong><br><br><\/p>\n\n\n\n<p>DEKAL est un produit anticalcaire con\u00e7u pour les \u00e9viers Plados. Comme tout ce qui entre en contact avec l'eau, l'\u00e9vier peut aussi \u00eatre sujet \u00e0 l'accumulation de calcaire. Au contact des r\u00e9sidus d'aliments ou de boissons, le calcaire tache et devient de plus en plus visible. Pour \u00e9liminer la tache, qui ne se trouve pas sur le mat\u00e9riau composite mais sur le d\u00e9p\u00f4t de calcaire, il faut donc \u00e9liminer ce dernier en d\u00e9tartrant l'\u00e9vier. DEKAL \u00e9limine le calcaire sans endommager l'\u00e9clat des \u00e9viers en composite. Pour les taches tenaces, le d\u00e9tachant EXTRACARE peut \u00eatre utilis\u00e9 apr\u00e8s avoir \u00e9limin\u00e9 le calcaire avec DEKAL.<\/p>\n<\/div>\n\n\n\n<div class=\"wp-block-column is-vertically-aligned-top is-layout-flow wp-block-column-is-layout-flow\"><div class=\"wp-block-image\">\n<figure class=\"aligncenter size-full is-resized\"><img decoding=\"async\" width=\"717\" height=\"1024\" src=\"https:\/\/www.pladostelma.com\/wp-content\/uploads\/dekal-1.jpg\" alt=\"\" class=\"wp-image-230730\" style=\"width:359px;height:512px\" srcset=\"https:\/\/www.pladostelma.com\/wp-content\/uploads\/dekal-1.jpg 717w, https:\/\/www.pladostelma.com\/wp-content\/uploads\/dekal-1-210x300.jpg 210w, https:\/\/www.pladostelma.com\/wp-content\/uploads\/dekal-1-8x12.jpg 8w, https:\/\/www.pladostelma.com\/wp-content\/uploads\/dekal-1-300x428.jpg 300w, https:\/\/www.pladostelma.com\/wp-content\/uploads\/dekal-1-420x600.jpg 420w\" sizes=\"(max-width: 717px) 100vw, 717px\" \/><\/figure><\/div>\n\n\n<div class=\"wp-block-buttons is-content-justification-center is-layout-flex wp-container-core-buttons-is-layout-16018d1d wp-block-buttons-is-layout-flex\">\n<div class=\"wp-block-button is-style-fill\"><a class=\"wp-block-button__link has-background wp-element-button\" href=\"https:\/\/pladostelma.shop\/dekal\/\" style=\"background-color:#0a9100\">Acheter maintenant<\/a><\/div>\n<\/div>\n<\/div>\n<\/div>\n\n\n\n<div style=\"height:100px\" aria-hidden=\"true\" class=\"wp-block-spacer\"><\/div>\n\n\n\n<div class=\"wp-block-columns is-layout-flex wp-container-core-columns-is-layout-9d6595d7 wp-block-columns-is-layout-flex\">\n<div class=\"wp-block-column is-layout-flow wp-block-column-is-layout-flow\">\n<p><strong>MULTICARE<\/strong><\/p>\n\n\n\n<p><br>MULTICARE est un nettoyant multi-surfaces formul\u00e9 avec des agents d'origine v\u00e9g\u00e9tale rapidement biod\u00e9gradables, reconnus et certifi\u00e9s ECOLABEL. Il est id\u00e9al pour nettoyer les \u00e9viers en inox, les robinets color\u00e9s et les plaques de cuisson \u00e9maill\u00e9es. MULTICARE respecte les surfaces et ne laisse aucune trace.<\/p>\n\n\n\n<p>- Bon pouvoir d\u00e9graissant<\/p>\n\n\n\n<p>- Laisse un parfum agr\u00e9able<\/p>\n\n\n\n<p>- Eco-friendly<\/p>\n<\/div>\n\n\n\n<div class=\"wp-block-column is-layout-flow wp-block-column-is-layout-flow\"><div class=\"wp-block-image\">\n<figure class=\"aligncenter size-full is-resized\"><img decoding=\"async\" width=\"717\" height=\"1024\" src=\"https:\/\/www.pladostelma.com\/wp-content\/uploads\/multicare-1.jpg\" alt=\"\" class=\"wp-image-230735\" style=\"width:359px;height:512px\" srcset=\"https:\/\/www.pladostelma.com\/wp-content\/uploads\/multicare-1.jpg 717w, https:\/\/www.pladostelma.com\/wp-content\/uploads\/multicare-1-210x300.jpg 210w, https:\/\/www.pladostelma.com\/wp-content\/uploads\/multicare-1-8x12.jpg 8w, https:\/\/www.pladostelma.com\/wp-content\/uploads\/multicare-1-300x428.jpg 300w, https:\/\/www.pladostelma.com\/wp-content\/uploads\/multicare-1-420x600.jpg 420w\" sizes=\"(max-width: 717px) 100vw, 717px\" \/><\/figure><\/div>\n\n\n<div class=\"wp-block-buttons is-content-justification-center is-layout-flex wp-container-core-buttons-is-layout-16018d1d wp-block-buttons-is-layout-flex\">\n<div class=\"wp-block-button\"><a class=\"wp-block-button__link has-background wp-element-button\" href=\"https:\/\/pladostelma.shop\/multicare\/\" style=\"background-color:#0a9100\">Acheter maintenant<\/a><\/div>\n<\/div>\n<\/div>\n<\/div>\n\n\n\n<div style=\"height:100px\" aria-hidden=\"true\" class=\"wp-block-spacer\"><\/div>\n\n\n\n<div class=\"wp-block-columns is-layout-flex wp-container-core-columns-is-layout-9d6595d7 wp-block-columns-is-layout-flex\">\n<div class=\"wp-block-column is-layout-flow wp-block-column-is-layout-flow\">\n<p><strong>ECOSPONGE<\/strong><br><\/p>\n\n\n\n<p>Deux \u00e9ponges doubles azione en cellulose d'origine v\u00e9g\u00e9tale et 100% biod\u00e9gradables.<br>Le c\u00f4t\u00e9 cellulose d'origine v\u00e9g\u00e9tale est super-absorbant, id\u00e9al pour un nettoyage en douceur, tandis que le c\u00f4t\u00e9 fibre nettoie les surfaces incrust\u00e9es sans les rayer.  Les c\u00f4t\u00e9s renforc\u00e9s garantissent la durabilit\u00e9 et la forte \u00e9paisseur assure une protection efficace des doigtsone. Multi-usage, id\u00e9al pour tous les produits Plados dans la cuisine.<\/p>\n<\/div>\n\n\n\n<div class=\"wp-block-column is-layout-flow wp-block-column-is-layout-flow\"><div class=\"wp-block-image\">\n<figure class=\"aligncenter size-full is-resized\"><img decoding=\"async\" width=\"1024\" height=\"862\" src=\"https:\/\/www.pladostelma.com\/wp-content\/uploads\/ecosponge-1.jpg\" alt=\"\" class=\"wp-image-230731\" style=\"width:402px;height:338px\" srcset=\"https:\/\/www.pladostelma.com\/wp-content\/uploads\/ecosponge-1.jpg 1024w, https:\/\/www.pladostelma.com\/wp-content\/uploads\/ecosponge-1-300x253.jpg 300w, https:\/\/www.pladostelma.com\/wp-content\/uploads\/ecosponge-1-768x647.jpg 768w, https:\/\/www.pladostelma.com\/wp-content\/uploads\/ecosponge-1-14x12.jpg 14w, https:\/\/www.pladostelma.com\/wp-content\/uploads\/ecosponge-1-600x505.jpg 600w\" sizes=\"(max-width: 1024px) 100vw, 1024px\" \/><\/figure><\/div>\n\n\n<div class=\"wp-block-buttons is-content-justification-center is-layout-flex wp-container-core-buttons-is-layout-16018d1d wp-block-buttons-is-layout-flex\">\n<div class=\"wp-block-button\"><a class=\"wp-block-button__link has-background wp-element-button\" href=\"https:\/\/pladostelma.shop\/ecosponge\/\" style=\"background-color:#0a9100\">Acheter maintenant<\/a><\/div>\n<\/div>\n<\/div>\n<\/div>\n\n\n\n<p><\/p>","protected":false},"excerpt":{"rendered":"<p>CURA E MANUTENZIONE CURA E MANUTENZIONE ORDINARIA La non porosit\u00e0 delle superfici dei nostri lavelli consente una veloce pulizia utilizzando un normale detergente liquido e la semplice azione con un panno morbido o una spugna. Il lavello risulter\u00e0 sempre fresco, pulito ed igienico. Consigliamo una regolare pulizia quotidiana per rimuovere istantaneamente macchie da residui di [&hellip;]<\/p>\n","protected":false},"author":1,"featured_media":230725,"parent":0,"menu_order":23,"comment_status":"closed","ping_status":"closed","template":"","meta":{"_acf_changed":false,"_seopress_robots_primary_cat":"","_seopress_titles_title":"Cura e manutenzione","_seopress_titles_desc":"Cura e manutenzione","_seopress_robots_index":"","_seopress_analysis_target_kw":"plados manutenzione,prodotti per la pulizia plados,brillcare,plados brillcare,extracare,plados extracare,terra bianca,plados terra bianca","_uag_custom_page_level_css":"","iawp_total_views":6301,"uix_meta_title":"","uix_meta_description":"","uix_canonical_url":"","footnotes":""},"class_list":["post-1838","page","type-page","status-publish","has-post-thumbnail","hentry"],"acf":[],"uagb_featured_image_src":{"full":["https:\/\/www.pladostelma.com\/wp-content\/uploads\/2.jpg",1280,766,false],"thumbnail":["https:\/\/www.pladostelma.com\/wp-content\/uploads\/2-150x150.jpg",150,150,true],"medium":["https:\/\/www.pladostelma.com\/wp-content\/uploads\/2-300x180.jpg",300,180,true],"medium_large":["https:\/\/www.pladostelma.com\/wp-content\/uploads\/2-768x460.jpg",768,460,true],"large":["https:\/\/www.pladostelma.com\/wp-content\/uploads\/2-1024x613.jpg",1024,613,true],"1536x1536":["https:\/\/www.pladostelma.com\/wp-content\/uploads\/2.jpg",1280,766,false],"2048x2048":["https:\/\/www.pladostelma.com\/wp-content\/uploads\/2.jpg",1280,766,false],"trp-custom-language-flag":["https:\/\/www.pladostelma.com\/wp-content\/uploads\/2-18x12.jpg",18,12,true],"woocommerce_thumbnail":["https:\/\/www.pladostelma.com\/wp-content\/uploads\/2-300x180.jpg",300,180,true],"woocommerce_single":["https:\/\/www.pladostelma.com\/wp-content\/uploads\/2-600x359.jpg",600,359,true],"woocommerce_gallery_thumbnail":["https:\/\/www.pladostelma.com\/wp-content\/uploads\/2-100x100.jpg",100,100,true],"variation_swatches_image_size":["https:\/\/www.pladostelma.com\/wp-content\/uploads\/2.jpg",50,30,false],"variation_swatches_tooltip_size":["https:\/\/www.pladostelma.com\/wp-content\/uploads\/2.jpg",100,60,false]},"uagb_author_info":{"display_name":"admino","author_link":"https:\/\/www.pladostelma.com\/fr\/author\/admino\/"},"uagb_comment_info":0,"uagb_excerpt":"CURA E MANUTENZIONE CURA E MANUTENZIONE ORDINARIA La non porosit\u00e0 delle superfici dei nostri lavelli consente una veloce pulizia utilizzando un normale detergente liquido e la semplice azione con un panno morbido o una spugna. Il lavello risulter\u00e0 sempre fresco, pulito ed igienico. Consigliamo una regolare pulizia quotidiana per rimuovere istantaneamente macchie da residui di\u2026","_links":{"self":[{"href":"https:\/\/www.pladostelma.com\/fr\/wp-json\/wp\/v2\/pages\/1838","targetHints":{"allow":["GET"]}}],"collection":[{"href":"https:\/\/www.pladostelma.com\/fr\/wp-json\/wp\/v2\/pages"}],"about":[{"href":"https:\/\/www.pladostelma.com\/fr\/wp-json\/wp\/v2\/types\/page"}],"author":[{"embeddable":true,"href":"https:\/\/www.pladostelma.com\/fr\/wp-json\/wp\/v2\/users\/1"}],"replies":[{"embeddable":true,"href":"https:\/\/www.pladostelma.com\/fr\/wp-json\/wp\/v2\/comments?post=1838"}],"version-history":[{"count":0,"href":"https:\/\/www.pladostelma.com\/fr\/wp-json\/wp\/v2\/pages\/1838\/revisions"}],"wp:featuredmedia":[{"embeddable":true,"href":"https:\/\/www.pladostelma.com\/fr\/wp-json\/wp\/v2\/media\/230725"}],"wp:attachment":[{"href":"https:\/\/www.pladostelma.com\/fr\/wp-json\/wp\/v2\/media?parent=1838"}],"curies":[{"name":"wp","href":"https:\/\/api.w.org\/{rel}","templated":true}]}}