{"id":1823,"date":"2018-10-03T16:05:37","date_gmt":"2018-10-03T14:05:37","guid":{"rendered":"https:\/\/www.pladostelma.com\/certifications\/"},"modified":"2023-04-18T09:29:15","modified_gmt":"2023-04-18T07:29:15","slug":"certificazioni","status":"publish","type":"page","link":"https:\/\/www.pladostelma.com\/fr\/certificazioni\/","title":{"rendered":"CERTIFICATIONS"},"content":{"rendered":"<section class=\"wp-block-uagb-columns uagb-columns__wrap uagb-columns__background-none uagb-columns__stack-mobile uagb-columns__valign-center uagb-columns__gap-10 alignwide uagb-block-419f1cdf uagb-columns__columns-2 uagb-columns__max_width-custom\"><div class=\"uagb-columns__overlay\"><\/div><div class=\"uagb-columns__inner-wrap uagb-columns__columns-2\">\n<div class=\"wp-block-uagb-column uagb-column__wrap uagb-column__background-undefined uagb-block-b54fceca\"><div class=\"uagb-column__overlay\"><\/div>\n<figure class=\"wp-block-image size-large\"><img decoding=\"async\" width=\"1024\" height=\"572\" src=\"https:\/\/www.pladostelma.com\/wp-content\/uploads\/2021\/03\/CERT1-1024x572.jpg\" alt=\"\" class=\"wp-image-210006\" srcset=\"https:\/\/www.pladostelma.com\/wp-content\/uploads\/2021\/03\/CERT1-1024x572.jpg 1024w, https:\/\/www.pladostelma.com\/wp-content\/uploads\/2021\/03\/CERT1-300x168.jpg 300w, https:\/\/www.pladostelma.com\/wp-content\/uploads\/2021\/03\/CERT1-768x429.jpg 768w, https:\/\/www.pladostelma.com\/wp-content\/uploads\/2021\/03\/CERT1-600x335.jpg 600w, https:\/\/www.pladostelma.com\/wp-content\/uploads\/2021\/03\/CERT1.jpg 1410w\" sizes=\"(max-width: 1024px) 100vw, 1024px\" \/><\/figure>\n<\/div>\n\n\n\n<div class=\"wp-block-uagb-column uagb-column__wrap uagb-column__background-undefined uagb-block-9581fb62\"><div class=\"uagb-column__overlay\"><\/div>\n<p>Le groupe Plados Telma est l'un des principaux fabricants mondiaux d'\u00e9viers de cuisine en mat\u00e9riau composite. Aujourd'hui, nos \u00e9viers sont export\u00e9s vers environ 45 pays et cinq continents. Des robinets, des plaques de cuisson, des fours et des hottes dans de nombreuses couleurs assorties aux \u00e9viers compl\u00e8tent la gamme de produits propos\u00e9s, permettant des coordonn\u00e9es parfaites et inimitables.<br>Depuis plus de 25 ans, nous avons une mission bien pr\u00e9cise: <strong>affronter le complexe march\u00e9 des \u00e9viers de cuisine avec des solutions design et fonctionnelles ainsi que des mat\u00e9riaux hautement innovants.<\/strong><\/p>\n<\/div>\n<\/div><\/section>\n\n\n\n<section class=\"wp-block-uagb-columns uagb-columns__wrap uagb-columns__background-none uagb-columns__stack-mobile uagb-columns__valign-center uagb-columns__gap-10 alignwide uagb-block-e4bbdb25 uagb-columns__columns-2 uagb-columns__max_width-custom\"><div class=\"uagb-columns__overlay\"><\/div><div class=\"uagb-columns__inner-wrap uagb-columns__columns-2\">\n<div class=\"wp-block-uagb-column uagb-column__wrap uagb-column__background-undefined uagb-block-107c77fd\"><div class=\"uagb-column__overlay\"><\/div>\n<figure class=\"wp-block-image size-large\"><img decoding=\"async\" width=\"1024\" height=\"299\" src=\"https:\/\/www.pladostelma.com\/wp-content\/uploads\/2021\/03\/cert_iso-1024x299.jpg\" alt=\"\" class=\"wp-image-210011\" srcset=\"https:\/\/www.pladostelma.com\/wp-content\/uploads\/2021\/03\/cert_iso-1024x299.jpg 1024w, https:\/\/www.pladostelma.com\/wp-content\/uploads\/2021\/03\/cert_iso-300x88.jpg 300w, https:\/\/www.pladostelma.com\/wp-content\/uploads\/2021\/03\/cert_iso-768x224.jpg 768w, https:\/\/www.pladostelma.com\/wp-content\/uploads\/2021\/03\/cert_iso-1536x448.jpg 1536w, https:\/\/www.pladostelma.com\/wp-content\/uploads\/2021\/03\/cert_iso-600x175.jpg 600w, https:\/\/www.pladostelma.com\/wp-content\/uploads\/2021\/03\/cert_iso.jpg 1553w\" sizes=\"(max-width: 1024px) 100vw, 1024px\" \/><\/figure>\n<\/div>\n\n\n\n<div class=\"wp-block-uagb-column uagb-column__wrap uagb-column__background-undefined uagb-block-e185dce0\"><div class=\"uagb-column__overlay\"><\/div>\n<h4 class=\"wp-block-heading\">ENTREPRISE AVEC SYST\u00c8ME DE GESTION DE LA QUALIT\u00c9ONE<br>CERTIFI\u00c9 ISO 9001<\/h4>\n\n\n\n<p>Nos produits sont fabriqu\u00e9s dans le respect de normes internationales strictes qui exigent l'utilisation de mati\u00e8res premi\u00e8res de haute qualit\u00e9. Le contr\u00f4le des processus de fabrication a permis \u00e0 notre entreprise d'obtenir la certification UNI EN ISO 9001:2008.<\/p>\n<\/div>\n<\/div><\/section>\n\n\n\n<section class=\"wp-block-uagb-columns uagb-columns__wrap uagb-columns__background-none uagb-columns__stack-mobile uagb-columns__valign-center uagb-columns__gap-10 alignwide uagb-block-5b7f01fa uagb-columns__columns-2 uagb-columns__max_width-custom\"><div class=\"uagb-columns__overlay\"><\/div><div class=\"uagb-columns__inner-wrap uagb-columns__columns-2\">\n<div class=\"wp-block-uagb-column uagb-column__wrap uagb-column__background-undefined uagb-block-a372cc2b\"><div class=\"uagb-column__overlay\"><\/div><div class=\"wp-block-image\">\n<figure class=\"aligncenter size-large is-resized\"><img decoding=\"async\" src=\"https:\/\/www.pladostelma.com\/wp-content\/uploads\/14001_2015-1024x421.jpg\" alt=\"\" class=\"wp-image-244854\" width=\"416\" height=\"170\" srcset=\"https:\/\/www.pladostelma.com\/wp-content\/uploads\/14001_2015-1024x421.jpg 1024w, https:\/\/www.pladostelma.com\/wp-content\/uploads\/14001_2015-300x123.jpg 300w, https:\/\/www.pladostelma.com\/wp-content\/uploads\/14001_2015-768x316.jpg 768w, https:\/\/www.pladostelma.com\/wp-content\/uploads\/14001_2015-18x7.jpg 18w, https:\/\/www.pladostelma.com\/wp-content\/uploads\/14001_2015-600x247.jpg 600w, https:\/\/www.pladostelma.com\/wp-content\/uploads\/14001_2015-100x41.jpg 100w, https:\/\/www.pladostelma.com\/wp-content\/uploads\/14001_2015.jpg 1238w\" sizes=\"(max-width: 416px) 100vw, 416px\" \/><\/figure><\/div><\/div>\n\n\n\n<div class=\"wp-block-uagb-column uagb-column__wrap uagb-column__background-undefined uagb-block-116d2c84\"><div class=\"uagb-column__overlay\"><\/div>\n<h4 class=\"wp-block-heading\">CERTIFICATIONONE ISO 14001:2015<\/h4>\n\n\n\n<p>La certification ISO 14001 d\u00e9montre que l'organisation dispose d'un syst\u00e8me de gestion ad\u00e9quat pour ma\u00eetriser les impacts environnementaux de ses activit\u00e9s et qu'elle cherche syst\u00e9matiquement \u00e0 les am\u00e9liorer de mani\u00e8re coh\u00e9rente, efficace et surtout durable.<br>La norme ISO 14001 n'est donc pas une certification de produit (comme les \u00e9colabels), mais une certification de processus.<\/p>\n<\/div>\n<\/div><\/section>\n\n\n\n<section class=\"wp-block-uagb-columns uagb-columns__wrap uagb-columns__background-none uagb-columns__stack-mobile uagb-columns__valign-center uagb-columns__gap-10 alignwide uagb-block-e658cc0f uagb-columns__columns-2 uagb-columns__max_width-custom\"><div class=\"uagb-columns__overlay\"><\/div><div class=\"uagb-columns__inner-wrap uagb-columns__columns-2\">\n<div class=\"wp-block-uagb-column uagb-column__wrap uagb-column__background-undefined uagb-block-8c6e45c2\"><div class=\"uagb-column__overlay\"><\/div><div class=\"wp-block-image\">\n<figure class=\"aligncenter size-full is-resized\"><img decoding=\"async\" src=\"https:\/\/www.pladostelma.com\/wp-content\/uploads\/2021\/03\/CE.jpg\" alt=\"\" class=\"wp-image-210009\" width=\"120\" height=\"120\" srcset=\"https:\/\/www.pladostelma.com\/wp-content\/uploads\/2021\/03\/CE.jpg 480w, https:\/\/www.pladostelma.com\/wp-content\/uploads\/2021\/03\/CE-300x300.jpg 300w, https:\/\/www.pladostelma.com\/wp-content\/uploads\/2021\/03\/CE-150x150.jpg 150w, https:\/\/www.pladostelma.com\/wp-content\/uploads\/2021\/03\/CE-100x100.jpg 100w\" sizes=\"(max-width: 120px) 100vw, 120px\" \/><\/figure><\/div><\/div>\n\n\n\n<div class=\"wp-block-uagb-column uagb-column__wrap uagb-column__background-undefined uagb-block-aab8f4ad\"><div class=\"uagb-column__overlay\"><\/div>\n<h4 class=\"wp-block-heading\">MARQUAGE CE<\/h4>\n\n\n\n<p>Les \u00e9viers, les appareils \u00e9lectrom\u00e9nagers, les hottes aspirantes et les broyeurs sont fabriqu\u00e9s dans le respect des directives europ\u00e9ennes et permettent \u00e0 notre entreprise d\u2019apposer sur ces produits le marquage CE.<br>La certification de produitone atteste que les produits sont conformes aux normes, directives ou sp\u00e9cifications du secteur et met en \u00e9vidence la qualit\u00e9, les \u00e9l\u00e9ments d'excellence et les particularit\u00e9s qui les distinguent.<br>Ce processus de certificationone implique le d\u00e9veloppement<br>des essais de type initiaux sur le produit, l'\u00e9valuation initialeone, le contr\u00f4le ult\u00e9rieur du processus de production et enfin, au moyen d'essais de laboratoire sur des \u00e9chantillons pr\u00e9lev\u00e9s dans l'usine ou sur le march\u00e9, l'assurance de la performance r\u00e9elle du produit par rapport aux normes de r\u00e9f\u00e9rence.<\/p>\n<\/div>\n<\/div><\/section>\n\n\n\n<section class=\"wp-block-uagb-columns uagb-columns__wrap uagb-columns__background-none uagb-columns__stack-mobile uagb-columns__valign-center uagb-columns__gap-10 alignwide uagb-block-9bd3347b uagb-columns__columns-2 uagb-columns__max_width-theme\"><div class=\"uagb-columns__overlay\"><\/div><div class=\"uagb-columns__inner-wrap uagb-columns__columns-2\">\n<div class=\"wp-block-uagb-column uagb-column__wrap uagb-column__background-undefined uagb-block-05f4174c\"><div class=\"uagb-column__overlay\"><\/div><div class=\"wp-block-image\">\n<figure class=\"aligncenter size-full is-resized\"><img decoding=\"async\" src=\"https:\/\/www.pladostelma.com\/wp-content\/uploads\/2014\/05\/certificazioni1.jpg\" alt=\"\" class=\"wp-image-844\" width=\"75\" height=\"75\" srcset=\"https:\/\/www.pladostelma.com\/wp-content\/uploads\/2014\/05\/certificazioni1.jpg 300w, https:\/\/www.pladostelma.com\/wp-content\/uploads\/2014\/05\/certificazioni1-100x100.jpg 100w, https:\/\/www.pladostelma.com\/wp-content\/uploads\/2014\/05\/certificazioni1-150x150.jpg 150w, https:\/\/www.pladostelma.com\/wp-content\/uploads\/2014\/05\/certificazioni1-20x20.jpg 20w, https:\/\/www.pladostelma.com\/wp-content\/uploads\/2014\/05\/certificazioni1-32x32.jpg 32w\" sizes=\"(max-width: 75px) 100vw, 75px\" \/><\/figure><\/div><\/div>\n\n\n\n<div class=\"wp-block-uagb-column uagb-column__wrap uagb-column__background-undefined uagb-block-a52e805d\"><div class=\"uagb-column__overlay\"><\/div>\n<h4 class=\"wp-block-heading\">IMQ BRAND<\/h4>\n\n\n\n<p>Les appareils \u00e9lectrom\u00e9nagers, les hottes aspirantes et les broyeurs pour d\u00e9chets alimentaires sont dot\u00e9s de la marque IMQ (Institut Italien de la Marque de Qualit\u00e9). La marque IMQ atteste que les produits sont certifi\u00e9s et fabriqu\u00e9s dans le respect des normes en vigueur. Elle repr\u00e9sente un \u00e9l\u00e9ment de s\u00e9curit\u00e9 pour le consommateur.<\/p>\n<\/div>\n<\/div><\/section>\n\n\n\n<section class=\"wp-block-uagb-columns uagb-columns__wrap uagb-columns__background-none uagb-columns__stack-mobile uagb-columns__valign-center uagb-columns__gap-10 alignwide uagb-block-993503c3 uagb-columns__columns-2 uagb-columns__max_width-custom\"><div class=\"uagb-columns__overlay\"><\/div><div class=\"uagb-columns__inner-wrap uagb-columns__columns-2\">\n<div class=\"wp-block-uagb-column uagb-column__wrap uagb-column__background-undefined uagb-block-59e02d91\"><div class=\"uagb-column__overlay\"><\/div>\n<figure class=\"wp-block-image size-full\"><img decoding=\"async\" width=\"600\" height=\"324\" src=\"https:\/\/www.pladostelma.com\/wp-content\/uploads\/etichetta.jpg\" alt=\"\" class=\"wp-image-236097\" srcset=\"https:\/\/www.pladostelma.com\/wp-content\/uploads\/etichetta.jpg 600w, https:\/\/www.pladostelma.com\/wp-content\/uploads\/etichetta-300x162.jpg 300w, https:\/\/www.pladostelma.com\/wp-content\/uploads\/etichetta-18x10.jpg 18w, https:\/\/www.pladostelma.com\/wp-content\/uploads\/etichetta-100x54.jpg 100w\" sizes=\"(max-width: 600px) 100vw, 600px\" \/><\/figure>\n<\/div>\n\n\n\n<div class=\"wp-block-uagb-column uagb-column__wrap uagb-column__background-undefined uagb-block-bf4b6507\"><div class=\"uagb-column__overlay\"><\/div>\n<h4 class=\"wp-block-heading\">TRACKABILIT\u00c9<\/h4>\n\n\n\n<p>Afin d'assurer la garantie maximale au consommateur, Plados-Telma a mis en place une proc\u00e9dure interne qui permet \u00e0 l'entreprise de retracer \u00e0 tout moment le lot de production de l'article et les componenents utilis\u00e9s.<\/p>\n<\/div>\n<\/div><\/section>\n\n\n\n<section class=\"wp-block-uagb-columns uagb-columns__wrap uagb-columns__background-none uagb-columns__stack-mobile uagb-columns__valign-center uagb-columns__gap-10 alignwide uagb-block-c8115425 uagb-columns__columns-2 uagb-columns__max_width-custom\"><div class=\"uagb-columns__overlay\"><\/div><div class=\"uagb-columns__inner-wrap uagb-columns__columns-2\">\n<div class=\"wp-block-uagb-column uagb-column__wrap uagb-column__background-undefined uagb-block-8795373b\"><div class=\"uagb-column__overlay\"><\/div><div class=\"wp-block-image\">\n<figure class=\"aligncenter size-full is-resized\"><img decoding=\"async\" src=\"https:\/\/www.pladostelma.com\/wp-content\/uploads\/CSA.jpg\" alt=\"\" class=\"wp-image-244809\" width=\"138\" height=\"103\" srcset=\"https:\/\/www.pladostelma.com\/wp-content\/uploads\/CSA.jpg 600w, https:\/\/www.pladostelma.com\/wp-content\/uploads\/CSA-300x225.jpg 300w, https:\/\/www.pladostelma.com\/wp-content\/uploads\/CSA-16x12.jpg 16w, https:\/\/www.pladostelma.com\/wp-content\/uploads\/CSA-100x75.jpg 100w\" sizes=\"(max-width: 138px) 100vw, 138px\" \/><\/figure><\/div><\/div>\n\n\n\n<div class=\"wp-block-uagb-column uagb-column__wrap uagb-column__background-undefined uagb-block-4e4feeeb\"><div class=\"uagb-column__overlay\"><\/div>\n<h4 class=\"wp-block-heading\">MERACATE U.S.A.<\/h4>\n\n\n\n<p>Les produits destin\u00e9s au march\u00e9 am\u00e9ricain sont certifi\u00e9s CSA.<\/p>\n<\/div>\n<\/div><\/section>","protected":false},"excerpt":{"rendered":"<p>Il gruppo Plados Telma \u00e8 uno dei principali produttori mondiali di lavelli da cucina in materiale composito. I nostri lavelli vengono oggi esportati in circa 45 paesi e nei 5 continenti. Rubinetteria, piani di cottura, forni e cappe in moltissimi colori da abbinare ai lavelli completano la gamma dei prodotti offerti, consentendo perfetti ed inimitabili [&hellip;]<\/p>\n","protected":false},"author":2,"featured_media":0,"parent":0,"menu_order":10,"comment_status":"closed","ping_status":"closed","template":"","meta":{"_acf_changed":false,"_seopress_robots_primary_cat":"","_seopress_titles_title":"","_seopress_titles_desc":"","_seopress_robots_index":"","_seopress_analysis_target_kw":"plados,telma,lavelli cucina,lavelli composito","_uag_custom_page_level_css":"","iawp_total_views":541,"uix_meta_title":"","uix_meta_description":"","uix_canonical_url":"","footnotes":""},"class_list":["post-1823","page","type-page","status-publish","hentry"],"acf":[],"uagb_featured_image_src":{"full":false,"thumbnail":false,"medium":false,"medium_large":false,"large":false,"1536x1536":false,"2048x2048":false,"trp-custom-language-flag":false,"woocommerce_thumbnail":false,"woocommerce_single":false,"woocommerce_gallery_thumbnail":false,"variation_swatches_image_size":false,"variation_swatches_tooltip_size":false},"uagb_author_info":{"display_name":"Luca Cavaleri","author_link":"https:\/\/www.pladostelma.com\/fr\/author\/luca\/"},"uagb_comment_info":0,"uagb_excerpt":"Il gruppo Plados Telma \u00e8 uno dei principali produttori mondiali di lavelli da cucina in materiale composito. I nostri lavelli vengono oggi esportati in circa 45 paesi e nei 5 continenti. Rubinetteria, piani di cottura, forni e cappe in moltissimi colori da abbinare ai lavelli completano la gamma dei prodotti offerti, consentendo perfetti ed inimitabili\u2026","_links":{"self":[{"href":"https:\/\/www.pladostelma.com\/fr\/wp-json\/wp\/v2\/pages\/1823","targetHints":{"allow":["GET"]}}],"collection":[{"href":"https:\/\/www.pladostelma.com\/fr\/wp-json\/wp\/v2\/pages"}],"about":[{"href":"https:\/\/www.pladostelma.com\/fr\/wp-json\/wp\/v2\/types\/page"}],"author":[{"embeddable":true,"href":"https:\/\/www.pladostelma.com\/fr\/wp-json\/wp\/v2\/users\/2"}],"replies":[{"embeddable":true,"href":"https:\/\/www.pladostelma.com\/fr\/wp-json\/wp\/v2\/comments?post=1823"}],"version-history":[{"count":0,"href":"https:\/\/www.pladostelma.com\/fr\/wp-json\/wp\/v2\/pages\/1823\/revisions"}],"wp:attachment":[{"href":"https:\/\/www.pladostelma.com\/fr\/wp-json\/wp\/v2\/media?parent=1823"}],"curies":[{"name":"wp","href":"https:\/\/api.w.org\/{rel}","templated":true}]}}