{"id":8272,"date":"2019-04-17T11:30:27","date_gmt":"2019-04-17T09:30:27","guid":{"rendered":"https:\/\/www.pladostelma.com\/?post_type=product&#038;p=8272"},"modified":"2025-06-03T09:42:34","modified_gmt":"2025-06-03T07:42:34","slug":"am8620st","status":"publish","type":"product","link":"https:\/\/www.pladostelma.com\/es\/am8620st\/","title":{"rendered":"AM8620ST"},"content":{"rendered":"","protected":false},"excerpt":{"rendered":"<p>860\u00d7435 mm - Fregadero de dos cubetas para instalaci\u00f3n bajo cubiertaone.<\/p>\n<p>Equipado con la tecnolog\u00eda patentada ARIAPURA, que contribuye a que el fregadero sea antibacteriano, anticontaminante y m\u00e1s f\u00e1cil de limpiar.<\/p>\n<p>Todos los fregaderos pueden mejorarse con accesorios que hacen que la zona de lavado sea no s\u00f3lo m\u00e1s pr\u00e1ctica y funcional, sino tambi\u00e9n m\u00e1s c\u00f3moda y elegante.<\/p>","protected":false},"featured_media":247560,"template":"","meta":{"_acf_changed":false,"_seopress_robots_primary_cat":"none","_seopress_titles_title":"PLADOS ELEGANCE AM8620ST double basin sink for undermount installation","_seopress_titles_desc":"PLADOS ELEGANCE AM8620ST double basin sink for undermount installation","_seopress_robots_index":"","_uag_custom_page_level_css":"","iawp_total_views":1624,"uix_meta_title":"","uix_meta_description":"","uix_canonical_url":""},"serie":[2662,2660],"product_brand":[],"product_cat":[558,101,935],"product_tag":[705,843],"class_list":{"0":"post-8272","1":"product","2":"type-product","3":"status-publish","4":"has-post-thumbnail","6":"serie-elegance","7":"serie-one-sotto-top","8":"product_cat-elegance","9":"product_cat-lavelli-cucina-plados","10":"product_cat-one-sottotop","11":"product_tag-elegance","12":"product_tag-undermount","13":"pa_dimensions-860x435mm","14":"pa_pladoscolors-135","15":"pa_pladoscolors-137","16":"pa_pladoscolors-138","17":"pa_pladoscolors-2303","18":"pa_pladoscolors-122","19":"pa_pladoscolors-124","20":"pa_pladoscolors-125","21":"pa_pladoscolors-126","22":"pa_pladoscolors-127","23":"pa_pladoscolors-128","24":"pa_pladoscolors-98-bianco","25":"pa_pladoscolors-2304","26":"pa_pladoscolors-129","27":"pa_pladoscolors-130","28":"pa_pladoscolors-131","29":"pa_series-elegance","30":"pa_sink-type-lavello-due-vasche","32":"first","33":"instock","34":"shipping-taxable","35":"purchasable","36":"product-type-variable","37":"wvs-archive-product-wrapper"},"acf":[],"vendbase_acf":null,"vendbase_metabox":null,"uagb_featured_image_src":{"full":["https:\/\/www.pladostelma.com\/wp-content\/uploads\/AM8620ST_42-scaled.jpg",2560,1557,false],"thumbnail":["https:\/\/www.pladostelma.com\/wp-content\/uploads\/AM8620ST_42-150x150.jpg",150,150,true],"medium":["https:\/\/www.pladostelma.com\/wp-content\/uploads\/AM8620ST_42-300x300.jpg",300,300,true],"medium_large":["https:\/\/www.pladostelma.com\/wp-content\/uploads\/AM8620ST_42-768x768.jpg",768,768,true],"large":["https:\/\/www.pladostelma.com\/wp-content\/uploads\/AM8620ST_42-1024x1024.jpg",1024,1024,true],"1536x1536":["https:\/\/www.pladostelma.com\/wp-content\/uploads\/AM8620ST_42-scaled.jpg",1536,934,false],"2048x2048":["https:\/\/www.pladostelma.com\/wp-content\/uploads\/AM8620ST_42-scaled.jpg",2048,1246,false],"trp-custom-language-flag":["https:\/\/www.pladostelma.com\/wp-content\/uploads\/AM8620ST_42-scaled.jpg",18,12,false],"woocommerce_thumbnail":["https:\/\/www.pladostelma.com\/wp-content\/uploads\/AM8620ST_42-300x300.jpg",300,300,true],"woocommerce_single":["https:\/\/www.pladostelma.com\/wp-content\/uploads\/AM8620ST_42-600x600.jpg",600,600,true],"woocommerce_gallery_thumbnail":["https:\/\/www.pladostelma.com\/wp-content\/uploads\/AM8620ST_42-100x100.jpg",100,100,true],"variation_swatches_image_size":["https:\/\/www.pladostelma.com\/wp-content\/uploads\/AM8620ST_42-scaled.jpg",50,30,false],"variation_swatches_tooltip_size":["https:\/\/www.pladostelma.com\/wp-content\/uploads\/AM8620ST_42-scaled.jpg",100,61,false]},"uagb_author_info":{"display_name":"Luca Cavaleri","author_link":"https:\/\/www.pladostelma.com\/es\/author\/"},"uagb_comment_info":0,"uagb_excerpt":"860x435 mm - Lavello a due vasche per installazione sotto-top. Provvisto di tecnologia brevettata ARIAPURA, che contribuisce a rendere il lavello antibatterico, antinquinante e pi\u00f9 facile da pulire. Tutti i lavelli possono essere arricchiti con accessori che rendono la zona lavaggio non solo pi\u00f9 pratica e funzionale ma anche pi\u00f9 comoda ed elegante.","_links":{"self":[{"href":"https:\/\/www.pladostelma.com\/es\/wp-json\/wp\/v2\/product\/8272","targetHints":{"allow":["GET"]}}],"collection":[{"href":"https:\/\/www.pladostelma.com\/es\/wp-json\/wp\/v2\/product"}],"about":[{"href":"https:\/\/www.pladostelma.com\/es\/wp-json\/wp\/v2\/types\/product"}],"wp:featuredmedia":[{"embeddable":true,"href":"https:\/\/www.pladostelma.com\/es\/wp-json\/wp\/v2\/media\/247560"}],"wp:attachment":[{"href":"https:\/\/www.pladostelma.com\/es\/wp-json\/wp\/v2\/media?parent=8272"}],"wp:term":[{"taxonomy":"serie","embeddable":true,"href":"https:\/\/www.pladostelma.com\/es\/wp-json\/wp\/v2\/serie?post=8272"},{"taxonomy":"product_brand","embeddable":true,"href":"https:\/\/www.pladostelma.com\/es\/wp-json\/wp\/v2\/product_brand?post=8272"},{"taxonomy":"product_cat","embeddable":true,"href":"https:\/\/www.pladostelma.com\/es\/wp-json\/wp\/v2\/product_cat?post=8272"},{"taxonomy":"product_tag","embeddable":true,"href":"https:\/\/www.pladostelma.com\/es\/wp-json\/wp\/v2\/product_tag?post=8272"}],"curies":[{"name":"wp","href":"https:\/\/api.w.org\/{rel}","templated":true}]}}